{"id":2995,"date":"2024-08-14T13:00:25","date_gmt":"2024-08-14T11:00:25","guid":{"rendered":"https:\/\/wordpress-958700-4787158.cloudwaysapps.com\/contact-alimentaire\/"},"modified":"2025-09-18T11:41:51","modified_gmt":"2025-09-18T09:41:51","slug":"contact-alimentaire","status":"publish","type":"page","link":"https:\/\/www.silam.com\/fr\/contact-alimentaire\/","title":{"rendered":"Contact alimentaire"},"content":{"rendered":"<div class=\"gb-container gb-container-63cfc150\">\n<div class=\"gb-container gb-container-01c1494a\">\n\n<h2 class=\"gb-headline gb-headline-ac4c0378\"><span class=\"gb-icon\"><svg xmlns=\"https:\/\/www.w3.org\/2000\/svg\" id=\"Capa_1\" data-name=\"Capa 1\" viewbox=\"0 0 601.7 421.08\"><defs><style>.cls-1{fill:#fff;}<\/style><\/defs><path class=\"cls-1\" d=\"M684.63,652.1c-41.58-2.16-90.51-7.7-135.86-29-16.72-7.85-32.59-18.38-47-30-13-10.46-21.72-25-27.18-41.33-14.48-43.33-21.52-88.38-31.67-132.7-2.85-12.46-4.93-25.1-8-37.49-.83-3.31-3.64-6.65-6.43-8.85-6-4.7-13-8.11-18.69-13.05-12.86-11.12-12.58-26,.67-36.61,6.62-5.31,12.36-10,13.33-19.67.48-4.73,5.67-9.6,9.77-13.24,13.14-11.65,29.29-17.78,45.54-23.69,43.8-15.93,89.59-22.2,135.36-29,50.49-7.49,101.18-7.91,151.79-4.21,48.13,3.52,95.84,11.12,142.19,25.25,19.74,6,39.57,12.29,55.32,26.77,1.26,1.16,3.25,2,3.78,3.43,4,10.58,14.19,14.44,21.89,21,16.4,14,16.91,33.28.84,47.89-5.76,5.23-13,8.75-19.16,13.64-2.76,2.2-5.58,5.57-6.32,8.87-6.68,30-12.1,60.29-19.51,90.1-6,24.32-14.62,48-21.46,72.13-8.73,30.78-29.52,51.36-56.44,66C809.54,639.76,757.48,652.33,684.63,652.1ZM485.88,503.27l-17.73-23.61,4.07,1c-1-12.73-3.21-16.27-14.86-23.68,3.3,19.21,8,37.37,25.16,49.18,2.38,1.64,4.48,2.94,4.49-1.65l10,10.58,13-8.78-28.88-16.1Zm34,5.89h-5.39c11.77,9,25.27,6.76,38.84,6.72-10.68,5.55-31.92,3.37-43.37-4.44l-10.1,7.76,21.8,13.26c-.46-3.87-.69-5.88-.93-7.88,2.08,9.31,8.53,7.43,14.33,6a79.53,79.53,0,0,0,13.2-4.64c7.71-3.41,15.25-7.2,22.86-10.83.35.8.7,1.59,1,2.39l-42.9,18.4c12.33,7.06,26,4.67,39.62,3.58a69.38,69.38,0,0,1-17,3.59c-18.63,1.18-33.52-8.46-47.86-18.28-6.14-4.2-8.39-2.56-11.95,4.25l31.36,19.87c.63-3,.92-4.38,1.52-7.21,3.76,14.7,16.46,8.26,25.1,13.3-23.83.15-42-10.59-59.17-23.91-4.5,4.66-5.4,8.65-.55,13,4,3.61,7.67,7.65,11.76,11.19,8.64,7.47,18.79,11.78,31.27,14.73l-4.1-11.24,22.73,4.35c0,.38-.07.76-.11,1.14l-18.47-2c1.71,8.72,1.71,8.77,9.58,9.92,8.07,1.18,16.16,2.25,24.24,3.37,0,.66-.07,1.31-.11,2H539.83c.56,2.34,1.23,4.35,1.51,6.42,1,7.35,4.64,10.43,12.4,9.64,7.19-.74,14.51-.16,21.77-.16,0,.59.06,1.19.08,1.78l-27.4,1.26c-.45,2.54-.82,4.57-1.35,7.58-1.36-6.63-4.86-9.49-10.56-10.81a63,63,0,0,1-14.42-5.55c-4.35-2.22-8.14-5.51-12.39-8-2.9-1.69-7.61-1.93-9-4.29-4.76-8.13-8.42-16.9-12.47-25.41,1.53,2.34,3.08,4.66,4.58,7,2.49,3.87,4.1,9,7.57,11.42,10.76,7.63,22.18,14.34,33.45,21.21,1.87,1.14,4.32,1.31,6.5,1.93l2.15-2c-3.27-5.53-5.31-14.11-10-16-15-6.05-29.3-12.45-40.64-24.34-.38-.4-2.22.58-3.38.91-.58-1.66-1.17-3.32-1.75-5-.38,16.07,6.06,29.16,19,37.75a339.53,339.53,0,0,0,42.71,24.36A334.26,334.26,0,0,0,684.4,639.11c47.26,1,93.06-7.14,137.57-22.93,23.14-8.2,45.15-18.42,63.13-35.62,4.93-4.72,9.06-10.27,13.56-15.43l-1.95-1.63c-2.59,3.12-5.06,6.34-7.79,9.33-2.58,2.81-5.43,5.37-8.16,8l-1.72-2c1.54-1.32,3.07-2.64,4.62-4,17-14.28,19.33-30.86,6.09-45.26-4.44-4.83-9.08-9.87-14.58-13.25-12.75-7.82-25.84-15.2-39.26-21.78-10.83-5.31-22.36-9.19-33.59-13.71,5.41.6,10.5,2.17,15.65,3.53,12.06,3.19,24.14,6.27,36.19,9.42l-7.61,2.5c12.39,7.58,25.22,15.11,37.71,23.17,10,6.42,16.35,15.48,17,27.74.26,4.58,0,9.18,0,14.46,7.48-11.73,7.7-29-.23-38C888.4,509.29,873.2,498.34,854,494c-3.88-1.94-7.64-4.23-11.68-5.76-23.2-8.81-47.75-11.12-72-15-61.61-9.84-122.42-7.39-182.47,10.34-13.86,4.09-26.69,8.86-34.22,22.58-1.7,3.1-6,6.94-8.88,6.82-8.39-.36-16.71-2.57-25.06-4,3.14.58,6.25,1.4,9.42,1.71,15.68,1.55,26.52-5.78,30.53-21.24-13.17,5.46-25.84,10.65-38.41,16.06C520.36,505.86,520.27,507.9,519.85,509.16Zm394.4-184.49c6.3-4.12,12.29-7.4,17.47-11.67,2.74-2.27,6.48-7.8,5.61-9.14-2.64-4-7-7.38-11.3-9.75-3.66-2-8.33-2.07-12.46-3.32-21.6-6.55-42.94-14.14-64.82-19.56-20.33-5-41.22-7.8-61.86-11.57,46.85,5.33,93.39,12,137.42,30.76-9-5.7-18.28-10.86-28.19-13.89C850.67,262.6,803.82,256,756.54,254.1c-50.14-2-100.52-4.27-150.38,4-41.57,6.85-82.61,16.38-121.15,34-9.21,4.21-17.53,10.75-25.46,17.2-5.52,4.51-4.89,8.38,1,12.63a100.66,100.66,0,0,0,14.66,8.48c28.66,14.06,59.56,20.11,90.75,25,54.49,8.59,109.27,9.71,164.27,7,50.78-2.5,101.08-8.24,150.21-21.67,19.73-5.4,39-12.33,58.53-18.56-4.75,3.65-9.9,7.8-15.77,9.68-29.47,9.43-58.67,20.44-88.82,26.89C758,375.08,680.7,378.54,602.93,371.34c-40.55-3.75-80.59-9.9-119.21-23.51-15.19-5.35-30-11-41.49-23-9.86-10.3-10-19.58.15-29.51,4.18-4.09,8.69-8.57,13.93-10.72q27.22-11.14,55.12-20.61c11.51-3.92,23.48-6.47,35.25-9.64l-.74-2.57c-22.11,6.42-44.62,11.74-66.18,19.63-14.58,5.34-28.23,13.63-41.55,21.82-16.06,9.87-14,32.93.79,41.3,11.71,6.62,23.58,13.75,36.31,17.61,53.95,16.33,109.31,24.95,165.66,26.75,51.58,1.65,102.88-2.41,153.91-9.28,42.2-5.69,84.37-12.35,124.14-28.49,13.07-5.3,26-12,37.31-20.33,15.32-11.35,14.39-25.9-1.94-35.5-13.66-8-28.37-14.53-43.16-20.31-12.21-4.77-25.21-7.5-37.86-11.13-.17.6-.34,1.2-.52,1.8,2.19.7,4.4,1.36,6.57,2.1,17.21,5.89,34.66,11.17,51.5,18,7.75,3.13,15.06,8.45,21.17,14.24,8.52,8.07,6.25,19.66-3.51,23.56,5.49-13.22,2.94-20.82-9.77-29.07a47,47,0,0,0-6.37-3.74c-8.75-3.92-17.4-8.14-26.39-11.42-41.57-15.17-85.33-19.36-128.77-24.69-41.67-5.1-83.59-4.42-125.4-1.81-53.3,3.33-105.52,12.82-155.88,30.91-16.34,5.86-33.67,10-47.41,21.6-5.5,4.65-11.14,9.64-8.3,18.1,3,8.84,15.23,19.28,23.26,18.62-.51-1.12-2.06-1.22-2.85-2-11.57-12.25-11.24-19.72,2.52-29.57,8.54-6.11,17.53-12.41,27.29-15.86,22.45-7.93,45.33-14.74,68.33-20.91,19.41-5.2,39-10.7,58.91-12.86,56-6.09,112.12-5.35,168.17-.39,38.54,3.41,76.72,9.24,113.3,22.52,14.84,5.39,29.24,12.11,39.68,24.65,2.1,2.52,3.92,6.7,3.42,9.72C940.69,317.26,925.76,326.5,914.25,324.67ZM441.63,383.1c1.1,6.16,2,12.2,3.27,18.17,1.54,7.25,4.93,12.29,12.53,15.71,11.4,5.13,21.81,12.43,32.64,18.81-15.11-2.86-26.9-12.87-41-18.67a74.83,74.83,0,0,0,13.71,13.72,109.41,109.41,0,0,0,16.78,10.46c5.77,2.88,12,4.75,18.1,7.06l-.63,1.72-32.42-11.94c10.12,23,31.93,25.42,50.69,32.78-16.73-1.18-31.34-8.29-46.38-16.36,1.67,4.77,3.39,10.09,7.05,12.79,9.82,7.23,20.48,13.33,30.76,19.93a48.93,48.93,0,0,1,4.3,3.46c-.43.55-.86,1.11-1.3,1.66l-35.34-20.46-1.7,1.41a52.26,52.26,0,0,1,4.5,4.93c2.07,2.93,3.16,7.11,5.88,8.92a272.85,272.85,0,0,0,26.18,15.09,12.67,12.67,0,0,0,9,.38c12.53-4.35,24.91-9.17,37.29-13.94,29.29-11.28,59.57-19.37,90.64-22.73a507.27,507.27,0,0,1,123.05,1.76c33,4.48,65.61,10.59,96.39,24,15.7,6.83,30.69,15.07,40.88,29.28,4.59,6.4,7,14.33,10.88,22.43,10.4-40.65,20.73-81,31.07-121.4l-1.17-.33q-6,19.21-12,38.41l-1.52-.48,21.82-78.41c-25.29,6.49-52.62,14.48-80.4,20.35-28.09,5.93-56.64,9.75-85.8,14.63-.54,6.17-1.17,13.3-1.8,20.43l-1.84-.14c.51-6.89,1-13.78,1.57-21-112.9,7.34-224,4.05-332.87-29.57.26,10.58,10,8.66,15.36,11.73,5.86,3.35,12.58,5.21,18.92,7.72l-.71,1.77-31.59-11.41c-1.42,7.12,1.12,11.43,7.15,14,8.62,3.72,17.19,7.55,25.78,11.33l-.83,2-32.9-13.3C457,399.31,452.22,389.77,441.63,383.1Zm-13-51.88-2.47.74c1.1,4.19,1.3,8.91,3.45,12.45,7.23,11.86,19.72,16.73,31.82,21.48,63.53,25,130.39,31.1,197.7,33.28C709.71,400.8,759.82,394,809.79,387c40-5.6,79.76-12.69,117.47-27.7,14-5.59,27.18-13.52,40.43-20.93,4.45-2.48,8.43-6.48,6-12.75-1.2-3.16-2.65-6.22-4.22-9.86-17.56,19.74-40.63,29.58-65,35.83-30,7.68-60.13,15.62-90.7,19.65-66.87,8.81-134.1,14.16-201.7,9.21-44.25-3.24-88.1-9.08-130.94-20.94C461.59,354.06,443.13,346.22,428.63,331.22ZM422.36,326l-2.55.37c0,3.47-.47,7,.08,10.4,2.52,15.56,13,24.75,26.68,29.9,24.36,9.18,48.68,18.95,73.78,25.58,55.56,14.69,112.67,17.72,169.87,18.26A775.44,775.44,0,0,0,844.32,396c38.41-7.39,77-14.5,112.53-31.86,14.16-6.91,30.17-12.87,30.66-34.93,3.74,8.86,2.58,15.09-2.49,20.06a79,79,0,0,1-14.95,11.87c-22.52,13.18-47.2,21.08-72.49,26.43-40.11,8.49-80.49,15.75-120.75,23.53,2.74-1.31,5.84-1.2,8.93-1.33,53.3-2.35,104.75-14,154.92-31.55,17.88-6.25,35.45-13.72,48.53-28.39,5.2-5.83,9.72-12.5,6.3-20.65-4.31-10.31-12.88-16.45-23.3-20.6,5.41,6.56,14.15,11.56,9.56,23.47l-1.52-4.18c-3,4.24-5.26,10-9.47,12.83a234.39,234.39,0,0,1-64.48,30.51c-40.18,11.93-81.35,19.33-122.89,24.5-64,8-128,10-192.33,3.81-45.34-4.39-89.49-13.54-131.8-30.67a139.49,139.49,0,0,1-21.48-11.34C426.49,350.41,421.81,339.46,422.36,326Zm43.39,4.39c.12.34.17.91.48,1.2a13.34,13.34,0,0,0,2.34,1.75c22.95,13.47,47.47,23,73.84,26.37,29.5,3.77,59.19,6.11,88.79,9.07,43.33,4.33,86.43,1.15,130.82-4.07-6,0-10.6-.23-15.2,0-51.13,2.91-102.24,5.93-153.36-.38-28.85-3.55-57.72-7-85.25-16.85C493.94,342.37,480.05,336.17,465.75,330.36Zm194.9,313.06c22.59,7.15,95.84,2.59,120.1-6.56-20.46,2.21-40.59,5.24-60.83,6.32C699.38,644.27,678.75,643.42,660.65,643.42ZM469.21,494.57l-2.67,1.26c.84,2.63,1.61,5.29,2.53,7.89s3.18,5.23,2.66,7.31c-2.59,10.33,4.58,17.69,6.18,26.65l2-.29v-18.3l3.55-.34C478.46,510.26,473.83,502.42,469.21,494.57ZM452.7,426.52c-.56,19.62,3.53,27.74,17.11,33.47L456,438.49l.91-.62c1.91,2,3.82,4,5.72,6l2.28-2ZM732.17,238.33c0-.46,0-.92,0-1.38H654.37v1.38ZM416.81,337.56c-1.79,16.84,3.28,23,26.17,31.83C431.64,360.34,417.5,354.44,416.81,337.56Zm-4.27,14.08V329.29C404.43,335.61,404.56,344.94,412.54,351.64Zm82.24,165.48-13.55-8.05c2.61,6.58,4.4,11.11,6.39,16.12Zm410.59,50.93c3.8-9,9.55-17.71,5.52-28.1Q908.15,554,905.37,568.05ZM839.61,249.16c0-.52-.05-1-.07-1.56l-36.28-4.95-.15,1.22Z\" transform=\"translate(-400.3 -231.03)\"><\/path><path class=\"cls-1\" d=\"M556.82,601.67l70.44,16.25C602.61,613.83,577.44,611.93,556.82,601.67Z\" transform=\"translate(-400.3 -231.03)\"><\/path><path class=\"cls-1\" d=\"M770.67,298.47c5.57,6.87,5.26,9.21-3.37,11.4a238.6,238.6,0,0,1-32.54,6c-30.65,3.31-61.36,4.87-92-.56a123.55,123.55,0,0,1-16.48-4c-3.1-1-7.16-2.59-8.26-5.05-.87-1.95,2.11-5.62,3.75-9.4-3.55-10.41-2-14.45,9.72-19.38,31.34-13.15,64-14.86,97.15-9.75a149.57,149.57,0,0,1,33.92,9.46C773.84,281.93,775.06,287.31,770.67,298.47Zm-90.33,7.95c-17.27-.88-35.7-3.45-53.45-10.78,3.17,3,6.55,6.1,10.42,7,25,5.82,50,12.64,76.07,9.6,14.13-1.64,28.24-3.79,42.18-6.6,7.65-1.54,9.17-4,10.47-8.71l-54.27,11.13c-.15-.71-.29-1.42-.43-2.14,12.85-2.76,25.8-5.17,38.53-8.44,6.36-1.64,16.16-2.61,15.92-10.27s-10-9.81-16.76-10.74c-19.9-2.74-40-6.29-59.92-5.94-17.19.3-34.4,5.06-51.39,8.83-4.4,1-8,5.65-11.93,8.63,3.69,2.55,7.05,6.26,11.14,7.43C651.72,299.66,666.76,303.05,680.34,306.42Z\" transform=\"translate(-400.3 -231.03)\"><\/path><path class=\"cls-1\" d=\"M672.64,255.52c-50.59,4.24-100.48,11.72-149.32,25.53C571.7,264,621.78,257.08,672.64,255.52Z\" transform=\"translate(-400.3 -231.03)\"><\/path><path class=\"cls-1\" d=\"M820.65,464.52c-73.11-11-146.25-13.07-219.45-.79C674.4,449.5,747.55,451.56,820.65,464.52Z\" transform=\"translate(-400.3 -231.03)\"><\/path><path class=\"cls-1\" d=\"M920.16,410.12Q914.07,448,908,485.91l-1.83-.29,12.24-75.79Z\" transform=\"translate(-400.3 -231.03)\"><\/path><path class=\"cls-1\" d=\"M552.17,476.77l-28.45,7.39c-.12-.51-.25-1-.37-1.54l28.53-7.79Z\" transform=\"translate(-400.3 -231.03)\"><\/path><\/svg><\/span><\/h2>\n\n\n\n<h1 class=\"gb-headline gb-headline-8f140a63 gb-headline-text\">Contact alimentaire<\/h1>\n\n\n\n<p class=\"gb-headline gb-headline-d8149c51 gb-headline-text\">M\u00e9langes et composants en silicone et en mousse de silicone certifi\u00e9s pour le secteur alimentaire<\/p>\n\n<\/div>\n<\/div><div class=\"gb-container gb-container-729853f9\">\n<div class=\"gb-container gb-container-11c6b2d3\">\n\n<p class=\"gb-headline gb-headline-4725fe8d gb-headline-text\">L&rsquo;<strong><mark class=\"gb-highlight\">industrie alimentaire<\/mark><\/strong> \u00e9tablit une s\u00e9rie de r\u00e9glementations pour les mat\u00e9riaux qui doivent entrer en contact avec les aliments. Des propri\u00e9t\u00e9s telles que la haute r\u00e9sistance \u00e0 la temp\u00e9rature, la r\u00e9sistance chimique \u00e9lev\u00e9e, l&rsquo;absence d&rsquo;odeur et de go\u00fbt et son importante capacit\u00e9 antiadh\u00e9rente font de la silicone un mat\u00e9riau tr\u00e8s appr\u00e9ci\u00e9 et utilis\u00e9 dans le domaine de l&rsquo;alimentation.<\/p>\n\n\n\n<h2 class=\"gb-headline gb-headline-8875b062 gb-headline-text\"><mark class=\"gb-highlight\">Applications<\/mark><\/h2>\n\n\n<div class=\"gb-container gb-container-64fb34b2\">\n\n<p class=\"gb-headline gb-headline-1f57c99a gb-headline-text\">Conduite de liquides&nbsp;: \u00e9levage-traite, distribution automatique, machines \u00e0 caf\u00e9, etc.<\/p>\n\n<\/div>\n\n<div class=\"gb-container gb-container-cdf0cfaa\">\n\n<p class=\"gb-headline gb-headline-4bb94a07 gb-headline-text\">Produits pour la cuisine&nbsp;: conteneurs, emballages, moules, etc.<\/p>\n\n<\/div>\n\n<div class=\"gb-container gb-container-aa36fc2e\">\n\n<p class=\"gb-headline gb-headline-cafb344f gb-headline-text\">Joints en contact avec des liquides ou des aliments&nbsp;: joints de four, boulangerie, en contact avec de l&rsquo;eau, des jus, du lait, etc.<\/p>\n\n<\/div>\n<\/div>\n<\/div>","protected":false},"excerpt":{"rendered":"<p>Contact alimentaire M\u00e9langes et composants en silicone et en mousse de silicone certifi\u00e9s pour le secteur alimentaire L&rsquo;industrie alimentaire \u00e9tablit une s\u00e9rie de r\u00e9glementations pour les mat\u00e9riaux qui doivent entrer en contact avec les aliments. Des propri\u00e9t\u00e9s telles que la haute r\u00e9sistance \u00e0 la temp\u00e9rature, la r\u00e9sistance chimique \u00e9lev\u00e9e, l&rsquo;absence d&rsquo;odeur et de go\u00fbt et &#8230; <a title=\"Contact alimentaire\" class=\"read-more\" href=\"https:\/\/www.silam.com\/fr\/contact-alimentaire\/\" aria-label=\"En savoir plus sur Contact alimentaire\">Lire plus<\/a><\/p>\n","protected":false},"author":1,"featured_media":0,"parent":0,"menu_order":0,"comment_status":"closed","ping_status":"closed","template":"","meta":{"inline_featured_image":false,"footnotes":""},"class_list":{"0":"post-2995","1":"page","2":"type-page","3":"status-publish","5":"no-featured-image-padding"},"yoast_head":"<!-- This site is optimized with the Yoast SEO plugin v27.1.1 - https:\/\/yoast.com\/product\/yoast-seo-wordpress\/ -->\n<title>Contact alimentaire - Silam | Fabricante de siliconas<\/title>\n<meta name=\"robots\" content=\"index, follow, max-snippet:-1, max-image-preview:large, max-video-preview:-1\" \/>\n<link rel=\"canonical\" href=\"https:\/\/www.silam.com\/fr\/contact-alimentaire\/\" \/>\n<meta property=\"og:locale\" content=\"fr_FR\" \/>\n<meta property=\"og:type\" content=\"article\" \/>\n<meta property=\"og:title\" content=\"Contact alimentaire - Silam | Fabricante de siliconas\" \/>\n<meta property=\"og:description\" content=\"Contact alimentaire M\u00e9langes et composants en silicone et en mousse de silicone certifi\u00e9s pour le secteur alimentaire L&rsquo;industrie alimentaire \u00e9tablit une s\u00e9rie de r\u00e9glementations pour les mat\u00e9riaux qui doivent entrer en contact avec les aliments. Des propri\u00e9t\u00e9s telles que la haute r\u00e9sistance \u00e0 la temp\u00e9rature, la r\u00e9sistance chimique \u00e9lev\u00e9e, l&rsquo;absence d&rsquo;odeur et de go\u00fbt et ... Lire plus\" \/>\n<meta property=\"og:url\" content=\"https:\/\/www.silam.com\/fr\/contact-alimentaire\/\" \/>\n<meta property=\"og:site_name\" content=\"Silam | Fabricante de siliconas\" \/>\n<meta property=\"article:modified_time\" content=\"2025-09-18T09:41:51+00:00\" \/>\n<meta property=\"og:image\" content=\"https:\/\/www.silam.com\/wp-content\/uploads\/2024\/09\/mezcla-de-silicona_8.jpg\" \/>\n\t<meta property=\"og:image:width\" content=\"1900\" \/>\n\t<meta property=\"og:image:height\" content=\"1267\" \/>\n\t<meta property=\"og:image:type\" content=\"image\/jpeg\" \/>\n<meta name=\"twitter:card\" content=\"summary_large_image\" \/>\n<meta name=\"twitter:label1\" content=\"Dur\u00e9e de lecture estim\u00e9e\" \/>\n\t<meta name=\"twitter:data1\" content=\"1 minute\" \/>\n<script type=\"application\/ld+json\" class=\"yoast-schema-graph\">{\"@context\":\"https:\/\/schema.org\",\"@graph\":[{\"@type\":\"WebPage\",\"@id\":\"https:\/\/www.silam.com\/fr\/contact-alimentaire\/\",\"url\":\"https:\/\/www.silam.com\/fr\/contact-alimentaire\/\",\"name\":\"Contact alimentaire - Silam | Fabricante de siliconas\",\"isPartOf\":{\"@id\":\"https:\/\/www.silam.com\/fr\/#website\"},\"datePublished\":\"2024-08-14T11:00:25+00:00\",\"dateModified\":\"2025-09-18T09:41:51+00:00\",\"breadcrumb\":{\"@id\":\"https:\/\/www.silam.com\/fr\/contact-alimentaire\/#breadcrumb\"},\"inLanguage\":\"fr-FR\",\"potentialAction\":[{\"@type\":\"ReadAction\",\"target\":[\"https:\/\/www.silam.com\/fr\/contact-alimentaire\/\"]}]},{\"@type\":\"BreadcrumbList\",\"@id\":\"https:\/\/www.silam.com\/fr\/contact-alimentaire\/#breadcrumb\",\"itemListElement\":[{\"@type\":\"ListItem\",\"position\":1,\"name\":\"Portada\",\"item\":\"https:\/\/www.silam.com\/fr\/\"},{\"@type\":\"ListItem\",\"position\":2,\"name\":\"Contact alimentaire\"}]},{\"@type\":\"WebSite\",\"@id\":\"https:\/\/www.silam.com\/fr\/#website\",\"url\":\"https:\/\/www.silam.com\/fr\/\",\"name\":\"Silam | Fabricante de siliconas\",\"description\":\"Silam es una empresa dedicada a la transformaci\u00f3n de elast\u00f3meros de silicona:  mezclas de silicona y componentes t\u00e9cnicos\",\"publisher\":{\"@id\":\"https:\/\/www.silam.com\/fr\/#organization\"},\"potentialAction\":[{\"@type\":\"SearchAction\",\"target\":{\"@type\":\"EntryPoint\",\"urlTemplate\":\"https:\/\/www.silam.com\/fr\/?s={search_term_string}\"},\"query-input\":{\"@type\":\"PropertyValueSpecification\",\"valueRequired\":true,\"valueName\":\"search_term_string\"}}],\"inLanguage\":\"fr-FR\"},{\"@type\":\"Organization\",\"@id\":\"https:\/\/www.silam.com\/fr\/#organization\",\"name\":\"Silam | Fabricante de siliconas\",\"url\":\"https:\/\/www.silam.com\/fr\/\",\"logo\":{\"@type\":\"ImageObject\",\"inLanguage\":\"fr-FR\",\"@id\":\"https:\/\/www.silam.com\/fr\/#\/schema\/logo\/image\/\",\"url\":\"https:\/\/www.silam.com\/wp-content\/uploads\/2024\/08\/logo-silam.png\",\"contentUrl\":\"https:\/\/www.silam.com\/wp-content\/uploads\/2024\/08\/logo-silam.png\",\"width\":221,\"height\":93,\"caption\":\"Silam | Fabricante de siliconas\"},\"image\":{\"@id\":\"https:\/\/www.silam.com\/fr\/#\/schema\/logo\/image\/\"},\"sameAs\":[\"https:\/\/es.linkedin.com\/company\/siliconas-silam-s-a-\"]}]}<\/script>\n<!-- \/ Yoast SEO plugin. -->","yoast_head_json":{"title":"Contact alimentaire - Silam | Fabricante de siliconas","robots":{"index":"index","follow":"follow","max-snippet":"max-snippet:-1","max-image-preview":"max-image-preview:large","max-video-preview":"max-video-preview:-1"},"canonical":"https:\/\/www.silam.com\/fr\/contact-alimentaire\/","og_locale":"fr_FR","og_type":"article","og_title":"Contact alimentaire - Silam | Fabricante de siliconas","og_description":"Contact alimentaire M\u00e9langes et composants en silicone et en mousse de silicone certifi\u00e9s pour le secteur alimentaire L&rsquo;industrie alimentaire \u00e9tablit une s\u00e9rie de r\u00e9glementations pour les mat\u00e9riaux qui doivent entrer en contact avec les aliments. Des propri\u00e9t\u00e9s telles que la haute r\u00e9sistance \u00e0 la temp\u00e9rature, la r\u00e9sistance chimique \u00e9lev\u00e9e, l&rsquo;absence d&rsquo;odeur et de go\u00fbt et ... Lire plus","og_url":"https:\/\/www.silam.com\/fr\/contact-alimentaire\/","og_site_name":"Silam | Fabricante de siliconas","article_modified_time":"2025-09-18T09:41:51+00:00","og_image":[{"width":1900,"height":1267,"url":"https:\/\/www.silam.com\/wp-content\/uploads\/2024\/09\/mezcla-de-silicona_8.jpg","type":"image\/jpeg"}],"twitter_card":"summary_large_image","twitter_misc":{"Dur\u00e9e de lecture estim\u00e9e":"1 minute"},"schema":{"@context":"https:\/\/schema.org","@graph":[{"@type":"WebPage","@id":"https:\/\/www.silam.com\/fr\/contact-alimentaire\/","url":"https:\/\/www.silam.com\/fr\/contact-alimentaire\/","name":"Contact alimentaire - Silam | Fabricante de siliconas","isPartOf":{"@id":"https:\/\/www.silam.com\/fr\/#website"},"datePublished":"2024-08-14T11:00:25+00:00","dateModified":"2025-09-18T09:41:51+00:00","breadcrumb":{"@id":"https:\/\/www.silam.com\/fr\/contact-alimentaire\/#breadcrumb"},"inLanguage":"fr-FR","potentialAction":[{"@type":"ReadAction","target":["https:\/\/www.silam.com\/fr\/contact-alimentaire\/"]}]},{"@type":"BreadcrumbList","@id":"https:\/\/www.silam.com\/fr\/contact-alimentaire\/#breadcrumb","itemListElement":[{"@type":"ListItem","position":1,"name":"Portada","item":"https:\/\/www.silam.com\/fr\/"},{"@type":"ListItem","position":2,"name":"Contact alimentaire"}]},{"@type":"WebSite","@id":"https:\/\/www.silam.com\/fr\/#website","url":"https:\/\/www.silam.com\/fr\/","name":"Silam | Fabricante de siliconas","description":"Silam es una empresa dedicada a la transformaci\u00f3n de elast\u00f3meros de silicona:  mezclas de silicona y componentes t\u00e9cnicos","publisher":{"@id":"https:\/\/www.silam.com\/fr\/#organization"},"potentialAction":[{"@type":"SearchAction","target":{"@type":"EntryPoint","urlTemplate":"https:\/\/www.silam.com\/fr\/?s={search_term_string}"},"query-input":{"@type":"PropertyValueSpecification","valueRequired":true,"valueName":"search_term_string"}}],"inLanguage":"fr-FR"},{"@type":"Organization","@id":"https:\/\/www.silam.com\/fr\/#organization","name":"Silam | Fabricante de siliconas","url":"https:\/\/www.silam.com\/fr\/","logo":{"@type":"ImageObject","inLanguage":"fr-FR","@id":"https:\/\/www.silam.com\/fr\/#\/schema\/logo\/image\/","url":"https:\/\/www.silam.com\/wp-content\/uploads\/2024\/08\/logo-silam.png","contentUrl":"https:\/\/www.silam.com\/wp-content\/uploads\/2024\/08\/logo-silam.png","width":221,"height":93,"caption":"Silam | Fabricante de siliconas"},"image":{"@id":"https:\/\/www.silam.com\/fr\/#\/schema\/logo\/image\/"},"sameAs":["https:\/\/es.linkedin.com\/company\/siliconas-silam-s-a-"]}]}},"_links":{"self":[{"href":"https:\/\/www.silam.com\/fr\/wp-json\/wp\/v2\/pages\/2995","targetHints":{"allow":["GET"]}}],"collection":[{"href":"https:\/\/www.silam.com\/fr\/wp-json\/wp\/v2\/pages"}],"about":[{"href":"https:\/\/www.silam.com\/fr\/wp-json\/wp\/v2\/types\/page"}],"author":[{"embeddable":true,"href":"https:\/\/www.silam.com\/fr\/wp-json\/wp\/v2\/users\/1"}],"replies":[{"embeddable":true,"href":"https:\/\/www.silam.com\/fr\/wp-json\/wp\/v2\/comments?post=2995"}],"version-history":[{"count":0,"href":"https:\/\/www.silam.com\/fr\/wp-json\/wp\/v2\/pages\/2995\/revisions"}],"wp:attachment":[{"href":"https:\/\/www.silam.com\/fr\/wp-json\/wp\/v2\/media?parent=2995"}],"curies":[{"name":"wp","href":"https:\/\/api.w.org\/{rel}","templated":true}]}}