{"id":2956,"date":"2024-08-14T12:54:34","date_gmt":"2024-08-14T10:54:34","guid":{"rendered":"https:\/\/wordpress-958700-4787158.cloudwaysapps.com\/profiles-en-silicone\/"},"modified":"2025-09-18T11:39:49","modified_gmt":"2025-09-18T09:39:49","slug":"profiles-en-silicone","status":"publish","type":"page","link":"https:\/\/www.silam.com\/fr\/profiles-en-silicone\/","title":{"rendered":"Profil\u00e9s en silicone"},"content":{"rendered":"<div class=\"gb-container gb-container-63cfc150\">\n<div class=\"gb-container gb-container-01c1494a\">\n\n<h1 class=\"gb-headline gb-headline-8f140a63 gb-headline-text\">Profil\u00e9s en silicone<\/h1>\n\n\n\n<p class=\"gb-headline gb-headline-d8149c51 gb-headline-text\">Nous proposons des profil\u00e9s en silicone pour des applications allant des syst\u00e8mes d&rsquo;\u00e9clairage LED \u00e0 l&rsquo;isolation thermique et acoustique. Gr\u00e2ce aux propri\u00e9t\u00e9s uniques du silicone, nos profil\u00e9s sont durables et offrent des performances sup\u00e9rieures dans des conditions extr\u00eames. Nous pouvons extruder des formes complexes et personnalis\u00e9es, y compris des conceptions creuses et pleines, pour r\u00e9pondre \u00e0 tous les besoins d&rsquo;application.  <\/p>\n\n<\/div>\n<\/div><div class=\"gb-container gb-container-729853f9\">\n<div class=\"gb-container gb-container-11c6b2d3\">\n\n<h2 class=\"gb-headline gb-headline-3bfa2e66 gb-headline-text\">Caract\u00e9ristiques et <mark class=\"gb-highlight\">avantages<\/mark><\/h2>\n\n\n<div class=\"gb-grid-wrapper gb-grid-wrapper-96c65d5e\">\n<div class=\"gb-grid-column gb-grid-column-d550f522\"><div class=\"gb-container gb-container-d550f522\">\n\n<h3 class=\"gb-headline gb-headline-4a2e0d84 gb-headline-text\"><mark class=\"gb-highlight\">R\u00e9sistance<\/mark> aux temp\u00e9ratures extr\u00eames<\/h3>\n\n\n\n<p class=\"gb-headline gb-headline-c3183df5 gb-headline-text\">Nos profil\u00e9s en silicone conservent leurs propri\u00e9t\u00e9s m\u00e9caniques et physiques dans une plage de temp\u00e9ratures allant de -60\u00b0C \u00e0 +250\u00b0C, ce qui les rend id\u00e9aux pour les applications impliquant une chaleur intense ou un froid extr\u00eame.<\/p>\n\n<\/div><\/div>\n\n<div class=\"gb-grid-column gb-grid-column-d67b248a\"><div class=\"gb-container gb-container-d67b248a\">\n\n<h3 class=\"gb-headline gb-headline-219ba881 gb-headline-text\"><mark class=\"gb-highlight\">\u00c9lasticit\u00e9<\/mark> et Flexibilit\u00e9<\/h3>\n\n\n\n<p class=\"gb-headline gb-headline-bda6f2a4 gb-headline-text\">Le silicone offre une excellente \u00e9lasticit\u00e9, permettant aux profil\u00e9s de s&rsquo;adapter aux surfaces irr\u00e9guli\u00e8res et de maintenir une \u00e9tanch\u00e9it\u00e9 efficace, m\u00eame dans des conditions de mouvement ou de vibration.<\/p>\n\n<\/div><\/div>\n\n<div class=\"gb-grid-column gb-grid-column-6aee012f\"><div class=\"gb-container gb-container-6aee012f\">\n\n<h3 class=\"gb-headline gb-headline-9652a31f gb-headline-text\"><mark class=\"gb-highlight\">Durabilit\u00e9<\/mark> et long\u00e9vit\u00e9<\/h3>\n\n\n\n<p class=\"gb-headline gb-headline-4f55bdcc gb-headline-text\">Ils sont tr\u00e8s r\u00e9sistants au vieillissement, aux rayons UV, \u00e0 l&rsquo;ozone et aux intemp\u00e9ries, ce qui prolonge la dur\u00e9e de vie du produit et r\u00e9duit les co\u00fbts de maintenance et de remplacement.<\/p>\n\n<\/div><\/div>\n\n<div class=\"gb-grid-column gb-grid-column-abb96423\"><div class=\"gb-container gb-container-abb96423\">\n\n<h3 class=\"gb-headline gb-headline-a65a7732 gb-headline-text\"><mark class=\"gb-highlight\">R\u00e9sistance<\/mark> chimique<\/h3>\n\n\n\n<p class=\"gb-headline gb-headline-e1de8667 gb-headline-text\">Inertes \u00e0 une large gamme de produits chimiques, d&rsquo;huiles, d&rsquo;acides et de solvants, garantissant une performance fiable dans des environnements agressifs.<\/p>\n\n<\/div><\/div>\n\n<div class=\"gb-grid-column gb-grid-column-3d91e746\"><div class=\"gb-container gb-container-3d91e746\">\n\n<h3 class=\"gb-headline gb-headline-159cf98e gb-headline-text\"><mark class=\"gb-highlight\">Isolation<\/mark> thermique et acoustique<\/h3>\n\n\n\n<p class=\"gb-headline gb-headline-738668e1 gb-headline-text\">Les propri\u00e9t\u00e9s isolantes du silicone rendent nos profil\u00e9s id\u00e9aux pour les applications n\u00e9cessitant une r\u00e9duction du transfert de chaleur ou de son.<\/p>\n\n<\/div><\/div>\n\n<div class=\"gb-grid-column gb-grid-column-c26b8283\"><div class=\"gb-container gb-container-c26b8283\">\n\n<h3 class=\"gb-headline gb-headline-be536021 gb-headline-text\"><mark class=\"gb-highlight\">Propri\u00e9t\u00e9s<\/mark> ignifuges<\/h3>\n\n\n\n<p class=\"gb-headline gb-headline-21aae7b8 gb-headline-text\">Nous proposons des profil\u00e9s avec des retardateurs de flamme qui r\u00e9pondent aux normes internationales de s\u00e9curit\u00e9 incendie, essentiels dans les applications o\u00f9 la s\u00e9curit\u00e9 est primordiale.<\/p>\n\n<\/div><\/div>\n<\/div>\n<\/div>\n<\/div><div class=\"gb-container gb-container-54d1cfff\">\n<div class=\"gb-container gb-container-56baa4f7\">\n<div class=\"gb-grid-wrapper gb-grid-wrapper-8fd58eb4\">\n<div class=\"gb-grid-column gb-grid-column-4a50b10e\"><div class=\"gb-container gb-container-4a50b10e\">\n\n<h3 class=\"gb-headline gb-headline-c9c44c4f gb-headline-text\"><mark class=\"gb-highlight\">Innovation<\/mark> et durabilit\u00e9<\/h3>\n\n\n\n<p class=\"gb-headline gb-headline-0d3c9e68 gb-headline-text\">Nous nous effor\u00e7ons d&rsquo;am\u00e9liorer la performance et la durabilit\u00e9 de nos profil\u00e9s en silicone gr\u00e2ce \u00e0 une innovation constante et \u00e0 un investissement dans la R Nous appliquons des pratiques durables qui r\u00e9duisent le gaspillage et encouragent le recyclage. Nous sommes engag\u00e9s dans la responsabilit\u00e9 sociale, assurant la s\u00e9curit\u00e9 et le bien-\u00eatre de nos employ\u00e9s, clients et communaut\u00e9, en respectant toutes les r\u00e9glementations du travail et environnementales.  <br><br><br><\/p>\n\n<\/div><\/div>\n<\/div>\n<\/div>\n<\/div><div class=\"gb-container gb-container-8e9f863d\">\n<div class=\"gb-container gb-container-fe36e83d\">\n\n<h2 class=\"gb-headline gb-headline-366a4162 gb-headline-text\"><mark class=\"gb-highlight\">Avantages<\/mark> de nos profil\u00e9s en silicone<\/h2>\n\n\n<div class=\"gb-container gb-container-64fb34b2\">\n\n<p class=\"gb-headline gb-headline-c159c7a4 gb-headline-text\">Qualit\u00e9 garantie<\/p>\n\n\n\n<p class=\"gb-headline gb-headline-1f57c99a gb-headline-text\">Produits fabriqu\u00e9s selon des normes de qualit\u00e9 strictes, assurant une performance fiable et constante.<\/p>\n\n<\/div>\n\n<div class=\"gb-container gb-container-cdf0cfaa\">\n\n<p class=\"gb-headline gb-headline-95217341 gb-headline-text\"><strong>Solutions personnalis\u00e9es<\/strong><\/p>\n\n\n\n<p class=\"gb-headline gb-headline-4bb94a07 gb-headline-text\">Capacit\u00e9 \u00e0 offrir des solutions sur mesure qui r\u00e9pondent \u00e0 des exigences sp\u00e9cifiques, nous diff\u00e9renciant sur le march\u00e9.<\/p>\n\n<\/div>\n\n<div class=\"gb-container gb-container-aa36fc2e\">\n\n<p class=\"gb-headline gb-headline-59bb154b gb-headline-text\"><strong>Exp\u00e9rience et Connaissance<\/strong><\/p>\n\n\n\n<p class=\"gb-headline gb-headline-cafb344f gb-headline-text\">Nous disposons d&rsquo;une \u00e9quipe de professionnels poss\u00e9dant une vaste exp\u00e9rience dans le secteur du silicone, fournissant des conseils et un support expert.<\/p>\n\n<\/div>\n\n<div class=\"gb-container gb-container-2d2e54d4\">\n\n<p class=\"gb-headline gb-headline-c064125d gb-headline-text\"><strong>Rapport qualit\u00e9-prix comp\u00e9titif<\/strong><\/p>\n\n\n\n<p class=\"gb-headline gb-headline-220c0c01 gb-headline-text\">Nous offrons des produits de haute qualit\u00e9 \u00e0 des prix comp\u00e9titifs, optimisant la valeur pour nos clients.<\/p>\n\n<\/div>\n\n<div class=\"gb-container gb-container-7c7ce558\">\n\n<p class=\"gb-headline gb-headline-4dd7b0a7 gb-headline-text\"><strong>Rapport qualit\u00e9-prix comp\u00e9titif<\/strong><\/p>\n\n\n\n<p class=\"gb-headline gb-headline-f981daaf gb-headline-text\">Nous nous concentrons sur la construction de relations solides avec nos clients, en fournissant un service attentif et r\u00e9actif.<\/p>\n\n<\/div>\n<\/div>\n<\/div>","protected":false},"excerpt":{"rendered":"<p>Profil\u00e9s en silicone Nous proposons des profil\u00e9s en silicone pour des applications allant des syst\u00e8mes d&rsquo;\u00e9clairage LED \u00e0 l&rsquo;isolation thermique et acoustique. Gr\u00e2ce aux propri\u00e9t\u00e9s uniques du silicone, nos profil\u00e9s sont durables et offrent des performances sup\u00e9rieures dans des conditions extr\u00eames. Nous pouvons extruder des formes complexes et personnalis\u00e9es, y compris des conceptions creuses et &#8230; <a title=\"Profil\u00e9s en silicone\" class=\"read-more\" href=\"https:\/\/www.silam.com\/fr\/profiles-en-silicone\/\" aria-label=\"En savoir plus sur Profil\u00e9s en silicone\">Lire plus<\/a><\/p>\n","protected":false},"author":1,"featured_media":0,"parent":0,"menu_order":0,"comment_status":"closed","ping_status":"closed","template":"","meta":{"inline_featured_image":false,"footnotes":""},"class_list":{"0":"post-2956","1":"page","2":"type-page","3":"status-publish","5":"no-featured-image-padding"},"yoast_head":"<!-- This site is optimized with the Yoast SEO plugin v27.1.1 - https:\/\/yoast.com\/product\/yoast-seo-wordpress\/ -->\n<title>Profil\u00e9s en silicone - Silam | Fabricante de siliconas<\/title>\n<meta name=\"robots\" content=\"index, follow, max-snippet:-1, max-image-preview:large, max-video-preview:-1\" \/>\n<link rel=\"canonical\" href=\"https:\/\/www.silam.com\/fr\/profiles-en-silicone\/\" \/>\n<meta property=\"og:locale\" content=\"fr_FR\" \/>\n<meta property=\"og:type\" content=\"article\" \/>\n<meta property=\"og:title\" content=\"Profil\u00e9s en silicone - Silam | Fabricante de siliconas\" \/>\n<meta property=\"og:description\" content=\"Profil\u00e9s en silicone Nous proposons des profil\u00e9s en silicone pour des applications allant des syst\u00e8mes d&rsquo;\u00e9clairage LED \u00e0 l&rsquo;isolation thermique et acoustique. Gr\u00e2ce aux propri\u00e9t\u00e9s uniques du silicone, nos profil\u00e9s sont durables et offrent des performances sup\u00e9rieures dans des conditions extr\u00eames. Nous pouvons extruder des formes complexes et personnalis\u00e9es, y compris des conceptions creuses et ... Lire plus\" \/>\n<meta property=\"og:url\" content=\"https:\/\/www.silam.com\/fr\/profiles-en-silicone\/\" \/>\n<meta property=\"og:site_name\" content=\"Silam | Fabricante de siliconas\" \/>\n<meta property=\"article:modified_time\" content=\"2025-09-18T09:39:49+00:00\" \/>\n<meta property=\"og:image\" content=\"https:\/\/www.silam.com\/wp-content\/uploads\/2024\/09\/mezcla-de-silicona_8.jpg\" \/>\n\t<meta property=\"og:image:width\" content=\"1900\" \/>\n\t<meta property=\"og:image:height\" content=\"1267\" \/>\n\t<meta property=\"og:image:type\" content=\"image\/jpeg\" \/>\n<meta name=\"twitter:card\" content=\"summary_large_image\" \/>\n<meta name=\"twitter:label1\" content=\"Dur\u00e9e de lecture estim\u00e9e\" \/>\n\t<meta name=\"twitter:data1\" content=\"2 minutes\" \/>\n<script type=\"application\/ld+json\" class=\"yoast-schema-graph\">{\"@context\":\"https:\/\/schema.org\",\"@graph\":[{\"@type\":\"WebPage\",\"@id\":\"https:\/\/www.silam.com\/fr\/profiles-en-silicone\/\",\"url\":\"https:\/\/www.silam.com\/fr\/profiles-en-silicone\/\",\"name\":\"Profil\u00e9s en silicone - Silam | Fabricante de siliconas\",\"isPartOf\":{\"@id\":\"https:\/\/www.silam.com\/fr\/#website\"},\"datePublished\":\"2024-08-14T10:54:34+00:00\",\"dateModified\":\"2025-09-18T09:39:49+00:00\",\"breadcrumb\":{\"@id\":\"https:\/\/www.silam.com\/fr\/profiles-en-silicone\/#breadcrumb\"},\"inLanguage\":\"fr-FR\",\"potentialAction\":[{\"@type\":\"ReadAction\",\"target\":[\"https:\/\/www.silam.com\/fr\/profiles-en-silicone\/\"]}]},{\"@type\":\"BreadcrumbList\",\"@id\":\"https:\/\/www.silam.com\/fr\/profiles-en-silicone\/#breadcrumb\",\"itemListElement\":[{\"@type\":\"ListItem\",\"position\":1,\"name\":\"Portada\",\"item\":\"https:\/\/www.silam.com\/fr\/\"},{\"@type\":\"ListItem\",\"position\":2,\"name\":\"Profil\u00e9s en silicone\"}]},{\"@type\":\"WebSite\",\"@id\":\"https:\/\/www.silam.com\/fr\/#website\",\"url\":\"https:\/\/www.silam.com\/fr\/\",\"name\":\"Silam | Fabricante de siliconas\",\"description\":\"Silam es una empresa dedicada a la transformaci\u00f3n de elast\u00f3meros de silicona:  mezclas de silicona y componentes t\u00e9cnicos\",\"publisher\":{\"@id\":\"https:\/\/www.silam.com\/fr\/#organization\"},\"potentialAction\":[{\"@type\":\"SearchAction\",\"target\":{\"@type\":\"EntryPoint\",\"urlTemplate\":\"https:\/\/www.silam.com\/fr\/?s={search_term_string}\"},\"query-input\":{\"@type\":\"PropertyValueSpecification\",\"valueRequired\":true,\"valueName\":\"search_term_string\"}}],\"inLanguage\":\"fr-FR\"},{\"@type\":\"Organization\",\"@id\":\"https:\/\/www.silam.com\/fr\/#organization\",\"name\":\"Silam | Fabricante de siliconas\",\"url\":\"https:\/\/www.silam.com\/fr\/\",\"logo\":{\"@type\":\"ImageObject\",\"inLanguage\":\"fr-FR\",\"@id\":\"https:\/\/www.silam.com\/fr\/#\/schema\/logo\/image\/\",\"url\":\"https:\/\/www.silam.com\/wp-content\/uploads\/2024\/08\/logo-silam.png\",\"contentUrl\":\"https:\/\/www.silam.com\/wp-content\/uploads\/2024\/08\/logo-silam.png\",\"width\":221,\"height\":93,\"caption\":\"Silam | Fabricante de siliconas\"},\"image\":{\"@id\":\"https:\/\/www.silam.com\/fr\/#\/schema\/logo\/image\/\"},\"sameAs\":[\"https:\/\/es.linkedin.com\/company\/siliconas-silam-s-a-\"]}]}<\/script>\n<!-- \/ Yoast SEO plugin. -->","yoast_head_json":{"title":"Profil\u00e9s en silicone - Silam | Fabricante de siliconas","robots":{"index":"index","follow":"follow","max-snippet":"max-snippet:-1","max-image-preview":"max-image-preview:large","max-video-preview":"max-video-preview:-1"},"canonical":"https:\/\/www.silam.com\/fr\/profiles-en-silicone\/","og_locale":"fr_FR","og_type":"article","og_title":"Profil\u00e9s en silicone - Silam | Fabricante de siliconas","og_description":"Profil\u00e9s en silicone Nous proposons des profil\u00e9s en silicone pour des applications allant des syst\u00e8mes d&rsquo;\u00e9clairage LED \u00e0 l&rsquo;isolation thermique et acoustique. Gr\u00e2ce aux propri\u00e9t\u00e9s uniques du silicone, nos profil\u00e9s sont durables et offrent des performances sup\u00e9rieures dans des conditions extr\u00eames. Nous pouvons extruder des formes complexes et personnalis\u00e9es, y compris des conceptions creuses et ... Lire plus","og_url":"https:\/\/www.silam.com\/fr\/profiles-en-silicone\/","og_site_name":"Silam | Fabricante de siliconas","article_modified_time":"2025-09-18T09:39:49+00:00","og_image":[{"width":1900,"height":1267,"url":"https:\/\/www.silam.com\/wp-content\/uploads\/2024\/09\/mezcla-de-silicona_8.jpg","type":"image\/jpeg"}],"twitter_card":"summary_large_image","twitter_misc":{"Dur\u00e9e de lecture estim\u00e9e":"2 minutes"},"schema":{"@context":"https:\/\/schema.org","@graph":[{"@type":"WebPage","@id":"https:\/\/www.silam.com\/fr\/profiles-en-silicone\/","url":"https:\/\/www.silam.com\/fr\/profiles-en-silicone\/","name":"Profil\u00e9s en silicone - Silam | Fabricante de siliconas","isPartOf":{"@id":"https:\/\/www.silam.com\/fr\/#website"},"datePublished":"2024-08-14T10:54:34+00:00","dateModified":"2025-09-18T09:39:49+00:00","breadcrumb":{"@id":"https:\/\/www.silam.com\/fr\/profiles-en-silicone\/#breadcrumb"},"inLanguage":"fr-FR","potentialAction":[{"@type":"ReadAction","target":["https:\/\/www.silam.com\/fr\/profiles-en-silicone\/"]}]},{"@type":"BreadcrumbList","@id":"https:\/\/www.silam.com\/fr\/profiles-en-silicone\/#breadcrumb","itemListElement":[{"@type":"ListItem","position":1,"name":"Portada","item":"https:\/\/www.silam.com\/fr\/"},{"@type":"ListItem","position":2,"name":"Profil\u00e9s en silicone"}]},{"@type":"WebSite","@id":"https:\/\/www.silam.com\/fr\/#website","url":"https:\/\/www.silam.com\/fr\/","name":"Silam | Fabricante de siliconas","description":"Silam es una empresa dedicada a la transformaci\u00f3n de elast\u00f3meros de silicona:  mezclas de silicona y componentes t\u00e9cnicos","publisher":{"@id":"https:\/\/www.silam.com\/fr\/#organization"},"potentialAction":[{"@type":"SearchAction","target":{"@type":"EntryPoint","urlTemplate":"https:\/\/www.silam.com\/fr\/?s={search_term_string}"},"query-input":{"@type":"PropertyValueSpecification","valueRequired":true,"valueName":"search_term_string"}}],"inLanguage":"fr-FR"},{"@type":"Organization","@id":"https:\/\/www.silam.com\/fr\/#organization","name":"Silam | Fabricante de siliconas","url":"https:\/\/www.silam.com\/fr\/","logo":{"@type":"ImageObject","inLanguage":"fr-FR","@id":"https:\/\/www.silam.com\/fr\/#\/schema\/logo\/image\/","url":"https:\/\/www.silam.com\/wp-content\/uploads\/2024\/08\/logo-silam.png","contentUrl":"https:\/\/www.silam.com\/wp-content\/uploads\/2024\/08\/logo-silam.png","width":221,"height":93,"caption":"Silam | Fabricante de siliconas"},"image":{"@id":"https:\/\/www.silam.com\/fr\/#\/schema\/logo\/image\/"},"sameAs":["https:\/\/es.linkedin.com\/company\/siliconas-silam-s-a-"]}]}},"_links":{"self":[{"href":"https:\/\/www.silam.com\/fr\/wp-json\/wp\/v2\/pages\/2956","targetHints":{"allow":["GET"]}}],"collection":[{"href":"https:\/\/www.silam.com\/fr\/wp-json\/wp\/v2\/pages"}],"about":[{"href":"https:\/\/www.silam.com\/fr\/wp-json\/wp\/v2\/types\/page"}],"author":[{"embeddable":true,"href":"https:\/\/www.silam.com\/fr\/wp-json\/wp\/v2\/users\/1"}],"replies":[{"embeddable":true,"href":"https:\/\/www.silam.com\/fr\/wp-json\/wp\/v2\/comments?post=2956"}],"version-history":[{"count":0,"href":"https:\/\/www.silam.com\/fr\/wp-json\/wp\/v2\/pages\/2956\/revisions"}],"wp:attachment":[{"href":"https:\/\/www.silam.com\/fr\/wp-json\/wp\/v2\/media?parent=2956"}],"curies":[{"name":"wp","href":"https:\/\/api.w.org\/{rel}","templated":true}]}}