{"id":2949,"date":"2024-08-14T12:54:57","date_gmt":"2024-08-14T10:54:57","guid":{"rendered":"https:\/\/wordpress-958700-4787158.cloudwaysapps.com\/cables-en-silicone\/"},"modified":"2025-09-18T11:39:36","modified_gmt":"2025-09-18T09:39:36","slug":"cables-en-silicone","status":"publish","type":"page","link":"https:\/\/www.silam.com\/fr\/cables-en-silicone\/","title":{"rendered":"C\u00e2bles en silicone"},"content":{"rendered":"<div class=\"gb-container gb-container-63cfc150\">\n<div class=\"gb-container gb-container-01c1494a\">\n\n<h1 class=\"gb-headline gb-headline-8f140a63 gb-headline-text\">C\u00e2bles en silicone<\/h1>\n\n\n\n<p class=\"gb-headline gb-headline-d8149c51 gb-headline-text\">Nos <strong>c\u00e2bles en silicone<\/strong> combinent <strong>flexibilit\u00e9<\/strong> et <strong>r\u00e9sistance thermique<\/strong>, ce qui les rend id\u00e9aux pour les installations \u00e9lectriques fonctionnant dans des <strong>environnements exigeants<\/strong>. Ils sont largement utilis\u00e9s dans l&rsquo;<strong>industrie \u00e9lectrique, \u00e9lectronique, automobile et des appareils \u00e9lectrom\u00e9nagers<\/strong>, o\u00f9 un c\u00e2blage capable de supporter des <strong>temp\u00e9ratures \u00e9lev\u00e9es<\/strong> et des conditions difficiles sans compromettre ses performances est requis. <\/p>\n\n<\/div>\n<\/div><div class=\"gb-container gb-container-729853f9\">\n<div class=\"gb-container gb-container-11c6b2d3\">\n\n<h2 class=\"gb-headline gb-headline-3bfa2e66 gb-headline-text\">Caract\u00e9ristiques et <mark class=\"gb-highlight\">avantages<\/mark><\/h2>\n\n\n<div class=\"gb-grid-wrapper gb-grid-wrapper-96c65d5e\">\n<div class=\"gb-grid-column gb-grid-column-d550f522\"><div class=\"gb-container gb-container-d550f522\">\n\n<h3 class=\"gb-headline gb-headline-4a2e0d84 gb-headline-text\"><mark class=\"gb-highlight\">R\u00e9sistance<\/mark> thermique<\/h3>\n\n\n\n<p class=\"gb-headline gb-headline-c3183df5 gb-headline-text\">Les c\u00e2bles en silicone peuvent fonctionner efficacement dans une plage de temp\u00e9ratures allant de <strong>-60\u00b0C \u00e0 +200\u00b0C<\/strong>, conservant leurs propri\u00e9t\u00e9s \u00e9lectriques et m\u00e9caniques sans d\u00e9gradation.<\/p>\n\n<\/div><\/div>\n\n<div class=\"gb-grid-column gb-grid-column-d67b248a\"><div class=\"gb-container gb-container-d67b248a\">\n\n<h3 class=\"gb-headline gb-headline-219ba881 gb-headline-text\"><mark class=\"gb-highlight\">\u00c9lasticit\u00e9<\/mark> et Flexibilit\u00e9<\/h3>\n\n\n\n<p class=\"gb-headline gb-headline-bda6f2a4 gb-headline-text\">La silicone offre une <strong>excellente flexibilit\u00e9<\/strong>, m\u00eame \u00e0 basses temp\u00e9ratures, facilitant l&rsquo;installation dans des espaces r\u00e9duits ou avec des g\u00e9om\u00e9tries complexes.<\/p>\n\n<\/div><\/div>\n\n<div class=\"gb-grid-column gb-grid-column-6aee012f\"><div class=\"gb-container gb-container-6aee012f\">\n\n<h3 class=\"gb-headline gb-headline-9652a31f gb-headline-text\"><mark class=\"gb-highlight\">Isolation<\/mark> \u00c9lectrique Sup\u00e9rieure<\/h3>\n\n\n\n<p class=\"gb-headline gb-headline-4f55bdcc gb-headline-text\">Ils offrent une <strong>haute r\u00e9sistance di\u00e9lectrique<\/strong>, minimisant les pertes \u00e9lectriques et garantissant la s\u00e9curit\u00e9 de fonctionnement.<\/p>\n\n<\/div><\/div>\n\n<div class=\"gb-grid-column gb-grid-column-abb96423\"><div class=\"gb-container gb-container-abb96423\">\n\n<h3 class=\"gb-headline gb-headline-a65a7732 gb-headline-text\"><mark class=\"gb-highlight\">R\u00e9sistance<\/mark> au Feu<\/h3>\n\n\n\n<p class=\"gb-headline gb-headline-e1de8667 gb-headline-text\">Nous disposons de c\u00e2bles avec des <strong>propri\u00e9t\u00e9s ignifuges<\/strong> qui sont conformes aux normes internationales de s\u00e9curit\u00e9 incendie, essentielles dans les applications critiques.<\/p>\n\n<\/div><\/div>\n\n<div class=\"gb-grid-column gb-grid-column-3d91e746\"><div class=\"gb-container gb-container-3d91e746\">\n\n<h3 class=\"gb-headline gb-headline-159cf98e gb-headline-text\"><mark class=\"gb-highlight\">Durabilit\u00e9<\/mark> et long\u00e9vit\u00e9<\/h3>\n\n\n\n<p class=\"gb-headline gb-headline-738668e1 gb-headline-text\">Ils sont r\u00e9sistants aux <strong>intemp\u00e9ries<\/strong>, aux <strong>rayons UV<\/strong>, \u00e0 l&rsquo;<strong>ozone<\/strong> et \u00e0 divers produits chimiques, ce qui garantit une longue dur\u00e9e de vie dans des conditions difficiles.<\/p>\n\n<\/div><\/div>\n\n<div class=\"gb-grid-column gb-grid-column-c26b8283\"><div class=\"gb-container gb-container-c26b8283\">\n\n<h3 class=\"gb-headline gb-headline-be536021 gb-headline-text\"><mark class=\"gb-highlight\">Faible \u00c9mission<\/mark> de Fum\u00e9es et de Gaz Toxiques<\/h3>\n\n\n\n<p class=\"gb-headline gb-headline-21aae7b8 gb-headline-text\">En cas d&rsquo;incendie, nos c\u00e2bles produisent moins de fum\u00e9es et de gaz toxiques, ce qui augmente la s\u00e9curit\u00e9 dans les environnements ferm\u00e9s.<\/p>\n\n<\/div><\/div>\n<\/div>\n<\/div>\n<\/div><div class=\"gb-container gb-container-54d1cfff\">\n<div class=\"gb-container gb-container-56baa4f7\">\n<div class=\"gb-grid-wrapper gb-grid-wrapper-8fd58eb4\">\n<div class=\"gb-grid-column gb-grid-column-4a50b10e\"><div class=\"gb-container gb-container-4a50b10e\">\n\n<h3 class=\"gb-headline gb-headline-c9c44c4f gb-headline-text\"><mark class=\"gb-highlight\">Innovation<\/mark> et durabilit\u00e9<\/h3>\n\n\n\n<p class=\"gb-headline gb-headline-0d3c9e68 gb-headline-text\">Nous nous effor\u00e7ons d&rsquo;am\u00e9liorer les performances et la durabilit\u00e9 de nos c\u00e2bles en silicone gr\u00e2ce \u00e0 une <strong>innovation constante<\/strong> et \u00e0 un investissement dans la <strong>recherche et d\u00e9veloppement<\/strong>. Nous appliquons des <strong>pratiques durables<\/strong> qui r\u00e9duisent le gaspillage et encouragent le recyclage. Nous sommes engag\u00e9s dans la <strong>responsabilit\u00e9 sociale<\/strong>, assurant la s\u00e9curit\u00e9 et le bien-\u00eatre de nos employ\u00e9s, clients et communaut\u00e9, en respectant toutes les r\u00e9glementations du travail et environnementales.  <br><br><\/p>\n\n<\/div><\/div>\n<\/div>\n<\/div>\n<\/div><div class=\"gb-container gb-container-8e9f863d\">\n<div class=\"gb-container gb-container-fe36e83d\">\n\n<h2 class=\"gb-headline gb-headline-366a4162 gb-headline-text\"><mark class=\"gb-highlight\">Processus<\/mark> de Fabrication et Qualit\u00e9<\/h2>\n\n\n<div class=\"gb-container gb-container-64fb34b2\">\n\n<p class=\"gb-headline gb-headline-c159c7a4 gb-headline-text\">Technologie Avanc\u00e9e d&rsquo;Extrusion et de Vulcanisation<\/p>\n\n\n\n<p class=\"gb-headline gb-headline-1f57c99a gb-headline-text\">Nous utilisons des machines de derni\u00e8re g\u00e9n\u00e9ration pour l&rsquo;extrusion et la vulcanisation de silicone, garantissant la qualit\u00e9 de l&rsquo;isolation.<\/p>\n\n<\/div>\n\n<div class=\"gb-container gb-container-cdf0cfaa\">\n\n<p class=\"gb-headline gb-headline-95217341 gb-headline-text\"><strong>Contr\u00f4le de Qualit\u00e9 Rigoureux<\/strong><\/p>\n\n\n\n<p class=\"gb-headline gb-headline-4bb94a07 gb-headline-text\">Nous r\u00e9alisons des tests \u00e9lectriques, m\u00e9caniques et de r\u00e9sistance au feu, garantissant que les c\u00e2bles r\u00e9pondent aux sp\u00e9cifications les plus exigeantes.<\/p>\n\n<\/div>\n\n<div class=\"gb-container gb-container-aa36fc2e\">\n\n<p class=\"gb-headline gb-headline-59bb154b gb-headline-text\"><strong>Tra\u00e7abilit\u00e9 compl\u00e8te<\/strong><\/p>\n\n\n\n<p class=\"gb-headline gb-headline-cafb344f gb-headline-text\">Chaque lot de production est tra\u00e7able, garantissant la transparence et la responsabilit\u00e9 dans toute la cha\u00eene d&rsquo;approvisionnement.<\/p>\n\n<\/div>\n\n<div class=\"gb-container gb-container-2d2e54d4\">\n\n<p class=\"gb-headline gb-headline-c064125d gb-headline-text\"><strong>Certifications de Qualit\u00e9<\/strong><\/p>\n\n\n\n<p class=\"gb-headline gb-headline-220c0c01 gb-headline-text\">Notre usine de production est certifi\u00e9e selon des normes telles que <strong>ISO 9001<\/strong> et <strong>ISO 14001<\/strong>, refl\u00e9tant notre engagement envers la qualit\u00e9 et l&rsquo;environnement.<\/p>\n\n<\/div>\n<\/div>\n<\/div>","protected":false},"excerpt":{"rendered":"<p>C\u00e2bles en silicone Nos c\u00e2bles en silicone combinent flexibilit\u00e9 et r\u00e9sistance thermique, ce qui les rend id\u00e9aux pour les installations \u00e9lectriques fonctionnant dans des environnements exigeants. Ils sont largement utilis\u00e9s dans l&rsquo;industrie \u00e9lectrique, \u00e9lectronique, automobile et des appareils \u00e9lectrom\u00e9nagers, o\u00f9 un c\u00e2blage capable de supporter des temp\u00e9ratures \u00e9lev\u00e9es et des conditions difficiles sans compromettre ses &#8230; <a title=\"C\u00e2bles en silicone\" class=\"read-more\" href=\"https:\/\/www.silam.com\/fr\/cables-en-silicone\/\" aria-label=\"En savoir plus sur C\u00e2bles en silicone\">Lire plus<\/a><\/p>\n","protected":false},"author":1,"featured_media":0,"parent":0,"menu_order":0,"comment_status":"closed","ping_status":"closed","template":"","meta":{"inline_featured_image":false,"footnotes":""},"class_list":{"0":"post-2949","1":"page","2":"type-page","3":"status-publish","5":"no-featured-image-padding"},"yoast_head":"<!-- This site is optimized with the Yoast SEO plugin v27.1.1 - https:\/\/yoast.com\/product\/yoast-seo-wordpress\/ -->\n<title>C\u00e2bles en silicone - Silam | Fabricante de siliconas<\/title>\n<meta name=\"robots\" content=\"index, follow, max-snippet:-1, max-image-preview:large, max-video-preview:-1\" \/>\n<link rel=\"canonical\" href=\"https:\/\/www.silam.com\/fr\/cables-en-silicone\/\" \/>\n<meta property=\"og:locale\" content=\"fr_FR\" \/>\n<meta property=\"og:type\" content=\"article\" \/>\n<meta property=\"og:title\" content=\"C\u00e2bles en silicone - Silam | Fabricante de siliconas\" \/>\n<meta property=\"og:description\" content=\"C\u00e2bles en silicone Nos c\u00e2bles en silicone combinent flexibilit\u00e9 et r\u00e9sistance thermique, ce qui les rend id\u00e9aux pour les installations \u00e9lectriques fonctionnant dans des environnements exigeants. Ils sont largement utilis\u00e9s dans l&rsquo;industrie \u00e9lectrique, \u00e9lectronique, automobile et des appareils \u00e9lectrom\u00e9nagers, o\u00f9 un c\u00e2blage capable de supporter des temp\u00e9ratures \u00e9lev\u00e9es et des conditions difficiles sans compromettre ses ... Lire plus\" \/>\n<meta property=\"og:url\" content=\"https:\/\/www.silam.com\/fr\/cables-en-silicone\/\" \/>\n<meta property=\"og:site_name\" content=\"Silam | Fabricante de siliconas\" \/>\n<meta property=\"article:modified_time\" content=\"2025-09-18T09:39:36+00:00\" \/>\n<meta property=\"og:image\" content=\"https:\/\/www.silam.com\/wp-content\/uploads\/2024\/09\/mezcla-de-silicona_8.jpg\" \/>\n\t<meta property=\"og:image:width\" content=\"1900\" \/>\n\t<meta property=\"og:image:height\" content=\"1267\" \/>\n\t<meta property=\"og:image:type\" content=\"image\/jpeg\" \/>\n<meta name=\"twitter:card\" content=\"summary_large_image\" \/>\n<meta name=\"twitter:label1\" content=\"Dur\u00e9e de lecture estim\u00e9e\" \/>\n\t<meta name=\"twitter:data1\" content=\"2 minutes\" \/>\n<script type=\"application\/ld+json\" class=\"yoast-schema-graph\">{\"@context\":\"https:\/\/schema.org\",\"@graph\":[{\"@type\":\"WebPage\",\"@id\":\"https:\/\/www.silam.com\/fr\/cables-en-silicone\/\",\"url\":\"https:\/\/www.silam.com\/fr\/cables-en-silicone\/\",\"name\":\"C\u00e2bles en silicone - Silam | Fabricante de siliconas\",\"isPartOf\":{\"@id\":\"https:\/\/www.silam.com\/fr\/#website\"},\"datePublished\":\"2024-08-14T10:54:57+00:00\",\"dateModified\":\"2025-09-18T09:39:36+00:00\",\"breadcrumb\":{\"@id\":\"https:\/\/www.silam.com\/fr\/cables-en-silicone\/#breadcrumb\"},\"inLanguage\":\"fr-FR\",\"potentialAction\":[{\"@type\":\"ReadAction\",\"target\":[\"https:\/\/www.silam.com\/fr\/cables-en-silicone\/\"]}]},{\"@type\":\"BreadcrumbList\",\"@id\":\"https:\/\/www.silam.com\/fr\/cables-en-silicone\/#breadcrumb\",\"itemListElement\":[{\"@type\":\"ListItem\",\"position\":1,\"name\":\"Portada\",\"item\":\"https:\/\/www.silam.com\/fr\/\"},{\"@type\":\"ListItem\",\"position\":2,\"name\":\"C\u00e2bles en silicone\"}]},{\"@type\":\"WebSite\",\"@id\":\"https:\/\/www.silam.com\/fr\/#website\",\"url\":\"https:\/\/www.silam.com\/fr\/\",\"name\":\"Silam | Fabricante de siliconas\",\"description\":\"Silam es una empresa dedicada a la transformaci\u00f3n de elast\u00f3meros de silicona:  mezclas de silicona y componentes t\u00e9cnicos\",\"publisher\":{\"@id\":\"https:\/\/www.silam.com\/fr\/#organization\"},\"potentialAction\":[{\"@type\":\"SearchAction\",\"target\":{\"@type\":\"EntryPoint\",\"urlTemplate\":\"https:\/\/www.silam.com\/fr\/?s={search_term_string}\"},\"query-input\":{\"@type\":\"PropertyValueSpecification\",\"valueRequired\":true,\"valueName\":\"search_term_string\"}}],\"inLanguage\":\"fr-FR\"},{\"@type\":\"Organization\",\"@id\":\"https:\/\/www.silam.com\/fr\/#organization\",\"name\":\"Silam | Fabricante de siliconas\",\"url\":\"https:\/\/www.silam.com\/fr\/\",\"logo\":{\"@type\":\"ImageObject\",\"inLanguage\":\"fr-FR\",\"@id\":\"https:\/\/www.silam.com\/fr\/#\/schema\/logo\/image\/\",\"url\":\"https:\/\/www.silam.com\/wp-content\/uploads\/2024\/08\/logo-silam.png\",\"contentUrl\":\"https:\/\/www.silam.com\/wp-content\/uploads\/2024\/08\/logo-silam.png\",\"width\":221,\"height\":93,\"caption\":\"Silam | Fabricante de siliconas\"},\"image\":{\"@id\":\"https:\/\/www.silam.com\/fr\/#\/schema\/logo\/image\/\"},\"sameAs\":[\"https:\/\/es.linkedin.com\/company\/siliconas-silam-s-a-\"]}]}<\/script>\n<!-- \/ Yoast SEO plugin. -->","yoast_head_json":{"title":"C\u00e2bles en silicone - Silam | Fabricante de siliconas","robots":{"index":"index","follow":"follow","max-snippet":"max-snippet:-1","max-image-preview":"max-image-preview:large","max-video-preview":"max-video-preview:-1"},"canonical":"https:\/\/www.silam.com\/fr\/cables-en-silicone\/","og_locale":"fr_FR","og_type":"article","og_title":"C\u00e2bles en silicone - Silam | Fabricante de siliconas","og_description":"C\u00e2bles en silicone Nos c\u00e2bles en silicone combinent flexibilit\u00e9 et r\u00e9sistance thermique, ce qui les rend id\u00e9aux pour les installations \u00e9lectriques fonctionnant dans des environnements exigeants. Ils sont largement utilis\u00e9s dans l&rsquo;industrie \u00e9lectrique, \u00e9lectronique, automobile et des appareils \u00e9lectrom\u00e9nagers, o\u00f9 un c\u00e2blage capable de supporter des temp\u00e9ratures \u00e9lev\u00e9es et des conditions difficiles sans compromettre ses ... Lire plus","og_url":"https:\/\/www.silam.com\/fr\/cables-en-silicone\/","og_site_name":"Silam | Fabricante de siliconas","article_modified_time":"2025-09-18T09:39:36+00:00","og_image":[{"width":1900,"height":1267,"url":"https:\/\/www.silam.com\/wp-content\/uploads\/2024\/09\/mezcla-de-silicona_8.jpg","type":"image\/jpeg"}],"twitter_card":"summary_large_image","twitter_misc":{"Dur\u00e9e de lecture estim\u00e9e":"2 minutes"},"schema":{"@context":"https:\/\/schema.org","@graph":[{"@type":"WebPage","@id":"https:\/\/www.silam.com\/fr\/cables-en-silicone\/","url":"https:\/\/www.silam.com\/fr\/cables-en-silicone\/","name":"C\u00e2bles en silicone - Silam | Fabricante de siliconas","isPartOf":{"@id":"https:\/\/www.silam.com\/fr\/#website"},"datePublished":"2024-08-14T10:54:57+00:00","dateModified":"2025-09-18T09:39:36+00:00","breadcrumb":{"@id":"https:\/\/www.silam.com\/fr\/cables-en-silicone\/#breadcrumb"},"inLanguage":"fr-FR","potentialAction":[{"@type":"ReadAction","target":["https:\/\/www.silam.com\/fr\/cables-en-silicone\/"]}]},{"@type":"BreadcrumbList","@id":"https:\/\/www.silam.com\/fr\/cables-en-silicone\/#breadcrumb","itemListElement":[{"@type":"ListItem","position":1,"name":"Portada","item":"https:\/\/www.silam.com\/fr\/"},{"@type":"ListItem","position":2,"name":"C\u00e2bles en silicone"}]},{"@type":"WebSite","@id":"https:\/\/www.silam.com\/fr\/#website","url":"https:\/\/www.silam.com\/fr\/","name":"Silam | Fabricante de siliconas","description":"Silam es una empresa dedicada a la transformaci\u00f3n de elast\u00f3meros de silicona:  mezclas de silicona y componentes t\u00e9cnicos","publisher":{"@id":"https:\/\/www.silam.com\/fr\/#organization"},"potentialAction":[{"@type":"SearchAction","target":{"@type":"EntryPoint","urlTemplate":"https:\/\/www.silam.com\/fr\/?s={search_term_string}"},"query-input":{"@type":"PropertyValueSpecification","valueRequired":true,"valueName":"search_term_string"}}],"inLanguage":"fr-FR"},{"@type":"Organization","@id":"https:\/\/www.silam.com\/fr\/#organization","name":"Silam | Fabricante de siliconas","url":"https:\/\/www.silam.com\/fr\/","logo":{"@type":"ImageObject","inLanguage":"fr-FR","@id":"https:\/\/www.silam.com\/fr\/#\/schema\/logo\/image\/","url":"https:\/\/www.silam.com\/wp-content\/uploads\/2024\/08\/logo-silam.png","contentUrl":"https:\/\/www.silam.com\/wp-content\/uploads\/2024\/08\/logo-silam.png","width":221,"height":93,"caption":"Silam | Fabricante de siliconas"},"image":{"@id":"https:\/\/www.silam.com\/fr\/#\/schema\/logo\/image\/"},"sameAs":["https:\/\/es.linkedin.com\/company\/siliconas-silam-s-a-"]}]}},"_links":{"self":[{"href":"https:\/\/www.silam.com\/fr\/wp-json\/wp\/v2\/pages\/2949","targetHints":{"allow":["GET"]}}],"collection":[{"href":"https:\/\/www.silam.com\/fr\/wp-json\/wp\/v2\/pages"}],"about":[{"href":"https:\/\/www.silam.com\/fr\/wp-json\/wp\/v2\/types\/page"}],"author":[{"embeddable":true,"href":"https:\/\/www.silam.com\/fr\/wp-json\/wp\/v2\/users\/1"}],"replies":[{"embeddable":true,"href":"https:\/\/www.silam.com\/fr\/wp-json\/wp\/v2\/comments?post=2949"}],"version-history":[{"count":0,"href":"https:\/\/www.silam.com\/fr\/wp-json\/wp\/v2\/pages\/2949\/revisions"}],"wp:attachment":[{"href":"https:\/\/www.silam.com\/fr\/wp-json\/wp\/v2\/media?parent=2949"}],"curies":[{"name":"wp","href":"https:\/\/api.w.org\/{rel}","templated":true}]}}