{"id":2947,"date":"2024-08-14T12:53:58","date_gmt":"2024-08-14T10:53:58","guid":{"rendered":"https:\/\/wordpress-958700-4787158.cloudwaysapps.com\/tubes-en-silicone\/"},"modified":"2025-09-18T11:39:24","modified_gmt":"2025-09-18T09:39:24","slug":"tubes-en-silicone","status":"publish","type":"page","link":"https:\/\/www.silam.com\/fr\/tubes-en-silicone\/","title":{"rendered":"Tubes en silicone"},"content":{"rendered":"<div class=\"gb-container gb-container-63cfc150\">\n<div class=\"gb-container gb-container-01c1494a\">\n\n<h1 class=\"gb-headline gb-headline-8f140a63 gb-headline-text\">Tubes en silicone<\/h1>\n\n\n\n<p class=\"gb-headline gb-headline-d8149c51 gb-headline-text\">Nos <strong>tubes en silicone<\/strong> se distinguent par leur <strong>grande flexibilit\u00e9<\/strong> et leur <strong>r\u00e9sistance aux temp\u00e9ratures extr\u00eames<\/strong>, tant hautes que basses. Ils sont id\u00e9aux pour le <strong>transport s\u00fbr de fluides et de gaz<\/strong> dans diverses industries, notamment <strong>l&rsquo;alimentaire, la pharmaceutique, la m\u00e9dicale, l&rsquo;automobile et l&rsquo;a\u00e9rospatiale<\/strong>.  <\/p>\n\n<\/div>\n<\/div><div class=\"gb-container gb-container-729853f9\">\n<div class=\"gb-container gb-container-11c6b2d3\">\n\n<h2 class=\"gb-headline gb-headline-3bfa2e66 gb-headline-text\">Caract\u00e9ristiques et <mark class=\"gb-highlight\">avantages<\/mark><\/h2>\n\n\n\n<p class=\"gb-headline gb-headline-4725fe8d gb-headline-text\">Les tubes peuvent \u00eatre fabriqu\u00e9s dans une vari\u00e9t\u00e9 de <strong>diam\u00e8tres, d&rsquo;\u00e9paisseurs et de couleurs<\/strong>, et sont conformes aux <strong>normes internationales de s\u00e9curit\u00e9 et d&rsquo;hygi\u00e8ne<\/strong>. De plus, nous offrons des options avec des <strong>certifications sp\u00e9cifiques<\/strong> pour les applications qui n\u00e9cessitent des normes plus strictes. <\/p>\n\n\n<div class=\"gb-grid-wrapper gb-grid-wrapper-96c65d5e\">\n<div class=\"gb-grid-column gb-grid-column-d550f522\"><div class=\"gb-container gb-container-d550f522\">\n\n<h3 class=\"gb-headline gb-headline-4a2e0d84 gb-headline-text\"><mark class=\"gb-highlight\">R\u00e9sistance<\/mark> thermique<\/h3>\n\n\n\n<p class=\"gb-headline gb-headline-c3183df5 gb-headline-text\">Ils conservent leur performance dans une large plage de temp\u00e9ratures, de -60 \u00b0C \u00e0 +200 \u00b0C, ce qui les rend adapt\u00e9s aux applications dans des conditions extr\u00eames.<\/p>\n\n<\/div><\/div>\n\n<div class=\"gb-grid-column gb-grid-column-d67b248a\"><div class=\"gb-container gb-container-d67b248a\">\n\n<h3 class=\"gb-headline gb-headline-219ba881 gb-headline-text\"><mark class=\"gb-highlight\">Flexibilit\u00e9<\/mark> et \u00e9lasticit\u00e9<\/h3>\n\n\n\n<p class=\"gb-headline gb-headline-bda6f2a4 gb-headline-text\">Le silicone offre une excellente flexibilit\u00e9, permettant aux tubes de se plier et de s&rsquo;ajuster sans se d\u00e9former ni se casser, facilitant ainsi leur installation dans des espaces r\u00e9duits ou difficiles d&rsquo;acc\u00e8s.<\/p>\n\n<\/div><\/div>\n\n<div class=\"gb-grid-column gb-grid-column-6aee012f\"><div class=\"gb-container gb-container-6aee012f\">\n\n<h3 class=\"gb-headline gb-headline-9652a31f gb-headline-text\"><mark class=\"gb-highlight\">Compatibilit\u00e9<\/mark> chimique<\/h3>\n\n\n\n<p class=\"gb-headline gb-headline-4f55bdcc gb-headline-text\">Ils sont inertes et ne r\u00e9agissent pas avec la plupart des produits chimiques, huiles, solvants et fluides biologiques, garantissant la puret\u00e9 et l&rsquo;int\u00e9grit\u00e9 des produits transport\u00e9s.<\/p>\n\n<\/div><\/div>\n\n<div class=\"gb-grid-column gb-grid-column-abb96423\"><div class=\"gb-container gb-container-abb96423\">\n\n<h3 class=\"gb-headline gb-headline-a65a7732 gb-headline-text\"><mark class=\"gb-highlight\">Hygi\u00e8ne<\/mark> et s\u00e9curit\u00e9<\/h3>\n\n\n\n<p class=\"gb-headline gb-headline-e1de8667 gb-headline-text\">La surface lisse et non poreuse des tubes en silicone emp\u00eache l&rsquo;accumulation de bact\u00e9ries et facilite leur nettoyage et leur st\u00e9rilisation, r\u00e9pondant ainsi aux normes sanitaires les plus \u00e9lev\u00e9es.<\/p>\n\n<\/div><\/div>\n\n<div class=\"gb-grid-column gb-grid-column-3d91e746\"><div class=\"gb-container gb-container-3d91e746\">\n\n<h3 class=\"gb-headline gb-headline-159cf98e gb-headline-text\"><mark class=\"gb-highlight\">Durabilit\u00e9<\/mark> et long\u00e9vit\u00e9<\/h3>\n\n\n\n<p class=\"gb-headline gb-headline-738668e1 gb-headline-text\">Ils r\u00e9sistent au vieillissement, aux intemp\u00e9ries, aux rayons UV et \u00e0 l&rsquo;ozone, ce qui prolonge la dur\u00e9e de vie du produit et r\u00e9duit les co\u00fbts de maintenance et de remplacement.<\/p>\n\n<\/div><\/div>\n\n<div class=\"gb-grid-column gb-grid-column-c26b8283\"><div class=\"gb-container gb-container-c26b8283\">\n\n<h3 class=\"gb-headline gb-headline-be536021 gb-headline-text\">Propri\u00e9t\u00e9s <mark class=\"gb-highlight\">di\u00e9lectriques<\/mark><\/h3>\n\n\n\n<p class=\"gb-headline gb-headline-21aae7b8 gb-headline-text\">Ils sont d&rsquo;excellents isolants \u00e9lectriques, ce qui les rend adapt\u00e9s aux applications dans l&rsquo;industrie \u00e9lectronique et \u00e9lectrique.<\/p>\n\n<\/div><\/div>\n<\/div>\n<\/div>\n<\/div><div class=\"gb-container gb-container-54d1cfff\">\n<div class=\"gb-container gb-container-56baa4f7\">\n<div class=\"gb-grid-wrapper gb-grid-wrapper-8fd58eb4\">\n<div class=\"gb-grid-column gb-grid-column-4a50b10e\"><div class=\"gb-container gb-container-4a50b10e\">\n\n<h3 class=\"gb-headline gb-headline-c9c44c4f gb-headline-text\"><mark class=\"gb-highlight\">Innovation<\/mark> et durabilit\u00e9<\/h3>\n\n\n\n<p class=\"gb-headline gb-headline-0d3c9e68 gb-headline-text\">Nous sommes d\u00e9di\u00e9s \u00e0 <strong>l&rsquo;innovation constante<\/strong>, en recherchant et en d\u00e9veloppant de nouvelles formulations et de nouveaux proc\u00e9d\u00e9s qui am\u00e9liorent les performances de nos tubes en silicone. De m\u00eame, nous adoptons des pratiques durables dans notre cha\u00eene d&rsquo;approvisionnement et de production, minimisant l&rsquo;impact environnemental et promouvant la responsabilit\u00e9 sociale. <\/p>\n\n<\/div><\/div>\n<\/div>\n<\/div>\n<\/div><div class=\"gb-container gb-container-8e9f863d\">\n<div class=\"gb-container gb-container-fe36e83d\">\n\n<h2 class=\"gb-headline gb-headline-366a4162 gb-headline-text\"><mark class=\"gb-highlight\">Qualit\u00e9<\/mark> et processus de fabrication<\/h2>\n\n\n<div class=\"gb-container gb-container-64fb34b2\">\n\n<p class=\"gb-headline gb-headline-c159c7a4 gb-headline-text\">Technologie avanc\u00e9e<\/p>\n\n\n\n<p class=\"gb-headline gb-headline-1f57c99a gb-headline-text\">Nous utilisons des \u00e9quipements d&rsquo;extrusion de derni\u00e8re g\u00e9n\u00e9ration qui garantissent pr\u00e9cision et constance dans la production de nos tubes.<\/p>\n\n<\/div>\n\n<div class=\"gb-container gb-container-cdf0cfaa\">\n\n<p class=\"gb-headline gb-headline-95217341 gb-headline-text\"><strong>Contr\u00f4le de qualit\u00e9 int\u00e9gral<\/strong><\/p>\n\n\n\n<p class=\"gb-headline gb-headline-4bb94a07 gb-headline-text\">Nous mettons en \u0153uvre des protocoles de qualit\u00e9 \u00e0 chaque \u00e9tape, depuis la s\u00e9lection des mati\u00e8res premi\u00e8res jusqu&rsquo;au produit final, y compris des tests physiques, chimiques et microbiologiques.<\/p>\n\n<\/div>\n\n<div class=\"gb-container gb-container-aa36fc2e\">\n\n<p class=\"gb-headline gb-headline-59bb154b gb-headline-text\"><strong>Tra\u00e7abilit\u00e9 compl\u00e8te<\/strong><\/p>\n\n\n\n<p class=\"gb-headline gb-headline-cafb344f gb-headline-text\">Chaque lot de production est tra\u00e7able, assurant transparence et confiance dans nos processus.<\/p>\n\n<\/div>\n\n<div class=\"gb-container gb-container-2d2e54d4\">\n\n<p class=\"gb-headline gb-headline-c064125d gb-headline-text\"><strong>Certification de qualit\u00e9<\/strong><\/p>\n\n\n\n<p class=\"gb-headline gb-headline-220c0c01 gb-headline-text\">Notre usine de production poss\u00e8de des certifications telles que <strong>ISO 9001<\/strong> et <strong>ISO 14001<\/strong>, refl\u00e9tant notre engagement envers l&rsquo;excellence.<\/p>\n\n<\/div>\n<\/div>\n<\/div>","protected":false},"excerpt":{"rendered":"<p>Tubes en silicone Nos tubes en silicone se distinguent par leur grande flexibilit\u00e9 et leur r\u00e9sistance aux temp\u00e9ratures extr\u00eames, tant hautes que basses. Ils sont id\u00e9aux pour le transport s\u00fbr de fluides et de gaz dans diverses industries, notamment l&rsquo;alimentaire, la pharmaceutique, la m\u00e9dicale, l&rsquo;automobile et l&rsquo;a\u00e9rospatiale. Caract\u00e9ristiques et avantages Les tubes peuvent \u00eatre fabriqu\u00e9s &#8230; <a title=\"Tubes en silicone\" class=\"read-more\" href=\"https:\/\/www.silam.com\/fr\/tubes-en-silicone\/\" aria-label=\"En savoir plus sur Tubes en silicone\">Lire plus<\/a><\/p>\n","protected":false},"author":1,"featured_media":0,"parent":0,"menu_order":0,"comment_status":"closed","ping_status":"closed","template":"","meta":{"inline_featured_image":false,"footnotes":""},"class_list":{"0":"post-2947","1":"page","2":"type-page","3":"status-publish","5":"no-featured-image-padding"},"yoast_head":"<!-- This site is optimized with the Yoast SEO plugin v27.1.1 - https:\/\/yoast.com\/product\/yoast-seo-wordpress\/ -->\n<title>Tubes en silicone - Silam | Fabricante de siliconas<\/title>\n<meta name=\"robots\" content=\"index, follow, max-snippet:-1, max-image-preview:large, max-video-preview:-1\" \/>\n<link rel=\"canonical\" href=\"https:\/\/www.silam.com\/fr\/tubes-en-silicone\/\" \/>\n<meta property=\"og:locale\" content=\"fr_FR\" \/>\n<meta property=\"og:type\" content=\"article\" \/>\n<meta property=\"og:title\" content=\"Tubes en silicone - Silam | Fabricante de siliconas\" \/>\n<meta property=\"og:description\" content=\"Tubes en silicone Nos tubes en silicone se distinguent par leur grande flexibilit\u00e9 et leur r\u00e9sistance aux temp\u00e9ratures extr\u00eames, tant hautes que basses. Ils sont id\u00e9aux pour le transport s\u00fbr de fluides et de gaz dans diverses industries, notamment l&rsquo;alimentaire, la pharmaceutique, la m\u00e9dicale, l&rsquo;automobile et l&rsquo;a\u00e9rospatiale. Caract\u00e9ristiques et avantages Les tubes peuvent \u00eatre fabriqu\u00e9s ... Lire plus\" \/>\n<meta property=\"og:url\" content=\"https:\/\/www.silam.com\/fr\/tubes-en-silicone\/\" \/>\n<meta property=\"og:site_name\" content=\"Silam | Fabricante de siliconas\" \/>\n<meta property=\"article:modified_time\" content=\"2025-09-18T09:39:24+00:00\" \/>\n<meta property=\"og:image\" content=\"https:\/\/www.silam.com\/wp-content\/uploads\/2024\/09\/mezcla-de-silicona_8.jpg\" \/>\n\t<meta property=\"og:image:width\" content=\"1900\" \/>\n\t<meta property=\"og:image:height\" content=\"1267\" \/>\n\t<meta property=\"og:image:type\" content=\"image\/jpeg\" \/>\n<meta name=\"twitter:card\" content=\"summary_large_image\" \/>\n<meta name=\"twitter:label1\" content=\"Dur\u00e9e de lecture estim\u00e9e\" \/>\n\t<meta name=\"twitter:data1\" content=\"2 minutes\" \/>\n<script type=\"application\/ld+json\" class=\"yoast-schema-graph\">{\"@context\":\"https:\/\/schema.org\",\"@graph\":[{\"@type\":\"WebPage\",\"@id\":\"https:\/\/www.silam.com\/fr\/tubes-en-silicone\/\",\"url\":\"https:\/\/www.silam.com\/fr\/tubes-en-silicone\/\",\"name\":\"Tubes en silicone - Silam | Fabricante de siliconas\",\"isPartOf\":{\"@id\":\"https:\/\/www.silam.com\/fr\/#website\"},\"datePublished\":\"2024-08-14T10:53:58+00:00\",\"dateModified\":\"2025-09-18T09:39:24+00:00\",\"breadcrumb\":{\"@id\":\"https:\/\/www.silam.com\/fr\/tubes-en-silicone\/#breadcrumb\"},\"inLanguage\":\"fr-FR\",\"potentialAction\":[{\"@type\":\"ReadAction\",\"target\":[\"https:\/\/www.silam.com\/fr\/tubes-en-silicone\/\"]}]},{\"@type\":\"BreadcrumbList\",\"@id\":\"https:\/\/www.silam.com\/fr\/tubes-en-silicone\/#breadcrumb\",\"itemListElement\":[{\"@type\":\"ListItem\",\"position\":1,\"name\":\"Portada\",\"item\":\"https:\/\/www.silam.com\/fr\/\"},{\"@type\":\"ListItem\",\"position\":2,\"name\":\"Tubes en silicone\"}]},{\"@type\":\"WebSite\",\"@id\":\"https:\/\/www.silam.com\/fr\/#website\",\"url\":\"https:\/\/www.silam.com\/fr\/\",\"name\":\"Silam | Fabricante de siliconas\",\"description\":\"Silam es una empresa dedicada a la transformaci\u00f3n de elast\u00f3meros de silicona:  mezclas de silicona y componentes t\u00e9cnicos\",\"publisher\":{\"@id\":\"https:\/\/www.silam.com\/fr\/#organization\"},\"potentialAction\":[{\"@type\":\"SearchAction\",\"target\":{\"@type\":\"EntryPoint\",\"urlTemplate\":\"https:\/\/www.silam.com\/fr\/?s={search_term_string}\"},\"query-input\":{\"@type\":\"PropertyValueSpecification\",\"valueRequired\":true,\"valueName\":\"search_term_string\"}}],\"inLanguage\":\"fr-FR\"},{\"@type\":\"Organization\",\"@id\":\"https:\/\/www.silam.com\/fr\/#organization\",\"name\":\"Silam | Fabricante de siliconas\",\"url\":\"https:\/\/www.silam.com\/fr\/\",\"logo\":{\"@type\":\"ImageObject\",\"inLanguage\":\"fr-FR\",\"@id\":\"https:\/\/www.silam.com\/fr\/#\/schema\/logo\/image\/\",\"url\":\"https:\/\/www.silam.com\/wp-content\/uploads\/2024\/08\/logo-silam.png\",\"contentUrl\":\"https:\/\/www.silam.com\/wp-content\/uploads\/2024\/08\/logo-silam.png\",\"width\":221,\"height\":93,\"caption\":\"Silam | Fabricante de siliconas\"},\"image\":{\"@id\":\"https:\/\/www.silam.com\/fr\/#\/schema\/logo\/image\/\"},\"sameAs\":[\"https:\/\/es.linkedin.com\/company\/siliconas-silam-s-a-\"]}]}<\/script>\n<!-- \/ Yoast SEO plugin. -->","yoast_head_json":{"title":"Tubes en silicone - Silam | Fabricante de siliconas","robots":{"index":"index","follow":"follow","max-snippet":"max-snippet:-1","max-image-preview":"max-image-preview:large","max-video-preview":"max-video-preview:-1"},"canonical":"https:\/\/www.silam.com\/fr\/tubes-en-silicone\/","og_locale":"fr_FR","og_type":"article","og_title":"Tubes en silicone - Silam | Fabricante de siliconas","og_description":"Tubes en silicone Nos tubes en silicone se distinguent par leur grande flexibilit\u00e9 et leur r\u00e9sistance aux temp\u00e9ratures extr\u00eames, tant hautes que basses. Ils sont id\u00e9aux pour le transport s\u00fbr de fluides et de gaz dans diverses industries, notamment l&rsquo;alimentaire, la pharmaceutique, la m\u00e9dicale, l&rsquo;automobile et l&rsquo;a\u00e9rospatiale. Caract\u00e9ristiques et avantages Les tubes peuvent \u00eatre fabriqu\u00e9s ... Lire plus","og_url":"https:\/\/www.silam.com\/fr\/tubes-en-silicone\/","og_site_name":"Silam | Fabricante de siliconas","article_modified_time":"2025-09-18T09:39:24+00:00","og_image":[{"width":1900,"height":1267,"url":"https:\/\/www.silam.com\/wp-content\/uploads\/2024\/09\/mezcla-de-silicona_8.jpg","type":"image\/jpeg"}],"twitter_card":"summary_large_image","twitter_misc":{"Dur\u00e9e de lecture estim\u00e9e":"2 minutes"},"schema":{"@context":"https:\/\/schema.org","@graph":[{"@type":"WebPage","@id":"https:\/\/www.silam.com\/fr\/tubes-en-silicone\/","url":"https:\/\/www.silam.com\/fr\/tubes-en-silicone\/","name":"Tubes en silicone - Silam | Fabricante de siliconas","isPartOf":{"@id":"https:\/\/www.silam.com\/fr\/#website"},"datePublished":"2024-08-14T10:53:58+00:00","dateModified":"2025-09-18T09:39:24+00:00","breadcrumb":{"@id":"https:\/\/www.silam.com\/fr\/tubes-en-silicone\/#breadcrumb"},"inLanguage":"fr-FR","potentialAction":[{"@type":"ReadAction","target":["https:\/\/www.silam.com\/fr\/tubes-en-silicone\/"]}]},{"@type":"BreadcrumbList","@id":"https:\/\/www.silam.com\/fr\/tubes-en-silicone\/#breadcrumb","itemListElement":[{"@type":"ListItem","position":1,"name":"Portada","item":"https:\/\/www.silam.com\/fr\/"},{"@type":"ListItem","position":2,"name":"Tubes en silicone"}]},{"@type":"WebSite","@id":"https:\/\/www.silam.com\/fr\/#website","url":"https:\/\/www.silam.com\/fr\/","name":"Silam | Fabricante de siliconas","description":"Silam es una empresa dedicada a la transformaci\u00f3n de elast\u00f3meros de silicona:  mezclas de silicona y componentes t\u00e9cnicos","publisher":{"@id":"https:\/\/www.silam.com\/fr\/#organization"},"potentialAction":[{"@type":"SearchAction","target":{"@type":"EntryPoint","urlTemplate":"https:\/\/www.silam.com\/fr\/?s={search_term_string}"},"query-input":{"@type":"PropertyValueSpecification","valueRequired":true,"valueName":"search_term_string"}}],"inLanguage":"fr-FR"},{"@type":"Organization","@id":"https:\/\/www.silam.com\/fr\/#organization","name":"Silam | Fabricante de siliconas","url":"https:\/\/www.silam.com\/fr\/","logo":{"@type":"ImageObject","inLanguage":"fr-FR","@id":"https:\/\/www.silam.com\/fr\/#\/schema\/logo\/image\/","url":"https:\/\/www.silam.com\/wp-content\/uploads\/2024\/08\/logo-silam.png","contentUrl":"https:\/\/www.silam.com\/wp-content\/uploads\/2024\/08\/logo-silam.png","width":221,"height":93,"caption":"Silam | Fabricante de siliconas"},"image":{"@id":"https:\/\/www.silam.com\/fr\/#\/schema\/logo\/image\/"},"sameAs":["https:\/\/es.linkedin.com\/company\/siliconas-silam-s-a-"]}]}},"_links":{"self":[{"href":"https:\/\/www.silam.com\/fr\/wp-json\/wp\/v2\/pages\/2947","targetHints":{"allow":["GET"]}}],"collection":[{"href":"https:\/\/www.silam.com\/fr\/wp-json\/wp\/v2\/pages"}],"about":[{"href":"https:\/\/www.silam.com\/fr\/wp-json\/wp\/v2\/types\/page"}],"author":[{"embeddable":true,"href":"https:\/\/www.silam.com\/fr\/wp-json\/wp\/v2\/users\/1"}],"replies":[{"embeddable":true,"href":"https:\/\/www.silam.com\/fr\/wp-json\/wp\/v2\/comments?post=2947"}],"version-history":[{"count":0,"href":"https:\/\/www.silam.com\/fr\/wp-json\/wp\/v2\/pages\/2947\/revisions"}],"wp:attachment":[{"href":"https:\/\/www.silam.com\/fr\/wp-json\/wp\/v2\/media?parent=2947"}],"curies":[{"name":"wp","href":"https:\/\/api.w.org\/{rel}","templated":true}]}}