{"id":2915,"date":"2024-08-14T12:59:16","date_gmt":"2024-08-14T10:59:16","guid":{"rendered":"https:\/\/wordpress-958700-4787158.cloudwaysapps.com\/transmission-electrique\/"},"modified":"2026-02-03T15:57:30","modified_gmt":"2026-02-03T14:57:30","slug":"transmission-electrique","status":"publish","type":"page","link":"https:\/\/www.silam.com\/fr\/transmission-electrique\/","title":{"rendered":"Transmission \u00e9lectrique"},"content":{"rendered":"<div class=\"gb-container gb-container-63cfc150\">\n<div class=\"gb-container gb-container-01c1494a\">\n\n<h2 class=\"gb-headline gb-headline-ac4c0378\"><span class=\"gb-icon\"><svg xmlns=\"https:\/\/www.w3.org\/2000\/svg\" id=\"Capa_1\" data-name=\"Capa 1\" viewBox=\"0 0 467.51 195.98\"><defs><style>.cls-1{fill:#fff;}<\/style><\/defs><path class=\"cls-1\" d=\"M381.34,590.78c-1.79-.14-3.62-.27-5.44-.43-.06,0-.1-.18-.5-1l9.15-1.3c-9,0-16.95-.36-24.87.08-15.2.86-30.38,2.18-45.57,3.33-.85.07-1.75.71-2.49.52a13.56,13.56,0,0,1-3.06-1.64c.83-.73,1.6-2,2.49-2.11,10.81-1.13,21.64-2.08,33.36-3.17H332.07v-1.31h26.8l-.09-1.9c-12.8,1-25.61,1.91-38.41,3-1.25.11-2.44,1.4-3.66,1.4s-2.37-1-3.55-1.5c.79-.9,1.48-2.48,2.37-2.61,22.16-3.05,44.36-4.19,66.59-.75,2.4.37,4.5.8,5.9-2.12.5-1,2.43-1.8,3.79-2,12-1.42,22.57-7.43,34-10.24,20.63-5.07,41.32-10.33,63-5.32,9.88,2.29,20,1.35,29.74-1.8,9.31-3,18.85-3.9,28.56-4.24,12.65-.44,25.2-1.8,37.3-5.84.56-.19,1.09-.44,1.88-.77-15.45-5.36-29.77-12.94-46.34-13.93-9.33-.56-18.49-3.43-27.8-4.75-8.7-1.24-17.54-1.45-26.22-2.75-8.06-1.21-16-3.46-24-4.9A77.61,77.61,0,0,0,449,521.64c-16.47-.15-33.1,1.2-49.37-.63-10.28-1.16-17.75,3.77-26.28,6.38-14.19,4.35-28.09,9.66-42.1,14.59-1.73.61-3.39,1.43-5.14,2a7.78,7.78,0,0,1-3.31.5c-.39,0-1-1.94-.83-2.1a14.94,14.94,0,0,1,3.22-1.75,3.2,3.2,0,0,1,1.08-.07l-.57-.92c1.15-.94,2.16-2.33,3.48-2.74,13.09-4,26.23-7.92,39.36-11.87a7.39,7.39,0,0,0,3.82-2.34c-5.94,1.51-12.11,2.44-17.74,4.7-6.36,2.55-13,3.39-19.49,5.22-5.77,1.63-11.29,4.09-17,6-1,.32-2.29-.56-3.45-.89.68-1,1.17-2.53,2.06-2.79,16.84-5,33.7-10,50.61-14.79,5.18-1.46,10.53-2.32,15.76-4h-5.67l-.11-1.21,14.4-1.34-.05-.16c-5.25,0-10.53-.36-15.74.07-14.44,1.2-28.86,2.69-43.28,4.16-2.18.22-4.3,1.22-6.47,1.31-1.13.05-2.31-1.08-3.46-1.68.89-.81,1.71-2.23,2.67-2.32q25.13-2.53,50.27-4.74c4.19-.37,8.41-.42,12.61-.63a5.84,5.84,0,0,0,3.56-1.07,8.71,8.71,0,0,0-1.77-.41q-24.35-.19-48.69-.31c-2.41,0-4.82.49-7.23.44-1,0-2-.89-2.95-1.37.87-.79,1.73-2.25,2.61-2.26,14.93-.18,29.87-.18,44.8-.22a3.67,3.67,0,0,0,2.25-.52c-10.9-2.06-21.77-4.21-32.69-6.15-9.26-1.66-18.57-3-27.83-4.7-.95-.17-1.65-1.69-2.47-2.59,1.07-.54,2.25-1.71,3.2-1.54,12.89,2.25,25.73,4.73,38.59,7.07,10.1,1.84,20.21,3.58,30.47,4.89l-10.91-3.32.42-1.32L393,500.11l.23-.6c-5-2.19-9.9-4.53-15-6.55q-22.41-9-44.91-17.76c-1.53-.61-3.28-.65-4.86-1.16a7.74,7.74,0,0,1-2.6-1.64c-.22-.21.06-1.5.26-1.54a6.48,6.48,0,0,1,3.11-.14c5.7,1.93,11.36,4,17.31,5.47l-3.93-1.87c-5.44-2.57-10.85-5.2-16.35-7.66-1.4-.63-3.17-.48-4.56-1.13-.86-.41-1.33-1.65-2-2.52,1-.41,2.25-1.44,3-1.16,14,5.21,28.06,10.3,41.87,16,7.76,3.2,15.09,7.44,22.63,11.17,3.62,1.79,6.89,3.46,11.48,3.62,20,.69,40,2.82,60.07,3.57,8.31.31,16.7-1.51,25.05-2.39a112.15,112.15,0,0,1,38.69,2.91c17.91,4.37,36,8.19,54,12.06,9,1.93,18,3.4,27,5.2a34.38,34.38,0,0,1,8.18,2.38c12,5.79,24.94,7.1,37.84,8.76,9.09,1.17,18.2,2.15,27.32,3.07a4.74,4.74,0,0,0,3.56-1c13.44-14.68,28.85-27,45.22-38.21q7.33-5,14.56-10.23c1.16-.83,1.92-2.27,3.13-2.95.87-.48,2.18-.17,3.3-.21-.19,1.05,0,2.61-.62,3.07-6.61,4.92-13.51,9.45-20,14.5-9.47,7.36-18.67,15.07-28,22.58a37.7,37.7,0,0,1-4.14,2.56l1.37,1.47q6.42-5,12.84-10c9.73-7.65,19.41-15.35,29.22-22.9.71-.54,2.28,0,3.44.07-.28.95-.25,2.3-.88,2.78-6.56,5-13.36,9.63-19.82,14.72-10.46,8.24-20.71,16.75-31.25,25.31,4.53,2.64,9.59-2.86,12.68,1.37,15-7.83,29.9-15.64,44.83-23.3,5.83-3,11.78-5.75,17.77-8.38.85-.38,2.26.52,3.41.83-.67,1.11-1.08,2.8-2,3.23-4.83,2.12-10,3.58-14.69,5.88a213.88,213.88,0,0,0-22.62,12.79l21.71-10.86c-.25,1.31-.37,1.9-.5,2.62a5.42,5.42,0,0,0,1.1-.3c5.66-3,11.28-6.08,17-8.91.71-.35,2.05.58,3.09.92-.39.93-.54,2.37-1.23,2.71-12.17,6-24.36,12-36.63,17.78-9.17,4.33-18.46,8.4-27.51,13.16l13-4.26.51,1.48L705,542l0,.27c3.94-.82,7.85-2,11.84-2.39,14.53-1.57,29.09-2.79,43.62-4.38,4-.43,7.8-1.79,11.73-2.59a5.33,5.33,0,0,1,3.14.33,2.3,2.3,0,0,1,.58,2.21,3.94,3.94,0,0,1-2.47,1.69q-20.09,2.49-40.19,4.76c-8.12.92-16.25,1.69-24.38,2.54a1.53,1.53,0,0,0-1.25.95,99.85,99.85,0,0,1,10.63-.62c11.1.44,22.19,1.16,33.29,1.73.72,0,1.49-.43,2.18-.31a4.56,4.56,0,0,1,2.45,1,2,2,0,0,1-.27,2,4.17,4.17,0,0,1-2.41.33c-8.23-.56-16.46-1.16-24.68-1.75,0,.35-.06.7-.08,1,4.77.47,9.54,1,14.32,1.38,5.76.47,11.53.74,17.28,1.33.82.08,1.51,1.51,2.26,2.31-1.07.6-2.19,1.81-3.18,1.71-10.29-1-20.54-2.54-30.85-3.29-7.33-.54-14.73-.11-23.25-.11L723,556.51q18.19,4.53,36.39,9c1.79.45,3.71.5,5.42,1.14.86.33,1.39,1.56,2.07,2.38-1,.52-2.07,1.64-2.86,1.45-16.83-4.07-33.62-8.29-50.42-12.46-1.72-.42-3.48-.67-5.22-1l-.36,1c13,6.34,25.92,12.73,38.92,19q8,3.87,16.27,7.31c2.16.9,2.7,1.91.55,4.13,3.33,1,6.16,1.71,8.84,2.79.76.31,1.07,1.74,1.59,2.65-1,.42-2.27,1.47-2.93,1.16-10.65-4.91-21.33-9.78-31.76-15.12-6.91-3.54-13.42-7.84-20.14-11.76a7.72,7.72,0,0,0-4.55-1.23c8.48,5.23,16.94,10.5,25.45,15.68,6.13,3.73,12.29,7.42,18.53,11,1.88,1.07,4.11,1.5,6.09,2.41A3.82,3.82,0,0,1,766.8,598a2.35,2.35,0,0,1-.85,2.18,3.44,3.44,0,0,1-2.64-.32c-9.18-5.12-18.44-10.11-27.44-15.54-10-6-19.67-12.41-29.45-18.7a5.45,5.45,0,0,0-5.58-.71c-2.52.89-6,.43-8.6-.55-11.07-4.13-22.5-4.83-34.06-4.09-3.22.2-6.44,1.66-9.51,2.92a196.76,196.76,0,0,1-68.36,14.26c-12.53.43-24.88,1.92-36.92,5.9-5.21,1.73-10.9,2.23-16.41,2.81a361.63,361.63,0,0,1-54.18,1.42c-24.5-1.1-47.18,6.3-69.31,15.81-3.07,1.32-5.42,4.49-9.46,3.28-.54-.17-1.61,1-2.25,1.68-6,6.65-13.41,11.57-20.51,17-8.53,6.47-16,14.36-23.75,21.81-2,1.94-3.3,4.63-5.14,6.78-.5.58-1.82.47-2.76.67,0-1.18-.54-2.76,0-3.49,1.9-2.42,4.18-4.53,6.56-7-4.27,1.9-11.79,9-13.46,12.37a2.65,2.65,0,0,1-1.86,1.34,2.61,2.61,0,0,1-2.05-1.15,2.5,2.5,0,0,1,.45-2.3,52.18,52.18,0,0,1,4.54-3.69c-3.53-3.95.75-4.39,2.52-6,6.53-5.88,13-11.83,19.68-17.56,10.12-8.7,20.38-17.24,30.43-26.22-5.22,2.68-10.5,5.24-15.65,8.06q-16.46,9-32.77,18.27c-2.3,1.31-4.23,3.29-6.45,4.78a4.79,4.79,0,0,1-3,.76,2.28,2.28,0,0,1-1.33-1.85,3.62,3.62,0,0,1,1.62-2.22q23.14-13,46.37-25.81c2.58-1.43,5.23-2.7,7.52-4.81-5.6,2.2-11.24,4.3-16.79,6.63-9.57,4-19.06,8.24-28.65,12.22-.78.32-2-.5-3.08-.79.43-.89.62-2.27,1.31-2.6,2.75-1.31,5.66-2.25,8.48-3.41,10.05-4.1,20.08-8.24,29.94-13-3.48.92-7,1.64-10.43,2.78q-22.37,7.47-44.66,15.19c-1.93.67-3.5,2.37-5.42,3.05-1,.37-2.48-.43-3.74-.7.6-1,1-2.56,1.84-2.87,17.19-6.35,34.39-12.67,51.68-18.71C369.16,593.75,375.32,592.43,381.34,590.78Zm32.79,2.77-10.69,3.09a7,7,0,0,1,3.21-2.36c10.28-4.55,20.7-8.82,30.81-13.71,7.44-3.61,15.1-5.87,23.27-5.2,17.64,1.45,35.24,3.38,52.86,5,12.48,1.17,24.73.11,36.61-4.12,8.28-2.94,16.42-6.43,24.89-8.65,22.86-6,45.91-11.29,68.8-17.17,15.86-4.07,31.94-5.48,48.23-5.33a14,14,0,0,1,2.19.38c0,.37-.07.74-.11,1.11-1.87,0-3.73,0-5.6,0-14.15.21-28.14,1.26-41.86,5.28-19.46,5.71-39,11-58.6,16.36-3.1.85-6.31,1.31-9.42,2.1-2.94.75-5.83,1.7-8.74,2.56l.26,1.23c14.58-1.88,29.2-3.45,43.72-5.73a128.65,128.65,0,0,0,42.72-14.31l0,.07c12.41-6.17,25.76-4.44,39.49-4.31V535.36l1.45-.05q.69,11.81,1.39,23.6l1.22-.08q-.79-12.37-1.61-24.79a13.68,13.68,0,0,0-2.54-.23c-7.95,1.18-15.87,2.56-23.84,3.6-19,2.47-38.09,4.63-57.1,7.25-7,1-13.92,2.87-20.88,4.34.09.48.18,1,.28,1.42a178.39,178.39,0,0,1,34.43-5.59l.25,1.12-6.71,2c6.56-.63,13-1.86,19.44-3s12.92-2.45,19.44-3c6.31-.51,12.7-.12,19.06-.12a3.39,3.39,0,0,1-2.43,1c-24.81.25-48.89,5.55-73,10.69-.7.15-1.87.58-2.06.32-1.74-2.41-3.62-.72-5.3-.19-2.59.82-5,2-7.59,3-15.87,6-31.84,11.69-47.59,18-11.12,4.43-22.44,6.08-34.19,4.2-10.76-1.72-21.44-3.91-32.19-5.7-8.89-1.49-17.87-4.1-26.88-1.94-11.64,2.8-23.09,6.39-34.62,9.63-2.11.59-4.23,1.13-6.35,1.69a3.57,3.57,0,0,1,2.24-2.11c7.14-2.47,14.25-5,21.46-7.28C442,570,452.4,567.9,463,569.35c13.12,1.79,26.2,4,39.26,6.22,10.51,1.82,21,2.64,31.23-.85,19.55-6.67,39-13.66,58.48-20.54a22.72,22.72,0,0,0,2.28-1.1,5.13,5.13,0,0,0-2.75-.23c-16.81,2.12-33.62,4.16-50.41,6.42a152.51,152.51,0,0,0-19.65,3.52c-11.44,3.08-22.82,4.16-34.56,2-6.43-1.15-13.09-2.7-19.47-2.13a226,226,0,0,0-35.51,5.65c-13.2,3.37-26,8.43-38.85,12.73,2,5.85,4.22,12.1,6.63,19l14.37-6.63c1.9-.47,3.84-.81,5.7-1.41,22.43-7.31,45.17-12,69-9.18,5.76.67,11.67.1,17.51.1-22.48-3.76-44.95-6.79-67.17,1,5-4.33,11.74-3.35,17.37-5.64a37.4,37.4,0,0,0-18.58,4.09c-4.48,2.36-9,4.58-13.61,6.74C420.94,590.75,417.51,592.11,414.13,593.55Zm-16.44-93.93-.51,0c0,3.94-.25,7.9.07,11.81.45,5.54.63,5.52,6.1,5.47,1.12,0,2.23.07,3.35,0,15.7-.66,31.41-1.13,47.1-2.08C467,514,480.21,513,493,516.23a149,149,0,0,0,44.54,4.52c16.32-.85,31.19,3.62,45.85,10.36,19.65,9,39.8,11.88,60.11,1.4,2.54-1.31,5.44-1.91,8.19-2.84a8.71,8.71,0,0,0-1.89-.64c-14.26-1.83-28.28-4.38-42-8.95-10-3.34-20.75-4.6-31.13-6.94-17.51-3.95-35.06-7.73-52.47-12.12-17-4.29-34-4.38-51.25-1.95-12.11,1.72-24.2,3.69-36.35,5-9.33,1-18.73,1.32-28.12,1.68-2,.08-4.06-1-6.88-1.73l55-4.19-.06-.26-56.36-3v19l-1.41.06Q398.24,507.6,397.69,499.62ZM585,534.7c-12.83-7-26.22-11.83-41.12-11.3a255.45,255.45,0,0,1-50.68-3.21c-10.41-1.72-21.06-2-31.61-2.85l-.18,1.76c13.69,1.67,27.38,3.37,41.08,5,9.29,1.1,18.59,2.1,27.89,3.13,14,1.56,28,3,42,4.74C576.62,532.49,580.77,533.77,585,534.7Zm-29-2.26c4.07,1.35,8.83,3,13.65,4.5,7.42,2.29,14.84,4.58,22.34,6.6,4.13,1.1,6.19.53,8.52-1.43C585.64,537.69,571.32,531.62,556,532.44Zm77.66,6.26.11.31,42.81-6.58c-3.46-.46-6-1.13-8.47-1-5.33.19-10.46-2.89-16-.09C646.12,534.26,639.76,536.28,633.61,538.7Zm63,21.08v-4.44H666.67ZM388.22,607.55l-.89-1-19.2,14.63.91,1.16ZM596.7,538l-.35.85,16.66,3.1c.06-.33.13-.66.19-1Z\" transform=\"translate(-308.56 -461.8)\"><\/path><path class=\"cls-1\" d=\"M600.09,568.44l28-8.83c.17.54.33,1.08.5,1.61l-28.09,8.84C600.37,569.52,600.23,569,600.09,568.44Z\" transform=\"translate(-308.56 -461.8)\"><\/path><path class=\"cls-1\" d=\"M401,589.1l28.59-10C420.78,584.43,411.51,588.6,401,589.1Z\" transform=\"translate(-308.56 -461.8)\"><\/path><path class=\"cls-1\" d=\"M656.68,554.12l-10.07,1.54-.11-1.06c3.34-.54,6.5-2.91,10.13-.41Z\" transform=\"translate(-308.56 -461.8)\"><\/path><path class=\"cls-1\" d=\"M509.87,503.12c5.65,1.13,11.31,2.22,17,3.38,23.94,5,47.91,9.83,71.81,15,5.52,1.19,10.81,3.47,16.17,5.36a6.3,6.3,0,0,1,3.31,2.81c-3.86-1.44-7.63-3.25-11.6-4.26q-16-4-32.07-7.52c-20.66-4.46-41.36-8.73-62-13.09-.93-.19-1.85-.46-2.77-.7Z\" transform=\"translate(-308.56 -461.8)\"><\/path><path class=\"cls-1\" d=\"M438.94,510.22c17.55-1.84,33.86-11.16,52.2-8.34,1.15.18,2.33.18,4.14.32-.83.58-1.09.93-1.32.91-14.58-1.42-28.42,1.91-42.19,6.16-4.06,1.25-8.44,1.46-12.67,2.15Z\" transform=\"translate(-308.56 -461.8)\"><\/path><path class=\"cls-1\" d=\"M404,512.69h27.15C427.59,516.74,408.87,516.17,404,512.69Z\" transform=\"translate(-308.56 -461.8)\"><\/path><path class=\"cls-1\" d=\"M410.87,509,430,508l0,.68-19.13,1.47Z\" transform=\"translate(-308.56 -461.8)\"><\/path><\/svg><\/span><\/h2>\n\n\n\n<h1 class=\"gb-headline gb-headline-8f140a63 gb-headline-text\">Transmission \u00e9lectrique<\/h1>\n\n\n\n<p class=\"gb-headline gb-headline-d8149c51 gb-headline-text\">M\u00e9langes et composants de silicone pour une s\u00e9curit\u00e9 maximale dans le c\u00e2blage et la transmission \u00e9lectrique (moyenne et haute tension)<\/p>\n\n<\/div>\n<\/div>\n\n<div class=\"gb-container gb-container-729853f9\">\n<div class=\"gb-container gb-container-11c6b2d3\">\n\n<p class=\"gb-headline gb-headline-4725fe8d gb-headline-text\">Le silicone est utilis\u00e9 dans les c\u00e2blages principalement en raison de son extrusion rapide, de ses bonnes propri\u00e9t\u00e9s m\u00e9caniques et de sa r\u00e9sistance aux temp\u00e9ratures \u00e9lev\u00e9es. De plus, le silicone ne forme pas de r\u00e9sidus toxiques en cas d&rsquo;incendie. Gr\u00e2ce \u00e0 leur structure chimique, les silicones sont particuli\u00e8rement adapt\u00e9es aux applications dans le secteur de la transmission et de la distribution \u00e9lectrique. Ils pr\u00e9sentent un large \u00e9ventail de propri\u00e9t\u00e9s \u00e9lectriques, physiques, m\u00e9caniques et chimiques. Le silicone est hydrofuge (repousse l&rsquo;eau), r\u00e9siste aux rayons UV et aux intemp\u00e9ries, et poss\u00e8de une haute stabilit\u00e9 thermique\u2026    <\/p>\n\n\n\n<h2 class=\"gb-headline gb-headline-8875b062 gb-headline-text\"><mark class=\"gb-highlight\">Applications<\/mark><\/h2>\n\n\n<div class=\"gb-container gb-container-64fb34b2\">\n\n<p class=\"gb-headline gb-headline-1f57c99a gb-headline-text\">Isolants<\/p>\n\n<\/div>\n\n<div class=\"gb-container gb-container-cdf0cfaa\">\n\n<p class=\"gb-headline gb-headline-4bb94a07 gb-headline-text\">Terminaisons de c\u00e2bles<\/p>\n\n<\/div>\n\n<div class=\"gb-container gb-container-aa36fc2e\">\n\n<p class=\"gb-headline gb-headline-cafb344f gb-headline-text\">\u00c9pissures<\/p>\n\n<\/div>\n\n<div class=\"gb-container gb-container-05a96865\">\n\n<p class=\"gb-headline gb-headline-fcbb42fa gb-headline-text\">C\u00e2bles de s\u00e9curit\u00e9<\/p>\n\n<\/div>\n\n<div class=\"gb-container gb-container-5f1282aa\">\n\n<p class=\"gb-headline gb-headline-d6540ad4 gb-headline-text\">C\u00e2bles pour batteries<\/p>\n\n<\/div>\n<\/div>\n<\/div>","protected":false},"excerpt":{"rendered":"<p>Transmission \u00e9lectrique M\u00e9langes et composants de silicone pour une s\u00e9curit\u00e9 maximale dans le c\u00e2blage et la transmission \u00e9lectrique (moyenne et haute tension) Le silicone est utilis\u00e9 dans les c\u00e2blages principalement en raison de son extrusion rapide, de ses bonnes propri\u00e9t\u00e9s m\u00e9caniques et de sa r\u00e9sistance aux temp\u00e9ratures \u00e9lev\u00e9es. De plus, le silicone ne forme pas &#8230; <a title=\"Transmission \u00e9lectrique\" class=\"read-more\" href=\"https:\/\/www.silam.com\/fr\/transmission-electrique\/\" aria-label=\"En savoir plus sur Transmission \u00e9lectrique\">Lire plus<\/a><\/p>\n","protected":false},"author":1,"featured_media":0,"parent":0,"menu_order":0,"comment_status":"closed","ping_status":"closed","template":"","meta":{"inline_featured_image":false,"footnotes":""},"class_list":{"0":"post-2915","1":"page","2":"type-page","3":"status-publish","5":"no-featured-image-padding"},"yoast_head":"<!-- This site is optimized with the Yoast SEO plugin v27.1.1 - https:\/\/yoast.com\/product\/yoast-seo-wordpress\/ -->\n<title>Transmission \u00e9lectrique - Silam | Fabricante de siliconas<\/title>\n<meta name=\"robots\" content=\"index, follow, max-snippet:-1, max-image-preview:large, max-video-preview:-1\" \/>\n<link rel=\"canonical\" href=\"https:\/\/www.silam.com\/fr\/transmission-electrique\/\" \/>\n<meta property=\"og:locale\" content=\"fr_FR\" \/>\n<meta property=\"og:type\" content=\"article\" \/>\n<meta property=\"og:title\" content=\"Transmission \u00e9lectrique - Silam | Fabricante de siliconas\" \/>\n<meta property=\"og:description\" content=\"Transmission \u00e9lectrique M\u00e9langes et composants de silicone pour une s\u00e9curit\u00e9 maximale dans le c\u00e2blage et la transmission \u00e9lectrique (moyenne et haute tension) Le silicone est utilis\u00e9 dans les c\u00e2blages principalement en raison de son extrusion rapide, de ses bonnes propri\u00e9t\u00e9s m\u00e9caniques et de sa r\u00e9sistance aux temp\u00e9ratures \u00e9lev\u00e9es. De plus, le silicone ne forme pas ... Lire plus\" \/>\n<meta property=\"og:url\" content=\"https:\/\/www.silam.com\/fr\/transmission-electrique\/\" \/>\n<meta property=\"og:site_name\" content=\"Silam | Fabricante de siliconas\" \/>\n<meta property=\"article:modified_time\" content=\"2026-02-03T14:57:30+00:00\" \/>\n<meta property=\"og:image\" content=\"https:\/\/www.silam.com\/wp-content\/uploads\/2024\/09\/mezcla-de-silicona_8.jpg\" \/>\n\t<meta property=\"og:image:width\" content=\"1900\" \/>\n\t<meta property=\"og:image:height\" content=\"1267\" \/>\n\t<meta property=\"og:image:type\" content=\"image\/jpeg\" \/>\n<meta name=\"twitter:card\" content=\"summary_large_image\" \/>\n<meta name=\"twitter:label1\" content=\"Dur\u00e9e de lecture estim\u00e9e\" \/>\n\t<meta name=\"twitter:data1\" content=\"1 minute\" \/>\n<script type=\"application\/ld+json\" class=\"yoast-schema-graph\">{\"@context\":\"https:\/\/schema.org\",\"@graph\":[{\"@type\":\"WebPage\",\"@id\":\"https:\/\/www.silam.com\/fr\/transmission-electrique\/\",\"url\":\"https:\/\/www.silam.com\/fr\/transmission-electrique\/\",\"name\":\"Transmission \u00e9lectrique - Silam | Fabricante de siliconas\",\"isPartOf\":{\"@id\":\"https:\/\/www.silam.com\/fr\/#website\"},\"datePublished\":\"2024-08-14T10:59:16+00:00\",\"dateModified\":\"2026-02-03T14:57:30+00:00\",\"breadcrumb\":{\"@id\":\"https:\/\/www.silam.com\/fr\/transmission-electrique\/#breadcrumb\"},\"inLanguage\":\"fr-FR\",\"potentialAction\":[{\"@type\":\"ReadAction\",\"target\":[\"https:\/\/www.silam.com\/fr\/transmission-electrique\/\"]}]},{\"@type\":\"BreadcrumbList\",\"@id\":\"https:\/\/www.silam.com\/fr\/transmission-electrique\/#breadcrumb\",\"itemListElement\":[{\"@type\":\"ListItem\",\"position\":1,\"name\":\"Portada\",\"item\":\"https:\/\/www.silam.com\/fr\/\"},{\"@type\":\"ListItem\",\"position\":2,\"name\":\"Transmission \u00e9lectrique\"}]},{\"@type\":\"WebSite\",\"@id\":\"https:\/\/www.silam.com\/fr\/#website\",\"url\":\"https:\/\/www.silam.com\/fr\/\",\"name\":\"Silam | Fabricante de siliconas\",\"description\":\"Silam es una empresa dedicada a la transformaci\u00f3n de elast\u00f3meros de silicona:  mezclas de silicona y componentes t\u00e9cnicos\",\"publisher\":{\"@id\":\"https:\/\/www.silam.com\/fr\/#organization\"},\"potentialAction\":[{\"@type\":\"SearchAction\",\"target\":{\"@type\":\"EntryPoint\",\"urlTemplate\":\"https:\/\/www.silam.com\/fr\/?s={search_term_string}\"},\"query-input\":{\"@type\":\"PropertyValueSpecification\",\"valueRequired\":true,\"valueName\":\"search_term_string\"}}],\"inLanguage\":\"fr-FR\"},{\"@type\":\"Organization\",\"@id\":\"https:\/\/www.silam.com\/fr\/#organization\",\"name\":\"Silam | Fabricante de siliconas\",\"url\":\"https:\/\/www.silam.com\/fr\/\",\"logo\":{\"@type\":\"ImageObject\",\"inLanguage\":\"fr-FR\",\"@id\":\"https:\/\/www.silam.com\/fr\/#\/schema\/logo\/image\/\",\"url\":\"https:\/\/www.silam.com\/wp-content\/uploads\/2024\/08\/logo-silam.png\",\"contentUrl\":\"https:\/\/www.silam.com\/wp-content\/uploads\/2024\/08\/logo-silam.png\",\"width\":221,\"height\":93,\"caption\":\"Silam | Fabricante de siliconas\"},\"image\":{\"@id\":\"https:\/\/www.silam.com\/fr\/#\/schema\/logo\/image\/\"},\"sameAs\":[\"https:\/\/es.linkedin.com\/company\/siliconas-silam-s-a-\"]}]}<\/script>\n<!-- \/ Yoast SEO plugin. -->","yoast_head_json":{"title":"Transmission \u00e9lectrique - Silam | Fabricante de siliconas","robots":{"index":"index","follow":"follow","max-snippet":"max-snippet:-1","max-image-preview":"max-image-preview:large","max-video-preview":"max-video-preview:-1"},"canonical":"https:\/\/www.silam.com\/fr\/transmission-electrique\/","og_locale":"fr_FR","og_type":"article","og_title":"Transmission \u00e9lectrique - Silam | Fabricante de siliconas","og_description":"Transmission \u00e9lectrique M\u00e9langes et composants de silicone pour une s\u00e9curit\u00e9 maximale dans le c\u00e2blage et la transmission \u00e9lectrique (moyenne et haute tension) Le silicone est utilis\u00e9 dans les c\u00e2blages principalement en raison de son extrusion rapide, de ses bonnes propri\u00e9t\u00e9s m\u00e9caniques et de sa r\u00e9sistance aux temp\u00e9ratures \u00e9lev\u00e9es. De plus, le silicone ne forme pas ... Lire plus","og_url":"https:\/\/www.silam.com\/fr\/transmission-electrique\/","og_site_name":"Silam | Fabricante de siliconas","article_modified_time":"2026-02-03T14:57:30+00:00","og_image":[{"width":1900,"height":1267,"url":"https:\/\/www.silam.com\/wp-content\/uploads\/2024\/09\/mezcla-de-silicona_8.jpg","type":"image\/jpeg"}],"twitter_card":"summary_large_image","twitter_misc":{"Dur\u00e9e de lecture estim\u00e9e":"1 minute"},"schema":{"@context":"https:\/\/schema.org","@graph":[{"@type":"WebPage","@id":"https:\/\/www.silam.com\/fr\/transmission-electrique\/","url":"https:\/\/www.silam.com\/fr\/transmission-electrique\/","name":"Transmission \u00e9lectrique - Silam | Fabricante de siliconas","isPartOf":{"@id":"https:\/\/www.silam.com\/fr\/#website"},"datePublished":"2024-08-14T10:59:16+00:00","dateModified":"2026-02-03T14:57:30+00:00","breadcrumb":{"@id":"https:\/\/www.silam.com\/fr\/transmission-electrique\/#breadcrumb"},"inLanguage":"fr-FR","potentialAction":[{"@type":"ReadAction","target":["https:\/\/www.silam.com\/fr\/transmission-electrique\/"]}]},{"@type":"BreadcrumbList","@id":"https:\/\/www.silam.com\/fr\/transmission-electrique\/#breadcrumb","itemListElement":[{"@type":"ListItem","position":1,"name":"Portada","item":"https:\/\/www.silam.com\/fr\/"},{"@type":"ListItem","position":2,"name":"Transmission \u00e9lectrique"}]},{"@type":"WebSite","@id":"https:\/\/www.silam.com\/fr\/#website","url":"https:\/\/www.silam.com\/fr\/","name":"Silam | Fabricante de siliconas","description":"Silam es una empresa dedicada a la transformaci\u00f3n de elast\u00f3meros de silicona:  mezclas de silicona y componentes t\u00e9cnicos","publisher":{"@id":"https:\/\/www.silam.com\/fr\/#organization"},"potentialAction":[{"@type":"SearchAction","target":{"@type":"EntryPoint","urlTemplate":"https:\/\/www.silam.com\/fr\/?s={search_term_string}"},"query-input":{"@type":"PropertyValueSpecification","valueRequired":true,"valueName":"search_term_string"}}],"inLanguage":"fr-FR"},{"@type":"Organization","@id":"https:\/\/www.silam.com\/fr\/#organization","name":"Silam | Fabricante de siliconas","url":"https:\/\/www.silam.com\/fr\/","logo":{"@type":"ImageObject","inLanguage":"fr-FR","@id":"https:\/\/www.silam.com\/fr\/#\/schema\/logo\/image\/","url":"https:\/\/www.silam.com\/wp-content\/uploads\/2024\/08\/logo-silam.png","contentUrl":"https:\/\/www.silam.com\/wp-content\/uploads\/2024\/08\/logo-silam.png","width":221,"height":93,"caption":"Silam | Fabricante de siliconas"},"image":{"@id":"https:\/\/www.silam.com\/fr\/#\/schema\/logo\/image\/"},"sameAs":["https:\/\/es.linkedin.com\/company\/siliconas-silam-s-a-"]}]}},"_links":{"self":[{"href":"https:\/\/www.silam.com\/fr\/wp-json\/wp\/v2\/pages\/2915","targetHints":{"allow":["GET"]}}],"collection":[{"href":"https:\/\/www.silam.com\/fr\/wp-json\/wp\/v2\/pages"}],"about":[{"href":"https:\/\/www.silam.com\/fr\/wp-json\/wp\/v2\/types\/page"}],"author":[{"embeddable":true,"href":"https:\/\/www.silam.com\/fr\/wp-json\/wp\/v2\/users\/1"}],"replies":[{"embeddable":true,"href":"https:\/\/www.silam.com\/fr\/wp-json\/wp\/v2\/comments?post=2915"}],"version-history":[{"count":0,"href":"https:\/\/www.silam.com\/fr\/wp-json\/wp\/v2\/pages\/2915\/revisions"}],"wp:attachment":[{"href":"https:\/\/www.silam.com\/fr\/wp-json\/wp\/v2\/media?parent=2915"}],"curies":[{"name":"wp","href":"https:\/\/api.w.org\/{rel}","templated":true}]}}