{"id":2891,"date":"2024-08-14T12:54:15","date_gmt":"2024-08-14T10:54:15","guid":{"rendered":"https:\/\/wordpress-958700-4787158.cloudwaysapps.com\/joints-en-silicone\/"},"modified":"2025-09-18T11:37:47","modified_gmt":"2025-09-18T09:37:47","slug":"joints-en-silicone","status":"publish","type":"page","link":"https:\/\/www.silam.com\/fr\/joints-en-silicone\/","title":{"rendered":"Joints en silicone"},"content":{"rendered":"<div class=\"gb-container gb-container-63cfc150\">\n<div class=\"gb-container gb-container-01c1494a\">\n\n<h1 class=\"gb-headline gb-headline-8f140a63 gb-headline-text\">Joints en silicone<\/h1>\n\n\n\n<p class=\"gb-headline gb-headline-d8149c51 gb-headline-text\">Nos <strong>joints en silicone<\/strong> offrent une <strong>\u00e9tanch\u00e9it\u00e9 exceptionnelle<\/strong> dans les applications n\u00e9cessitant une r\u00e9sistance aux <strong>temp\u00e9ratures extr\u00eames<\/strong>, une exposition aux <strong>produits chimiques<\/strong> ou des conditions environnementales d\u00e9favorables.<\/p>\n\n<\/div>\n<\/div><div class=\"gb-container gb-container-729853f9\">\n<div class=\"gb-container gb-container-11c6b2d3\">\n\n<h2 class=\"gb-headline gb-headline-3bfa2e66 gb-headline-text\">Caract\u00e9ristiques et <mark class=\"gb-highlight\">avantages<\/mark><\/h2>\n\n\n\n<p class=\"gb-headline gb-headline-4725fe8d gb-headline-text\">Ils sont utilis\u00e9s dans des secteurs tels que la <strong>construction, l&rsquo;\u00e9lectronique, l&rsquo;\u00e9nergie et le transport<\/strong>. Nos joints peuvent \u00eatre con\u00e7us dans diverses <strong>formes et tailles<\/strong>, y compris des profil\u00e9s extrud\u00e9s et des pi\u00e8ces moul\u00e9es, afin de s&rsquo;adapter parfaitement aux exigences de chaque projet. <\/p>\n\n\n<div class=\"gb-grid-wrapper gb-grid-wrapper-96c65d5e\">\n<div class=\"gb-grid-column gb-grid-column-d550f522\"><div class=\"gb-container gb-container-d550f522\">\n\n<h3 class=\"gb-headline gb-headline-4a2e0d84 gb-headline-text\"><mark class=\"gb-highlight\">R\u00e9sistance<\/mark> thermique<\/h3>\n\n\n\n<p class=\"gb-headline gb-headline-c3183df5 gb-headline-text\">Ils conservent leur int\u00e9grit\u00e9 et leur fonctionnalit\u00e9 dans une large plage de temp\u00e9ratures, de -60\u00b0C \u00e0 +250\u00b0C, ce qui les rend id\u00e9aux pour les applications impliquant une chaleur intense ou un froid extr\u00eame.<\/p>\n\n<\/div><\/div>\n\n<div class=\"gb-grid-column gb-grid-column-d67b248a\"><div class=\"gb-container gb-container-d67b248a\">\n\n<h3 class=\"gb-headline gb-headline-219ba881 gb-headline-text\"><mark class=\"gb-highlight\">R\u00e9sistance<\/mark> chimique<\/h3>\n\n\n\n<p class=\"gb-headline gb-headline-bda6f2a4 gb-headline-text\">La silicone est inerte \u00e0 une large vari\u00e9t\u00e9 de produits chimiques, d&rsquo;huiles, d&rsquo;acides et de solvants, garantissant une \u00e9tanch\u00e9it\u00e9 durable dans des environnements agressifs.<\/p>\n\n<\/div><\/div>\n\n<div class=\"gb-grid-column gb-grid-column-6aee012f\"><div class=\"gb-container gb-container-6aee012f\">\n\n<h3 class=\"gb-headline gb-headline-9652a31f gb-headline-text\"><mark class=\"gb-highlight\">\u00c9lasticit\u00e9<\/mark> et flexibilit\u00e9<\/h3>\n\n\n\n<p class=\"gb-headline gb-headline-4f55bdcc gb-headline-text\">Ils conservent leur \u00e9lasticit\u00e9 au fil du temps, m\u00eame dans des conditions de compression prolong\u00e9e, assurant une \u00e9tanch\u00e9it\u00e9 efficace et \u00e9vitant les fuites.<\/p>\n\n<\/div><\/div>\n\n<div class=\"gb-grid-column gb-grid-column-abb96423\"><div class=\"gb-container gb-container-abb96423\">\n\n<h3 class=\"gb-headline gb-headline-a65a7732 gb-headline-text\"><mark class=\"gb-highlight\">\u00c9lasticit\u00e9<\/mark> et flexibilit\u00e9<\/h3>\n\n\n\n<p class=\"gb-headline gb-headline-e1de8667 gb-headline-text\">Ils sont tr\u00e8s r\u00e9sistants au vieillissement, aux rayons UV, \u00e0 l&rsquo;ozone et aux intemp\u00e9ries, ce qui prolonge la dur\u00e9e de vie du produit et r\u00e9duit les co\u00fbts de maintenance.<\/p>\n\n<\/div><\/div>\n\n<div class=\"gb-grid-column gb-grid-column-3d91e746\"><div class=\"gb-container gb-container-3d91e746\">\n\n<h3 class=\"gb-headline gb-headline-159cf98e gb-headline-text\"><mark class=\"gb-highlight\">Compatibilit\u00e9<\/mark> alimentaire et m\u00e9dicale<\/h3>\n\n\n\n<p class=\"gb-headline gb-headline-738668e1 gb-headline-text\">Nous disposons de formulations conformes aux r\u00e9glementations pour le contact avec les aliments et l&rsquo;usage m\u00e9dical, ce qui \u00e9largit les possibilit\u00e9s d&rsquo;application.<\/p>\n\n<\/div><\/div>\n\n<div class=\"gb-grid-column gb-grid-column-c26b8283\"><div class=\"gb-container gb-container-c26b8283\">\n\n<h3 class=\"gb-headline gb-headline-be536021 gb-headline-text\">Propri\u00e9t\u00e9s <mark class=\"gb-highlight\">ignifuges<\/mark><\/h3>\n\n\n\n<p class=\"gb-headline gb-headline-21aae7b8 gb-headline-text\">Nous proposons des joints avec des retardateurs de flamme qui r\u00e9pondent aux normes internationales de s\u00e9curit\u00e9 incendie.<\/p>\n\n<\/div><\/div>\n<\/div>\n<\/div>\n<\/div><div class=\"gb-container gb-container-54d1cfff\">\n<div class=\"gb-container gb-container-56baa4f7\">\n<div class=\"gb-grid-wrapper gb-grid-wrapper-8fd58eb4\">\n<div class=\"gb-grid-column gb-grid-column-4a50b10e\"><div class=\"gb-container gb-container-4a50b10e\">\n\n<h3 class=\"gb-headline gb-headline-c9c44c4f gb-headline-text\"><mark class=\"gb-highlight\">Innovation<\/mark> et durabilit\u00e9<\/h3>\n\n\n\n<p class=\"gb-headline gb-headline-0d3c9e68 gb-headline-text\">Nous nous effor\u00e7ons de rester \u00e0 l&rsquo;avant-garde du d\u00e9veloppement de mat\u00e9riaux et de processus qui am\u00e9liorent les performances et la durabilit\u00e9 de nos joints en silicone.<\/p>\n\n<\/div><\/div>\n<\/div>\n<\/div>\n<\/div><div class=\"gb-container gb-container-8e9f863d\">\n<div class=\"gb-container gb-container-fe36e83d\">\n\n<h2 class=\"gb-headline gb-headline-366a4162 gb-headline-text\"><mark class=\"gb-highlight\">Avantages<\/mark> de nos joints en silicone<\/h2>\n\n\n<div class=\"gb-container gb-container-64fb34b2\">\n\n<p class=\"gb-headline gb-headline-c159c7a4 gb-headline-text\">Qualit\u00e9 Sup\u00e9rieure<\/p>\n\n\n\n<p class=\"gb-headline gb-headline-1f57c99a gb-headline-text\">Produits conformes \u00e0 des normes \u00e9lev\u00e9es de performance et de durabilit\u00e9.<\/p>\n\n<\/div>\n\n<div class=\"gb-container gb-container-cdf0cfaa\">\n\n<p class=\"gb-headline gb-headline-95217341 gb-headline-text\"><strong>Exp\u00e9rience et Connaissance<\/strong><\/p>\n\n\n\n<p class=\"gb-headline gb-headline-4bb94a07 gb-headline-text\">Plus de 50 ans dans l&rsquo;industrie, offrant des solutions efficaces et fiables.<\/p>\n\n<\/div>\n\n<div class=\"gb-container gb-container-aa36fc2e\">\n\n<p class=\"gb-headline gb-headline-59bb154b gb-headline-text\"><strong>Attention Personnalis\u00e9e<\/strong><\/p>\n\n\n\n<p class=\"gb-headline gb-headline-cafb344f gb-headline-text\">Accent mis sur les besoins sp\u00e9cifiques de chaque client, fournissant un service d\u00e9di\u00e9 et efficace.<\/p>\n\n<\/div>\n\n<div class=\"gb-container gb-container-2d2e54d4\">\n\n<p class=\"gb-headline gb-headline-c064125d gb-headline-text\"><strong>Innovation Continue<\/strong><\/p>\n\n\n\n<p class=\"gb-headline gb-headline-220c0c01 gb-headline-text\">Investissement constant dans la recherche et le d\u00e9veloppement pour offrir des produits avanc\u00e9s et comp\u00e9titifs.<\/p>\n\n<\/div>\n<\/div>\n<\/div>","protected":false},"excerpt":{"rendered":"<p>Joints en silicone Nos joints en silicone offrent une \u00e9tanch\u00e9it\u00e9 exceptionnelle dans les applications n\u00e9cessitant une r\u00e9sistance aux temp\u00e9ratures extr\u00eames, une exposition aux produits chimiques ou des conditions environnementales d\u00e9favorables. Caract\u00e9ristiques et avantages Ils sont utilis\u00e9s dans des secteurs tels que la construction, l&rsquo;\u00e9lectronique, l&rsquo;\u00e9nergie et le transport. Nos joints peuvent \u00eatre con\u00e7us dans diverses &#8230; <a title=\"Joints en silicone\" class=\"read-more\" href=\"https:\/\/www.silam.com\/fr\/joints-en-silicone\/\" aria-label=\"En savoir plus sur Joints en silicone\">Lire plus<\/a><\/p>\n","protected":false},"author":1,"featured_media":0,"parent":0,"menu_order":0,"comment_status":"closed","ping_status":"closed","template":"","meta":{"inline_featured_image":false,"footnotes":""},"class_list":{"0":"post-2891","1":"page","2":"type-page","3":"status-publish","5":"no-featured-image-padding"},"yoast_head":"<!-- This site is optimized with the Yoast SEO plugin v27.1.1 - https:\/\/yoast.com\/product\/yoast-seo-wordpress\/ -->\n<title>Joints en silicone - Silam | Fabricante de siliconas<\/title>\n<meta name=\"robots\" content=\"index, follow, max-snippet:-1, max-image-preview:large, max-video-preview:-1\" \/>\n<link rel=\"canonical\" href=\"https:\/\/www.silam.com\/fr\/joints-en-silicone\/\" \/>\n<meta property=\"og:locale\" content=\"fr_FR\" \/>\n<meta property=\"og:type\" content=\"article\" \/>\n<meta property=\"og:title\" content=\"Joints en silicone - Silam | Fabricante de siliconas\" \/>\n<meta property=\"og:description\" content=\"Joints en silicone Nos joints en silicone offrent une \u00e9tanch\u00e9it\u00e9 exceptionnelle dans les applications n\u00e9cessitant une r\u00e9sistance aux temp\u00e9ratures extr\u00eames, une exposition aux produits chimiques ou des conditions environnementales d\u00e9favorables. Caract\u00e9ristiques et avantages Ils sont utilis\u00e9s dans des secteurs tels que la construction, l&rsquo;\u00e9lectronique, l&rsquo;\u00e9nergie et le transport. Nos joints peuvent \u00eatre con\u00e7us dans diverses ... Lire plus\" \/>\n<meta property=\"og:url\" content=\"https:\/\/www.silam.com\/fr\/joints-en-silicone\/\" \/>\n<meta property=\"og:site_name\" content=\"Silam | Fabricante de siliconas\" \/>\n<meta property=\"article:modified_time\" content=\"2025-09-18T09:37:47+00:00\" \/>\n<meta property=\"og:image\" content=\"https:\/\/www.silam.com\/wp-content\/uploads\/2024\/09\/mezcla-de-silicona_8.jpg\" \/>\n\t<meta property=\"og:image:width\" content=\"1900\" \/>\n\t<meta property=\"og:image:height\" content=\"1267\" \/>\n\t<meta property=\"og:image:type\" content=\"image\/jpeg\" \/>\n<meta name=\"twitter:card\" content=\"summary_large_image\" \/>\n<meta name=\"twitter:label1\" content=\"Dur\u00e9e de lecture estim\u00e9e\" \/>\n\t<meta name=\"twitter:data1\" content=\"2 minutes\" \/>\n<script type=\"application\/ld+json\" class=\"yoast-schema-graph\">{\"@context\":\"https:\/\/schema.org\",\"@graph\":[{\"@type\":\"WebPage\",\"@id\":\"https:\/\/www.silam.com\/fr\/joints-en-silicone\/\",\"url\":\"https:\/\/www.silam.com\/fr\/joints-en-silicone\/\",\"name\":\"Joints en silicone - Silam | Fabricante de siliconas\",\"isPartOf\":{\"@id\":\"https:\/\/www.silam.com\/fr\/#website\"},\"datePublished\":\"2024-08-14T10:54:15+00:00\",\"dateModified\":\"2025-09-18T09:37:47+00:00\",\"breadcrumb\":{\"@id\":\"https:\/\/www.silam.com\/fr\/joints-en-silicone\/#breadcrumb\"},\"inLanguage\":\"fr-FR\",\"potentialAction\":[{\"@type\":\"ReadAction\",\"target\":[\"https:\/\/www.silam.com\/fr\/joints-en-silicone\/\"]}]},{\"@type\":\"BreadcrumbList\",\"@id\":\"https:\/\/www.silam.com\/fr\/joints-en-silicone\/#breadcrumb\",\"itemListElement\":[{\"@type\":\"ListItem\",\"position\":1,\"name\":\"Portada\",\"item\":\"https:\/\/www.silam.com\/fr\/\"},{\"@type\":\"ListItem\",\"position\":2,\"name\":\"Joints en silicone\"}]},{\"@type\":\"WebSite\",\"@id\":\"https:\/\/www.silam.com\/fr\/#website\",\"url\":\"https:\/\/www.silam.com\/fr\/\",\"name\":\"Silam | Fabricante de siliconas\",\"description\":\"Silam es una empresa dedicada a la transformaci\u00f3n de elast\u00f3meros de silicona:  mezclas de silicona y componentes t\u00e9cnicos\",\"publisher\":{\"@id\":\"https:\/\/www.silam.com\/fr\/#organization\"},\"potentialAction\":[{\"@type\":\"SearchAction\",\"target\":{\"@type\":\"EntryPoint\",\"urlTemplate\":\"https:\/\/www.silam.com\/fr\/?s={search_term_string}\"},\"query-input\":{\"@type\":\"PropertyValueSpecification\",\"valueRequired\":true,\"valueName\":\"search_term_string\"}}],\"inLanguage\":\"fr-FR\"},{\"@type\":\"Organization\",\"@id\":\"https:\/\/www.silam.com\/fr\/#organization\",\"name\":\"Silam | Fabricante de siliconas\",\"url\":\"https:\/\/www.silam.com\/fr\/\",\"logo\":{\"@type\":\"ImageObject\",\"inLanguage\":\"fr-FR\",\"@id\":\"https:\/\/www.silam.com\/fr\/#\/schema\/logo\/image\/\",\"url\":\"https:\/\/www.silam.com\/wp-content\/uploads\/2024\/08\/logo-silam.png\",\"contentUrl\":\"https:\/\/www.silam.com\/wp-content\/uploads\/2024\/08\/logo-silam.png\",\"width\":221,\"height\":93,\"caption\":\"Silam | Fabricante de siliconas\"},\"image\":{\"@id\":\"https:\/\/www.silam.com\/fr\/#\/schema\/logo\/image\/\"},\"sameAs\":[\"https:\/\/es.linkedin.com\/company\/siliconas-silam-s-a-\"]}]}<\/script>\n<!-- \/ Yoast SEO plugin. -->","yoast_head_json":{"title":"Joints en silicone - Silam | Fabricante de siliconas","robots":{"index":"index","follow":"follow","max-snippet":"max-snippet:-1","max-image-preview":"max-image-preview:large","max-video-preview":"max-video-preview:-1"},"canonical":"https:\/\/www.silam.com\/fr\/joints-en-silicone\/","og_locale":"fr_FR","og_type":"article","og_title":"Joints en silicone - Silam | Fabricante de siliconas","og_description":"Joints en silicone Nos joints en silicone offrent une \u00e9tanch\u00e9it\u00e9 exceptionnelle dans les applications n\u00e9cessitant une r\u00e9sistance aux temp\u00e9ratures extr\u00eames, une exposition aux produits chimiques ou des conditions environnementales d\u00e9favorables. Caract\u00e9ristiques et avantages Ils sont utilis\u00e9s dans des secteurs tels que la construction, l&rsquo;\u00e9lectronique, l&rsquo;\u00e9nergie et le transport. Nos joints peuvent \u00eatre con\u00e7us dans diverses ... Lire plus","og_url":"https:\/\/www.silam.com\/fr\/joints-en-silicone\/","og_site_name":"Silam | Fabricante de siliconas","article_modified_time":"2025-09-18T09:37:47+00:00","og_image":[{"width":1900,"height":1267,"url":"https:\/\/www.silam.com\/wp-content\/uploads\/2024\/09\/mezcla-de-silicona_8.jpg","type":"image\/jpeg"}],"twitter_card":"summary_large_image","twitter_misc":{"Dur\u00e9e de lecture estim\u00e9e":"2 minutes"},"schema":{"@context":"https:\/\/schema.org","@graph":[{"@type":"WebPage","@id":"https:\/\/www.silam.com\/fr\/joints-en-silicone\/","url":"https:\/\/www.silam.com\/fr\/joints-en-silicone\/","name":"Joints en silicone - Silam | Fabricante de siliconas","isPartOf":{"@id":"https:\/\/www.silam.com\/fr\/#website"},"datePublished":"2024-08-14T10:54:15+00:00","dateModified":"2025-09-18T09:37:47+00:00","breadcrumb":{"@id":"https:\/\/www.silam.com\/fr\/joints-en-silicone\/#breadcrumb"},"inLanguage":"fr-FR","potentialAction":[{"@type":"ReadAction","target":["https:\/\/www.silam.com\/fr\/joints-en-silicone\/"]}]},{"@type":"BreadcrumbList","@id":"https:\/\/www.silam.com\/fr\/joints-en-silicone\/#breadcrumb","itemListElement":[{"@type":"ListItem","position":1,"name":"Portada","item":"https:\/\/www.silam.com\/fr\/"},{"@type":"ListItem","position":2,"name":"Joints en silicone"}]},{"@type":"WebSite","@id":"https:\/\/www.silam.com\/fr\/#website","url":"https:\/\/www.silam.com\/fr\/","name":"Silam | Fabricante de siliconas","description":"Silam es una empresa dedicada a la transformaci\u00f3n de elast\u00f3meros de silicona:  mezclas de silicona y componentes t\u00e9cnicos","publisher":{"@id":"https:\/\/www.silam.com\/fr\/#organization"},"potentialAction":[{"@type":"SearchAction","target":{"@type":"EntryPoint","urlTemplate":"https:\/\/www.silam.com\/fr\/?s={search_term_string}"},"query-input":{"@type":"PropertyValueSpecification","valueRequired":true,"valueName":"search_term_string"}}],"inLanguage":"fr-FR"},{"@type":"Organization","@id":"https:\/\/www.silam.com\/fr\/#organization","name":"Silam | Fabricante de siliconas","url":"https:\/\/www.silam.com\/fr\/","logo":{"@type":"ImageObject","inLanguage":"fr-FR","@id":"https:\/\/www.silam.com\/fr\/#\/schema\/logo\/image\/","url":"https:\/\/www.silam.com\/wp-content\/uploads\/2024\/08\/logo-silam.png","contentUrl":"https:\/\/www.silam.com\/wp-content\/uploads\/2024\/08\/logo-silam.png","width":221,"height":93,"caption":"Silam | Fabricante de siliconas"},"image":{"@id":"https:\/\/www.silam.com\/fr\/#\/schema\/logo\/image\/"},"sameAs":["https:\/\/es.linkedin.com\/company\/siliconas-silam-s-a-"]}]}},"_links":{"self":[{"href":"https:\/\/www.silam.com\/fr\/wp-json\/wp\/v2\/pages\/2891","targetHints":{"allow":["GET"]}}],"collection":[{"href":"https:\/\/www.silam.com\/fr\/wp-json\/wp\/v2\/pages"}],"about":[{"href":"https:\/\/www.silam.com\/fr\/wp-json\/wp\/v2\/types\/page"}],"author":[{"embeddable":true,"href":"https:\/\/www.silam.com\/fr\/wp-json\/wp\/v2\/users\/1"}],"replies":[{"embeddable":true,"href":"https:\/\/www.silam.com\/fr\/wp-json\/wp\/v2\/comments?post=2891"}],"version-history":[{"count":0,"href":"https:\/\/www.silam.com\/fr\/wp-json\/wp\/v2\/pages\/2891\/revisions"}],"wp:attachment":[{"href":"https:\/\/www.silam.com\/fr\/wp-json\/wp\/v2\/media?parent=2891"}],"curies":[{"name":"wp","href":"https:\/\/api.w.org\/{rel}","templated":true}]}}