{"id":2772,"date":"2024-08-14T12:53:11","date_gmt":"2024-08-14T10:53:11","guid":{"rendered":"https:\/\/wordpress-958700-4787158.cloudwaysapps.com\/additifs-de-silicone\/"},"modified":"2026-02-03T15:53:21","modified_gmt":"2026-02-03T14:53:21","slug":"additifs-de-silicone","status":"publish","type":"page","link":"https:\/\/www.silam.com\/fr\/additifs-de-silicone\/","title":{"rendered":"Additifs de silicone"},"content":{"rendered":"<div class=\"gb-container gb-container-63cfc150\">\n<div class=\"gb-container gb-container-01c1494a\">\n\n<h1 class=\"gb-headline gb-headline-8f140a63 gb-headline-text\">Additifs de silicone<\/h1>\n\n\n\n<p class=\"gb-headline gb-headline-d8149c51 gb-headline-text\">Nous travaillons avec une <strong>s\u00e9lection d&rsquo;additifs de haute qualit\u00e9<\/strong>, avec des fournisseurs certifi\u00e9s pour garantir la puret\u00e9 et l&rsquo;efficacit\u00e9 de chaque substance. De plus, nous d\u00e9veloppons des <strong>formulations personnalis\u00e9es<\/strong> qui r\u00e9pondent aux sp\u00e9cifications techniques et r\u00e9glementaires requises. <\/p>\n\n<\/div>\n<\/div>\n\n<div class=\"gb-container gb-container-729853f9\">\n<div class=\"gb-container gb-container-11c6b2d3\">\n\n<h2 class=\"gb-headline gb-headline-3bfa2e66 gb-headline-text\">Additifs pour <mark class=\"gb-highlight\">modifier<\/mark> et <mark class=\"gb-highlight\">am\u00e9liorer<\/mark><\/h2>\n\n\n\n<p class=\"gb-headline gb-headline-4725fe8d gb-headline-text\">Les <strong>additifs de silicone<\/strong> sont des substances qui sont incorpor\u00e9es aux bases de silicone pour <strong>modifier ou am\u00e9liorer<\/strong> leurs propri\u00e9t\u00e9s intrins\u00e8ques. Chez <strong>Silam<\/strong>, nous comprenons l&rsquo;importance des additifs pour <strong>renforcer et diversifier<\/strong> les applications du silicone. C&rsquo;est pourquoi nous offrons :  <\/p>\n\n\n<div class=\"gb-grid-wrapper gb-grid-wrapper-96c65d5e\">\n<div class=\"gb-grid-column gb-grid-column-d550f522\"><div class=\"gb-container gb-container-d550f522\">\n\n<h3 class=\"gb-headline gb-headline-4a2e0d84 gb-headline-text\"><strong><mark class=\"gb-highlight\">Qualit\u00e9<\/mark> et constance<\/strong><\/h3>\n\n\n\n<p class=\"gb-headline gb-headline-c3183df5 gb-headline-text\">Nous garantissons des produits fiables qui conservent leurs propri\u00e9t\u00e9s dans chaque lot produit.<\/p>\n\n<\/div><\/div>\n\n<div class=\"gb-grid-column gb-grid-column-d67b248a\"><div class=\"gb-container gb-container-d67b248a\">\n\n<h3 class=\"gb-headline gb-headline-219ba881 gb-headline-text\"><mark class=\"gb-highlight\">Flexibilit\u00e9<\/mark> et adaptabilit\u00e9<\/h3>\n\n\n\n<p class=\"gb-headline gb-headline-bda6f2a4 gb-headline-text\">Capacit\u00e9 \u00e0 ajuster rapidement les formulations face \u00e0 de nouveaux d\u00e9fis ou exigences du march\u00e9.<\/p>\n\n<\/div><\/div>\n\n<div class=\"gb-grid-column gb-grid-column-6aee012f\"><div class=\"gb-container gb-container-6aee012f\">\n\n<h3 class=\"gb-headline gb-headline-9652a31f gb-headline-text\"><mark class=\"gb-highlight\">Support<\/mark> int\u00e9gral<\/h3>\n\n\n\n<p class=\"gb-headline gb-headline-4f55bdcc gb-headline-text\">Accompagnement depuis la conception du projet jusqu&rsquo;\u00e0 la production et le suivi apr\u00e8s-vente.<\/p>\n\n<\/div><\/div>\n\n<div class=\"gb-grid-column gb-grid-column-abb96423\"><div class=\"gb-container gb-container-abb96423\">\n\n<h3 class=\"gb-headline gb-headline-a65a7732 gb-headline-text\"><mark class=\"gb-highlight\">Conformit\u00e9<\/mark> r\u00e9glementaire<\/h3>\n\n\n\n<p class=\"gb-headline gb-headline-e1de8667 gb-headline-text\">Nous assurons que nos solutions sont conformes aux r\u00e9glementations et normes internationales applicables.<\/p>\n\n<\/div><\/div>\n<\/div>\n<\/div>\n<\/div>\n\n<div class=\"gb-container gb-container-54d1cfff\">\n<div class=\"gb-container gb-container-56baa4f7\">\n<div class=\"gb-grid-wrapper gb-grid-wrapper-8fd58eb4\">\n<div class=\"gb-grid-column gb-grid-column-4a50b10e\"><div class=\"gb-container gb-container-4a50b10e\">\n\n<h3 class=\"gb-headline gb-headline-c9c44c4f gb-headline-text\"><mark class=\"gb-highlight\">Innovation<\/mark> et durabilit\u00e9<\/h3>\n\n\n\n<p class=\"gb-headline gb-headline-0d3c9e68 gb-headline-text\">Nous nous effor\u00e7ons de rester \u00e0 l&rsquo;avant-garde dans l&rsquo;utilisation d&rsquo;additifs innovants qui non seulement am\u00e9liorent les propri\u00e9t\u00e9s de la silicone, mais qui <strong>respectent \u00e9galement l&rsquo;environnement<\/strong>. Nous encourageons l&rsquo;utilisation d&rsquo;additifs \u00e9cologiques et durables, r\u00e9duisant l&rsquo;impact environnemental et soutenant les pratiques responsables dans toute la cha\u00eene d&rsquo;approvisionnement. <\/p>\n\n<\/div><\/div>\n<\/div>\n<\/div>\n<\/div>\n\n<div class=\"gb-container gb-container-8e9f863d\">\n<div class=\"gb-container gb-container-fe36e83d\">\n\n<h2 class=\"gb-headline gb-headline-366a4162 gb-headline-text\"><mark class=\"gb-highlight\">Avantages<\/mark> de l&rsquo;utilisation d&rsquo;additifs dans la silicone<\/h2>\n\n\n<div class=\"gb-container gb-container-64fb34b2\">\n\n<p class=\"gb-headline gb-headline-c159c7a4 gb-headline-text\">Personnalisation<\/p>\n\n\n\n<p class=\"gb-headline gb-headline-1f57c99a gb-headline-text\">Adaptation pr\u00e9cise des propri\u00e9t\u00e9s m\u00e9caniques, thermiques, \u00e9lectriques et chimiques selon les exigences du client.<\/p>\n\n<\/div>\n\n<div class=\"gb-container gb-container-cdf0cfaa\">\n\n<p class=\"gb-headline gb-headline-95217341 gb-headline-text\"><strong>Rendement am\u00e9lior\u00e9<\/strong><\/p>\n\n\n\n<p class=\"gb-headline gb-headline-4bb94a07 gb-headline-text\">Optimisation de la durabilit\u00e9, de l&rsquo;efficacit\u00e9 et de la fonctionnalit\u00e9 des produits finaux.<\/p>\n\n<\/div>\n\n<div class=\"gb-container gb-container-aa36fc2e\">\n\n<p class=\"gb-headline gb-headline-59bb154b gb-headline-text\"><strong>Innovation<\/strong><\/p>\n\n\n\n<p class=\"gb-headline gb-headline-cafb344f gb-headline-text\">D\u00e9veloppement de solutions avanc\u00e9es qui permettent des applications dans de nouveaux domaines et technologies \u00e9mergentes.<\/p>\n\n<\/div>\n\n<div class=\"gb-container gb-container-2d2e54d4\">\n\n<p class=\"gb-headline gb-headline-c064125d gb-headline-text\"><strong>Conformit\u00e9 r\u00e9glementaire<\/strong><\/p>\n\n\n\n<p class=\"gb-headline gb-headline-220c0c01 gb-headline-text\">Ad\u00e9quation aux normes et r\u00e9glementations sp\u00e9cifiques de chaque industrie, garantissant s\u00e9curit\u00e9 et qualit\u00e9.<\/p>\n\n<\/div>\n<\/div>\n<\/div>","protected":false},"excerpt":{"rendered":"<p>Additifs de silicone Nous travaillons avec une s\u00e9lection d&rsquo;additifs de haute qualit\u00e9, avec des fournisseurs certifi\u00e9s pour garantir la puret\u00e9 et l&rsquo;efficacit\u00e9 de chaque substance. De plus, nous d\u00e9veloppons des formulations personnalis\u00e9es qui r\u00e9pondent aux sp\u00e9cifications techniques et r\u00e9glementaires requises. Additifs pour modifier et am\u00e9liorer Les additifs de silicone sont des substances qui sont incorpor\u00e9es &#8230; <a title=\"Additifs de silicone\" class=\"read-more\" href=\"https:\/\/www.silam.com\/fr\/additifs-de-silicone\/\" aria-label=\"En savoir plus sur Additifs de silicone\">Lire plus<\/a><\/p>\n","protected":false},"author":1,"featured_media":0,"parent":0,"menu_order":0,"comment_status":"closed","ping_status":"closed","template":"","meta":{"inline_featured_image":false,"footnotes":""},"class_list":{"0":"post-2772","1":"page","2":"type-page","3":"status-publish","5":"no-featured-image-padding"},"yoast_head":"<!-- This site is optimized with the Yoast SEO plugin v27.1.1 - https:\/\/yoast.com\/product\/yoast-seo-wordpress\/ -->\n<title>Additifs de silicone - Silam | Fabricante de siliconas<\/title>\n<meta name=\"robots\" content=\"index, follow, max-snippet:-1, max-image-preview:large, max-video-preview:-1\" \/>\n<link rel=\"canonical\" href=\"https:\/\/www.silam.com\/fr\/additifs-de-silicone\/\" \/>\n<meta property=\"og:locale\" content=\"fr_FR\" \/>\n<meta property=\"og:type\" content=\"article\" \/>\n<meta property=\"og:title\" content=\"Additifs de silicone - Silam | Fabricante de siliconas\" \/>\n<meta property=\"og:description\" content=\"Additifs de silicone Nous travaillons avec une s\u00e9lection d&rsquo;additifs de haute qualit\u00e9, avec des fournisseurs certifi\u00e9s pour garantir la puret\u00e9 et l&rsquo;efficacit\u00e9 de chaque substance. De plus, nous d\u00e9veloppons des formulations personnalis\u00e9es qui r\u00e9pondent aux sp\u00e9cifications techniques et r\u00e9glementaires requises. Additifs pour modifier et am\u00e9liorer Les additifs de silicone sont des substances qui sont incorpor\u00e9es ... Lire plus\" \/>\n<meta property=\"og:url\" content=\"https:\/\/www.silam.com\/fr\/additifs-de-silicone\/\" \/>\n<meta property=\"og:site_name\" content=\"Silam | Fabricante de siliconas\" \/>\n<meta property=\"article:modified_time\" content=\"2026-02-03T14:53:21+00:00\" \/>\n<meta property=\"og:image\" content=\"https:\/\/www.silam.com\/wp-content\/uploads\/2024\/09\/mezcla-de-silicona_8.jpg\" \/>\n\t<meta property=\"og:image:width\" content=\"1900\" \/>\n\t<meta property=\"og:image:height\" content=\"1267\" \/>\n\t<meta property=\"og:image:type\" content=\"image\/jpeg\" \/>\n<meta name=\"twitter:card\" content=\"summary_large_image\" \/>\n<meta name=\"twitter:label1\" content=\"Dur\u00e9e de lecture estim\u00e9e\" \/>\n\t<meta name=\"twitter:data1\" content=\"2 minutes\" \/>\n<script type=\"application\/ld+json\" class=\"yoast-schema-graph\">{\"@context\":\"https:\/\/schema.org\",\"@graph\":[{\"@type\":\"WebPage\",\"@id\":\"https:\/\/www.silam.com\/fr\/additifs-de-silicone\/\",\"url\":\"https:\/\/www.silam.com\/fr\/additifs-de-silicone\/\",\"name\":\"Additifs de silicone - Silam | Fabricante de siliconas\",\"isPartOf\":{\"@id\":\"https:\/\/www.silam.com\/fr\/#website\"},\"datePublished\":\"2024-08-14T10:53:11+00:00\",\"dateModified\":\"2026-02-03T14:53:21+00:00\",\"breadcrumb\":{\"@id\":\"https:\/\/www.silam.com\/fr\/additifs-de-silicone\/#breadcrumb\"},\"inLanguage\":\"fr-FR\",\"potentialAction\":[{\"@type\":\"ReadAction\",\"target\":[\"https:\/\/www.silam.com\/fr\/additifs-de-silicone\/\"]}]},{\"@type\":\"BreadcrumbList\",\"@id\":\"https:\/\/www.silam.com\/fr\/additifs-de-silicone\/#breadcrumb\",\"itemListElement\":[{\"@type\":\"ListItem\",\"position\":1,\"name\":\"Portada\",\"item\":\"https:\/\/www.silam.com\/fr\/\"},{\"@type\":\"ListItem\",\"position\":2,\"name\":\"Additifs de silicone\"}]},{\"@type\":\"WebSite\",\"@id\":\"https:\/\/www.silam.com\/fr\/#website\",\"url\":\"https:\/\/www.silam.com\/fr\/\",\"name\":\"Silam | Fabricante de siliconas\",\"description\":\"Silam es una empresa dedicada a la transformaci\u00f3n de elast\u00f3meros de silicona:  mezclas de silicona y componentes t\u00e9cnicos\",\"publisher\":{\"@id\":\"https:\/\/www.silam.com\/fr\/#organization\"},\"potentialAction\":[{\"@type\":\"SearchAction\",\"target\":{\"@type\":\"EntryPoint\",\"urlTemplate\":\"https:\/\/www.silam.com\/fr\/?s={search_term_string}\"},\"query-input\":{\"@type\":\"PropertyValueSpecification\",\"valueRequired\":true,\"valueName\":\"search_term_string\"}}],\"inLanguage\":\"fr-FR\"},{\"@type\":\"Organization\",\"@id\":\"https:\/\/www.silam.com\/fr\/#organization\",\"name\":\"Silam | Fabricante de siliconas\",\"url\":\"https:\/\/www.silam.com\/fr\/\",\"logo\":{\"@type\":\"ImageObject\",\"inLanguage\":\"fr-FR\",\"@id\":\"https:\/\/www.silam.com\/fr\/#\/schema\/logo\/image\/\",\"url\":\"https:\/\/www.silam.com\/wp-content\/uploads\/2024\/08\/logo-silam.png\",\"contentUrl\":\"https:\/\/www.silam.com\/wp-content\/uploads\/2024\/08\/logo-silam.png\",\"width\":221,\"height\":93,\"caption\":\"Silam | Fabricante de siliconas\"},\"image\":{\"@id\":\"https:\/\/www.silam.com\/fr\/#\/schema\/logo\/image\/\"},\"sameAs\":[\"https:\/\/es.linkedin.com\/company\/siliconas-silam-s-a-\"]}]}<\/script>\n<!-- \/ Yoast SEO plugin. -->","yoast_head_json":{"title":"Additifs de silicone - Silam | Fabricante de siliconas","robots":{"index":"index","follow":"follow","max-snippet":"max-snippet:-1","max-image-preview":"max-image-preview:large","max-video-preview":"max-video-preview:-1"},"canonical":"https:\/\/www.silam.com\/fr\/additifs-de-silicone\/","og_locale":"fr_FR","og_type":"article","og_title":"Additifs de silicone - Silam | Fabricante de siliconas","og_description":"Additifs de silicone Nous travaillons avec une s\u00e9lection d&rsquo;additifs de haute qualit\u00e9, avec des fournisseurs certifi\u00e9s pour garantir la puret\u00e9 et l&rsquo;efficacit\u00e9 de chaque substance. De plus, nous d\u00e9veloppons des formulations personnalis\u00e9es qui r\u00e9pondent aux sp\u00e9cifications techniques et r\u00e9glementaires requises. Additifs pour modifier et am\u00e9liorer Les additifs de silicone sont des substances qui sont incorpor\u00e9es ... Lire plus","og_url":"https:\/\/www.silam.com\/fr\/additifs-de-silicone\/","og_site_name":"Silam | Fabricante de siliconas","article_modified_time":"2026-02-03T14:53:21+00:00","og_image":[{"width":1900,"height":1267,"url":"https:\/\/www.silam.com\/wp-content\/uploads\/2024\/09\/mezcla-de-silicona_8.jpg","type":"image\/jpeg"}],"twitter_card":"summary_large_image","twitter_misc":{"Dur\u00e9e de lecture estim\u00e9e":"2 minutes"},"schema":{"@context":"https:\/\/schema.org","@graph":[{"@type":"WebPage","@id":"https:\/\/www.silam.com\/fr\/additifs-de-silicone\/","url":"https:\/\/www.silam.com\/fr\/additifs-de-silicone\/","name":"Additifs de silicone - Silam | Fabricante de siliconas","isPartOf":{"@id":"https:\/\/www.silam.com\/fr\/#website"},"datePublished":"2024-08-14T10:53:11+00:00","dateModified":"2026-02-03T14:53:21+00:00","breadcrumb":{"@id":"https:\/\/www.silam.com\/fr\/additifs-de-silicone\/#breadcrumb"},"inLanguage":"fr-FR","potentialAction":[{"@type":"ReadAction","target":["https:\/\/www.silam.com\/fr\/additifs-de-silicone\/"]}]},{"@type":"BreadcrumbList","@id":"https:\/\/www.silam.com\/fr\/additifs-de-silicone\/#breadcrumb","itemListElement":[{"@type":"ListItem","position":1,"name":"Portada","item":"https:\/\/www.silam.com\/fr\/"},{"@type":"ListItem","position":2,"name":"Additifs de silicone"}]},{"@type":"WebSite","@id":"https:\/\/www.silam.com\/fr\/#website","url":"https:\/\/www.silam.com\/fr\/","name":"Silam | Fabricante de siliconas","description":"Silam es una empresa dedicada a la transformaci\u00f3n de elast\u00f3meros de silicona:  mezclas de silicona y componentes t\u00e9cnicos","publisher":{"@id":"https:\/\/www.silam.com\/fr\/#organization"},"potentialAction":[{"@type":"SearchAction","target":{"@type":"EntryPoint","urlTemplate":"https:\/\/www.silam.com\/fr\/?s={search_term_string}"},"query-input":{"@type":"PropertyValueSpecification","valueRequired":true,"valueName":"search_term_string"}}],"inLanguage":"fr-FR"},{"@type":"Organization","@id":"https:\/\/www.silam.com\/fr\/#organization","name":"Silam | Fabricante de siliconas","url":"https:\/\/www.silam.com\/fr\/","logo":{"@type":"ImageObject","inLanguage":"fr-FR","@id":"https:\/\/www.silam.com\/fr\/#\/schema\/logo\/image\/","url":"https:\/\/www.silam.com\/wp-content\/uploads\/2024\/08\/logo-silam.png","contentUrl":"https:\/\/www.silam.com\/wp-content\/uploads\/2024\/08\/logo-silam.png","width":221,"height":93,"caption":"Silam | Fabricante de siliconas"},"image":{"@id":"https:\/\/www.silam.com\/fr\/#\/schema\/logo\/image\/"},"sameAs":["https:\/\/es.linkedin.com\/company\/siliconas-silam-s-a-"]}]}},"_links":{"self":[{"href":"https:\/\/www.silam.com\/fr\/wp-json\/wp\/v2\/pages\/2772","targetHints":{"allow":["GET"]}}],"collection":[{"href":"https:\/\/www.silam.com\/fr\/wp-json\/wp\/v2\/pages"}],"about":[{"href":"https:\/\/www.silam.com\/fr\/wp-json\/wp\/v2\/types\/page"}],"author":[{"embeddable":true,"href":"https:\/\/www.silam.com\/fr\/wp-json\/wp\/v2\/users\/1"}],"replies":[{"embeddable":true,"href":"https:\/\/www.silam.com\/fr\/wp-json\/wp\/v2\/comments?post=2772"}],"version-history":[{"count":0,"href":"https:\/\/www.silam.com\/fr\/wp-json\/wp\/v2\/pages\/2772\/revisions"}],"wp:attachment":[{"href":"https:\/\/www.silam.com\/fr\/wp-json\/wp\/v2\/media?parent=2772"}],"curies":[{"name":"wp","href":"https:\/\/api.w.org\/{rel}","templated":true}]}}