{"id":2748,"date":"2024-08-14T12:52:54","date_gmt":"2024-08-14T10:52:54","guid":{"rendered":"https:\/\/wordpress-958700-4787158.cloudwaysapps.com\/bases-de-silicone\/"},"modified":"2026-02-03T15:52:40","modified_gmt":"2026-02-03T14:52:40","slug":"bases-de-silicone","status":"publish","type":"page","link":"https:\/\/www.silam.com\/fr\/bases-de-silicone\/","title":{"rendered":"Bases de silicone"},"content":{"rendered":"<div class=\"gb-container gb-container-63cfc150\">\n<div class=\"gb-container gb-container-01c1494a\">\n\n<h1 class=\"gb-headline gb-headline-8f140a63 gb-headline-text\">Bases de silicone<\/h1>\n\n\n\n<p class=\"gb-headline gb-headline-d8149c51 gb-headline-text\">Dans notre entreprise, nous nous engageons \u00e0 fournir des <strong>bases de silicone de la plus haute qualit\u00e9<\/strong>, en veillant \u00e0 ce que chaque lot r\u00e9ponde aux normes les plus strictes en mati\u00e8re de puret\u00e9 et de performance. Nous comprenons que la qualit\u00e9 de la mati\u00e8re premi\u00e8re est cruciale pour le succ\u00e8s des produits termin\u00e9s de nos clients. <\/p>\n\n<\/div>\n<\/div>\n\n<div class=\"gb-container gb-container-729853f9\">\n<div class=\"gb-container gb-container-11c6b2d3\">\n\n<h2 class=\"gb-headline gb-headline-3bfa2e66 gb-headline-text\"><mark class=\"gb-highlight\">Propri\u00e9t\u00e9s cl\u00e9s<\/mark> de nos bases de silicone<\/h2>\n\n\n\n<p class=\"gb-headline gb-headline-4725fe8d gb-headline-text\">Les bases de silicone sont des polym\u00e8res de silicone purs qui agissent comme la mati\u00e8re premi\u00e8re essentielle dans la fabrication d&rsquo;une large gamme de produits en silicone. Ces bases fournissent les propri\u00e9t\u00e9s fondamentales qui font de la silicone un mat\u00e9riau si polyvalent et appr\u00e9ci\u00e9 dans diverses industries : <\/p>\n\n\n<div class=\"gb-grid-wrapper gb-grid-wrapper-96c65d5e\">\n<div class=\"gb-grid-column gb-grid-column-d550f522\"><div class=\"gb-container gb-container-d550f522\">\n\n<h3 class=\"gb-headline gb-headline-4a2e0d84 gb-headline-text\"><mark class=\"gb-highlight\">\u00c9lasticit\u00e9 <br><\/mark>et flexibilit\u00e9<\/h3>\n\n\n\n<p class=\"gb-headline gb-headline-c3183df5 gb-headline-text\">Elles offrent une capacit\u00e9 exceptionnelle \u00e0 s&rsquo;\u00e9tirer et \u00e0 se d\u00e9former sans se rompre, tout en reprenant toujours leur forme originale. Cela les rend id\u00e9ales pour les applications qui n\u00e9cessitent durabilit\u00e9 et r\u00e9sistance \u00e0 l&rsquo;usure m\u00e9canique. <\/p>\n\n<\/div><\/div>\n\n<div class=\"gb-grid-column gb-grid-column-d67b248a\"><div class=\"gb-container gb-container-d67b248a\">\n\n<h3 class=\"gb-headline gb-headline-219ba881 gb-headline-text\"><mark class=\"gb-highlight\">R\u00e9sistance<\/mark> aux hautes <br>et basses temp\u00e9ratures<\/h3>\n\n\n\n<p class=\"gb-headline gb-headline-bda6f2a4 gb-headline-text\">Elles conservent leurs propri\u00e9t\u00e9s physiques et m\u00e9caniques dans une large plage de temp\u00e9ratures, de -60 \u00b0C \u00e0 +250 \u00b0C, ce qui les rend adapt\u00e9es aux environnements extr\u00eames.<\/p>\n\n<\/div><\/div>\n\n<div class=\"gb-grid-column gb-grid-column-6aee012f\"><div class=\"gb-container gb-container-6aee012f\">\n\n<h3 class=\"gb-headline gb-headline-9652a31f gb-headline-text\"><mark class=\"gb-highlight\">Stabilit\u00e9<\/mark> <br>chimique<\/h3>\n\n\n\n<p class=\"gb-headline gb-headline-4f55bdcc gb-headline-text\">Elles sont inertes et r\u00e9sistantes \u00e0 de nombreux produits chimiques, huiles et solvants, garantissant une performance fiable dans des environnements agressifs.<\/p>\n\n<\/div><\/div>\n\n<div class=\"gb-grid-column gb-grid-column-df7120b5\"><div class=\"gb-container gb-container-df7120b5\">\n\n<h3 class=\"gb-headline gb-headline-9bc895f7 gb-headline-text\"><mark class=\"gb-highlight\">R\u00e9sistance<\/mark> au vieillissement et aux intemp\u00e9ries<\/h3>\n\n\n\n<p class=\"gb-headline gb-headline-00a232bf gb-headline-text\">Elles ne se d\u00e9gradent pas facilement en raison de l&rsquo;exposition aux rayons UV, \u00e0 l&rsquo;ozone et \u00e0 d&rsquo;autres facteurs environnementaux, ce qui prolonge la dur\u00e9e de vie des produits finaux.<\/p>\n\n<\/div><\/div>\n\n<div class=\"gb-grid-column gb-grid-column-7d680ce8\"><div class=\"gb-container gb-container-7d680ce8\">\n\n<h3 class=\"gb-headline gb-headline-427b0570 gb-headline-text\">Propri\u00e9t\u00e9s <br><mark class=\"gb-highlight\">di\u00e9lectriques<\/mark><\/h3>\n\n\n\n<p class=\"gb-headline gb-headline-9313c31f gb-headline-text\">Elles sont d&rsquo;excellents isolants \u00e9lectriques, ce qui les rend id\u00e9ales pour les applications dans l&rsquo;industrie \u00e9lectrique et \u00e9lectronique.<\/p>\n\n<\/div><\/div>\n\n<div class=\"gb-grid-column gb-grid-column-c2c7c81e\"><div class=\"gb-container gb-container-c2c7c81e\">\n\n<h3 class=\"gb-headline gb-headline-3f160dde gb-headline-text\"><mark class=\"gb-highlight\">Biocompatibilit\u00e9<br><\/mark>m\u00e9dicale\/alimentaire<\/h3>\n\n\n\n<p class=\"gb-headline gb-headline-bc17703d gb-headline-text\">Bases de silicone aptes \u00e0 un usage m\u00e9dical et alimentaire, conformes aux r\u00e9glementations et normes internationales strictes.<\/p>\n\n<\/div><\/div>\n<\/div>\n<\/div>\n<\/div>\n\n<div class=\"gb-container gb-container-54d1cfff\">\n<div class=\"gb-container gb-container-56baa4f7\">\n<div class=\"gb-grid-wrapper gb-grid-wrapper-8fd58eb4\">\n<div class=\"gb-grid-column gb-grid-column-4a50b10e\"><div class=\"gb-container gb-container-4a50b10e\">\n\n<h3 class=\"gb-headline gb-headline-c9c44c4f gb-headline-text\"><mark class=\"gb-highlight\">Innovation<\/mark> et durabilit\u00e9<\/h3>\n\n\n\n<p class=\"gb-headline gb-headline-0d3c9e68 gb-headline-text\">Nous nous effor\u00e7ons d&rsquo;innover continuellement dans le d\u00e9veloppement de nos bases de silicone, en recherchant des solutions plus efficaces et durables. Nous nous engageons \u00e0 adopter des pratiques responsables qui minimisent l&rsquo;impact environnemental, depuis la s\u00e9lection des mati\u00e8res premi\u00e8res jusqu&rsquo;aux processus de production. <\/p>\n\n<\/div><\/div>\n<\/div>\n<\/div>\n<\/div>\n\n<div class=\"gb-container gb-container-8e9f863d\">\n<div class=\"gb-container gb-container-fe36e83d\">\n\n<h2 class=\"gb-headline gb-headline-366a4162 gb-headline-text\"><mark class=\"gb-highlight\">Applications<\/mark> des bases de silicone<\/h2>\n\n\n\n<p class=\"gb-headline gb-headline-2552b560 gb-headline-text\">Les bases de silicone servent de point de d\u00e9part pour la cr\u00e9ation de divers produits et solutions :<\/p>\n\n\n<div class=\"gb-container gb-container-64fb34b2\">\n\n<p class=\"gb-headline gb-headline-c159c7a4 gb-headline-text\">Formulation de m\u00e9langes et de compos\u00e9s<\/p>\n\n\n\n<p class=\"gb-headline gb-headline-1f57c99a gb-headline-text\">En ajoutant des <strong>additifs<\/strong> et d&rsquo;autres ingr\u00e9dients, les bases peuvent \u00eatre modifi\u00e9es pour obtenir des m\u00e9langes aux propri\u00e9t\u00e9s sp\u00e9cifiques, telles qu&rsquo;une duret\u00e9 accrue, une r\u00e9sistance au feu, une conductivit\u00e9 thermique ou \u00e9lectrique, entre autres.<\/p>\n\n<\/div>\n\n<div class=\"gb-container gb-container-cdf0cfaa\">\n\n<p class=\"gb-headline gb-headline-95217341 gb-headline-text\"><strong>Production de composants techniques<\/strong><\/p>\n\n\n\n<p class=\"gb-headline gb-headline-4bb94a07 gb-headline-text\">Elles sont utilis\u00e9es dans la fabrication de tubes, de joints, de profil\u00e9s, de c\u00e2bles et de pi\u00e8ces moul\u00e9es qui n\u00e9cessitent les propri\u00e9t\u00e9s uniques de la silicone.<\/p>\n\n<\/div>\n\n<div class=\"gb-container gb-container-aa36fc2e\">\n\n<p class=\"gb-headline gb-headline-59bb154b gb-headline-text\"><strong>Mastics et adh\u00e9sifs<\/strong><\/p>\n\n\n\n<p class=\"gb-headline gb-headline-cafb344f gb-headline-text\">Elles sont fondamentales dans la production de mastics et d&rsquo;adh\u00e9sifs qui doivent r\u00e9sister \u00e0 des conditions extr\u00eames sans perdre leur efficacit\u00e9.<\/p>\n\n<\/div>\n\n<div class=\"gb-container gb-container-2d2e54d4\">\n\n<p class=\"gb-headline gb-headline-c064125d gb-headline-text\"><strong>Applications m\u00e9dicales et pharmaceutiques<\/strong><\/p>\n\n\n\n<p class=\"gb-headline gb-headline-220c0c01 gb-headline-text\">Gr\u00e2ce \u00e0 leur biocompatibilit\u00e9, elles sont utilis\u00e9es dans les dispositifs m\u00e9dicaux, les implants et les produits li\u00e9s \u00e0 la sant\u00e9.<\/p>\n\n<\/div>\n\n<div class=\"gb-container gb-container-286edf1c\">\n\n<p class=\"gb-headline gb-headline-7e036a7c gb-headline-text\"><strong>Industrie alimentaire<\/strong><\/p>\n\n\n\n<p class=\"gb-headline gb-headline-405a06d0 gb-headline-text\">Utilis\u00e9es dans la fabrication de moules, d&rsquo;ustensiles de cuisine et d&rsquo;autres produits qui n\u00e9cessitent un contact s\u00fbr avec les aliments.<\/p>\n\n<\/div>\n<\/div>\n<\/div>","protected":false},"excerpt":{"rendered":"<p>Bases de silicone Dans notre entreprise, nous nous engageons \u00e0 fournir des bases de silicone de la plus haute qualit\u00e9, en veillant \u00e0 ce que chaque lot r\u00e9ponde aux normes les plus strictes en mati\u00e8re de puret\u00e9 et de performance. Nous comprenons que la qualit\u00e9 de la mati\u00e8re premi\u00e8re est cruciale pour le succ\u00e8s des &#8230; <a title=\"Bases de silicone\" class=\"read-more\" href=\"https:\/\/www.silam.com\/fr\/bases-de-silicone\/\" aria-label=\"En savoir plus sur Bases de silicone\">Lire plus<\/a><\/p>\n","protected":false},"author":1,"featured_media":0,"parent":0,"menu_order":0,"comment_status":"closed","ping_status":"closed","template":"","meta":{"inline_featured_image":false,"footnotes":""},"class_list":{"0":"post-2748","1":"page","2":"type-page","3":"status-publish","5":"no-featured-image-padding"},"yoast_head":"<!-- This site is optimized with the Yoast SEO plugin v27.1.1 - https:\/\/yoast.com\/product\/yoast-seo-wordpress\/ -->\n<title>Bases de silicone - Silam | Fabricante de siliconas<\/title>\n<meta name=\"robots\" content=\"index, follow, max-snippet:-1, max-image-preview:large, max-video-preview:-1\" \/>\n<link rel=\"canonical\" href=\"https:\/\/www.silam.com\/fr\/bases-de-silicone\/\" \/>\n<meta property=\"og:locale\" content=\"fr_FR\" \/>\n<meta property=\"og:type\" content=\"article\" \/>\n<meta property=\"og:title\" content=\"Bases de silicone - Silam | Fabricante de siliconas\" \/>\n<meta property=\"og:description\" content=\"Bases de silicone Dans notre entreprise, nous nous engageons \u00e0 fournir des bases de silicone de la plus haute qualit\u00e9, en veillant \u00e0 ce que chaque lot r\u00e9ponde aux normes les plus strictes en mati\u00e8re de puret\u00e9 et de performance. Nous comprenons que la qualit\u00e9 de la mati\u00e8re premi\u00e8re est cruciale pour le succ\u00e8s des ... Lire plus\" \/>\n<meta property=\"og:url\" content=\"https:\/\/www.silam.com\/fr\/bases-de-silicone\/\" \/>\n<meta property=\"og:site_name\" content=\"Silam | Fabricante de siliconas\" \/>\n<meta property=\"article:modified_time\" content=\"2026-02-03T14:52:40+00:00\" \/>\n<meta property=\"og:image\" content=\"https:\/\/www.silam.com\/wp-content\/uploads\/2024\/09\/mezcla-de-silicona_8.jpg\" \/>\n\t<meta property=\"og:image:width\" content=\"1900\" \/>\n\t<meta property=\"og:image:height\" content=\"1267\" \/>\n\t<meta property=\"og:image:type\" content=\"image\/jpeg\" \/>\n<meta name=\"twitter:card\" content=\"summary_large_image\" \/>\n<meta name=\"twitter:label1\" content=\"Dur\u00e9e de lecture estim\u00e9e\" \/>\n\t<meta name=\"twitter:data1\" content=\"3 minutes\" \/>\n<script type=\"application\/ld+json\" class=\"yoast-schema-graph\">{\"@context\":\"https:\/\/schema.org\",\"@graph\":[{\"@type\":\"WebPage\",\"@id\":\"https:\/\/www.silam.com\/fr\/bases-de-silicone\/\",\"url\":\"https:\/\/www.silam.com\/fr\/bases-de-silicone\/\",\"name\":\"Bases de silicone - Silam | Fabricante de siliconas\",\"isPartOf\":{\"@id\":\"https:\/\/www.silam.com\/fr\/#website\"},\"datePublished\":\"2024-08-14T10:52:54+00:00\",\"dateModified\":\"2026-02-03T14:52:40+00:00\",\"breadcrumb\":{\"@id\":\"https:\/\/www.silam.com\/fr\/bases-de-silicone\/#breadcrumb\"},\"inLanguage\":\"fr-FR\",\"potentialAction\":[{\"@type\":\"ReadAction\",\"target\":[\"https:\/\/www.silam.com\/fr\/bases-de-silicone\/\"]}]},{\"@type\":\"BreadcrumbList\",\"@id\":\"https:\/\/www.silam.com\/fr\/bases-de-silicone\/#breadcrumb\",\"itemListElement\":[{\"@type\":\"ListItem\",\"position\":1,\"name\":\"Portada\",\"item\":\"https:\/\/www.silam.com\/fr\/\"},{\"@type\":\"ListItem\",\"position\":2,\"name\":\"Bases de silicone\"}]},{\"@type\":\"WebSite\",\"@id\":\"https:\/\/www.silam.com\/fr\/#website\",\"url\":\"https:\/\/www.silam.com\/fr\/\",\"name\":\"Silam | Fabricante de siliconas\",\"description\":\"Silam es una empresa dedicada a la transformaci\u00f3n de elast\u00f3meros de silicona:  mezclas de silicona y componentes t\u00e9cnicos\",\"publisher\":{\"@id\":\"https:\/\/www.silam.com\/fr\/#organization\"},\"potentialAction\":[{\"@type\":\"SearchAction\",\"target\":{\"@type\":\"EntryPoint\",\"urlTemplate\":\"https:\/\/www.silam.com\/fr\/?s={search_term_string}\"},\"query-input\":{\"@type\":\"PropertyValueSpecification\",\"valueRequired\":true,\"valueName\":\"search_term_string\"}}],\"inLanguage\":\"fr-FR\"},{\"@type\":\"Organization\",\"@id\":\"https:\/\/www.silam.com\/fr\/#organization\",\"name\":\"Silam | Fabricante de siliconas\",\"url\":\"https:\/\/www.silam.com\/fr\/\",\"logo\":{\"@type\":\"ImageObject\",\"inLanguage\":\"fr-FR\",\"@id\":\"https:\/\/www.silam.com\/fr\/#\/schema\/logo\/image\/\",\"url\":\"https:\/\/www.silam.com\/wp-content\/uploads\/2024\/08\/logo-silam.png\",\"contentUrl\":\"https:\/\/www.silam.com\/wp-content\/uploads\/2024\/08\/logo-silam.png\",\"width\":221,\"height\":93,\"caption\":\"Silam | Fabricante de siliconas\"},\"image\":{\"@id\":\"https:\/\/www.silam.com\/fr\/#\/schema\/logo\/image\/\"},\"sameAs\":[\"https:\/\/es.linkedin.com\/company\/siliconas-silam-s-a-\"]}]}<\/script>\n<!-- \/ Yoast SEO plugin. -->","yoast_head_json":{"title":"Bases de silicone - Silam | Fabricante de siliconas","robots":{"index":"index","follow":"follow","max-snippet":"max-snippet:-1","max-image-preview":"max-image-preview:large","max-video-preview":"max-video-preview:-1"},"canonical":"https:\/\/www.silam.com\/fr\/bases-de-silicone\/","og_locale":"fr_FR","og_type":"article","og_title":"Bases de silicone - Silam | Fabricante de siliconas","og_description":"Bases de silicone Dans notre entreprise, nous nous engageons \u00e0 fournir des bases de silicone de la plus haute qualit\u00e9, en veillant \u00e0 ce que chaque lot r\u00e9ponde aux normes les plus strictes en mati\u00e8re de puret\u00e9 et de performance. Nous comprenons que la qualit\u00e9 de la mati\u00e8re premi\u00e8re est cruciale pour le succ\u00e8s des ... Lire plus","og_url":"https:\/\/www.silam.com\/fr\/bases-de-silicone\/","og_site_name":"Silam | Fabricante de siliconas","article_modified_time":"2026-02-03T14:52:40+00:00","og_image":[{"width":1900,"height":1267,"url":"https:\/\/www.silam.com\/wp-content\/uploads\/2024\/09\/mezcla-de-silicona_8.jpg","type":"image\/jpeg"}],"twitter_card":"summary_large_image","twitter_misc":{"Dur\u00e9e de lecture estim\u00e9e":"3 minutes"},"schema":{"@context":"https:\/\/schema.org","@graph":[{"@type":"WebPage","@id":"https:\/\/www.silam.com\/fr\/bases-de-silicone\/","url":"https:\/\/www.silam.com\/fr\/bases-de-silicone\/","name":"Bases de silicone - Silam | Fabricante de siliconas","isPartOf":{"@id":"https:\/\/www.silam.com\/fr\/#website"},"datePublished":"2024-08-14T10:52:54+00:00","dateModified":"2026-02-03T14:52:40+00:00","breadcrumb":{"@id":"https:\/\/www.silam.com\/fr\/bases-de-silicone\/#breadcrumb"},"inLanguage":"fr-FR","potentialAction":[{"@type":"ReadAction","target":["https:\/\/www.silam.com\/fr\/bases-de-silicone\/"]}]},{"@type":"BreadcrumbList","@id":"https:\/\/www.silam.com\/fr\/bases-de-silicone\/#breadcrumb","itemListElement":[{"@type":"ListItem","position":1,"name":"Portada","item":"https:\/\/www.silam.com\/fr\/"},{"@type":"ListItem","position":2,"name":"Bases de silicone"}]},{"@type":"WebSite","@id":"https:\/\/www.silam.com\/fr\/#website","url":"https:\/\/www.silam.com\/fr\/","name":"Silam | Fabricante de siliconas","description":"Silam es una empresa dedicada a la transformaci\u00f3n de elast\u00f3meros de silicona:  mezclas de silicona y componentes t\u00e9cnicos","publisher":{"@id":"https:\/\/www.silam.com\/fr\/#organization"},"potentialAction":[{"@type":"SearchAction","target":{"@type":"EntryPoint","urlTemplate":"https:\/\/www.silam.com\/fr\/?s={search_term_string}"},"query-input":{"@type":"PropertyValueSpecification","valueRequired":true,"valueName":"search_term_string"}}],"inLanguage":"fr-FR"},{"@type":"Organization","@id":"https:\/\/www.silam.com\/fr\/#organization","name":"Silam | Fabricante de siliconas","url":"https:\/\/www.silam.com\/fr\/","logo":{"@type":"ImageObject","inLanguage":"fr-FR","@id":"https:\/\/www.silam.com\/fr\/#\/schema\/logo\/image\/","url":"https:\/\/www.silam.com\/wp-content\/uploads\/2024\/08\/logo-silam.png","contentUrl":"https:\/\/www.silam.com\/wp-content\/uploads\/2024\/08\/logo-silam.png","width":221,"height":93,"caption":"Silam | Fabricante de siliconas"},"image":{"@id":"https:\/\/www.silam.com\/fr\/#\/schema\/logo\/image\/"},"sameAs":["https:\/\/es.linkedin.com\/company\/siliconas-silam-s-a-"]}]}},"_links":{"self":[{"href":"https:\/\/www.silam.com\/fr\/wp-json\/wp\/v2\/pages\/2748","targetHints":{"allow":["GET"]}}],"collection":[{"href":"https:\/\/www.silam.com\/fr\/wp-json\/wp\/v2\/pages"}],"about":[{"href":"https:\/\/www.silam.com\/fr\/wp-json\/wp\/v2\/types\/page"}],"author":[{"embeddable":true,"href":"https:\/\/www.silam.com\/fr\/wp-json\/wp\/v2\/users\/1"}],"replies":[{"embeddable":true,"href":"https:\/\/www.silam.com\/fr\/wp-json\/wp\/v2\/comments?post=2748"}],"version-history":[{"count":0,"href":"https:\/\/www.silam.com\/fr\/wp-json\/wp\/v2\/pages\/2748\/revisions"}],"wp:attachment":[{"href":"https:\/\/www.silam.com\/fr\/wp-json\/wp\/v2\/media?parent=2748"}],"curies":[{"name":"wp","href":"https:\/\/api.w.org\/{rel}","templated":true}]}}