{"id":2660,"date":"2024-08-14T12:52:34","date_gmt":"2024-08-14T10:52:34","guid":{"rendered":"https:\/\/wordpress-958700-4787158.cloudwaysapps.com\/melanges-de-silicone\/"},"modified":"2025-09-18T10:43:03","modified_gmt":"2025-09-18T08:43:03","slug":"melanges-de-silicone","status":"publish","type":"page","link":"https:\/\/www.silam.com\/fr\/melanges-de-silicone\/","title":{"rendered":"M\u00e9langes de silicone"},"content":{"rendered":"<div class=\"gb-container gb-container-6620a58d\">\n\n<video loop=\"\" muted=\"\" autoplay=\"\" playsinline=\"\" poster=\"https:\/\/www.silam.com\/wp-content\/uploads\/2024\/08\/silam-empresa-fabricante-de-siliconas.jpg\" class=\"background-video\">\n    <source src=\"https:\/\/www.silam.com\/wp-content\/uploads\/2024\/09\/Silam-mezclas.mp4\" type=\"video\/mp4\">\n<\/source><\/video>\n\n\n<div class=\"gb-container gb-container-6ed7eab9 background-video-content\">\n\n<h1 class=\"gb-headline gb-headline-8f140a63 gb-headline-text\">M\u00e9langes de silicone<\/h1>\n\n\n\n<p class=\"gb-headline gb-headline-d8149c51 gb-headline-text\">Nous concevons, produisons et commercialisons des compos\u00e9s de silicone pr\u00eats \u00e0 l&#8217;emploi et commercialisons des bases d&rsquo;\u00e9lastom\u00e8re de silicone, offrant les solutions et d\u00e9veloppements les plus comp\u00e9titifs en collaboration avec nos clients.<\/p>\n\n\n\n<a class=\"gb-button gb-button-d8910757\" href=\"https:\/\/www.silam.com\/bases-de-silicona\/\"><span class=\"gb-button-text\">Bases de silicone<\/span><span class=\"gb-icon\"><svg xmlns=\"https:\/\/www.w3.org\/2000\/svg\" fill=\"none\" viewbox=\"0 0 24 24\"><g stroke-width=\"0\" id=\"SVGRepo_bgCarrier\"><\/g><g stroke-linejoin=\"round\" stroke-linecap=\"round\" id=\"SVGRepo_tracerCarrier\"><\/g><g id=\"SVGRepo_iconCarrier\"> <path fill=\"#fff\" d=\"M16.3153 16.6681C15.9247 17.0587 15.9247 17.6918 16.3153 18.0824C16.7058 18.4729 17.339 18.4729 17.7295 18.0824L22.3951 13.4168C23.1761 12.6357 23.1761 11.3694 22.3951 10.5883L17.7266 5.9199C17.3361 5.52938 16.703 5.52938 16.3124 5.91991C15.9219 6.31043 15.9219 6.9436 16.3124 7.33412L19.9785 11.0002L2 11.0002C1.44772 11.0002 1 11.4479 1 12.0002C1 12.5524 1.44772 13.0002 2 13.0002L19.9832 13.0002L16.3153 16.6681Z\"><\/path> <\/g><\/svg><\/span><\/a>\n\n\n\n<a class=\"gb-button gb-button-ec2c93fa\" href=\"https:\/\/www.silam.com\/aditivos-de-silicona\/\"><span class=\"gb-button-text\">Additifs de silicone<\/span><span class=\"gb-icon\"><svg xmlns=\"https:\/\/www.w3.org\/2000\/svg\" fill=\"none\" viewbox=\"0 0 24 24\"><g stroke-width=\"0\" id=\"SVGRepo_bgCarrier\"><\/g><g stroke-linejoin=\"round\" stroke-linecap=\"round\" id=\"SVGRepo_tracerCarrier\"><\/g><g id=\"SVGRepo_iconCarrier\"> <path fill=\"#bb4344\" d=\"M16.3153 16.6681C15.9247 17.0587 15.9247 17.6918 16.3153 18.0824C16.7058 18.4729 17.339 18.4729 17.7295 18.0824L22.3951 13.4168C23.1761 12.6357 23.1761 11.3694 22.3951 10.5883L17.7266 5.9199C17.3361 5.52938 16.703 5.52938 16.3124 5.91991C15.9219 6.31043 15.9219 6.9436 16.3124 7.33412L19.9785 11.0002L2 11.0002C1.44772 11.0002 1 11.4479 1 12.0002C1 12.5524 1.44772 13.0002 2 13.0002L19.9832 13.0002L16.3153 16.6681Z\"><\/path> <\/g><\/svg><\/span><\/a>\n\n<\/div>\n<\/div><div class=\"gb-container gb-container-729853f9\">\n<div class=\"gb-container gb-container-11c6b2d3\">\n\n<h2 class=\"gb-headline gb-headline-3bfa2e66 gb-headline-text\"><strong>Nous formulons et produisons des <mark class=\"gb-highlight\">m\u00e9langes de silicone<\/mark> pr\u00eats \u00e0 l&#8217;emploi<\/strong>.<\/h2>\n\n\n\n<p class=\"gb-headline gb-headline-4725fe8d gb-headline-text\">Nous adaptons les m\u00e9langes aux besoins de nos clients pour diff\u00e9rentes technologies&nbsp;: moulage par compression et injection, extrusion de tubes et de profil\u00e9s, isolation de fils et de c\u00e2bles, rev\u00eatement de rouleaux et de textiles, calandrage, etc.<\/p>\n\n\n<div class=\"gb-container gb-container-64fb34b2\">\n\n<p class=\"gb-headline gb-headline-c159c7a4 gb-headline-text\">DURET\u00c9<\/p>\n\n\n\n<p class=\"gb-headline gb-headline-1f57c99a gb-headline-text\">Silicone \u2013 De 10 Sh A \u00e0 90 Sh A<\/p>\n\n<\/div>\n\n<div class=\"gb-container gb-container-cdf0cfaa\">\n\n<p class=\"gb-headline gb-headline-95217341 gb-headline-text\"><strong>T\u00aa de travail<\/strong><\/p>\n\n\n\n<p class=\"gb-headline gb-headline-4bb94a07 gb-headline-text\">Silicone \u2013 De -60&nbsp;\u00baC \u00e0 300&nbsp;\u00baC<\/p>\n\n<\/div>\n\n<div class=\"gb-container gb-container-aa36fc2e\">\n\n<p class=\"gb-headline gb-headline-59bb154b gb-headline-text\"><strong>Couleurs<\/strong><\/p>\n\n\n\n<p class=\"gb-headline gb-headline-cafb344f gb-headline-text\">Transparent et toute couleur selon les tableaux RAL<\/p>\n\n<\/div>\n\n<div class=\"gb-container gb-container-2d2e54d4\">\n\n<p class=\"gb-headline gb-headline-c064125d gb-headline-text\"><strong>Certifications externes<\/strong><\/p>\n\n\n\n<p class=\"gb-headline gb-headline-220c0c01 gb-headline-text\">Pharmacop\u00e9e europ\u00e9enne, USP XXV Classe VI, FDA CFR 21-177.2600, RAL, EN549, EN50200, inscrits au Registre g\u00e9n\u00e9ral de la sant\u00e9 39.04695\/SS, etc.<\/p>\n\n<\/div>\n\n<div class=\"gb-container gb-container-286edf1c\">\n\n<p class=\"gb-headline gb-headline-7e036a7c gb-headline-text\"><strong>Dosage<\/strong><\/p>\n\n\n\n<p class=\"gb-headline gb-headline-405a06d0 gb-headline-text\">Les m\u00e9langes de silicone sont fournis dans une grande vari\u00e9t\u00e9 de formes&nbsp;: en plaques de diff\u00e9rentes mesures et \u00e9paisseurs, en bande continue de diff\u00e9rentes dimensions, en balles cylindriques, etc.<\/p>\n\n<\/div>\n<\/div>\n<\/div><div class=\"gb-container gb-container-54d1cfff\">\n<div class=\"gb-container gb-container-56baa4f7\">\n<div class=\"gb-grid-wrapper gb-grid-wrapper-8fd58eb4\">\n<div class=\"gb-grid-column gb-grid-column-4a50b10e\"><div class=\"gb-container gb-container-4a50b10e\">\n\n<figure class=\"gb-block-image gb-block-image-7617f3d1\"><img decoding=\"async\" width=\"187\" height=\"41\" class=\"gb-image gb-image-7617f3d1\" src=\"https:\/\/www.silam.com\/wp-content\/uploads\/2024\/09\/wacker.svg\" alt=\"\" title=\"wacker\"><\/figure>\n\n\n\n<h3 class=\"gb-headline gb-headline-c9c44c4f gb-headline-text\"><mark class=\"gb-highlight\">Alliance<br><\/mark> avec Wacker.<\/h3>\n\n\n\n<p class=\"gb-headline gb-headline-0d3c9e68 gb-headline-text\">Depuis l&rsquo;an 2000, SILAM est le m\u00e9langeur officiel de silicones HCR de <a href=\"https:\/\/www.wacker.com\/cms\/de-es\/home\/home.html\"><strong>Wacker Chemie GmbH<\/strong><\/a> pour l&rsquo;Espagne et le Portugal.<\/p>\n\n<\/div><\/div>\n<\/div>\n<\/div>\n<\/div><div class=\"gb-container gb-container-df21a101\">\n<div class=\"gb-container gb-container-ccb3401f\">\n\n<h2 class=\"gb-headline gb-headline-f428ea4e gb-headline-text\"><strong>Cr\u00e9ation de <\/strong>compos\u00e9s de silicone personnalis\u00e9s gr\u00e2ce \u00e0 la combinaison de <mark class=\"gb-highlight\">bases et d&rsquo;additifs<\/mark>.<\/h2>\n\n\n<div class=\"gb-grid-wrapper gb-grid-wrapper-f33d1057\">\n<div class=\"gb-grid-column gb-grid-column-bb610429\"><div class=\"gb-container gb-container-bb610429\">\n<div class=\"gb-container gb-container-e88af42e\">\n\n<figure class=\"gb-block-image gb-block-image-8c4cf92a\"><img decoding=\"async\" width=\"150\" height=\"150\" class=\"gb-image gb-image-8c4cf92a\" src=\"https:\/\/www.silam.com\/wp-content\/uploads\/2024\/09\/base-de-silicona-1-150x150.jpg\" alt=\"base-de-silicone\" title=\"base-de-silicone\" srcset=\"https:\/\/www.silam.com\/wp-content\/uploads\/2024\/09\/base-de-silicona-1-150x150.jpg 150w, https:\/\/www.silam.com\/wp-content\/uploads\/2024\/09\/base-de-silicona-1-300x300.jpg 300w, https:\/\/www.silam.com\/wp-content\/uploads\/2024\/09\/base-de-silicona-1.jpg 333w\" sizes=\"(max-width: 150px) 100vw, 150px\" \/><\/figure>\n\n<\/div>\n\n\n<h3 class=\"gb-headline gb-headline-778857ab gb-headline-text\">Bases de silicone<\/h3>\n\n\n\n<p class=\"gb-headline gb-headline-0080c5be gb-headline-text\">Polym\u00e8res de silicone purs qui servent de mati\u00e8re premi\u00e8re fondamentale. Ils fournissent les propri\u00e9t\u00e9s de base de la silicone, telles que l&rsquo;\u00e9lasticit\u00e9 et la r\u00e9sistance aux hautes temp\u00e9ratures. <\/p>\n\n\n<div class=\"gb-container gb-container-f54be31b\">\n\n<a class=\"gb-button gb-button-eb3bad38\" href=\"https:\/\/www.silam.com\/bases-de-silicona\/\"><span class=\"gb-button-text\">En savoir plus sur les bases de silicone<\/span><span class=\"gb-icon\"><svg xmlns:xlink=\"https:\/\/www.w3.org\/1999\/xlink\" xmlns=\"https:\/\/www.w3.org\/2000\/svg\" xml:space=\"preserve\" style=\"enable-background:new 0 0 512 512;\" viewbox=\"0 0 512 512\" y=\"0px\" x=\"0px\" id=\"Capa_1\" version=\"1.1\"> <g> \t<path d=\"M436.2,239.6c-54-53.8-107.3-107-160.9-160.6c8.5-8.2,15.4-14.8,21.6-20.7c66.2,66.1,132.6,132.3,198.4,198 \t\tC430,321.6,363.8,387.7,297.8,453.7c-6-6.2-12.8-13.3-20.2-21C330.7,379.6,385,325.4,440.5,270c-141.8,0-282.4,0-423.8,0 \t\tc0-10.5,0-19.9,0-30.4C156.6,239.6,296.3,239.6,436.2,239.6z\"><\/path> <\/g> <\/svg><\/span><\/a>\n\n<\/div>\n<\/div><\/div>\n\n<div class=\"gb-grid-column gb-grid-column-005d7ae5\"><div class=\"gb-container gb-container-005d7ae5\">\n<div class=\"gb-container gb-container-b601fbbc\">\n\n<figure class=\"gb-block-image gb-block-image-f45e7678\"><img decoding=\"async\" width=\"150\" height=\"150\" class=\"gb-image gb-image-f45e7678\" src=\"https:\/\/www.silam.com\/wp-content\/uploads\/2024\/08\/silam-mezclas-de-silicona-150x150.jpg\" alt=\"silam-mezclas-de-silicona\" title=\"silam-mezclas-de-silicona\" srcset=\"https:\/\/www.silam.com\/wp-content\/uploads\/2024\/08\/silam-mezclas-de-silicona-150x150.jpg 150w, https:\/\/www.silam.com\/wp-content\/uploads\/2024\/08\/silam-mezclas-de-silicona-300x300.jpg 300w, https:\/\/www.silam.com\/wp-content\/uploads\/2024\/08\/silam-mezclas-de-silicona.jpg 333w\" sizes=\"(max-width: 150px) 100vw, 150px\" \/><\/figure>\n\n<\/div>\n\n\n<h3 class=\"gb-headline gb-headline-b56602a6 gb-headline-text\">Additifs de silicone<\/h3>\n\n\n\n<p class=\"gb-headline gb-headline-cc08e1f5 gb-headline-text\">Substances qui sont ajout\u00e9es aux bases pour modifier ou am\u00e9liorer certaines propri\u00e9t\u00e9s. Par exemple, elles peuvent augmenter la r\u00e9sistance \u00e0 l&rsquo;usure, ajouter de la couleur, am\u00e9liorer la conductivit\u00e9 thermique, etc. <\/p>\n\n\n<div class=\"gb-container gb-container-4185ecc3\">\n\n<a class=\"gb-button gb-button-3631d037\" href=\"https:\/\/www.silam.com\/aditivos-de-silicona\/\"><span class=\"gb-button-text\">En savoir plus sur les additifs de silicone<\/span><span class=\"gb-icon\"><svg xmlns:xlink=\"https:\/\/www.w3.org\/1999\/xlink\" xmlns=\"https:\/\/www.w3.org\/2000\/svg\" xml:space=\"preserve\" style=\"enable-background:new 0 0 512 512;\" viewbox=\"0 0 512 512\" y=\"0px\" x=\"0px\" id=\"Capa_1\" version=\"1.1\"> <g> \t<path d=\"M436.2,239.6c-54-53.8-107.3-107-160.9-160.6c8.5-8.2,15.4-14.8,21.6-20.7c66.2,66.1,132.6,132.3,198.4,198 \t\tC430,321.6,363.8,387.7,297.8,453.7c-6-6.2-12.8-13.3-20.2-21C330.7,379.6,385,325.4,440.5,270c-141.8,0-282.4,0-423.8,0 \t\tc0-10.5,0-19.9,0-30.4C156.6,239.6,296.3,239.6,436.2,239.6z\"><\/path> <\/g> <\/svg><\/span><\/a>\n\n<\/div>\n<\/div><\/div>\n<\/div>\n<\/div>\n<\/div><div class=\"gb-container gb-container-4c2d508e\">\n\n<figure class=\"wp-block-gallery has-nested-images columns-default is-cropped wp-block-gallery-1 is-layout-flex wp-block-gallery-is-layout-flex\">\n<figure class=\"wp-block-image size-full\"><a href=\"https:\/\/www.silam.com\/wp-content\/uploads\/2024\/09\/mezcla-de-silicona_7.jpg\"><img decoding=\"async\" width=\"1900\" height=\"1267\" data-id=\"2131\" src=\"https:\/\/www.silam.com\/wp-content\/uploads\/2024\/09\/mezcla-de-silicona_7.jpg\" alt=\"m&#xE9;lange de silicone\" class=\"wp-image-2131\" srcset=\"https:\/\/www.silam.com\/wp-content\/uploads\/2024\/09\/mezcla-de-silicona_7.jpg 1900w, https:\/\/www.silam.com\/wp-content\/uploads\/2024\/09\/mezcla-de-silicona_7-300x200.jpg 300w, https:\/\/www.silam.com\/wp-content\/uploads\/2024\/09\/mezcla-de-silicona_7-1024x683.jpg 1024w, https:\/\/www.silam.com\/wp-content\/uploads\/2024\/09\/mezcla-de-silicona_7-768x512.jpg 768w, https:\/\/www.silam.com\/wp-content\/uploads\/2024\/09\/mezcla-de-silicona_7-1536x1024.jpg 1536w\" sizes=\"(max-width: 1900px) 100vw, 1900px\" \/><\/a><\/figure>\n\n\n\n<figure class=\"wp-block-image size-full\"><a href=\"https:\/\/www.silam.com\/wp-content\/uploads\/2024\/09\/mezcla-de-silicona_3.jpg\"><img decoding=\"async\" width=\"1900\" height=\"1089\" data-id=\"2137\" src=\"https:\/\/www.silam.com\/wp-content\/uploads\/2024\/09\/mezcla-de-silicona_3.jpg\" alt=\"m&#xE9;lange de silicone\" class=\"wp-image-2137\" srcset=\"https:\/\/www.silam.com\/wp-content\/uploads\/2024\/09\/mezcla-de-silicona_3.jpg 1900w, https:\/\/www.silam.com\/wp-content\/uploads\/2024\/09\/mezcla-de-silicona_3-300x172.jpg 300w, https:\/\/www.silam.com\/wp-content\/uploads\/2024\/09\/mezcla-de-silicona_3-1024x587.jpg 1024w, https:\/\/www.silam.com\/wp-content\/uploads\/2024\/09\/mezcla-de-silicona_3-768x440.jpg 768w, https:\/\/www.silam.com\/wp-content\/uploads\/2024\/09\/mezcla-de-silicona_3-1536x880.jpg 1536w\" sizes=\"(max-width: 1900px) 100vw, 1900px\" \/><\/a><\/figure>\n\n\n\n<figure class=\"wp-block-image size-full\"><a href=\"https:\/\/www.silam.com\/wp-content\/uploads\/2024\/09\/mezcla-de-silicona_2.jpg\"><img decoding=\"async\" width=\"1900\" height=\"1221\" data-id=\"2136\" src=\"https:\/\/www.silam.com\/wp-content\/uploads\/2024\/09\/mezcla-de-silicona_2.jpg\" alt=\"m&#xE9;lange de silicone\" class=\"wp-image-2136\" srcset=\"https:\/\/www.silam.com\/wp-content\/uploads\/2024\/09\/mezcla-de-silicona_2.jpg 1900w, https:\/\/www.silam.com\/wp-content\/uploads\/2024\/09\/mezcla-de-silicona_2-300x193.jpg 300w, https:\/\/www.silam.com\/wp-content\/uploads\/2024\/09\/mezcla-de-silicona_2-1024x658.jpg 1024w, https:\/\/www.silam.com\/wp-content\/uploads\/2024\/09\/mezcla-de-silicona_2-768x494.jpg 768w, https:\/\/www.silam.com\/wp-content\/uploads\/2024\/09\/mezcla-de-silicona_2-1536x987.jpg 1536w\" sizes=\"(max-width: 1900px) 100vw, 1900px\" \/><\/a><\/figure>\n\n\n\n<figure class=\"wp-block-image size-full\"><a href=\"https:\/\/www.silam.com\/wp-content\/uploads\/2024\/09\/mezcla-de-silicona.jpg\"><img decoding=\"async\" width=\"1900\" height=\"1221\" data-id=\"2134\" src=\"https:\/\/www.silam.com\/wp-content\/uploads\/2024\/09\/mezcla-de-silicona.jpg\" alt=\"m&#xE9;lange de silicone\" class=\"wp-image-2134\" srcset=\"https:\/\/www.silam.com\/wp-content\/uploads\/2024\/09\/mezcla-de-silicona.jpg 1900w, https:\/\/www.silam.com\/wp-content\/uploads\/2024\/09\/mezcla-de-silicona-300x193.jpg 300w, https:\/\/www.silam.com\/wp-content\/uploads\/2024\/09\/mezcla-de-silicona-1024x658.jpg 1024w, https:\/\/www.silam.com\/wp-content\/uploads\/2024\/09\/mezcla-de-silicona-768x494.jpg 768w, https:\/\/www.silam.com\/wp-content\/uploads\/2024\/09\/mezcla-de-silicona-1536x987.jpg 1536w\" sizes=\"(max-width: 1900px) 100vw, 1900px\" \/><\/a><\/figure>\n\n\n\n<figure class=\"wp-block-image size-full\"><a href=\"https:\/\/www.silam.com\/wp-content\/uploads\/2024\/09\/mezcla-de-silicona_9.jpg\"><img decoding=\"async\" width=\"1900\" height=\"1267\" data-id=\"2133\" src=\"https:\/\/www.silam.com\/wp-content\/uploads\/2024\/09\/mezcla-de-silicona_9.jpg\" alt=\"m&#xE9;lange de silicone\" class=\"wp-image-2133\" srcset=\"https:\/\/www.silam.com\/wp-content\/uploads\/2024\/09\/mezcla-de-silicona_9.jpg 1900w, https:\/\/www.silam.com\/wp-content\/uploads\/2024\/09\/mezcla-de-silicona_9-300x200.jpg 300w, https:\/\/www.silam.com\/wp-content\/uploads\/2024\/09\/mezcla-de-silicona_9-1024x683.jpg 1024w, https:\/\/www.silam.com\/wp-content\/uploads\/2024\/09\/mezcla-de-silicona_9-768x512.jpg 768w, https:\/\/www.silam.com\/wp-content\/uploads\/2024\/09\/mezcla-de-silicona_9-1536x1024.jpg 1536w\" sizes=\"(max-width: 1900px) 100vw, 1900px\" \/><\/a><\/figure>\n\n\n\n<figure class=\"wp-block-image size-full\"><a href=\"https:\/\/www.silam.com\/wp-content\/uploads\/2024\/09\/mezcla-de-silicona_6.jpg\"><img decoding=\"async\" width=\"1900\" height=\"1267\" data-id=\"2130\" src=\"https:\/\/www.silam.com\/wp-content\/uploads\/2024\/09\/mezcla-de-silicona_6.jpg\" alt=\"m&#xE9;lange de silicone\" class=\"wp-image-2130\" srcset=\"https:\/\/www.silam.com\/wp-content\/uploads\/2024\/09\/mezcla-de-silicona_6.jpg 1900w, https:\/\/www.silam.com\/wp-content\/uploads\/2024\/09\/mezcla-de-silicona_6-300x200.jpg 300w, https:\/\/www.silam.com\/wp-content\/uploads\/2024\/09\/mezcla-de-silicona_6-1024x683.jpg 1024w, https:\/\/www.silam.com\/wp-content\/uploads\/2024\/09\/mezcla-de-silicona_6-768x512.jpg 768w, https:\/\/www.silam.com\/wp-content\/uploads\/2024\/09\/mezcla-de-silicona_6-1536x1024.jpg 1536w\" sizes=\"(max-width: 1900px) 100vw, 1900px\" \/><\/a><\/figure>\n<\/figure>\n\n<\/div>","protected":false},"excerpt":{"rendered":"<p>M\u00e9langes de silicone Nous concevons, produisons et commercialisons des compos\u00e9s de silicone pr\u00eats \u00e0 l&#8217;emploi et commercialisons des bases d&rsquo;\u00e9lastom\u00e8re de silicone, offrant les solutions et d\u00e9veloppements les plus comp\u00e9titifs en collaboration avec nos clients. Nous formulons et produisons des m\u00e9langes de silicone pr\u00eats \u00e0 l&#8217;emploi. Nous adaptons les m\u00e9langes aux besoins de nos clients &#8230; <a title=\"M\u00e9langes de silicone\" class=\"read-more\" href=\"https:\/\/www.silam.com\/fr\/melanges-de-silicone\/\" aria-label=\"En savoir plus sur M\u00e9langes de silicone\">Lire plus<\/a><\/p>\n","protected":false},"author":1,"featured_media":0,"parent":0,"menu_order":0,"comment_status":"closed","ping_status":"closed","template":"","meta":{"inline_featured_image":false,"footnotes":""},"class_list":{"0":"post-2660","1":"page","2":"type-page","3":"status-publish","5":"no-featured-image-padding"},"yoast_head":"<!-- This site is optimized with the Yoast SEO plugin v27.1.1 - https:\/\/yoast.com\/product\/yoast-seo-wordpress\/ -->\n<title>M\u00e9langes de silicone - Silam | Fabricante de siliconas<\/title>\n<meta name=\"robots\" content=\"index, follow, max-snippet:-1, max-image-preview:large, max-video-preview:-1\" \/>\n<link rel=\"canonical\" href=\"https:\/\/www.silam.com\/fr\/melanges-de-silicone\/\" \/>\n<meta property=\"og:locale\" content=\"fr_FR\" \/>\n<meta property=\"og:type\" content=\"article\" \/>\n<meta property=\"og:title\" content=\"M\u00e9langes de silicone - Silam | Fabricante de siliconas\" \/>\n<meta property=\"og:description\" content=\"M\u00e9langes de silicone Nous concevons, produisons et commercialisons des compos\u00e9s de silicone pr\u00eats \u00e0 l&#8217;emploi et commercialisons des bases d&rsquo;\u00e9lastom\u00e8re de silicone, offrant les solutions et d\u00e9veloppements les plus comp\u00e9titifs en collaboration avec nos clients. Nous formulons et produisons des m\u00e9langes de silicone pr\u00eats \u00e0 l&#8217;emploi. Nous adaptons les m\u00e9langes aux besoins de nos clients ... Lire plus\" \/>\n<meta property=\"og:url\" content=\"https:\/\/www.silam.com\/fr\/melanges-de-silicone\/\" \/>\n<meta property=\"og:site_name\" content=\"Silam | Fabricante de siliconas\" \/>\n<meta property=\"article:modified_time\" content=\"2025-09-18T08:43:03+00:00\" \/>\n<meta property=\"og:image\" content=\"https:\/\/www.silam.com\/wp-content\/uploads\/2024\/09\/wacker.svg\" \/>\n<meta name=\"twitter:card\" content=\"summary_large_image\" \/>\n<meta name=\"twitter:label1\" content=\"Dur\u00e9e de lecture estim\u00e9e\" \/>\n\t<meta name=\"twitter:data1\" content=\"2 minutes\" \/>\n<script type=\"application\/ld+json\" class=\"yoast-schema-graph\">{\"@context\":\"https:\/\/schema.org\",\"@graph\":[{\"@type\":\"WebPage\",\"@id\":\"https:\/\/www.silam.com\/fr\/melanges-de-silicone\/\",\"url\":\"https:\/\/www.silam.com\/fr\/melanges-de-silicone\/\",\"name\":\"M\u00e9langes de silicone - Silam | Fabricante de siliconas\",\"isPartOf\":{\"@id\":\"https:\/\/www.silam.com\/fr\/#website\"},\"primaryImageOfPage\":{\"@id\":\"https:\/\/www.silam.com\/fr\/melanges-de-silicone\/#primaryimage\"},\"image\":{\"@id\":\"https:\/\/www.silam.com\/fr\/melanges-de-silicone\/#primaryimage\"},\"thumbnailUrl\":\"https:\/\/www.silam.com\/wp-content\/uploads\/2024\/09\/wacker.svg\",\"datePublished\":\"2024-08-14T10:52:34+00:00\",\"dateModified\":\"2025-09-18T08:43:03+00:00\",\"breadcrumb\":{\"@id\":\"https:\/\/www.silam.com\/fr\/melanges-de-silicone\/#breadcrumb\"},\"inLanguage\":\"fr-FR\",\"potentialAction\":[{\"@type\":\"ReadAction\",\"target\":[\"https:\/\/www.silam.com\/fr\/melanges-de-silicone\/\"]}]},{\"@type\":\"ImageObject\",\"inLanguage\":\"fr-FR\",\"@id\":\"https:\/\/www.silam.com\/fr\/melanges-de-silicone\/#primaryimage\",\"url\":\"https:\/\/www.silam.com\/wp-content\/uploads\/2024\/09\/wacker.svg\",\"contentUrl\":\"https:\/\/www.silam.com\/wp-content\/uploads\/2024\/09\/wacker.svg\"},{\"@type\":\"BreadcrumbList\",\"@id\":\"https:\/\/www.silam.com\/fr\/melanges-de-silicone\/#breadcrumb\",\"itemListElement\":[{\"@type\":\"ListItem\",\"position\":1,\"name\":\"Portada\",\"item\":\"https:\/\/www.silam.com\/fr\/\"},{\"@type\":\"ListItem\",\"position\":2,\"name\":\"M\u00e9langes de silicone\"}]},{\"@type\":\"WebSite\",\"@id\":\"https:\/\/www.silam.com\/fr\/#website\",\"url\":\"https:\/\/www.silam.com\/fr\/\",\"name\":\"Silam | Fabricante de siliconas\",\"description\":\"Silam es una empresa dedicada a la transformaci\u00f3n de elast\u00f3meros de silicona:  mezclas de silicona y componentes t\u00e9cnicos\",\"publisher\":{\"@id\":\"https:\/\/www.silam.com\/fr\/#organization\"},\"potentialAction\":[{\"@type\":\"SearchAction\",\"target\":{\"@type\":\"EntryPoint\",\"urlTemplate\":\"https:\/\/www.silam.com\/fr\/?s={search_term_string}\"},\"query-input\":{\"@type\":\"PropertyValueSpecification\",\"valueRequired\":true,\"valueName\":\"search_term_string\"}}],\"inLanguage\":\"fr-FR\"},{\"@type\":\"Organization\",\"@id\":\"https:\/\/www.silam.com\/fr\/#organization\",\"name\":\"Silam | Fabricante de siliconas\",\"url\":\"https:\/\/www.silam.com\/fr\/\",\"logo\":{\"@type\":\"ImageObject\",\"inLanguage\":\"fr-FR\",\"@id\":\"https:\/\/www.silam.com\/fr\/#\/schema\/logo\/image\/\",\"url\":\"https:\/\/www.silam.com\/wp-content\/uploads\/2024\/08\/logo-silam.png\",\"contentUrl\":\"https:\/\/www.silam.com\/wp-content\/uploads\/2024\/08\/logo-silam.png\",\"width\":221,\"height\":93,\"caption\":\"Silam | Fabricante de siliconas\"},\"image\":{\"@id\":\"https:\/\/www.silam.com\/fr\/#\/schema\/logo\/image\/\"},\"sameAs\":[\"https:\/\/es.linkedin.com\/company\/siliconas-silam-s-a-\"]}]}<\/script>\n<!-- \/ Yoast SEO plugin. -->","yoast_head_json":{"title":"M\u00e9langes de silicone - Silam | Fabricante de siliconas","robots":{"index":"index","follow":"follow","max-snippet":"max-snippet:-1","max-image-preview":"max-image-preview:large","max-video-preview":"max-video-preview:-1"},"canonical":"https:\/\/www.silam.com\/fr\/melanges-de-silicone\/","og_locale":"fr_FR","og_type":"article","og_title":"M\u00e9langes de silicone - Silam | Fabricante de siliconas","og_description":"M\u00e9langes de silicone Nous concevons, produisons et commercialisons des compos\u00e9s de silicone pr\u00eats \u00e0 l&#8217;emploi et commercialisons des bases d&rsquo;\u00e9lastom\u00e8re de silicone, offrant les solutions et d\u00e9veloppements les plus comp\u00e9titifs en collaboration avec nos clients. Nous formulons et produisons des m\u00e9langes de silicone pr\u00eats \u00e0 l&#8217;emploi. Nous adaptons les m\u00e9langes aux besoins de nos clients ... Lire plus","og_url":"https:\/\/www.silam.com\/fr\/melanges-de-silicone\/","og_site_name":"Silam | Fabricante de siliconas","article_modified_time":"2025-09-18T08:43:03+00:00","og_image":[{"url":"https:\/\/www.silam.com\/wp-content\/uploads\/2024\/09\/wacker.svg","type":"","width":"","height":""}],"twitter_card":"summary_large_image","twitter_misc":{"Dur\u00e9e de lecture estim\u00e9e":"2 minutes"},"schema":{"@context":"https:\/\/schema.org","@graph":[{"@type":"WebPage","@id":"https:\/\/www.silam.com\/fr\/melanges-de-silicone\/","url":"https:\/\/www.silam.com\/fr\/melanges-de-silicone\/","name":"M\u00e9langes de silicone - Silam | Fabricante de siliconas","isPartOf":{"@id":"https:\/\/www.silam.com\/fr\/#website"},"primaryImageOfPage":{"@id":"https:\/\/www.silam.com\/fr\/melanges-de-silicone\/#primaryimage"},"image":{"@id":"https:\/\/www.silam.com\/fr\/melanges-de-silicone\/#primaryimage"},"thumbnailUrl":"https:\/\/www.silam.com\/wp-content\/uploads\/2024\/09\/wacker.svg","datePublished":"2024-08-14T10:52:34+00:00","dateModified":"2025-09-18T08:43:03+00:00","breadcrumb":{"@id":"https:\/\/www.silam.com\/fr\/melanges-de-silicone\/#breadcrumb"},"inLanguage":"fr-FR","potentialAction":[{"@type":"ReadAction","target":["https:\/\/www.silam.com\/fr\/melanges-de-silicone\/"]}]},{"@type":"ImageObject","inLanguage":"fr-FR","@id":"https:\/\/www.silam.com\/fr\/melanges-de-silicone\/#primaryimage","url":"https:\/\/www.silam.com\/wp-content\/uploads\/2024\/09\/wacker.svg","contentUrl":"https:\/\/www.silam.com\/wp-content\/uploads\/2024\/09\/wacker.svg"},{"@type":"BreadcrumbList","@id":"https:\/\/www.silam.com\/fr\/melanges-de-silicone\/#breadcrumb","itemListElement":[{"@type":"ListItem","position":1,"name":"Portada","item":"https:\/\/www.silam.com\/fr\/"},{"@type":"ListItem","position":2,"name":"M\u00e9langes de silicone"}]},{"@type":"WebSite","@id":"https:\/\/www.silam.com\/fr\/#website","url":"https:\/\/www.silam.com\/fr\/","name":"Silam | Fabricante de siliconas","description":"Silam es una empresa dedicada a la transformaci\u00f3n de elast\u00f3meros de silicona:  mezclas de silicona y componentes t\u00e9cnicos","publisher":{"@id":"https:\/\/www.silam.com\/fr\/#organization"},"potentialAction":[{"@type":"SearchAction","target":{"@type":"EntryPoint","urlTemplate":"https:\/\/www.silam.com\/fr\/?s={search_term_string}"},"query-input":{"@type":"PropertyValueSpecification","valueRequired":true,"valueName":"search_term_string"}}],"inLanguage":"fr-FR"},{"@type":"Organization","@id":"https:\/\/www.silam.com\/fr\/#organization","name":"Silam | Fabricante de siliconas","url":"https:\/\/www.silam.com\/fr\/","logo":{"@type":"ImageObject","inLanguage":"fr-FR","@id":"https:\/\/www.silam.com\/fr\/#\/schema\/logo\/image\/","url":"https:\/\/www.silam.com\/wp-content\/uploads\/2024\/08\/logo-silam.png","contentUrl":"https:\/\/www.silam.com\/wp-content\/uploads\/2024\/08\/logo-silam.png","width":221,"height":93,"caption":"Silam | Fabricante de siliconas"},"image":{"@id":"https:\/\/www.silam.com\/fr\/#\/schema\/logo\/image\/"},"sameAs":["https:\/\/es.linkedin.com\/company\/siliconas-silam-s-a-"]}]}},"_links":{"self":[{"href":"https:\/\/www.silam.com\/fr\/wp-json\/wp\/v2\/pages\/2660","targetHints":{"allow":["GET"]}}],"collection":[{"href":"https:\/\/www.silam.com\/fr\/wp-json\/wp\/v2\/pages"}],"about":[{"href":"https:\/\/www.silam.com\/fr\/wp-json\/wp\/v2\/types\/page"}],"author":[{"embeddable":true,"href":"https:\/\/www.silam.com\/fr\/wp-json\/wp\/v2\/users\/1"}],"replies":[{"embeddable":true,"href":"https:\/\/www.silam.com\/fr\/wp-json\/wp\/v2\/comments?post=2660"}],"version-history":[{"count":0,"href":"https:\/\/www.silam.com\/fr\/wp-json\/wp\/v2\/pages\/2660\/revisions"}],"wp:attachment":[{"href":"https:\/\/www.silam.com\/fr\/wp-json\/wp\/v2\/media?parent=2660"}],"curies":[{"name":"wp","href":"https:\/\/api.w.org\/{rel}","templated":true}]}}