{"id":2978,"date":"2024-08-14T12:55:53","date_gmt":"2024-08-14T10:55:53","guid":{"rendered":"https:\/\/wordpress-958700-4787158.cloudwaysapps.com\/kalitatea-ig\/"},"modified":"2025-09-18T11:40:45","modified_gmt":"2025-09-18T09:40:45","slug":"kalitatea-ig","status":"publish","type":"page","link":"https:\/\/www.silam.com\/eu\/kalitatea-ig\/","title":{"rendered":"Kalitatea \/ I+G"},"content":{"rendered":"<div class=\"gb-container gb-container-6620a58d\">\n\n<video loop=\"\" muted=\"\" autoplay=\"\" playsinline=\"\" poster=\"https:\/\/www.silam.com\/wp-content\/uploads\/2024\/08\/silam-empresa-fabricante-de-siliconas.jpg\" class=\"background-video\">\n    <source src=\"https:\/\/www.silam.com\/wp-content\/uploads\/2024\/09\/silam-tech-center.mp4\" type=\"video\/mp4\">\n<\/source><\/video>\n\n\n<div class=\"gb-container gb-container-6ed7eab9 background-video-content\">\n\n<h1 class=\"gb-headline gb-headline-8f140a63 gb-headline-text\"><strong>Silam Tech Center<\/strong>, teknologia aurreratuaren espazioa<\/h1>\n\n\n\n<p class=\"gb-headline gb-headline-d8149c51 gb-headline-text\"><strong>Silam Tech Center<\/strong> apustu estrategiko osoa da, beti aurrera eginez marka kultura batean, beti bilatu duena berrikuntza, garapena eta produktuen kalitatea. Laborategiko ekipo berrietan inbertsioa, pertsonalaren kontratazio eta prestakuntza gure etengabeko barne antolaketaren parte dira. <\/p>\n\n<\/div>\n<\/div><div class=\"gb-container gb-container-729853f9\">\n<div class=\"gb-container gb-container-11c6b2d3\">\n\n<h2 class=\"gb-headline gb-headline-3bfa2e66 gb-headline-text\"><strong><mark class=\"gb-highlight\">Teknologia aurreratuaren<\/mark> espazioa<\/strong><\/h2>\n\n\n\n<p class=\"gb-headline gb-headline-4725fe8d gb-headline-text\"><strong>Silam Tech Center<\/strong> instalazio modernoak dituen espazioa da, laborategia eta teknologia aurreratuko ekipoak osatzen dutena, eta baita oso kualifikatutako giza taldea ere, proiektu bakoitzarekin espezializatzen jarraitzen duena.<\/p>\n\n<\/div>\n\n<div class=\"n2-section-smartslider fitvidsignore  n2_clear\" data-ssid=\"2\" tabindex=\"0\" role=\"region\" aria-label=\"Slider\"><div id=\"n2-ss-2-align\" class=\"n2-ss-align\"><div class=\"n2-padding\"><div id=\"n2-ss-2\" data-creator=\"Smart Slider 3\" data-responsive=\"fullwidth\" class=\"n2-ss-slider n2-ow n2-has-hover n2notransition   n2-ss-showcase-horizontal\">\n\n\n\n<div class=\"n2-ss-slider-wrapper-inside\">        <div class=\"n2-ss-slider-1 n2_ss__touch_element n2-ow\">\n            <div class=\"n2-ss-slider-2 n2-ow\">\n                                <div class=\"n2-ss-slider-3 n2-ow\">\n                    <svg xmlns=\"http:\/\/www.w3.org\/2000\/svg\" viewBox=\"0 0 1200 600\" data-related-device=\"desktopPortrait\" class=\"n2-ow n2-ss-preserve-size n2-ss-preserve-size--slider n2-ss-slide-limiter\" style=\"max-width:1200px\"><\/svg>                    <div class=\"n2-ss-showcase-slides n2-ow\">\n                        <svg xmlns=\"http:\/\/www.w3.org\/2000\/svg\" viewBox=\"0 0 800 500\" class=\"n2-ow n2-ss-preserve-size n2-ss-slide-limiter\"><\/svg>\n                        <div data-first=\"1\" data-slide-duration=\"0\" data-id=\"11\" data-slide-public-id=\"1\" data-title=\"Silam-siliconas-2\" style=\"box-shadow: 0 1px 20px RGBA(0, 0, 0, 0.1);\" class=\"n2-ss-slide  n2-ss-slide-11 n2-ow\"><div class=\"n2-ss-slide-background\" data-public-id=\"1\" data-mode=\"fill\"><div class=\"n2-ss-slide-background-image\" data-blur=\"0\" data-opacity=\"100\" data-x=\"50\" data-y=\"50\" data-alt=\"Silam-siliconas-2\" data-title=\"\"><picture class=\"skip-lazy\" data-skip-lazy=\"1\"><source srcset=\"\/\/www.silam.com\/wp-content\/uploads\/slider\/cache\/4728c8ac8170a9d1a5334b4ab60d4d6a\/Silam-siliconas-2.webp\" type=\"image\/webp\" media=\"(max-width: 500px)\" class=\"skip-lazy\" data-skip-lazy=\"1\"><source srcset=\"\/\/www.silam.com\/wp-content\/uploads\/slider\/cache\/be898010b15a3f7f1755e35eee5f069d\/Silam-siliconas-2.webp\" type=\"image\/webp\" media=\"(max-width: 1200px)\" class=\"skip-lazy\" data-skip-lazy=\"1\"><source srcset=\"\/\/www.silam.com\/wp-content\/uploads\/slider\/cache\/a71864c9ba41a0b01eb11ca1b572e3a1\/Silam-siliconas-2.webp\" type=\"image\/webp\" class=\"skip-lazy\" data-skip-lazy=\"1\"><img decoding=\"async\" src=\"\/\/www.silam.com\/wp-content\/uploads\/slider\/cache\/e79022da8f16aecf8eb4bfc2e9370c27\/Silam-siliconas-2.jpg\" alt=\"Silam-siliconas-2\" title=\"\" loading=\"lazy\" class=\"skip-lazy\" data-skip-lazy=\"1\"><\/picture><\/div><div data-color=\"RGBA(255,255,255,0)\" style=\"background-color: RGBA(255,255,255,0);\" class=\"n2-ss-slide-background-color\"><\/div><\/div><div class=\"n2-ss-slide-inner\"><div role=\"note\" class=\"n2-ss-slide--focus\" tabindex=\"-1\">Silam-siliconas-2<\/div><div class=\"n2-ss-layers-container n2-ss-slide-limiter n2-ow\"><div class=\"n2-ss-layer n2-ow n-uc-241gtWFQRuMi\" data-sstype=\"slide\" data-pm=\"default\"><\/div><\/div><\/div><div class=\"n2-ss-showcase-overlay n2-ow\"><\/div><\/div><div data-slide-duration=\"0\" data-id=\"14\" data-slide-public-id=\"2\" aria-hidden=\"true\" data-title=\"Silam-siliconas-5\" style=\"box-shadow: 0 1px 20px RGBA(0, 0, 0, 0.1);\" class=\"n2-ss-slide  n2-ss-slide-14 n2-ow\"><div class=\"n2-ss-slide-background\" data-public-id=\"2\" data-mode=\"fill\"><div class=\"n2-ss-slide-background-image\" data-blur=\"0\" data-opacity=\"100\" data-x=\"50\" data-y=\"50\" data-alt=\"Silam-siliconas-5\" data-title=\"\"><picture class=\"skip-lazy\" data-skip-lazy=\"1\"><source srcset=\"\/\/www.silam.com\/wp-content\/uploads\/slider\/cache\/adbe8da83887fbdbc35e9b7c13f97849\/Silam-siliconas-5.webp\" type=\"image\/webp\" media=\"(max-width: 500px)\" class=\"skip-lazy\" data-skip-lazy=\"1\"><source srcset=\"\/\/www.silam.com\/wp-content\/uploads\/slider\/cache\/a947645a33b9ba06af64065fc5aa6950\/Silam-siliconas-5.webp\" type=\"image\/webp\" media=\"(max-width: 1200px)\" class=\"skip-lazy\" data-skip-lazy=\"1\"><source srcset=\"\/\/www.silam.com\/wp-content\/uploads\/slider\/cache\/ae16cccae22e271b129117d2cd7c07ae\/Silam-siliconas-5.webp\" type=\"image\/webp\" class=\"skip-lazy\" data-skip-lazy=\"1\"><img decoding=\"async\" src=\"\/\/www.silam.com\/wp-content\/uploads\/slider\/cache\/0c7ed4017f1dfbf64c4eb90bc3411efa\/Silam-siliconas-5.jpg\" alt=\"Silam-siliconas-5\" title=\"\" loading=\"lazy\" class=\"skip-lazy\" data-skip-lazy=\"1\"><\/picture><\/div><div data-color=\"RGBA(255,255,255,0)\" style=\"background-color: RGBA(255,255,255,0);\" class=\"n2-ss-slide-background-color\"><\/div><\/div><div class=\"n2-ss-slide-inner\"><div role=\"note\" class=\"n2-ss-slide--focus\" tabindex=\"-1\">Silam-siliconas-5<\/div><div class=\"n2-ss-layers-container n2-ss-slide-limiter n2-ow\"><div class=\"n2-ss-layer n2-ow n-uc-SCEIizbVGBia\" data-sstype=\"slide\" data-pm=\"default\"><\/div><\/div><\/div><div class=\"n2-ss-showcase-overlay n2-ow\"><\/div><\/div><div data-slide-duration=\"0\" data-id=\"12\" data-slide-public-id=\"3\" aria-hidden=\"true\" data-title=\"Silam-siliconas-3\" style=\"box-shadow: 0 1px 20px RGBA(0, 0, 0, 0.1);\" class=\"n2-ss-slide  n2-ss-slide-12 n2-ow\"><div class=\"n2-ss-slide-background\" data-public-id=\"3\" data-mode=\"fill\"><div class=\"n2-ss-slide-background-image\" data-blur=\"0\" data-opacity=\"100\" data-x=\"50\" data-y=\"50\" data-alt=\"Silam-siliconas-3\" data-title=\"\"><picture class=\"skip-lazy\" data-skip-lazy=\"1\"><source srcset=\"\/\/www.silam.com\/wp-content\/uploads\/slider\/cache\/9944cc3e5634342e5b82bbf0bc3865ff\/Silam-siliconas-3.webp\" type=\"image\/webp\" media=\"(max-width: 500px)\" class=\"skip-lazy\" data-skip-lazy=\"1\"><source srcset=\"\/\/www.silam.com\/wp-content\/uploads\/slider\/cache\/1e046400947173630f3425e4e188009d\/Silam-siliconas-3.webp\" type=\"image\/webp\" media=\"(max-width: 1200px)\" class=\"skip-lazy\" data-skip-lazy=\"1\"><source srcset=\"\/\/www.silam.com\/wp-content\/uploads\/slider\/cache\/e7a14d81ccb70d6ee84d19ee3e8e2e6e\/Silam-siliconas-3.webp\" type=\"image\/webp\" class=\"skip-lazy\" data-skip-lazy=\"1\"><img decoding=\"async\" src=\"\/\/www.silam.com\/wp-content\/uploads\/slider\/cache\/cf49369fa35bba069ace8c341f193e7c\/Silam-siliconas-3.jpg\" alt=\"Silam-siliconas-3\" title=\"\" loading=\"lazy\" class=\"skip-lazy\" data-skip-lazy=\"1\"><\/picture><\/div><div data-color=\"RGBA(255,255,255,0)\" style=\"background-color: RGBA(255,255,255,0);\" class=\"n2-ss-slide-background-color\"><\/div><\/div><div class=\"n2-ss-slide-inner\"><div role=\"note\" class=\"n2-ss-slide--focus\" tabindex=\"-1\">Silam-siliconas-3<\/div><div class=\"n2-ss-layers-container n2-ss-slide-limiter n2-ow\"><div class=\"n2-ss-layer n2-ow n-uc-8ulrjtTatPTa\" data-sstype=\"slide\" data-pm=\"default\"><\/div><\/div><\/div><div class=\"n2-ss-showcase-overlay n2-ow\"><\/div><\/div><div data-slide-duration=\"0\" data-id=\"10\" data-slide-public-id=\"4\" aria-hidden=\"true\" data-title=\"Silam-siliconas\" style=\"box-shadow: 0 1px 20px RGBA(0, 0, 0, 0.1);\" class=\"n2-ss-slide  n2-ss-slide-10 n2-ow\"><div class=\"n2-ss-slide-background\" data-public-id=\"4\" data-mode=\"fill\"><div class=\"n2-ss-slide-background-image\" data-blur=\"0\" data-opacity=\"100\" data-x=\"50\" data-y=\"50\" data-alt=\"Silam-siliconas\" data-title=\"\"><picture class=\"skip-lazy\" data-skip-lazy=\"1\"><source srcset=\"\/\/www.silam.com\/wp-content\/uploads\/slider\/cache\/606e5a36e9daf7a4adb9c5b2cdb66374\/Silam-siliconas.webp\" type=\"image\/webp\" media=\"(max-width: 500px)\" class=\"skip-lazy\" data-skip-lazy=\"1\"><source srcset=\"\/\/www.silam.com\/wp-content\/uploads\/slider\/cache\/d4a3845de053139045b4460a438114c1\/Silam-siliconas.webp\" type=\"image\/webp\" media=\"(max-width: 1200px)\" class=\"skip-lazy\" data-skip-lazy=\"1\"><source srcset=\"\/\/www.silam.com\/wp-content\/uploads\/slider\/cache\/df7ccf3742221097fffb71f8386326ab\/Silam-siliconas.webp\" type=\"image\/webp\" class=\"skip-lazy\" data-skip-lazy=\"1\"><img decoding=\"async\" src=\"\/\/www.silam.com\/wp-content\/uploads\/slider\/cache\/2a2d0af5c8e2ac0655901c2ed65722e9\/Silam-siliconas.jpg\" alt=\"Silam-siliconas\" title=\"\" loading=\"lazy\" class=\"skip-lazy\" data-skip-lazy=\"1\"><\/picture><\/div><div data-color=\"RGBA(255,255,255,0)\" style=\"background-color: RGBA(255,255,255,0);\" class=\"n2-ss-slide-background-color\"><\/div><\/div><div class=\"n2-ss-slide-inner\"><div role=\"note\" class=\"n2-ss-slide--focus\" tabindex=\"-1\">Silam-siliconas<\/div><div class=\"n2-ss-layers-container n2-ss-slide-limiter n2-ow\"><div class=\"n2-ss-layer n2-ow n-uc-AYBjmZUN20zh\" data-sstype=\"slide\" data-pm=\"default\"><\/div><\/div><\/div><div class=\"n2-ss-showcase-overlay n2-ow\"><\/div><\/div><div data-slide-duration=\"0\" data-id=\"13\" data-slide-public-id=\"5\" aria-hidden=\"true\" data-title=\"Silam-siliconas-4\" style=\"box-shadow: 0 1px 20px RGBA(0, 0, 0, 0.1);\" class=\"n2-ss-slide  n2-ss-slide-13 n2-ow\"><div class=\"n2-ss-slide-background\" data-public-id=\"5\" data-mode=\"fill\"><div class=\"n2-ss-slide-background-image\" data-blur=\"0\" data-opacity=\"100\" data-x=\"50\" data-y=\"50\" data-alt=\"Silam-siliconas-4\" data-title=\"\"><picture class=\"skip-lazy\" data-skip-lazy=\"1\"><source srcset=\"\/\/www.silam.com\/wp-content\/uploads\/slider\/cache\/aab98d0144d44993184731eeb2681380\/Silam-siliconas-4.webp\" type=\"image\/webp\" media=\"(max-width: 500px)\" class=\"skip-lazy\" data-skip-lazy=\"1\"><source srcset=\"\/\/www.silam.com\/wp-content\/uploads\/slider\/cache\/7bacba5bc4e550759cddf05543d19cd3\/Silam-siliconas-4.webp\" type=\"image\/webp\" media=\"(max-width: 1200px)\" class=\"skip-lazy\" data-skip-lazy=\"1\"><source srcset=\"\/\/www.silam.com\/wp-content\/uploads\/slider\/cache\/2568e1471fa39ecd76835b4d49528087\/Silam-siliconas-4.webp\" type=\"image\/webp\" class=\"skip-lazy\" data-skip-lazy=\"1\"><img decoding=\"async\" src=\"\/\/www.silam.com\/wp-content\/uploads\/slider\/cache\/20a6e36964b2a9bb03e6c8da67739f3f\/Silam-siliconas-4.jpg\" alt=\"Silam-siliconas-4\" title=\"\" loading=\"lazy\" class=\"skip-lazy\" data-skip-lazy=\"1\"><\/picture><\/div><div data-color=\"RGBA(255,255,255,0)\" style=\"background-color: RGBA(255,255,255,0);\" class=\"n2-ss-slide-background-color\"><\/div><\/div><div class=\"n2-ss-slide-inner\"><div role=\"note\" class=\"n2-ss-slide--focus\" tabindex=\"-1\">Silam-siliconas-4<\/div><div class=\"n2-ss-layers-container n2-ss-slide-limiter n2-ow\"><div class=\"n2-ss-layer n2-ow n-uc-Y8ASuWSpxaJo\" data-sstype=\"slide\" data-pm=\"default\"><\/div><\/div><\/div><div class=\"n2-ss-showcase-overlay n2-ow\"><\/div><\/div><\/div>\n                <\/div>\n                            <\/div>\n        <\/div>\n        <div class=\"n2-ss-slider-controls n2-ss-slider-controls-absolute-left-center\"><div style=\"--widget-offset:15px;\" class=\"n2-ss-widget n2-style-107cb0e4b96e295f0c4852cfc0854d07-heading nextend-arrow n2-ow-all nextend-arrow-previous  nextend-arrow-animated-fade\" data-hide-mobilelandscape=\"1\" data-hide-mobileportrait=\"1\" id=\"n2-ss-2-arrow-previous\" role=\"button\" aria-label=\"previous arrow\" tabindex=\"0\"><img decoding=\"async\" width=\"32\" height=\"32\" class=\"skip-lazy\" data-skip-lazy=\"1\" src=\"data:image\/svg+xml;base64,PHN2ZyB4bWxucz0iaHR0cDovL3d3dy53My5vcmcvMjAwMC9zdmciIHdpZHRoPSIzMiIgaGVpZ2h0PSIzMiIgdmlld0JveD0iMCAwIDMyIDMyIj4KICAgIDxwYXRoIGZpbGw9IiNmZmZmZmYiIG9wYWNpdHk9IjAuOCIgZmlsbC1ydWxlPSJldmVub2RkIgogICAgICAgICAgZD0iTTE4Ljk5NTggOC45OTA3YzAtLjQyNC0uMjA0LS43MjMtLjYxLS44OTgtLjQwOS0uMTczLS43NzItLjEwNC0xLjA5My4yMDlsLTcuMDA2IDYuOTc1Yy0uMjAxLjE5OS0uMjk3LjQzNy0uMjg2LjcxNiAwIC4yNjcuMDk2LjQ5OC4yODYuNjg5bDcuMDA2IDcuMDAxYy4zMjEuMzIxLjY4NC4zODkgMS4wOTMuMjA5LjQwNi0uMTc0LjYxLS40ODIuNjEtLjkyMlY4Ljk5MDd6Ii8+Cjwvc3ZnPg==\" alt=\"previous arrow\"><\/div><\/div><div class=\"n2-ss-slider-controls n2-ss-slider-controls-absolute-right-center\"><div style=\"--widget-offset:15px;\" class=\"n2-ss-widget n2-style-107cb0e4b96e295f0c4852cfc0854d07-heading nextend-arrow n2-ow-all nextend-arrow-next  nextend-arrow-animated-fade\" data-hide-mobilelandscape=\"1\" data-hide-mobileportrait=\"1\" id=\"n2-ss-2-arrow-next\" role=\"button\" aria-label=\"next arrow\" tabindex=\"0\"><img decoding=\"async\" width=\"32\" height=\"32\" class=\"skip-lazy\" data-skip-lazy=\"1\" src=\"data:image\/svg+xml;base64,PHN2ZyB3aWR0aD0iMzIiIGhlaWdodD0iMzIiIHZpZXdCb3g9IjAgMCAzMiAzMiIgeG1sbnM9Imh0dHA6Ly93d3cudzMub3JnLzIwMDAvc3ZnIj4KICAgIDxwYXRoIGQ9Ik0xMiA4Ljk5YzAtLjQyMy4yMDQtLjcyMi42MS0uODk3LjQwOC0uMTczLjc3Mi0uMTA0IDEuMDkyLjIxbDcuMDA2IDYuOTc0Yy4yMDIuMi4yOTguNDM3LjI4Ny43MTYgMCAuMjY3LS4wOTYuNDk4LS4yODcuNjlsLTcuMDA2IDdjLS4zMi4zMi0uNjg0LjM5LTEuMDkyLjIxLS40MDYtLjE3NS0uNjEtLjQ4My0uNjEtLjkyM1Y4Ljk5eiIKICAgICAgICAgIGZpbGw9IiNmZmZmZmYiIG9wYWNpdHk9IjAuOCIgZmlsbC1ydWxlPSJldmVub2RkIi8+Cjwvc3ZnPg==\" alt=\"next arrow\"><\/div><\/div><\/div><\/div><ss3-loader><\/ss3-loader><\/div><\/div><div class=\"n2_clear\"><\/div><\/div>\n<\/div><div class=\"gb-container gb-container-54d1cfff\">\n<div class=\"gb-container gb-container-56baa4f7\">\n<div class=\"gb-grid-wrapper gb-grid-wrapper-8fd58eb4\">\n<div class=\"gb-grid-column gb-grid-column-4a50b10e\"><div class=\"gb-container gb-container-4a50b10e\">\n\n<p class=\"gb-headline gb-headline-71acd2f2 gb-headline-text\"><strong>ISO 9001 &#8211; ISO 14001<\/strong><\/p>\n\n\n\n<h3 class=\"gb-headline gb-headline-c9c44c4f gb-headline-text\"><mark class=\"gb-highlight\">Berrikuntza<\/mark> eta kolaborazioa<\/h3>\n\n\n\n<p class=\"gb-headline gb-headline-0d3c9e68 gb-headline-text\">Berrikuntzan inbertitzen dugun lekua, garatzen eta <strong>silikonazko formulazio propioak sortzen ditugun<\/strong> lekua, prozesu guztiak estandarizatzen eta kontrolatzen ditugun lekua, ekoizpen bide propioak diseinatzen ditugun eta gure bezeroentzako soluzioak pertsonalizatzen ditugun lekua. Gainera, teknologia zentro ezberdinekin kolaboratzen dugu eta beste enpresa batzuekin batera parte hartzen dugu <strong>Kautxu Kontsortzioa eta ACEDE<\/strong> bezalako elkarteek koordinatutako proiektuetan. <\/p>\n\n<\/div><\/div>\n<\/div>\n<\/div>\n<\/div><div class=\"gb-container gb-container-df21a101\">\n<div class=\"gb-container gb-container-ccb3401f\">\n\n<h2 class=\"gb-headline gb-headline-f428ea4e gb-headline-text\"><mark class=\"gb-highlight\">Silam<\/mark>-en enpresa politika<\/h2>\n\n\n\n<figure class=\"gb-block-image gb-block-image-5c5f93bf\"><img decoding=\"async\" width=\"923\" height=\"640\" class=\"gb-image gb-image-5c5f93bf\" src=\"https:\/\/www.silam.com\/wp-content\/uploads\/2024\/09\/POLITICA-DE-EMPRESA-DE-SILAM.jpg\" alt=\"\" title=\"SILAM-EN ENPRESA POLITIKA\" srcset=\"https:\/\/www.silam.com\/wp-content\/uploads\/2024\/09\/POLITICA-DE-EMPRESA-DE-SILAM.jpg 923w, https:\/\/www.silam.com\/wp-content\/uploads\/2024\/09\/POLITICA-DE-EMPRESA-DE-SILAM-300x208.jpg 300w, https:\/\/www.silam.com\/wp-content\/uploads\/2024\/09\/POLITICA-DE-EMPRESA-DE-SILAM-768x533.jpg 768w\" sizes=\"(max-width: 923px) 100vw, 923px\" \/><\/figure>\n\n<\/div>\n<\/div>","protected":false},"excerpt":{"rendered":"<p>Silam Tech Center, teknologia aurreratuaren espazioa Silam Tech Center apustu estrategiko osoa da, beti aurrera eginez marka kultura batean, beti bilatu duena berrikuntza, garapena eta produktuen kalitatea. Laborategiko ekipo berrietan inbertsioa, pertsonalaren kontratazio eta prestakuntza gure etengabeko barne antolaketaren parte dira. Teknologia aurreratuaren espazioa Silam Tech Center instalazio modernoak dituen espazioa da, laborategia eta teknologia &#8230; <a title=\"Kalitatea \/ I+G\" class=\"read-more\" href=\"https:\/\/www.silam.com\/eu\/kalitatea-ig\/\" aria-label=\"Read more about Kalitatea \/ I+G\">Read more<\/a><\/p>\n","protected":false},"author":1,"featured_media":0,"parent":0,"menu_order":0,"comment_status":"closed","ping_status":"closed","template":"","meta":{"inline_featured_image":false,"footnotes":""},"class_list":{"0":"post-2978","1":"page","2":"type-page","3":"status-publish","5":"no-featured-image-padding"},"yoast_head":"<!-- This site is optimized with the Yoast SEO plugin v27.1.1 - https:\/\/yoast.com\/product\/yoast-seo-wordpress\/ -->\n<title>Kalitatea \/ I+G - Silam | Fabricante de siliconas<\/title>\n<meta name=\"robots\" content=\"index, follow, max-snippet:-1, max-image-preview:large, max-video-preview:-1\" \/>\n<link rel=\"canonical\" href=\"https:\/\/www.silam.com\/eu\/kalitatea-ig\/\" \/>\n<meta property=\"og:locale\" content=\"en_US\" \/>\n<meta property=\"og:type\" content=\"article\" \/>\n<meta property=\"og:title\" content=\"Kalitatea \/ I+G - Silam | Fabricante de siliconas\" \/>\n<meta property=\"og:description\" content=\"Silam Tech Center, teknologia aurreratuaren espazioa Silam Tech Center apustu estrategiko osoa da, beti aurrera eginez marka kultura batean, beti bilatu duena berrikuntza, garapena eta produktuen kalitatea. Laborategiko ekipo berrietan inbertsioa, pertsonalaren kontratazio eta prestakuntza gure etengabeko barne antolaketaren parte dira. Teknologia aurreratuaren espazioa Silam Tech Center instalazio modernoak dituen espazioa da, laborategia eta teknologia ... Read more\" \/>\n<meta property=\"og:url\" content=\"https:\/\/www.silam.com\/eu\/kalitatea-ig\/\" \/>\n<meta property=\"og:site_name\" content=\"Silam | Fabricante de siliconas\" \/>\n<meta property=\"article:modified_time\" content=\"2025-09-18T09:40:45+00:00\" \/>\n<meta property=\"og:image\" content=\"https:\/\/www.silam.com\/wp-content\/uploads\/2024\/09\/POLITICA-DE-EMPRESA-DE-SILAM.jpg\" \/>\n<meta name=\"twitter:card\" content=\"summary_large_image\" \/>\n<meta name=\"twitter:label1\" content=\"Est. reading time\" \/>\n\t<meta name=\"twitter:data1\" content=\"1 minutua\" \/>\n<script type=\"application\/ld+json\" class=\"yoast-schema-graph\">{\"@context\":\"https:\/\/schema.org\",\"@graph\":[{\"@type\":\"WebPage\",\"@id\":\"https:\/\/www.silam.com\/eu\/kalitatea-ig\/\",\"url\":\"https:\/\/www.silam.com\/eu\/kalitatea-ig\/\",\"name\":\"Kalitatea \/ I+G - Silam | Fabricante de siliconas\",\"isPartOf\":{\"@id\":\"https:\/\/www.silam.com\/eu\/#website\"},\"primaryImageOfPage\":{\"@id\":\"https:\/\/www.silam.com\/eu\/kalitatea-ig\/#primaryimage\"},\"image\":{\"@id\":\"https:\/\/www.silam.com\/eu\/kalitatea-ig\/#primaryimage\"},\"thumbnailUrl\":\"https:\/\/www.silam.com\/wp-content\/uploads\/2024\/09\/POLITICA-DE-EMPRESA-DE-SILAM.jpg\",\"datePublished\":\"2024-08-14T10:55:53+00:00\",\"dateModified\":\"2025-09-18T09:40:45+00:00\",\"breadcrumb\":{\"@id\":\"https:\/\/www.silam.com\/eu\/kalitatea-ig\/#breadcrumb\"},\"inLanguage\":\"eu\",\"potentialAction\":[{\"@type\":\"ReadAction\",\"target\":[\"https:\/\/www.silam.com\/eu\/kalitatea-ig\/\"]}]},{\"@type\":\"ImageObject\",\"inLanguage\":\"eu\",\"@id\":\"https:\/\/www.silam.com\/eu\/kalitatea-ig\/#primaryimage\",\"url\":\"https:\/\/www.silam.com\/wp-content\/uploads\/2024\/09\/POLITICA-DE-EMPRESA-DE-SILAM.jpg\",\"contentUrl\":\"https:\/\/www.silam.com\/wp-content\/uploads\/2024\/09\/POLITICA-DE-EMPRESA-DE-SILAM.jpg\"},{\"@type\":\"BreadcrumbList\",\"@id\":\"https:\/\/www.silam.com\/eu\/kalitatea-ig\/#breadcrumb\",\"itemListElement\":[{\"@type\":\"ListItem\",\"position\":1,\"name\":\"Portada\",\"item\":\"https:\/\/www.silam.com\/eu\/\"},{\"@type\":\"ListItem\",\"position\":2,\"name\":\"Kalitatea \/ I+G\"}]},{\"@type\":\"WebSite\",\"@id\":\"https:\/\/www.silam.com\/eu\/#website\",\"url\":\"https:\/\/www.silam.com\/eu\/\",\"name\":\"Silam | Fabricante de siliconas\",\"description\":\"Silam es una empresa dedicada a la transformaci\u00f3n de elast\u00f3meros de silicona:  mezclas de silicona y componentes t\u00e9cnicos\",\"publisher\":{\"@id\":\"https:\/\/www.silam.com\/eu\/#organization\"},\"potentialAction\":[{\"@type\":\"SearchAction\",\"target\":{\"@type\":\"EntryPoint\",\"urlTemplate\":\"https:\/\/www.silam.com\/eu\/?s={search_term_string}\"},\"query-input\":{\"@type\":\"PropertyValueSpecification\",\"valueRequired\":true,\"valueName\":\"search_term_string\"}}],\"inLanguage\":\"eu\"},{\"@type\":\"Organization\",\"@id\":\"https:\/\/www.silam.com\/eu\/#organization\",\"name\":\"Silam | Fabricante de siliconas\",\"url\":\"https:\/\/www.silam.com\/eu\/\",\"logo\":{\"@type\":\"ImageObject\",\"inLanguage\":\"eu\",\"@id\":\"https:\/\/www.silam.com\/eu\/#\/schema\/logo\/image\/\",\"url\":\"https:\/\/www.silam.com\/wp-content\/uploads\/2024\/08\/logo-silam.png\",\"contentUrl\":\"https:\/\/www.silam.com\/wp-content\/uploads\/2024\/08\/logo-silam.png\",\"width\":221,\"height\":93,\"caption\":\"Silam | Fabricante de siliconas\"},\"image\":{\"@id\":\"https:\/\/www.silam.com\/eu\/#\/schema\/logo\/image\/\"},\"sameAs\":[\"https:\/\/es.linkedin.com\/company\/siliconas-silam-s-a-\"]}]}<\/script>\n<!-- \/ Yoast SEO plugin. -->","yoast_head_json":{"title":"Kalitatea \/ I+G - Silam | Fabricante de siliconas","robots":{"index":"index","follow":"follow","max-snippet":"max-snippet:-1","max-image-preview":"max-image-preview:large","max-video-preview":"max-video-preview:-1"},"canonical":"https:\/\/www.silam.com\/eu\/kalitatea-ig\/","og_locale":"en_US","og_type":"article","og_title":"Kalitatea \/ I+G - Silam | Fabricante de siliconas","og_description":"Silam Tech Center, teknologia aurreratuaren espazioa Silam Tech Center apustu estrategiko osoa da, beti aurrera eginez marka kultura batean, beti bilatu duena berrikuntza, garapena eta produktuen kalitatea. Laborategiko ekipo berrietan inbertsioa, pertsonalaren kontratazio eta prestakuntza gure etengabeko barne antolaketaren parte dira. Teknologia aurreratuaren espazioa Silam Tech Center instalazio modernoak dituen espazioa da, laborategia eta teknologia ... Read more","og_url":"https:\/\/www.silam.com\/eu\/kalitatea-ig\/","og_site_name":"Silam | Fabricante de siliconas","article_modified_time":"2025-09-18T09:40:45+00:00","og_image":[{"url":"https:\/\/www.silam.com\/wp-content\/uploads\/2024\/09\/POLITICA-DE-EMPRESA-DE-SILAM.jpg","type":"","width":"","height":""}],"twitter_card":"summary_large_image","twitter_misc":{"Est. reading time":"1 minutua"},"schema":{"@context":"https:\/\/schema.org","@graph":[{"@type":"WebPage","@id":"https:\/\/www.silam.com\/eu\/kalitatea-ig\/","url":"https:\/\/www.silam.com\/eu\/kalitatea-ig\/","name":"Kalitatea \/ I+G - Silam | Fabricante de siliconas","isPartOf":{"@id":"https:\/\/www.silam.com\/eu\/#website"},"primaryImageOfPage":{"@id":"https:\/\/www.silam.com\/eu\/kalitatea-ig\/#primaryimage"},"image":{"@id":"https:\/\/www.silam.com\/eu\/kalitatea-ig\/#primaryimage"},"thumbnailUrl":"https:\/\/www.silam.com\/wp-content\/uploads\/2024\/09\/POLITICA-DE-EMPRESA-DE-SILAM.jpg","datePublished":"2024-08-14T10:55:53+00:00","dateModified":"2025-09-18T09:40:45+00:00","breadcrumb":{"@id":"https:\/\/www.silam.com\/eu\/kalitatea-ig\/#breadcrumb"},"inLanguage":"eu","potentialAction":[{"@type":"ReadAction","target":["https:\/\/www.silam.com\/eu\/kalitatea-ig\/"]}]},{"@type":"ImageObject","inLanguage":"eu","@id":"https:\/\/www.silam.com\/eu\/kalitatea-ig\/#primaryimage","url":"https:\/\/www.silam.com\/wp-content\/uploads\/2024\/09\/POLITICA-DE-EMPRESA-DE-SILAM.jpg","contentUrl":"https:\/\/www.silam.com\/wp-content\/uploads\/2024\/09\/POLITICA-DE-EMPRESA-DE-SILAM.jpg"},{"@type":"BreadcrumbList","@id":"https:\/\/www.silam.com\/eu\/kalitatea-ig\/#breadcrumb","itemListElement":[{"@type":"ListItem","position":1,"name":"Portada","item":"https:\/\/www.silam.com\/eu\/"},{"@type":"ListItem","position":2,"name":"Kalitatea \/ I+G"}]},{"@type":"WebSite","@id":"https:\/\/www.silam.com\/eu\/#website","url":"https:\/\/www.silam.com\/eu\/","name":"Silam | Fabricante de siliconas","description":"Silam es una empresa dedicada a la transformaci\u00f3n de elast\u00f3meros de silicona:  mezclas de silicona y componentes t\u00e9cnicos","publisher":{"@id":"https:\/\/www.silam.com\/eu\/#organization"},"potentialAction":[{"@type":"SearchAction","target":{"@type":"EntryPoint","urlTemplate":"https:\/\/www.silam.com\/eu\/?s={search_term_string}"},"query-input":{"@type":"PropertyValueSpecification","valueRequired":true,"valueName":"search_term_string"}}],"inLanguage":"eu"},{"@type":"Organization","@id":"https:\/\/www.silam.com\/eu\/#organization","name":"Silam | Fabricante de siliconas","url":"https:\/\/www.silam.com\/eu\/","logo":{"@type":"ImageObject","inLanguage":"eu","@id":"https:\/\/www.silam.com\/eu\/#\/schema\/logo\/image\/","url":"https:\/\/www.silam.com\/wp-content\/uploads\/2024\/08\/logo-silam.png","contentUrl":"https:\/\/www.silam.com\/wp-content\/uploads\/2024\/08\/logo-silam.png","width":221,"height":93,"caption":"Silam | Fabricante de siliconas"},"image":{"@id":"https:\/\/www.silam.com\/eu\/#\/schema\/logo\/image\/"},"sameAs":["https:\/\/es.linkedin.com\/company\/siliconas-silam-s-a-"]}]}},"_links":{"self":[{"href":"https:\/\/www.silam.com\/eu\/wp-json\/wp\/v2\/pages\/2978","targetHints":{"allow":["GET"]}}],"collection":[{"href":"https:\/\/www.silam.com\/eu\/wp-json\/wp\/v2\/pages"}],"about":[{"href":"https:\/\/www.silam.com\/eu\/wp-json\/wp\/v2\/types\/page"}],"author":[{"embeddable":true,"href":"https:\/\/www.silam.com\/eu\/wp-json\/wp\/v2\/users\/1"}],"replies":[{"embeddable":true,"href":"https:\/\/www.silam.com\/eu\/wp-json\/wp\/v2\/comments?post=2978"}],"version-history":[{"count":0,"href":"https:\/\/www.silam.com\/eu\/wp-json\/wp\/v2\/pages\/2978\/revisions"}],"wp:attachment":[{"href":"https:\/\/www.silam.com\/eu\/wp-json\/wp\/v2\/media?parent=2978"}],"curies":[{"name":"wp","href":"https:\/\/api.w.org\/{rel}","templated":true}]}}