{"id":2966,"date":"2024-08-14T12:58:44","date_gmt":"2024-08-14T10:58:44","guid":{"rendered":"https:\/\/wordpress-958700-4787158.cloudwaysapps.com\/aeronautika\/"},"modified":"2025-09-18T11:40:31","modified_gmt":"2025-09-18T09:40:31","slug":"aeronautika","status":"publish","type":"page","link":"https:\/\/www.silam.com\/eu\/aeronautika\/","title":{"rendered":"Aeronautika"},"content":{"rendered":"<div class=\"gb-container gb-container-63cfc150\">\n<div class=\"gb-container gb-container-01c1494a\">\n\n<h2 class=\"gb-headline gb-headline-ac4c0378\"><span class=\"gb-icon\"><svg xmlns=\"https:\/\/www.w3.org\/2000\/svg\" viewbox=\"0 0 516.92 166.9\" data-name=\"Capa 1\" id=\"Capa_1\"><defs><style>.cls-1{fill:#fff;}<\/style><\/defs><path transform=\"translate(-344.02 -423.33)\" d=\"M366.61,527c-6.54-1.51-12.6-2.65-18.47-4.43-1.67-.52-2.76-2.92-4.12-4.46,1.76-1,3.57-3.07,5.27-3,8.14.41,16.25,1.44,24.38,2.13,2.59.21,5.2,0,8.58,0-2-6.06-3.56-11.26-5.33-16.4-6.95-20.13-14-40.24-20.9-60.38a27,27,0,0,1-1.68-7.24c-.28-5.68,3.23-9.8,8.87-9.94,10.6-.28,19.92,1.76,27.56,10.79,16.76,19.81,34.37,38.92,51.83,58.14,6.09,6.7,14.33,9.65,23.12,10.54,5.59.57,11.28.11,17.08.11.16-1,.2-1.64.35-2.24.61-2.53.57-6.54,2-7.2,2.12-1,5.34.47,8.07,1a3,3,0,0,1,1.56,1.21c5.09,7.05,12.14,7,20.29,5.28-.7-1.74-1.84-3.45-2-5.24-.19-2.53.36-5.13.6-7.69,2.73.33,6-.15,8.09,1.17,3.63,2.24,6.35,5.89,9.84,8.4,2.22,1.59,5.17,3.14,7.75,3.08,44.13-1,88.25-2.27,132.37-3.4,32.81-.84,65.61-1.78,98.42-2.23a103.61,103.61,0,0,1,57,15.59,51.33,51.33,0,0,1,8,6.7c5.38,5.11,10.61,10.37,15.92,15.55.83.81,1.76,1.52,2.61,2.32,11.24,10.46,9,22.41-4.91,28.72-31.32,14.18-64.33,18.74-98.38,18.1-9.48-.17-19,.26-28.46.74-1.79.1-3.53,1.68-5.26,2.64-2.8,1.55-5.52,4.41-8.36,4.53-11.29.46-22.63.23-33.94-.09a18,18,0,0,1-8.56-2.35c-4-2.43-8-2.58-12.35-2.11a260.62,260.62,0,0,1-65.72-1.5c-10.42-1.53-21.26-.56-31.9-.23-27.2.85-53.72-4-80.22-9.17-30.53-5.95-59.63-16.6-88.78-27.06-3.76-1.35-7.58-2.52-11.32-3.91-7.17-2.68-9-5.35-9-13.09Zm143.61-15.26-.57,1.25c4.58,3.64,8.66,9.25,13.82,10.54,14,3.47,28.39,5.21,42.67,7.39,3.36.51,6.87.08,11.28.08l2.19,2.83c3.45-4.79,3.4-4.77,5.93.37.27.55,1.55.61,1.61.63l2.94-4.85c.86,1.83,1.71,3.67,2.76,5.93,2.18.36,5.13.89,8.08,1.35,20.74,3.2,41.47,6.45,62.23,9.5a53.9,53.9,0,0,0,10.24,0c10.12-.51,20.25-1.71,30.35-1.51,9.49.18,14.42,5.84,14.93,15.28.21,3.79,0,7.61,0,11.46a10.39,10.39,0,0,0,2.35.52c26.28-1.19,52.74-.92,78.76-4.2,15.88-2,31.11-9.32,46.52-14.57,3.24-1.1,6.36-4.09,3-7.63-4.49-4.78-9.2-10.32-15-12.67-5.35-2.17-6.93-6.05-9.57-9.83-1.41-2-2.76-4.53-4.78-5.65-15.73-8.74-32.61-13.43-50.69-13q-76.46,1.8-152.9,3.78c-4.72.11-10.32,2.41-12.63-5.36.23,6-3.19,5.91-7,6-27.49.57-55,1.28-82.45,2C513,511.4,511.62,511.64,510.22,511.78ZM653,576.12l-.1-1.38c-1.29,0-2.6.06-3.89,0-12-.69-23.94-1.29-35.89-2.2-2.27-.17-4.45-1.57-6.66-2.41,1.15-1.86,2.31-3.72,3.42-5.61.09-.15-.24-.55,0,0-9,.83-17.71,2-26.41,2.28-4,.12-8.19-1.27-12.17-2.4a5.37,5.37,0,0,1-3.17-3.22c-.22-.8,1.38-2.38,2.47-3.19a39.06,39.06,0,0,1,5-2.77c-.13-.46-.14-.72-.22-.74L510.88,537c-.91-.24-2.14-.36-2.6-1-4.89-6.6-9.75-13.22-14.42-20-1.76-2.54-3.52-3.84-6.9-3.5-21,2.09-42.09,3.85-63.12,5.91-6.82.67-13.58,1.93-20.36,2.92a5,5,0,0,0,3.15,2c7.76,1.91,15.55,3.7,23.25,5.79,1.25.34,2.14,2,3.2,3.07-1.19.61-2.4,1.79-3.58,1.76-12.62-.37-25.24-.81-37.85-1.52-5.16-.29-10.27-1.29-15.41-2l-.51,1.58a28.14,28.14,0,0,0,4.36,2.32c26.72,8.77,53.17,18.54,80.27,25.94,31.52,8.61,63.77,13.77,96.72,13,11.13-.26,22.51-.89,33.38,1,16.43,2.81,32.79,3.06,49.27,2.56C644.16,576.79,648.58,576.39,653,576.12ZM363.92,432.94c10.22,29.62,20.29,58.79,30.36,88l18.83-3.68-35.18-58.88,2.7-2.31a11,11,0,0,0,.74,3.32c10.15,17.2,20.59,34.23,30.46,51.6,2.85,5,5.86,6.74,11.36,5.17,3.33-.95,6.92-.95,10.37-1.47,7.17-1.09,14.33-2.24,20.64-3.24-6-3.83-13.1-6.69-17.88-11.78-18.23-19.4-35.89-39.35-53.35-59.45C377.76,434.22,371.68,432.79,363.92,432.94ZM700.35,554.51c-10-.43-19.75-.43-29.17,2.75-6.43,2.16-10,6.63-9.94,11.21s4.38,9.26,10.61,11.28a4.8,4.8,0,0,0,1.45.35c8.9,0,17.8,0,27.05,0Zm-179.83-25-.33,1.92c1.53.43,3,1,4.58,1.29Q566.91,540.9,609,549q21.32,4,42.71,7.72c1.86.32,3.92-.55,5.89-.87,0-.49-.11-1-.17-1.47ZM703,555.12c0,7.09-.06,14,0,20.85,0,1.9-1.06,4.75,2.59,4.64,3.16-.09,4.22-2.07,4.19-5,0-4.79-.09-9.59,0-14.39S707.14,555,703,555.12Zm-127.82,5.66c7.57,4.53,14.28,1,22.29-1.24C588.69,553.5,582,558.87,575.15,560.78Zm-82.08-58.9-1.3,1.05c5.89,7.8,11.58,15.77,18.91,22.29l1.55-1.36Q502.66,512.87,493.07,501.88Zm160.79,59.67-12.33,2.86C647.74,566.56,651.7,565.66,653.86,561.55Z\" class=\"cls-1\"><\/path><path transform=\"translate(-344.02 -423.33)\" d=\"M789.77,530.84c0,2.66-.2,5.35,0,8,.47,4.94-2.25,5.91-6.39,5.87-3.94,0-7.44,0-7.31-5.51.15-5.82,0-11.66-.2-17.49-.13-3.4,1.1-5,4.58-4.79,1.66.1,3.51-.47,4.94.1s3.43,2,3.63,3.37c.51,3.42.17,7,.17,10.45Zm-11.8-.51h.09c0,3,.11,6,0,9-.19,3.93,2.48,3.61,5,3.57s5.1.29,4.91-3.68c-.27-5.63-.09-11.29-.36-16.92-.05-1.19-1-3-1.94-3.38-4.94-1.87-7.74.24-7.69,5.47C778,526.35,778,528.34,778,530.33Z\" class=\"cls-1\"><\/path><path transform=\"translate(-344.02 -423.33)\" d=\"M816.53,532.3c-7.08.59-8.87-.48-8.73-4.63.12-3.32.78-7.2,5.06-6.3C819.76,522.82,814.89,528.39,816.53,532.3Z\" class=\"cls-1\"><\/path><path transform=\"translate(-344.02 -423.33)\" d=\"M818.46,522.16c4.47-.09,6.54,2.3,8.92,10.3C818.64,535.29,816.92,533.3,818.46,522.16Z\" class=\"cls-1\"><\/path><path transform=\"translate(-344.02 -423.33)\" d=\"M646.83,532.38c-2.13,1-3.58,2.25-4.71,2a4.35,4.35,0,0,1-2.62-3.14c-.1-1,1.41-2.2,2.2-3.31Z\" class=\"cls-1\"><\/path><path transform=\"translate(-344.02 -423.33)\" d=\"M636.27,532.13l-3.51,2.71c-.81-1.21-2.18-2.39-2.25-3.65,0-1,1.55-2,2.42-3C633.89,529.33,634.85,530.45,636.27,532.13Z\" class=\"cls-1\"><\/path><path transform=\"translate(-344.02 -423.33)\" d=\"M463.32,537.44c0,2-.05,4,0,6,.2,7-3.58,9.81-10.13,7.31a5.07,5.07,0,0,1-2.57-3.68c-.41-6.64-.66-13.32-.43-20,.05-1.41,2.21-3.72,3.66-4,8.41-1.38,9.17-.59,9.34,7.81,0,2.16,0,4.33,0,6.49Zm-10.88-12.55c0,7.54,0,14.31,0,21.09,0,3.92,3,3.15,5.38,3.21s4.11-.56,4.05-3.6c-.14-6.76,0-13.53,0-20.7Z\" class=\"cls-1\"><\/path><path transform=\"translate(-344.02 -423.33)\" d=\"M503.5,562.54c-.75-.3-2-.52-2-.82a115.07,115.07,0,0,1-.37-11.88c0-.63,1.94-1.67,3-1.72,5.65-.23,11.32-.41,16.95-.09,1.3.08,3.07,2,3.55,3.48.62,1.86.15,4.09.15,6.34-1-.27-1.5-.31-1.51-.42-1-7.75-1-7.73-9-7.63-3.63.05-7.26,0-11.65,0C503,554.19,503.2,558,503.5,562.54Z\" class=\"cls-1\"><\/path><\/svg><\/span><\/h2>\n\n\n\n<h1 class=\"gb-headline gb-headline-8f140a63 gb-headline-text\">Aeronautika<\/h1>\n\n\n\n<p class=\"gb-headline gb-headline-d8149c51 gb-headline-text\">Aeronautikarako autoitzaltzaileak, arinak eta kea gutxi igortzen duten Silikona Nahasteak, Silikona Osagaiak eta Silikona Belakia<\/p>\n\n<\/div>\n<\/div><div class=\"gb-container gb-container-729853f9\">\n<div class=\"gb-container gb-container-11c6b2d3\">\n\n<p class=\"gb-headline gb-headline-4725fe8d gb-headline-text\">Silikonak <strong><mark class=\"gb-highlight\">aeronautika sektorean<\/mark><\/strong> oso baloratutako ezaugarriak ditu: tenperatura baxuekiko erresistentzia handia, ozono, hezetasun eta UV izpiekiko, higadurakiko, agente kimiko askotarikoen aurrean, estankotasuna eta bereziki nabarmendu behar da silikona belaki profilen interesa haien pisu txikiagatik, ez-sukoitasunagatik eta autoitzaltzaile izateagatik.<\/p>\n\n\n\n<h2 class=\"gb-headline gb-headline-8875b062 gb-headline-text\"><mark class=\"gb-highlight\">Aplikazioak<\/mark><\/h2>\n\n\n<div class=\"gb-container gb-container-64fb34b2\">\n\n<p class=\"gb-headline gb-headline-1f57c99a gb-headline-text\">Ate eta leihoen estankotasun junturak<\/p>\n\n<\/div>\n\n<div class=\"gb-container gb-container-cdf0cfaa\">\n\n<p class=\"gb-headline gb-headline-4bb94a07 gb-headline-text\">eroapen hodiakak<\/p>\n\n<\/div>\n\n<div class=\"gb-container gb-container-aa36fc2e\">\n\n<p class=\"gb-headline gb-headline-cafb344f gb-headline-text\">Eraikuntzan eta osagaien fabrikazioan erabiltzen diren profilak eta hodiakak.<\/p>\n\n<\/div>\n<\/div>\n<\/div>","protected":false},"excerpt":{"rendered":"<p>Aeronautika Aeronautikarako autoitzaltzaileak, arinak eta kea gutxi igortzen duten Silikona Nahasteak, Silikona Osagaiak eta Silikona Belakia Silikonak aeronautika sektorean oso baloratutako ezaugarriak ditu: tenperatura baxuekiko erresistentzia handia, ozono, hezetasun eta UV izpiekiko, higadurakiko, agente kimiko askotarikoen aurrean, estankotasuna eta bereziki nabarmendu behar da silikona belaki profilen interesa haien pisu txikiagatik, ez-sukoitasunagatik eta autoitzaltzaile izateagatik. Aplikazioak &#8230; <a title=\"Aeronautika\" class=\"read-more\" href=\"https:\/\/www.silam.com\/eu\/aeronautika\/\" aria-label=\"Read more about Aeronautika\">Read more<\/a><\/p>\n","protected":false},"author":1,"featured_media":0,"parent":0,"menu_order":0,"comment_status":"closed","ping_status":"closed","template":"","meta":{"inline_featured_image":false,"footnotes":""},"class_list":{"0":"post-2966","1":"page","2":"type-page","3":"status-publish","5":"no-featured-image-padding"},"yoast_head":"<!-- This site is optimized with the Yoast SEO plugin v27.1.1 - https:\/\/yoast.com\/product\/yoast-seo-wordpress\/ -->\n<title>Aeronautika - Silam | Fabricante de siliconas<\/title>\n<meta name=\"robots\" content=\"index, follow, max-snippet:-1, max-image-preview:large, max-video-preview:-1\" \/>\n<link rel=\"canonical\" href=\"https:\/\/www.silam.com\/eu\/aeronautika\/\" \/>\n<meta property=\"og:locale\" content=\"en_US\" \/>\n<meta property=\"og:type\" content=\"article\" \/>\n<meta property=\"og:title\" content=\"Aeronautika - Silam | Fabricante de siliconas\" \/>\n<meta property=\"og:description\" content=\"Aeronautika Aeronautikarako autoitzaltzaileak, arinak eta kea gutxi igortzen duten Silikona Nahasteak, Silikona Osagaiak eta Silikona Belakia Silikonak aeronautika sektorean oso baloratutako ezaugarriak ditu: tenperatura baxuekiko erresistentzia handia, ozono, hezetasun eta UV izpiekiko, higadurakiko, agente kimiko askotarikoen aurrean, estankotasuna eta bereziki nabarmendu behar da silikona belaki profilen interesa haien pisu txikiagatik, ez-sukoitasunagatik eta autoitzaltzaile izateagatik. Aplikazioak ... Read more\" \/>\n<meta property=\"og:url\" content=\"https:\/\/www.silam.com\/eu\/aeronautika\/\" \/>\n<meta property=\"og:site_name\" content=\"Silam | Fabricante de siliconas\" \/>\n<meta property=\"article:modified_time\" content=\"2025-09-18T09:40:31+00:00\" \/>\n<meta property=\"og:image\" content=\"https:\/\/www.silam.com\/wp-content\/uploads\/2024\/09\/mezcla-de-silicona_8.jpg\" \/>\n\t<meta property=\"og:image:width\" content=\"1900\" \/>\n\t<meta property=\"og:image:height\" content=\"1267\" \/>\n\t<meta property=\"og:image:type\" content=\"image\/jpeg\" \/>\n<meta name=\"twitter:card\" content=\"summary_large_image\" \/>\n<script type=\"application\/ld+json\" class=\"yoast-schema-graph\">{\"@context\":\"https:\/\/schema.org\",\"@graph\":[{\"@type\":\"WebPage\",\"@id\":\"https:\/\/www.silam.com\/eu\/aeronautika\/\",\"url\":\"https:\/\/www.silam.com\/eu\/aeronautika\/\",\"name\":\"Aeronautika - Silam | Fabricante de siliconas\",\"isPartOf\":{\"@id\":\"https:\/\/www.silam.com\/eu\/#website\"},\"datePublished\":\"2024-08-14T10:58:44+00:00\",\"dateModified\":\"2025-09-18T09:40:31+00:00\",\"breadcrumb\":{\"@id\":\"https:\/\/www.silam.com\/eu\/aeronautika\/#breadcrumb\"},\"inLanguage\":\"eu\",\"potentialAction\":[{\"@type\":\"ReadAction\",\"target\":[\"https:\/\/www.silam.com\/eu\/aeronautika\/\"]}]},{\"@type\":\"BreadcrumbList\",\"@id\":\"https:\/\/www.silam.com\/eu\/aeronautika\/#breadcrumb\",\"itemListElement\":[{\"@type\":\"ListItem\",\"position\":1,\"name\":\"Portada\",\"item\":\"https:\/\/www.silam.com\/eu\/\"},{\"@type\":\"ListItem\",\"position\":2,\"name\":\"Aeronautika\"}]},{\"@type\":\"WebSite\",\"@id\":\"https:\/\/www.silam.com\/eu\/#website\",\"url\":\"https:\/\/www.silam.com\/eu\/\",\"name\":\"Silam | Fabricante de siliconas\",\"description\":\"Silam es una empresa dedicada a la transformaci\u00f3n de elast\u00f3meros de silicona:  mezclas de silicona y componentes t\u00e9cnicos\",\"publisher\":{\"@id\":\"https:\/\/www.silam.com\/eu\/#organization\"},\"potentialAction\":[{\"@type\":\"SearchAction\",\"target\":{\"@type\":\"EntryPoint\",\"urlTemplate\":\"https:\/\/www.silam.com\/eu\/?s={search_term_string}\"},\"query-input\":{\"@type\":\"PropertyValueSpecification\",\"valueRequired\":true,\"valueName\":\"search_term_string\"}}],\"inLanguage\":\"eu\"},{\"@type\":\"Organization\",\"@id\":\"https:\/\/www.silam.com\/eu\/#organization\",\"name\":\"Silam | Fabricante de siliconas\",\"url\":\"https:\/\/www.silam.com\/eu\/\",\"logo\":{\"@type\":\"ImageObject\",\"inLanguage\":\"eu\",\"@id\":\"https:\/\/www.silam.com\/eu\/#\/schema\/logo\/image\/\",\"url\":\"https:\/\/www.silam.com\/wp-content\/uploads\/2024\/08\/logo-silam.png\",\"contentUrl\":\"https:\/\/www.silam.com\/wp-content\/uploads\/2024\/08\/logo-silam.png\",\"width\":221,\"height\":93,\"caption\":\"Silam | Fabricante de siliconas\"},\"image\":{\"@id\":\"https:\/\/www.silam.com\/eu\/#\/schema\/logo\/image\/\"},\"sameAs\":[\"https:\/\/es.linkedin.com\/company\/siliconas-silam-s-a-\"]}]}<\/script>\n<!-- \/ Yoast SEO plugin. -->","yoast_head_json":{"title":"Aeronautika - Silam | Fabricante de siliconas","robots":{"index":"index","follow":"follow","max-snippet":"max-snippet:-1","max-image-preview":"max-image-preview:large","max-video-preview":"max-video-preview:-1"},"canonical":"https:\/\/www.silam.com\/eu\/aeronautika\/","og_locale":"en_US","og_type":"article","og_title":"Aeronautika - Silam | Fabricante de siliconas","og_description":"Aeronautika Aeronautikarako autoitzaltzaileak, arinak eta kea gutxi igortzen duten Silikona Nahasteak, Silikona Osagaiak eta Silikona Belakia Silikonak aeronautika sektorean oso baloratutako ezaugarriak ditu: tenperatura baxuekiko erresistentzia handia, ozono, hezetasun eta UV izpiekiko, higadurakiko, agente kimiko askotarikoen aurrean, estankotasuna eta bereziki nabarmendu behar da silikona belaki profilen interesa haien pisu txikiagatik, ez-sukoitasunagatik eta autoitzaltzaile izateagatik. Aplikazioak ... Read more","og_url":"https:\/\/www.silam.com\/eu\/aeronautika\/","og_site_name":"Silam | Fabricante de siliconas","article_modified_time":"2025-09-18T09:40:31+00:00","og_image":[{"width":1900,"height":1267,"url":"https:\/\/www.silam.com\/wp-content\/uploads\/2024\/09\/mezcla-de-silicona_8.jpg","type":"image\/jpeg"}],"twitter_card":"summary_large_image","schema":{"@context":"https:\/\/schema.org","@graph":[{"@type":"WebPage","@id":"https:\/\/www.silam.com\/eu\/aeronautika\/","url":"https:\/\/www.silam.com\/eu\/aeronautika\/","name":"Aeronautika - Silam | Fabricante de siliconas","isPartOf":{"@id":"https:\/\/www.silam.com\/eu\/#website"},"datePublished":"2024-08-14T10:58:44+00:00","dateModified":"2025-09-18T09:40:31+00:00","breadcrumb":{"@id":"https:\/\/www.silam.com\/eu\/aeronautika\/#breadcrumb"},"inLanguage":"eu","potentialAction":[{"@type":"ReadAction","target":["https:\/\/www.silam.com\/eu\/aeronautika\/"]}]},{"@type":"BreadcrumbList","@id":"https:\/\/www.silam.com\/eu\/aeronautika\/#breadcrumb","itemListElement":[{"@type":"ListItem","position":1,"name":"Portada","item":"https:\/\/www.silam.com\/eu\/"},{"@type":"ListItem","position":2,"name":"Aeronautika"}]},{"@type":"WebSite","@id":"https:\/\/www.silam.com\/eu\/#website","url":"https:\/\/www.silam.com\/eu\/","name":"Silam | Fabricante de siliconas","description":"Silam es una empresa dedicada a la transformaci\u00f3n de elast\u00f3meros de silicona:  mezclas de silicona y componentes t\u00e9cnicos","publisher":{"@id":"https:\/\/www.silam.com\/eu\/#organization"},"potentialAction":[{"@type":"SearchAction","target":{"@type":"EntryPoint","urlTemplate":"https:\/\/www.silam.com\/eu\/?s={search_term_string}"},"query-input":{"@type":"PropertyValueSpecification","valueRequired":true,"valueName":"search_term_string"}}],"inLanguage":"eu"},{"@type":"Organization","@id":"https:\/\/www.silam.com\/eu\/#organization","name":"Silam | Fabricante de siliconas","url":"https:\/\/www.silam.com\/eu\/","logo":{"@type":"ImageObject","inLanguage":"eu","@id":"https:\/\/www.silam.com\/eu\/#\/schema\/logo\/image\/","url":"https:\/\/www.silam.com\/wp-content\/uploads\/2024\/08\/logo-silam.png","contentUrl":"https:\/\/www.silam.com\/wp-content\/uploads\/2024\/08\/logo-silam.png","width":221,"height":93,"caption":"Silam | Fabricante de siliconas"},"image":{"@id":"https:\/\/www.silam.com\/eu\/#\/schema\/logo\/image\/"},"sameAs":["https:\/\/es.linkedin.com\/company\/siliconas-silam-s-a-"]}]}},"_links":{"self":[{"href":"https:\/\/www.silam.com\/eu\/wp-json\/wp\/v2\/pages\/2966","targetHints":{"allow":["GET"]}}],"collection":[{"href":"https:\/\/www.silam.com\/eu\/wp-json\/wp\/v2\/pages"}],"about":[{"href":"https:\/\/www.silam.com\/eu\/wp-json\/wp\/v2\/types\/page"}],"author":[{"embeddable":true,"href":"https:\/\/www.silam.com\/eu\/wp-json\/wp\/v2\/users\/1"}],"replies":[{"embeddable":true,"href":"https:\/\/www.silam.com\/eu\/wp-json\/wp\/v2\/comments?post=2966"}],"version-history":[{"count":0,"href":"https:\/\/www.silam.com\/eu\/wp-json\/wp\/v2\/pages\/2966\/revisions"}],"wp:attachment":[{"href":"https:\/\/www.silam.com\/eu\/wp-json\/wp\/v2\/media?parent=2966"}],"curies":[{"name":"wp","href":"https:\/\/api.w.org\/{rel}","templated":true}]}}