{"id":2964,"date":"2024-08-14T12:54:34","date_gmt":"2024-08-14T10:54:34","guid":{"rendered":"https:\/\/wordpress-958700-4787158.cloudwaysapps.com\/silicona-profilak\/"},"modified":"2025-09-18T11:40:14","modified_gmt":"2025-09-18T09:40:14","slug":"silicona-profilak","status":"publish","type":"page","link":"https:\/\/www.silam.com\/eu\/silicona-profilak\/","title":{"rendered":"Silicona profilak"},"content":{"rendered":"<div class=\"gb-container gb-container-63cfc150\">\n<div class=\"gb-container gb-container-01c1494a\">\n\n<h1 class=\"gb-headline gb-headline-8f140a63 gb-headline-text\">Silicona profilak<\/h1>\n\n\n\n<p class=\"gb-headline gb-headline-d8149c51 gb-headline-text\">Silikonazko profilak eskaintzen ditugu LED argiztapen-sistematatik hasi eta isolamendu termiko eta akustikora arteko aplikazioetarako. Silikonaren propietate bereziei esker, gure profilak iraunkorrak dira eta errendimendu bikaina eskaintzen dute baldintza muturretan. Forma konplexu eta pertsonalizatuak estruitu ditzakegu, diseinu hutsak eta solidoak barne, edozein aplikazio-behar asetzeko.  <\/p>\n\n<\/div>\n<\/div><div class=\"gb-container gb-container-729853f9\">\n<div class=\"gb-container gb-container-11c6b2d3\">\n\n<h2 class=\"gb-headline gb-headline-3bfa2e66 gb-headline-text\">Ezaugarriak eta <mark class=\"gb-highlight\">abantailak<\/mark><\/h2>\n\n\n<div class=\"gb-grid-wrapper gb-grid-wrapper-96c65d5e\">\n<div class=\"gb-grid-column gb-grid-column-d550f522\"><div class=\"gb-container gb-container-d550f522\">\n\n<h3 class=\"gb-headline gb-headline-4a2e0d84 gb-headline-text\"><mark class=\"gb-highlight\">Erresistentzia<\/mark> Tenperatura Muturretan<\/h3>\n\n\n\n<p class=\"gb-headline gb-headline-c3183df5 gb-headline-text\">Gure silikonazko profilek beren propietate mekaniko eta fisikoak mantentzen dituzte -60\u00b0C-tik +250\u00b0C-ra arteko tenperatura-tartean, eta horrek bero intentso edo hotz muturra dakarten aplikazioetarako egokiak egiten ditu.<\/p>\n\n<\/div><\/div>\n\n<div class=\"gb-grid-column gb-grid-column-d67b248a\"><div class=\"gb-container gb-container-d67b248a\">\n\n<h3 class=\"gb-headline gb-headline-219ba881 gb-headline-text\"><mark class=\"gb-highlight\">Elastikotasuna<\/mark> eta Malgutasuna<\/h3>\n\n\n\n<p class=\"gb-headline gb-headline-bda6f2a4 gb-headline-text\">Silikonak elastikotasun bikaina eskaintzen du, profilak gainazal irregularretara egokitzea eta zigilaketa eraginkorra mantentzea ahalbidetuz, mugimendu edo bibrazio baldintzetan ere.<\/p>\n\n<\/div><\/div>\n\n<div class=\"gb-grid-column gb-grid-column-6aee012f\"><div class=\"gb-container gb-container-6aee012f\">\n\n<h3 class=\"gb-headline gb-headline-9652a31f gb-headline-text\"><mark class=\"gb-highlight\">Iraunkortasuna<\/mark> eta Luzapena<\/h3>\n\n\n\n<p class=\"gb-headline gb-headline-4f55bdcc gb-headline-text\">Oso erresistenteak dira zahartzeari, UV izpiei, ozonoari eta eguraldiaren aurkako, eta horrek produktuaren bizitza erabilgarria luzatzen du eta mantentze eta ordezkapen kostuak murrizten ditu.<\/p>\n\n<\/div><\/div>\n\n<div class=\"gb-grid-column gb-grid-column-abb96423\"><div class=\"gb-container gb-container-abb96423\">\n\n<h3 class=\"gb-headline gb-headline-a65a7732 gb-headline-text\"><mark class=\"gb-highlight\">Erresistentzia<\/mark> Kimikoa<\/h3>\n\n\n\n<p class=\"gb-headline gb-headline-e1de8667 gb-headline-text\">Produktu kimiko, olio, azido eta disolbatzaile sorta zabal baten aurrean inerteak dira, ingurune oldarkorretan errendimendu fidagarria bermatuz.<\/p>\n\n<\/div><\/div>\n\n<div class=\"gb-grid-column gb-grid-column-3d91e746\"><div class=\"gb-container gb-container-3d91e746\">\n\n<h3 class=\"gb-headline gb-headline-159cf98e gb-headline-text\"><mark class=\"gb-highlight\">Isolamendua<\/mark> Termikoa eta Akustikoa<\/h3>\n\n\n\n<p class=\"gb-headline gb-headline-738668e1 gb-headline-text\">Silikonaren propietate isolatzaileek gure profilak egokiak egiten dituzte bero edo soinu transferentzia murriztea eskatzen duten aplikazioetarako.<\/p>\n\n<\/div><\/div>\n\n<div class=\"gb-grid-column gb-grid-column-c26b8283\"><div class=\"gb-container gb-container-c26b8283\">\n\n<h3 class=\"gb-headline gb-headline-be536021 gb-headline-text\"><mark class=\"gb-highlight\">Propietateak<\/mark> Suaren Aurkakoak<\/h3>\n\n\n\n<p class=\"gb-headline gb-headline-21aae7b8 gb-headline-text\">Suaren aurkako atzeratzaileak dituzten profilak eskaintzen ditugu, suteen aurkako segurtasunaren nazioarteko estandarrak betetzen dituztenak, segurtasuna lehentasuna den aplikazioetan ezinbestekoak.<\/p>\n\n<\/div><\/div>\n<\/div>\n<\/div>\n<\/div><div class=\"gb-container gb-container-54d1cfff\">\n<div class=\"gb-container gb-container-56baa4f7\">\n<div class=\"gb-grid-wrapper gb-grid-wrapper-8fd58eb4\">\n<div class=\"gb-grid-column gb-grid-column-4a50b10e\"><div class=\"gb-container gb-container-4a50b10e\">\n\n<h3 class=\"gb-headline gb-headline-c9c44c4f gb-headline-text\"><mark class=\"gb-highlight\">Berrikuntza<\/mark> eta Iraunkortasuna<\/h3>\n\n\n\n<p class=\"gb-headline gb-headline-0d3c9e68 gb-headline-text\">Gure silikonazko profilen errendimendua eta iraunkortasuna hobetzen saiatzen gara berrikuntza etengabearen eta I+G inbertsioaren bidez. Hondakinak murrizten dituzten eta birziklatzea bultzatzen duten praktika iraunkorriak aplikatzen ditugu. Gizarte-erantzukizunarekin konprometiturik gaude, gure enplegatuen, bezeroen eta komunitatearen segurtasuna eta ongizatea bermatuz, lan eta ingurumen araudia guztia betez.  <br><br><br><\/p>\n\n<\/div><\/div>\n<\/div>\n<\/div>\n<\/div><div class=\"gb-container gb-container-8e9f863d\">\n<div class=\"gb-container gb-container-fe36e83d\">\n\n<h2 class=\"gb-headline gb-headline-366a4162 gb-headline-text\">Gure silikonazko profilen <mark class=\"gb-highlight\">Onurak<\/mark><\/h2>\n\n\n<div class=\"gb-container gb-container-64fb34b2\">\n\n<p class=\"gb-headline gb-headline-c159c7a4 gb-headline-text\">Kalitate Bermatua<\/p>\n\n\n\n<p class=\"gb-headline gb-headline-1f57c99a gb-headline-text\">Kalitate estandar zorrotzak betez fabrikatutako produktuak, errendimendu fidagarri eta koherentea bermatuz.<\/p>\n\n<\/div>\n\n<div class=\"gb-container gb-container-cdf0cfaa\">\n\n<p class=\"gb-headline gb-headline-95217341 gb-headline-text\"><strong>Soluzio Pertsonalizatuak<\/strong><\/p>\n\n\n\n<p class=\"gb-headline gb-headline-4bb94a07 gb-headline-text\">Eskakizun espezifikoak asetzeko neurriz egindako soluzioak eskaintzeko gaitasuna, merkatuan bereizten gaituzena.<\/p>\n\n<\/div>\n\n<div class=\"gb-container gb-container-aa36fc2e\">\n\n<p class=\"gb-headline gb-headline-59bb154b gb-headline-text\"><strong>Esperientzia eta Ezagutza<\/strong><\/p>\n\n\n\n<p class=\"gb-headline gb-headline-cafb344f gb-headline-text\">Silikona sektorean esperientzia zabala duen profesionalen taldea dugu, aholkularitza eta laguntza adituak eskainiz.<\/p>\n\n<\/div>\n\n<div class=\"gb-container gb-container-2d2e54d4\">\n\n<p class=\"gb-headline gb-headline-c064125d gb-headline-text\"><strong>Kalitate-Prezioa Harremana Lehiakorra<\/strong><\/p>\n\n\n\n<p class=\"gb-headline gb-headline-220c0c01 gb-headline-text\">Kalitate handiko produktuak prezio lehiakorretara eskaintzen ditugu, gure bezeroentzako balioa optimizatuz.<\/p>\n\n<\/div>\n\n<div class=\"gb-container gb-container-7c7ce558\">\n\n<p class=\"gb-headline gb-headline-4dd7b0a7 gb-headline-text\"><strong>Kalitate-Prezioa Harremana Lehiakorra<\/strong><\/p>\n\n\n\n<p class=\"gb-headline gb-headline-f981daaf gb-headline-text\">Gure bezeroekin harreman sendoak eraikitzean zentratzen gara, zerbitzu arretatsua eta erantzunkorra eskainiz.<\/p>\n\n<\/div>\n<\/div>\n<\/div>","protected":false},"excerpt":{"rendered":"<p>Silicona profilak Silikonazko profilak eskaintzen ditugu LED argiztapen-sistematatik hasi eta isolamendu termiko eta akustikora arteko aplikazioetarako. Silikonaren propietate bereziei esker, gure profilak iraunkorrak dira eta errendimendu bikaina eskaintzen dute baldintza muturretan. Forma konplexu eta pertsonalizatuak estruitu ditzakegu, diseinu hutsak eta solidoak barne, edozein aplikazio-behar asetzeko. Ezaugarriak eta abantailak Gure silikonazko profilen Onurak Kalitate Bermatua Kalitate &#8230; <a title=\"Silicona profilak\" class=\"read-more\" href=\"https:\/\/www.silam.com\/eu\/silicona-profilak\/\" aria-label=\"Read more about Silicona profilak\">Read more<\/a><\/p>\n","protected":false},"author":1,"featured_media":0,"parent":0,"menu_order":0,"comment_status":"closed","ping_status":"closed","template":"","meta":{"inline_featured_image":false,"footnotes":""},"class_list":{"0":"post-2964","1":"page","2":"type-page","3":"status-publish","5":"no-featured-image-padding"},"yoast_head":"<!-- This site is optimized with the Yoast SEO plugin v27.1.1 - https:\/\/yoast.com\/product\/yoast-seo-wordpress\/ -->\n<title>Silicona profilak - Silam | Fabricante de siliconas<\/title>\n<meta name=\"robots\" content=\"index, follow, max-snippet:-1, max-image-preview:large, max-video-preview:-1\" \/>\n<link rel=\"canonical\" href=\"https:\/\/www.silam.com\/eu\/silicona-profilak\/\" \/>\n<meta property=\"og:locale\" content=\"en_US\" \/>\n<meta property=\"og:type\" content=\"article\" \/>\n<meta property=\"og:title\" content=\"Silicona profilak - Silam | Fabricante de siliconas\" \/>\n<meta property=\"og:description\" content=\"Silicona profilak Silikonazko profilak eskaintzen ditugu LED argiztapen-sistematatik hasi eta isolamendu termiko eta akustikora arteko aplikazioetarako. Silikonaren propietate bereziei esker, gure profilak iraunkorrak dira eta errendimendu bikaina eskaintzen dute baldintza muturretan. Forma konplexu eta pertsonalizatuak estruitu ditzakegu, diseinu hutsak eta solidoak barne, edozein aplikazio-behar asetzeko. Ezaugarriak eta abantailak Gure silikonazko profilen Onurak Kalitate Bermatua Kalitate ... Read more\" \/>\n<meta property=\"og:url\" content=\"https:\/\/www.silam.com\/eu\/silicona-profilak\/\" \/>\n<meta property=\"og:site_name\" content=\"Silam | Fabricante de siliconas\" \/>\n<meta property=\"article:modified_time\" content=\"2025-09-18T09:40:14+00:00\" \/>\n<meta property=\"og:image\" content=\"https:\/\/www.silam.com\/wp-content\/uploads\/2024\/09\/mezcla-de-silicona_8.jpg\" \/>\n\t<meta property=\"og:image:width\" content=\"1900\" \/>\n\t<meta property=\"og:image:height\" content=\"1267\" \/>\n\t<meta property=\"og:image:type\" content=\"image\/jpeg\" \/>\n<meta name=\"twitter:card\" content=\"summary_large_image\" \/>\n<meta name=\"twitter:label1\" content=\"Est. reading time\" \/>\n\t<meta name=\"twitter:data1\" content=\"2 minutua\" \/>\n<script type=\"application\/ld+json\" class=\"yoast-schema-graph\">{\"@context\":\"https:\/\/schema.org\",\"@graph\":[{\"@type\":\"WebPage\",\"@id\":\"https:\/\/www.silam.com\/eu\/silicona-profilak\/\",\"url\":\"https:\/\/www.silam.com\/eu\/silicona-profilak\/\",\"name\":\"Silicona profilak - Silam | Fabricante de siliconas\",\"isPartOf\":{\"@id\":\"https:\/\/www.silam.com\/eu\/#website\"},\"datePublished\":\"2024-08-14T10:54:34+00:00\",\"dateModified\":\"2025-09-18T09:40:14+00:00\",\"breadcrumb\":{\"@id\":\"https:\/\/www.silam.com\/eu\/silicona-profilak\/#breadcrumb\"},\"inLanguage\":\"eu\",\"potentialAction\":[{\"@type\":\"ReadAction\",\"target\":[\"https:\/\/www.silam.com\/eu\/silicona-profilak\/\"]}]},{\"@type\":\"BreadcrumbList\",\"@id\":\"https:\/\/www.silam.com\/eu\/silicona-profilak\/#breadcrumb\",\"itemListElement\":[{\"@type\":\"ListItem\",\"position\":1,\"name\":\"Portada\",\"item\":\"https:\/\/www.silam.com\/eu\/\"},{\"@type\":\"ListItem\",\"position\":2,\"name\":\"Silicona profilak\"}]},{\"@type\":\"WebSite\",\"@id\":\"https:\/\/www.silam.com\/eu\/#website\",\"url\":\"https:\/\/www.silam.com\/eu\/\",\"name\":\"Silam | Fabricante de siliconas\",\"description\":\"Silam es una empresa dedicada a la transformaci\u00f3n de elast\u00f3meros de silicona:  mezclas de silicona y componentes t\u00e9cnicos\",\"publisher\":{\"@id\":\"https:\/\/www.silam.com\/eu\/#organization\"},\"potentialAction\":[{\"@type\":\"SearchAction\",\"target\":{\"@type\":\"EntryPoint\",\"urlTemplate\":\"https:\/\/www.silam.com\/eu\/?s={search_term_string}\"},\"query-input\":{\"@type\":\"PropertyValueSpecification\",\"valueRequired\":true,\"valueName\":\"search_term_string\"}}],\"inLanguage\":\"eu\"},{\"@type\":\"Organization\",\"@id\":\"https:\/\/www.silam.com\/eu\/#organization\",\"name\":\"Silam | Fabricante de siliconas\",\"url\":\"https:\/\/www.silam.com\/eu\/\",\"logo\":{\"@type\":\"ImageObject\",\"inLanguage\":\"eu\",\"@id\":\"https:\/\/www.silam.com\/eu\/#\/schema\/logo\/image\/\",\"url\":\"https:\/\/www.silam.com\/wp-content\/uploads\/2024\/08\/logo-silam.png\",\"contentUrl\":\"https:\/\/www.silam.com\/wp-content\/uploads\/2024\/08\/logo-silam.png\",\"width\":221,\"height\":93,\"caption\":\"Silam | Fabricante de siliconas\"},\"image\":{\"@id\":\"https:\/\/www.silam.com\/eu\/#\/schema\/logo\/image\/\"},\"sameAs\":[\"https:\/\/es.linkedin.com\/company\/siliconas-silam-s-a-\"]}]}<\/script>\n<!-- \/ Yoast SEO plugin. -->","yoast_head_json":{"title":"Silicona profilak - Silam | Fabricante de siliconas","robots":{"index":"index","follow":"follow","max-snippet":"max-snippet:-1","max-image-preview":"max-image-preview:large","max-video-preview":"max-video-preview:-1"},"canonical":"https:\/\/www.silam.com\/eu\/silicona-profilak\/","og_locale":"en_US","og_type":"article","og_title":"Silicona profilak - Silam | Fabricante de siliconas","og_description":"Silicona profilak Silikonazko profilak eskaintzen ditugu LED argiztapen-sistematatik hasi eta isolamendu termiko eta akustikora arteko aplikazioetarako. Silikonaren propietate bereziei esker, gure profilak iraunkorrak dira eta errendimendu bikaina eskaintzen dute baldintza muturretan. Forma konplexu eta pertsonalizatuak estruitu ditzakegu, diseinu hutsak eta solidoak barne, edozein aplikazio-behar asetzeko. Ezaugarriak eta abantailak Gure silikonazko profilen Onurak Kalitate Bermatua Kalitate ... Read more","og_url":"https:\/\/www.silam.com\/eu\/silicona-profilak\/","og_site_name":"Silam | Fabricante de siliconas","article_modified_time":"2025-09-18T09:40:14+00:00","og_image":[{"width":1900,"height":1267,"url":"https:\/\/www.silam.com\/wp-content\/uploads\/2024\/09\/mezcla-de-silicona_8.jpg","type":"image\/jpeg"}],"twitter_card":"summary_large_image","twitter_misc":{"Est. reading time":"2 minutua"},"schema":{"@context":"https:\/\/schema.org","@graph":[{"@type":"WebPage","@id":"https:\/\/www.silam.com\/eu\/silicona-profilak\/","url":"https:\/\/www.silam.com\/eu\/silicona-profilak\/","name":"Silicona profilak - Silam | Fabricante de siliconas","isPartOf":{"@id":"https:\/\/www.silam.com\/eu\/#website"},"datePublished":"2024-08-14T10:54:34+00:00","dateModified":"2025-09-18T09:40:14+00:00","breadcrumb":{"@id":"https:\/\/www.silam.com\/eu\/silicona-profilak\/#breadcrumb"},"inLanguage":"eu","potentialAction":[{"@type":"ReadAction","target":["https:\/\/www.silam.com\/eu\/silicona-profilak\/"]}]},{"@type":"BreadcrumbList","@id":"https:\/\/www.silam.com\/eu\/silicona-profilak\/#breadcrumb","itemListElement":[{"@type":"ListItem","position":1,"name":"Portada","item":"https:\/\/www.silam.com\/eu\/"},{"@type":"ListItem","position":2,"name":"Silicona profilak"}]},{"@type":"WebSite","@id":"https:\/\/www.silam.com\/eu\/#website","url":"https:\/\/www.silam.com\/eu\/","name":"Silam | Fabricante de siliconas","description":"Silam es una empresa dedicada a la transformaci\u00f3n de elast\u00f3meros de silicona:  mezclas de silicona y componentes t\u00e9cnicos","publisher":{"@id":"https:\/\/www.silam.com\/eu\/#organization"},"potentialAction":[{"@type":"SearchAction","target":{"@type":"EntryPoint","urlTemplate":"https:\/\/www.silam.com\/eu\/?s={search_term_string}"},"query-input":{"@type":"PropertyValueSpecification","valueRequired":true,"valueName":"search_term_string"}}],"inLanguage":"eu"},{"@type":"Organization","@id":"https:\/\/www.silam.com\/eu\/#organization","name":"Silam | Fabricante de siliconas","url":"https:\/\/www.silam.com\/eu\/","logo":{"@type":"ImageObject","inLanguage":"eu","@id":"https:\/\/www.silam.com\/eu\/#\/schema\/logo\/image\/","url":"https:\/\/www.silam.com\/wp-content\/uploads\/2024\/08\/logo-silam.png","contentUrl":"https:\/\/www.silam.com\/wp-content\/uploads\/2024\/08\/logo-silam.png","width":221,"height":93,"caption":"Silam | Fabricante de siliconas"},"image":{"@id":"https:\/\/www.silam.com\/eu\/#\/schema\/logo\/image\/"},"sameAs":["https:\/\/es.linkedin.com\/company\/siliconas-silam-s-a-"]}]}},"_links":{"self":[{"href":"https:\/\/www.silam.com\/eu\/wp-json\/wp\/v2\/pages\/2964","targetHints":{"allow":["GET"]}}],"collection":[{"href":"https:\/\/www.silam.com\/eu\/wp-json\/wp\/v2\/pages"}],"about":[{"href":"https:\/\/www.silam.com\/eu\/wp-json\/wp\/v2\/types\/page"}],"author":[{"embeddable":true,"href":"https:\/\/www.silam.com\/eu\/wp-json\/wp\/v2\/users\/1"}],"replies":[{"embeddable":true,"href":"https:\/\/www.silam.com\/eu\/wp-json\/wp\/v2\/comments?post=2964"}],"version-history":[{"count":0,"href":"https:\/\/www.silam.com\/eu\/wp-json\/wp\/v2\/pages\/2964\/revisions"}],"wp:attachment":[{"href":"https:\/\/www.silam.com\/eu\/wp-json\/wp\/v2\/media?parent=2964"}],"curies":[{"name":"wp","href":"https:\/\/api.w.org\/{rel}","templated":true}]}}