{"id":2951,"date":"2024-08-14T12:54:57","date_gmt":"2024-08-14T10:54:57","guid":{"rendered":"https:\/\/wordpress-958700-4787158.cloudwaysapps.com\/silicona-kableak\/"},"modified":"2025-09-18T11:39:37","modified_gmt":"2025-09-18T09:39:37","slug":"silicona-kableak","status":"publish","type":"page","link":"https:\/\/www.silam.com\/eu\/silicona-kableak\/","title":{"rendered":"Silicona kableak"},"content":{"rendered":"<div class=\"gb-container gb-container-63cfc150\">\n<div class=\"gb-container gb-container-01c1494a\">\n\n<h1 class=\"gb-headline gb-headline-8f140a63 gb-headline-text\">Silicona kableak<\/h1>\n\n\n\n<p class=\"gb-headline gb-headline-d8149c51 gb-headline-text\">Gure <strong>silikona kableak<\/strong> <strong>malgutasuna<\/strong> eta <strong>erresistentzia termikoa<\/strong> konbinatzen dituzte, <strong>ingurune zorrotzetan<\/strong> funtzionatzen duten instalazio elektrikoetarako idealak direlarik. <strong>Industria elektrikoan, elektronikoan, automobilgintzan eta etxetresna elektrikoen sektorean<\/strong> zabalduki erabiltzen dira, <strong>tenperatura altuak<\/strong> eta baldintza kaltegarriak jasaten dituen kableatua behar den tokietan, errendimendua konprometitu gabe. <\/p>\n\n<\/div>\n<\/div><div class=\"gb-container gb-container-729853f9\">\n<div class=\"gb-container gb-container-11c6b2d3\">\n\n<h2 class=\"gb-headline gb-headline-3bfa2e66 gb-headline-text\">Ezaugarriak eta <mark class=\"gb-highlight\">abantailak<\/mark><\/h2>\n\n\n<div class=\"gb-grid-wrapper gb-grid-wrapper-96c65d5e\">\n<div class=\"gb-grid-column gb-grid-column-d550f522\"><div class=\"gb-container gb-container-d550f522\">\n\n<h3 class=\"gb-headline gb-headline-4a2e0d84 gb-headline-text\"><mark class=\"gb-highlight\">Erresistentzia<\/mark> Termikoa<\/h3>\n\n\n\n<p class=\"gb-headline gb-headline-c3183df5 gb-headline-text\">Silikona kableek modu eraginkorrean funtziona dezakete <strong>-60\u00b0C-tik +200\u00b0C-ra<\/strong> bitarteko tenperatura tartean, beren propietate elektriko eta mekanikoak degradaziorik gabe mantenduz.<\/p>\n\n<\/div><\/div>\n\n<div class=\"gb-grid-column gb-grid-column-d67b248a\"><div class=\"gb-container gb-container-d67b248a\">\n\n<h3 class=\"gb-headline gb-headline-219ba881 gb-headline-text\"><mark class=\"gb-highlight\">Elastikotasuna<\/mark> eta Malgutasuna<\/h3>\n\n\n\n<p class=\"gb-headline gb-headline-bda6f2a4 gb-headline-text\">Silikonak <strong>malgutasun bikaina<\/strong> eskaintzen du, tenperatura baxuetan ere, espazio murriztuetan edo geometria konplexuetan instalazioa erraztuz.<\/p>\n\n<\/div><\/div>\n\n<div class=\"gb-grid-column gb-grid-column-6aee012f\"><div class=\"gb-container gb-container-6aee012f\">\n\n<h3 class=\"gb-headline gb-headline-9652a31f gb-headline-text\"><mark class=\"gb-highlight\">Isolamendu<\/mark> Elektriko Goragokoa<\/h3>\n\n\n\n<p class=\"gb-headline gb-headline-4f55bdcc gb-headline-text\"><strong>Erresistentzia dielektriko altua<\/strong> eskaintzen dute, galera elektrikoak minimizatuz eta funtzionamenduan segurtasuna bermatuz.<\/p>\n\n<\/div><\/div>\n\n<div class=\"gb-grid-column gb-grid-column-abb96423\"><div class=\"gb-container gb-container-abb96423\">\n\n<h3 class=\"gb-headline gb-headline-a65a7732 gb-headline-text\"><mark class=\"gb-highlight\">Erresistentzia<\/mark> Suarekiko<\/h3>\n\n\n\n<p class=\"gb-headline gb-headline-e1de8667 gb-headline-text\"><strong>Propietate suarekiko erresistenteak<\/strong> dituzten kableak ditugu, sute-aurkako segurtasunaren nazioarteko estandarrak betetzen dituztenak, aplikazio kritikoetan ezinbestekoak direnak.<\/p>\n\n<\/div><\/div>\n\n<div class=\"gb-grid-column gb-grid-column-3d91e746\"><div class=\"gb-container gb-container-3d91e746\">\n\n<h3 class=\"gb-headline gb-headline-159cf98e gb-headline-text\"><mark class=\"gb-highlight\">Iraunkortasuna<\/mark> eta Luzapena<\/h3>\n\n\n\n<p class=\"gb-headline gb-headline-738668e1 gb-headline-text\"><strong>Eguraldiaren<\/strong>, <strong>UV izpien<\/strong>, <strong>ozonoaren<\/strong> eta hainbat produktu kimikoen aurka erresistenteak dira, baldintza kaltegarrietan bizitza erabilgarri luzea bermatuz.<\/p>\n\n<\/div><\/div>\n\n<div class=\"gb-grid-column gb-grid-column-c26b8283\"><div class=\"gb-container gb-container-c26b8283\">\n\n<h3 class=\"gb-headline gb-headline-be536021 gb-headline-text\"><mark class=\"gb-highlight\">Ketu eta Gas Toxikoen Isuri Baxua<\/mark><\/h3>\n\n\n\n<p class=\"gb-headline gb-headline-21aae7b8 gb-headline-text\">Sute kasuan, gure kableek ketu eta gas toxiko gutxiago sortzen dituzte, ingurune itxietan segurtasuna areagotuz.<\/p>\n\n<\/div><\/div>\n<\/div>\n<\/div>\n<\/div><div class=\"gb-container gb-container-54d1cfff\">\n<div class=\"gb-container gb-container-56baa4f7\">\n<div class=\"gb-grid-wrapper gb-grid-wrapper-8fd58eb4\">\n<div class=\"gb-grid-column gb-grid-column-4a50b10e\"><div class=\"gb-container gb-container-4a50b10e\">\n\n<h3 class=\"gb-headline gb-headline-c9c44c4f gb-headline-text\"><mark class=\"gb-highlight\">Berrikuntza<\/mark> eta Iraunkortasuna<\/h3>\n\n\n\n<p class=\"gb-headline gb-headline-0d3c9e68 gb-headline-text\">Gure silikona kableen errendimendua eta iraunkortasuna hobetzen saiatzen gara <strong>berrikuntza etengabearen<\/strong> eta <strong>ikerketa eta garapenean<\/strong> inbertitzeko bidez. Hondakina murrizten eta birziklatzea sustatzen duten <strong>praktika iraunkorriak<\/strong> aplikatzen ditugu. <strong>Gizarte erantzukizunarekin<\/strong> konprometituta gaude, gure enplegatuen, bezeroen eta komunitatearen segurtasuna eta ongizatea bermatuz, lan eta ingurumen araudia guztia betez.  <br><br><\/p>\n\n<\/div><\/div>\n<\/div>\n<\/div>\n<\/div><div class=\"gb-container gb-container-8e9f863d\">\n<div class=\"gb-container gb-container-fe36e83d\">\n\n<h2 class=\"gb-headline gb-headline-366a4162 gb-headline-text\">Fabrikazio eta Kalitate <mark class=\"gb-highlight\">Prozesuak<\/mark><\/h2>\n\n\n<div class=\"gb-container gb-container-64fb34b2\">\n\n<p class=\"gb-headline gb-headline-c159c7a4 gb-headline-text\">Estrutsio eta Bulkanizazio Teknologia Aurreratua<\/p>\n\n\n\n<p class=\"gb-headline gb-headline-1f57c99a gb-headline-text\">Azken belaunaldiko makina-tresnak erabiltzen ditugu silikonaren estrutsio eta bulkanizaziorako, isolamenduaren kalitatea bermatuz.<\/p>\n\n<\/div>\n\n<div class=\"gb-container gb-container-cdf0cfaa\">\n\n<p class=\"gb-headline gb-headline-95217341 gb-headline-text\"><strong>Kalitate Kontrol Zorrotzak<\/strong><\/p>\n\n\n\n<p class=\"gb-headline gb-headline-4bb94a07 gb-headline-text\">Proba elektriko, mekaniko eta suarekiko erresistentziakoak egiten ditugu, kableek zehaztapen zorrotzenak betetzen dituztela ziurtatuz.<\/p>\n\n<\/div>\n\n<div class=\"gb-container gb-container-aa36fc2e\">\n\n<p class=\"gb-headline gb-headline-59bb154b gb-headline-text\"><strong>Jarraipena Osoa<\/strong><\/p>\n\n\n\n<p class=\"gb-headline gb-headline-cafb344f gb-headline-text\">Ekoizpen-lote bakoitza jarraitu daiteke, hornidura-kate osoan gardentasuna eta erantzukizuna bermatuz.<\/p>\n\n<\/div>\n\n<div class=\"gb-container gb-container-2d2e54d4\">\n\n<p class=\"gb-headline gb-headline-c064125d gb-headline-text\"><strong>Kalitate Ziurtagiriak<\/strong><\/p>\n\n\n\n<p class=\"gb-headline gb-headline-220c0c01 gb-headline-text\">Gure ekoizpen-lantegiak <strong>ISO 9001<\/strong> eta <strong>ISO 14001<\/strong> bezalako estandarren arabera ziurtatuta daude, kalitatearekin eta ingurumenarekin dugun konpromisoa islatuz.<\/p>\n\n<\/div>\n<\/div>\n<\/div>","protected":false},"excerpt":{"rendered":"<p>Silicona kableak Gure silikona kableak malgutasuna eta erresistentzia termikoa konbinatzen dituzte, ingurune zorrotzetan funtzionatzen duten instalazio elektrikoetarako idealak direlarik. Industria elektrikoan, elektronikoan, automobilgintzan eta etxetresna elektrikoen sektorean zabalduki erabiltzen dira, tenperatura altuak eta baldintza kaltegarriak jasaten dituen kableatua behar den tokietan, errendimendua konprometitu gabe. Ezaugarriak eta abantailak Fabrikazio eta Kalitate Prozesuak Estrutsio eta Bulkanizazio Teknologia &#8230; <a title=\"Silicona kableak\" class=\"read-more\" href=\"https:\/\/www.silam.com\/eu\/silicona-kableak\/\" aria-label=\"Read more about Silicona kableak\">Read more<\/a><\/p>\n","protected":false},"author":1,"featured_media":0,"parent":0,"menu_order":0,"comment_status":"closed","ping_status":"closed","template":"","meta":{"inline_featured_image":false,"footnotes":""},"class_list":{"0":"post-2951","1":"page","2":"type-page","3":"status-publish","5":"no-featured-image-padding"},"yoast_head":"<!-- This site is optimized with the Yoast SEO plugin v27.1.1 - https:\/\/yoast.com\/product\/yoast-seo-wordpress\/ -->\n<title>Silicona kableak - Silam | Fabricante de siliconas<\/title>\n<meta name=\"robots\" content=\"index, follow, max-snippet:-1, max-image-preview:large, max-video-preview:-1\" \/>\n<link rel=\"canonical\" href=\"https:\/\/www.silam.com\/eu\/silicona-kableak\/\" \/>\n<meta property=\"og:locale\" content=\"en_US\" \/>\n<meta property=\"og:type\" content=\"article\" \/>\n<meta property=\"og:title\" content=\"Silicona kableak - Silam | Fabricante de siliconas\" \/>\n<meta property=\"og:description\" content=\"Silicona kableak Gure silikona kableak malgutasuna eta erresistentzia termikoa konbinatzen dituzte, ingurune zorrotzetan funtzionatzen duten instalazio elektrikoetarako idealak direlarik. Industria elektrikoan, elektronikoan, automobilgintzan eta etxetresna elektrikoen sektorean zabalduki erabiltzen dira, tenperatura altuak eta baldintza kaltegarriak jasaten dituen kableatua behar den tokietan, errendimendua konprometitu gabe. Ezaugarriak eta abantailak Fabrikazio eta Kalitate Prozesuak Estrutsio eta Bulkanizazio Teknologia ... Read more\" \/>\n<meta property=\"og:url\" content=\"https:\/\/www.silam.com\/eu\/silicona-kableak\/\" \/>\n<meta property=\"og:site_name\" content=\"Silam | Fabricante de siliconas\" \/>\n<meta property=\"article:modified_time\" content=\"2025-09-18T09:39:37+00:00\" \/>\n<meta property=\"og:image\" content=\"https:\/\/www.silam.com\/wp-content\/uploads\/2024\/09\/mezcla-de-silicona_8.jpg\" \/>\n\t<meta property=\"og:image:width\" content=\"1900\" \/>\n\t<meta property=\"og:image:height\" content=\"1267\" \/>\n\t<meta property=\"og:image:type\" content=\"image\/jpeg\" \/>\n<meta name=\"twitter:card\" content=\"summary_large_image\" \/>\n<meta name=\"twitter:label1\" content=\"Est. reading time\" \/>\n\t<meta name=\"twitter:data1\" content=\"1 minutua\" \/>\n<script type=\"application\/ld+json\" class=\"yoast-schema-graph\">{\"@context\":\"https:\/\/schema.org\",\"@graph\":[{\"@type\":\"WebPage\",\"@id\":\"https:\/\/www.silam.com\/eu\/silicona-kableak\/\",\"url\":\"https:\/\/www.silam.com\/eu\/silicona-kableak\/\",\"name\":\"Silicona kableak - Silam | Fabricante de siliconas\",\"isPartOf\":{\"@id\":\"https:\/\/www.silam.com\/eu\/#website\"},\"datePublished\":\"2024-08-14T10:54:57+00:00\",\"dateModified\":\"2025-09-18T09:39:37+00:00\",\"breadcrumb\":{\"@id\":\"https:\/\/www.silam.com\/eu\/silicona-kableak\/#breadcrumb\"},\"inLanguage\":\"eu\",\"potentialAction\":[{\"@type\":\"ReadAction\",\"target\":[\"https:\/\/www.silam.com\/eu\/silicona-kableak\/\"]}]},{\"@type\":\"BreadcrumbList\",\"@id\":\"https:\/\/www.silam.com\/eu\/silicona-kableak\/#breadcrumb\",\"itemListElement\":[{\"@type\":\"ListItem\",\"position\":1,\"name\":\"Portada\",\"item\":\"https:\/\/www.silam.com\/eu\/\"},{\"@type\":\"ListItem\",\"position\":2,\"name\":\"Silicona kableak\"}]},{\"@type\":\"WebSite\",\"@id\":\"https:\/\/www.silam.com\/eu\/#website\",\"url\":\"https:\/\/www.silam.com\/eu\/\",\"name\":\"Silam | Fabricante de siliconas\",\"description\":\"Silam es una empresa dedicada a la transformaci\u00f3n de elast\u00f3meros de silicona:  mezclas de silicona y componentes t\u00e9cnicos\",\"publisher\":{\"@id\":\"https:\/\/www.silam.com\/eu\/#organization\"},\"potentialAction\":[{\"@type\":\"SearchAction\",\"target\":{\"@type\":\"EntryPoint\",\"urlTemplate\":\"https:\/\/www.silam.com\/eu\/?s={search_term_string}\"},\"query-input\":{\"@type\":\"PropertyValueSpecification\",\"valueRequired\":true,\"valueName\":\"search_term_string\"}}],\"inLanguage\":\"eu\"},{\"@type\":\"Organization\",\"@id\":\"https:\/\/www.silam.com\/eu\/#organization\",\"name\":\"Silam | Fabricante de siliconas\",\"url\":\"https:\/\/www.silam.com\/eu\/\",\"logo\":{\"@type\":\"ImageObject\",\"inLanguage\":\"eu\",\"@id\":\"https:\/\/www.silam.com\/eu\/#\/schema\/logo\/image\/\",\"url\":\"https:\/\/www.silam.com\/wp-content\/uploads\/2024\/08\/logo-silam.png\",\"contentUrl\":\"https:\/\/www.silam.com\/wp-content\/uploads\/2024\/08\/logo-silam.png\",\"width\":221,\"height\":93,\"caption\":\"Silam | Fabricante de siliconas\"},\"image\":{\"@id\":\"https:\/\/www.silam.com\/eu\/#\/schema\/logo\/image\/\"},\"sameAs\":[\"https:\/\/es.linkedin.com\/company\/siliconas-silam-s-a-\"]}]}<\/script>\n<!-- \/ Yoast SEO plugin. -->","yoast_head_json":{"title":"Silicona kableak - Silam | Fabricante de siliconas","robots":{"index":"index","follow":"follow","max-snippet":"max-snippet:-1","max-image-preview":"max-image-preview:large","max-video-preview":"max-video-preview:-1"},"canonical":"https:\/\/www.silam.com\/eu\/silicona-kableak\/","og_locale":"en_US","og_type":"article","og_title":"Silicona kableak - Silam | Fabricante de siliconas","og_description":"Silicona kableak Gure silikona kableak malgutasuna eta erresistentzia termikoa konbinatzen dituzte, ingurune zorrotzetan funtzionatzen duten instalazio elektrikoetarako idealak direlarik. Industria elektrikoan, elektronikoan, automobilgintzan eta etxetresna elektrikoen sektorean zabalduki erabiltzen dira, tenperatura altuak eta baldintza kaltegarriak jasaten dituen kableatua behar den tokietan, errendimendua konprometitu gabe. Ezaugarriak eta abantailak Fabrikazio eta Kalitate Prozesuak Estrutsio eta Bulkanizazio Teknologia ... Read more","og_url":"https:\/\/www.silam.com\/eu\/silicona-kableak\/","og_site_name":"Silam | Fabricante de siliconas","article_modified_time":"2025-09-18T09:39:37+00:00","og_image":[{"width":1900,"height":1267,"url":"https:\/\/www.silam.com\/wp-content\/uploads\/2024\/09\/mezcla-de-silicona_8.jpg","type":"image\/jpeg"}],"twitter_card":"summary_large_image","twitter_misc":{"Est. reading time":"1 minutua"},"schema":{"@context":"https:\/\/schema.org","@graph":[{"@type":"WebPage","@id":"https:\/\/www.silam.com\/eu\/silicona-kableak\/","url":"https:\/\/www.silam.com\/eu\/silicona-kableak\/","name":"Silicona kableak - Silam | Fabricante de siliconas","isPartOf":{"@id":"https:\/\/www.silam.com\/eu\/#website"},"datePublished":"2024-08-14T10:54:57+00:00","dateModified":"2025-09-18T09:39:37+00:00","breadcrumb":{"@id":"https:\/\/www.silam.com\/eu\/silicona-kableak\/#breadcrumb"},"inLanguage":"eu","potentialAction":[{"@type":"ReadAction","target":["https:\/\/www.silam.com\/eu\/silicona-kableak\/"]}]},{"@type":"BreadcrumbList","@id":"https:\/\/www.silam.com\/eu\/silicona-kableak\/#breadcrumb","itemListElement":[{"@type":"ListItem","position":1,"name":"Portada","item":"https:\/\/www.silam.com\/eu\/"},{"@type":"ListItem","position":2,"name":"Silicona kableak"}]},{"@type":"WebSite","@id":"https:\/\/www.silam.com\/eu\/#website","url":"https:\/\/www.silam.com\/eu\/","name":"Silam | Fabricante de siliconas","description":"Silam es una empresa dedicada a la transformaci\u00f3n de elast\u00f3meros de silicona:  mezclas de silicona y componentes t\u00e9cnicos","publisher":{"@id":"https:\/\/www.silam.com\/eu\/#organization"},"potentialAction":[{"@type":"SearchAction","target":{"@type":"EntryPoint","urlTemplate":"https:\/\/www.silam.com\/eu\/?s={search_term_string}"},"query-input":{"@type":"PropertyValueSpecification","valueRequired":true,"valueName":"search_term_string"}}],"inLanguage":"eu"},{"@type":"Organization","@id":"https:\/\/www.silam.com\/eu\/#organization","name":"Silam | Fabricante de siliconas","url":"https:\/\/www.silam.com\/eu\/","logo":{"@type":"ImageObject","inLanguage":"eu","@id":"https:\/\/www.silam.com\/eu\/#\/schema\/logo\/image\/","url":"https:\/\/www.silam.com\/wp-content\/uploads\/2024\/08\/logo-silam.png","contentUrl":"https:\/\/www.silam.com\/wp-content\/uploads\/2024\/08\/logo-silam.png","width":221,"height":93,"caption":"Silam | Fabricante de siliconas"},"image":{"@id":"https:\/\/www.silam.com\/eu\/#\/schema\/logo\/image\/"},"sameAs":["https:\/\/es.linkedin.com\/company\/siliconas-silam-s-a-"]}]}},"_links":{"self":[{"href":"https:\/\/www.silam.com\/eu\/wp-json\/wp\/v2\/pages\/2951","targetHints":{"allow":["GET"]}}],"collection":[{"href":"https:\/\/www.silam.com\/eu\/wp-json\/wp\/v2\/pages"}],"about":[{"href":"https:\/\/www.silam.com\/eu\/wp-json\/wp\/v2\/types\/page"}],"author":[{"embeddable":true,"href":"https:\/\/www.silam.com\/eu\/wp-json\/wp\/v2\/users\/1"}],"replies":[{"embeddable":true,"href":"https:\/\/www.silam.com\/eu\/wp-json\/wp\/v2\/comments?post=2951"}],"version-history":[{"count":0,"href":"https:\/\/www.silam.com\/eu\/wp-json\/wp\/v2\/pages\/2951\/revisions"}],"wp:attachment":[{"href":"https:\/\/www.silam.com\/eu\/wp-json\/wp\/v2\/media?parent=2951"}],"curies":[{"name":"wp","href":"https:\/\/api.w.org\/{rel}","templated":true}]}}