{"id":2778,"date":"2024-08-14T12:53:11","date_gmt":"2024-08-14T10:53:11","guid":{"rendered":"https:\/\/wordpress-958700-4787158.cloudwaysapps.com\/silicona-gehigarriak\/"},"modified":"2025-09-18T10:44:52","modified_gmt":"2025-09-18T08:44:52","slug":"silicona-gehigarriak","status":"publish","type":"page","link":"https:\/\/www.silam.com\/eu\/silicona-gehigarriak\/","title":{"rendered":"Silicona gehigarriak"},"content":{"rendered":"<div class=\"gb-container gb-container-63cfc150\">\n<div class=\"gb-container gb-container-01c1494a\">\n\n<h1 class=\"gb-headline gb-headline-8f140a63 gb-headline-text\">Silicona gehigarriak<\/h1>\n\n\n\n<p class=\"gb-headline gb-headline-d8149c51 gb-headline-text\"><strong>Kalitate handiko gehigarrien hautaketa<\/strong> batekin lan egiten dugu, ziurtatutako hornitzaileekin substantzia bakoitzaren purutasuna eta eraginkortasuna bermatzeko. Gainera, <strong>formula pertsonalizatuak<\/strong> garatzen ditugu eskatutako zehaztapen tekniko eta arauemaileei erantzuten dietenak. <\/p>\n\n<\/div>\n<\/div><div class=\"gb-container gb-container-729853f9\">\n<div class=\"gb-container gb-container-11c6b2d3\">\n\n<h2 class=\"gb-headline gb-headline-3bfa2e66 gb-headline-text\"><mark class=\"gb-highlight\">Aldatzeko<\/mark> eta <mark class=\"gb-highlight\">hobetzeko<\/mark> gehigarriak<\/h2>\n\n\n\n<p class=\"gb-headline gb-headline-4725fe8d gb-headline-text\"><strong>Silikona gehigarriak<\/strong> silikona oinarriei gehitzen zaizkien substantziak dira, haien propietate intrinsekoak <strong>aldatu edo hobetzeko<\/strong>. <strong>Silam<\/strong>-en gehigarrien garrantzia ulertzen dugu silikonaren aplikazioak <strong>indartzeko eta dibertsifikatzeko<\/strong>. Horregatik, eskaintzen dugu:  <\/p>\n\n\n<div class=\"gb-grid-wrapper gb-grid-wrapper-96c65d5e\">\n<div class=\"gb-grid-column gb-grid-column-d550f522\"><div class=\"gb-container gb-container-d550f522\">\n\n<h3 class=\"gb-headline gb-headline-4a2e0d84 gb-headline-text\"><strong><mark class=\"gb-highlight\">Kalitatea<\/mark> eta koherentzi<\/strong>a<\/h3>\n\n\n\n<p class=\"gb-headline gb-headline-c3183df5 gb-headline-text\">Ekoitzitako lote bakoitzean beren propietateak mantentzen dituzten produktu fidagarriak bermatzen ditugu.<\/p>\n\n<\/div><\/div>\n\n<div class=\"gb-grid-column gb-grid-column-d67b248a\"><div class=\"gb-container gb-container-d67b248a\">\n\n<h3 class=\"gb-headline gb-headline-219ba881 gb-headline-text\"><mark class=\"gb-highlight\">Malgutasuna<\/mark> eta moldagarritasuna<\/h3>\n\n\n\n<p class=\"gb-headline gb-headline-bda6f2a4 gb-headline-text\">Merkatuaren erronka edo eskakizun berrien aurrean formulazioak azkar doitzeko gaitasuna.<\/p>\n\n<\/div><\/div>\n\n<div class=\"gb-grid-column gb-grid-column-6aee012f\"><div class=\"gb-container gb-container-6aee012f\">\n\n<h3 class=\"gb-headline gb-headline-9652a31f gb-headline-text\">Laguntza <mark class=\"gb-highlight\">integrala<\/mark><\/h3>\n\n\n\n<p class=\"gb-headline gb-headline-4f55bdcc gb-headline-text\">Proiektuaren kontzepziotik ekoizpenera eta salmenta osteko jarraipenera arteko laguntza.<\/p>\n\n<\/div><\/div>\n\n<div class=\"gb-grid-column gb-grid-column-abb96423\"><div class=\"gb-container gb-container-abb96423\">\n\n<h3 class=\"gb-headline gb-headline-a65a7732 gb-headline-text\">Arau <mark class=\"gb-highlight\">betetzea<\/mark><\/h3>\n\n\n\n<p class=\"gb-headline gb-headline-e1de8667 gb-headline-text\">Gure soluzioak aplikagarriak diren nazioarteko araudia eta estandarrak betetzen dituztela bermatzen dugu.<\/p>\n\n<\/div><\/div>\n<\/div>\n<\/div>\n<\/div><div class=\"gb-container gb-container-54d1cfff\">\n<div class=\"gb-container gb-container-56baa4f7\">\n<div class=\"gb-grid-wrapper gb-grid-wrapper-8fd58eb4\">\n<div class=\"gb-grid-column gb-grid-column-4a50b10e\"><div class=\"gb-container gb-container-4a50b10e\">\n\n<h3 class=\"gb-headline gb-headline-c9c44c4f gb-headline-text\"><mark class=\"gb-highlight\">Berrikuntza<\/mark> eta Iraunkortasuna<\/h3>\n\n\n\n<p class=\"gb-headline gb-headline-0d3c9e68 gb-headline-text\">Silikonaren propietateak hobetzen ez ezik <strong>ingurumena errespetatzen<\/strong> duten gehigarri berritzaileen erabileran abangoardian egoten saiatzen gara. Gehigarri ekologiko eta iraunkorraren erabilera sustatzen dugu, ingurumen-inpaktua murriztuz eta hornidura-kate osoan praktika arduratsuen alde eginez. <\/p>\n\n<\/div><\/div>\n<\/div>\n<\/div>\n<\/div><div class=\"gb-container gb-container-8e9f863d\">\n<div class=\"gb-container gb-container-fe36e83d\">\n\n<h2 class=\"gb-headline gb-headline-366a4162 gb-headline-text\">Silikonan gehigarriak erabiltzeak dituen <mark class=\"gb-highlight\">onurak<\/mark><\/h2>\n\n\n<div class=\"gb-container gb-container-64fb34b2\">\n\n<p class=\"gb-headline gb-headline-c159c7a4 gb-headline-text\">Pertsonalizazioa<\/p>\n\n\n\n<p class=\"gb-headline gb-headline-1f57c99a gb-headline-text\">Bezeroaren eskakizunen arabera propietate mekaniko, termiko, elektriko eta kimikoen egokitzapen zehatza.<\/p>\n\n<\/div>\n\n<div class=\"gb-container gb-container-cdf0cfaa\">\n\n<p class=\"gb-headline gb-headline-95217341 gb-headline-text\"><strong>Errendimendu Hobetua<\/strong><\/p>\n\n\n\n<p class=\"gb-headline gb-headline-4bb94a07 gb-headline-text\">Azken produktuen iraunkortasunaren, eraginkortasunaren eta funtzionaltasunaren optimizazioa.<\/p>\n\n<\/div>\n\n<div class=\"gb-container gb-container-aa36fc2e\">\n\n<p class=\"gb-headline gb-headline-59bb154b gb-headline-text\"><strong>Berrikuntza<\/strong><\/p>\n\n\n\n<p class=\"gb-headline gb-headline-cafb344f gb-headline-text\">Eremu berrietan eta teknologia emergentetan aplikazioak ahalbidetzen dituzten soluzio aurreratuaren garapena.<\/p>\n\n<\/div>\n\n<div class=\"gb-container gb-container-2d2e54d4\">\n\n<p class=\"gb-headline gb-headline-c064125d gb-headline-text\"><strong>Arau Betetzea<\/strong><\/p>\n\n\n\n<p class=\"gb-headline gb-headline-220c0c01 gb-headline-text\">Industria bakoitzaren estandar eta araudia espezifikoetara egokitzea, segurtasuna eta kalitatea bermatuz.<\/p>\n\n<\/div>\n<\/div>\n<\/div>","protected":false},"excerpt":{"rendered":"<p>Silicona gehigarriak Kalitate handiko gehigarrien hautaketa batekin lan egiten dugu, ziurtatutako hornitzaileekin substantzia bakoitzaren purutasuna eta eraginkortasuna bermatzeko. Gainera, formula pertsonalizatuak garatzen ditugu eskatutako zehaztapen tekniko eta arauemaileei erantzuten dietenak. Aldatzeko eta hobetzeko gehigarriak Silikona gehigarriak silikona oinarriei gehitzen zaizkien substantziak dira, haien propietate intrinsekoak aldatu edo hobetzeko. Silam-en gehigarrien garrantzia ulertzen dugu silikonaren aplikazioak &#8230; <a title=\"Silicona gehigarriak\" class=\"read-more\" href=\"https:\/\/www.silam.com\/eu\/silicona-gehigarriak\/\" aria-label=\"Read more about Silicona gehigarriak\">Read more<\/a><\/p>\n","protected":false},"author":1,"featured_media":0,"parent":0,"menu_order":0,"comment_status":"closed","ping_status":"closed","template":"","meta":{"inline_featured_image":false,"footnotes":""},"class_list":{"0":"post-2778","1":"page","2":"type-page","3":"status-publish","5":"no-featured-image-padding"},"yoast_head":"<!-- This site is optimized with the Yoast SEO plugin v27.1.1 - https:\/\/yoast.com\/product\/yoast-seo-wordpress\/ -->\n<title>Silicona gehigarriak - Silam | Fabricante de siliconas<\/title>\n<meta name=\"robots\" content=\"index, follow, max-snippet:-1, max-image-preview:large, max-video-preview:-1\" \/>\n<link rel=\"canonical\" href=\"https:\/\/www.silam.com\/eu\/silicona-gehigarriak\/\" \/>\n<meta property=\"og:locale\" content=\"en_US\" \/>\n<meta property=\"og:type\" content=\"article\" \/>\n<meta property=\"og:title\" content=\"Silicona gehigarriak - Silam | Fabricante de siliconas\" \/>\n<meta property=\"og:description\" content=\"Silicona gehigarriak Kalitate handiko gehigarrien hautaketa batekin lan egiten dugu, ziurtatutako hornitzaileekin substantzia bakoitzaren purutasuna eta eraginkortasuna bermatzeko. Gainera, formula pertsonalizatuak garatzen ditugu eskatutako zehaztapen tekniko eta arauemaileei erantzuten dietenak. Aldatzeko eta hobetzeko gehigarriak Silikona gehigarriak silikona oinarriei gehitzen zaizkien substantziak dira, haien propietate intrinsekoak aldatu edo hobetzeko. Silam-en gehigarrien garrantzia ulertzen dugu silikonaren aplikazioak ... Read more\" \/>\n<meta property=\"og:url\" content=\"https:\/\/www.silam.com\/eu\/silicona-gehigarriak\/\" \/>\n<meta property=\"og:site_name\" content=\"Silam | Fabricante de siliconas\" \/>\n<meta property=\"article:modified_time\" content=\"2025-09-18T08:44:52+00:00\" \/>\n<meta property=\"og:image\" content=\"https:\/\/www.silam.com\/wp-content\/uploads\/2024\/09\/mezcla-de-silicona_8.jpg\" \/>\n\t<meta property=\"og:image:width\" content=\"1900\" \/>\n\t<meta property=\"og:image:height\" content=\"1267\" \/>\n\t<meta property=\"og:image:type\" content=\"image\/jpeg\" \/>\n<meta name=\"twitter:card\" content=\"summary_large_image\" \/>\n<meta name=\"twitter:label1\" content=\"Est. reading time\" \/>\n\t<meta name=\"twitter:data1\" content=\"1 minutua\" \/>\n<script type=\"application\/ld+json\" class=\"yoast-schema-graph\">{\"@context\":\"https:\/\/schema.org\",\"@graph\":[{\"@type\":\"WebPage\",\"@id\":\"https:\/\/www.silam.com\/eu\/silicona-gehigarriak\/\",\"url\":\"https:\/\/www.silam.com\/eu\/silicona-gehigarriak\/\",\"name\":\"Silicona gehigarriak - Silam | Fabricante de siliconas\",\"isPartOf\":{\"@id\":\"https:\/\/www.silam.com\/eu\/#website\"},\"datePublished\":\"2024-08-14T10:53:11+00:00\",\"dateModified\":\"2025-09-18T08:44:52+00:00\",\"breadcrumb\":{\"@id\":\"https:\/\/www.silam.com\/eu\/silicona-gehigarriak\/#breadcrumb\"},\"inLanguage\":\"eu\",\"potentialAction\":[{\"@type\":\"ReadAction\",\"target\":[\"https:\/\/www.silam.com\/eu\/silicona-gehigarriak\/\"]}]},{\"@type\":\"BreadcrumbList\",\"@id\":\"https:\/\/www.silam.com\/eu\/silicona-gehigarriak\/#breadcrumb\",\"itemListElement\":[{\"@type\":\"ListItem\",\"position\":1,\"name\":\"Portada\",\"item\":\"https:\/\/www.silam.com\/eu\/\"},{\"@type\":\"ListItem\",\"position\":2,\"name\":\"Silicona gehigarriak\"}]},{\"@type\":\"WebSite\",\"@id\":\"https:\/\/www.silam.com\/eu\/#website\",\"url\":\"https:\/\/www.silam.com\/eu\/\",\"name\":\"Silam | Fabricante de siliconas\",\"description\":\"Silam es una empresa dedicada a la transformaci\u00f3n de elast\u00f3meros de silicona:  mezclas de silicona y componentes t\u00e9cnicos\",\"publisher\":{\"@id\":\"https:\/\/www.silam.com\/eu\/#organization\"},\"potentialAction\":[{\"@type\":\"SearchAction\",\"target\":{\"@type\":\"EntryPoint\",\"urlTemplate\":\"https:\/\/www.silam.com\/eu\/?s={search_term_string}\"},\"query-input\":{\"@type\":\"PropertyValueSpecification\",\"valueRequired\":true,\"valueName\":\"search_term_string\"}}],\"inLanguage\":\"eu\"},{\"@type\":\"Organization\",\"@id\":\"https:\/\/www.silam.com\/eu\/#organization\",\"name\":\"Silam | Fabricante de siliconas\",\"url\":\"https:\/\/www.silam.com\/eu\/\",\"logo\":{\"@type\":\"ImageObject\",\"inLanguage\":\"eu\",\"@id\":\"https:\/\/www.silam.com\/eu\/#\/schema\/logo\/image\/\",\"url\":\"https:\/\/www.silam.com\/wp-content\/uploads\/2024\/08\/logo-silam.png\",\"contentUrl\":\"https:\/\/www.silam.com\/wp-content\/uploads\/2024\/08\/logo-silam.png\",\"width\":221,\"height\":93,\"caption\":\"Silam | Fabricante de siliconas\"},\"image\":{\"@id\":\"https:\/\/www.silam.com\/eu\/#\/schema\/logo\/image\/\"},\"sameAs\":[\"https:\/\/es.linkedin.com\/company\/siliconas-silam-s-a-\"]}]}<\/script>\n<!-- \/ Yoast SEO plugin. -->","yoast_head_json":{"title":"Silicona gehigarriak - Silam | Fabricante de siliconas","robots":{"index":"index","follow":"follow","max-snippet":"max-snippet:-1","max-image-preview":"max-image-preview:large","max-video-preview":"max-video-preview:-1"},"canonical":"https:\/\/www.silam.com\/eu\/silicona-gehigarriak\/","og_locale":"en_US","og_type":"article","og_title":"Silicona gehigarriak - Silam | Fabricante de siliconas","og_description":"Silicona gehigarriak Kalitate handiko gehigarrien hautaketa batekin lan egiten dugu, ziurtatutako hornitzaileekin substantzia bakoitzaren purutasuna eta eraginkortasuna bermatzeko. Gainera, formula pertsonalizatuak garatzen ditugu eskatutako zehaztapen tekniko eta arauemaileei erantzuten dietenak. Aldatzeko eta hobetzeko gehigarriak Silikona gehigarriak silikona oinarriei gehitzen zaizkien substantziak dira, haien propietate intrinsekoak aldatu edo hobetzeko. Silam-en gehigarrien garrantzia ulertzen dugu silikonaren aplikazioak ... Read more","og_url":"https:\/\/www.silam.com\/eu\/silicona-gehigarriak\/","og_site_name":"Silam | Fabricante de siliconas","article_modified_time":"2025-09-18T08:44:52+00:00","og_image":[{"width":1900,"height":1267,"url":"https:\/\/www.silam.com\/wp-content\/uploads\/2024\/09\/mezcla-de-silicona_8.jpg","type":"image\/jpeg"}],"twitter_card":"summary_large_image","twitter_misc":{"Est. reading time":"1 minutua"},"schema":{"@context":"https:\/\/schema.org","@graph":[{"@type":"WebPage","@id":"https:\/\/www.silam.com\/eu\/silicona-gehigarriak\/","url":"https:\/\/www.silam.com\/eu\/silicona-gehigarriak\/","name":"Silicona gehigarriak - Silam | Fabricante de siliconas","isPartOf":{"@id":"https:\/\/www.silam.com\/eu\/#website"},"datePublished":"2024-08-14T10:53:11+00:00","dateModified":"2025-09-18T08:44:52+00:00","breadcrumb":{"@id":"https:\/\/www.silam.com\/eu\/silicona-gehigarriak\/#breadcrumb"},"inLanguage":"eu","potentialAction":[{"@type":"ReadAction","target":["https:\/\/www.silam.com\/eu\/silicona-gehigarriak\/"]}]},{"@type":"BreadcrumbList","@id":"https:\/\/www.silam.com\/eu\/silicona-gehigarriak\/#breadcrumb","itemListElement":[{"@type":"ListItem","position":1,"name":"Portada","item":"https:\/\/www.silam.com\/eu\/"},{"@type":"ListItem","position":2,"name":"Silicona gehigarriak"}]},{"@type":"WebSite","@id":"https:\/\/www.silam.com\/eu\/#website","url":"https:\/\/www.silam.com\/eu\/","name":"Silam | Fabricante de siliconas","description":"Silam es una empresa dedicada a la transformaci\u00f3n de elast\u00f3meros de silicona:  mezclas de silicona y componentes t\u00e9cnicos","publisher":{"@id":"https:\/\/www.silam.com\/eu\/#organization"},"potentialAction":[{"@type":"SearchAction","target":{"@type":"EntryPoint","urlTemplate":"https:\/\/www.silam.com\/eu\/?s={search_term_string}"},"query-input":{"@type":"PropertyValueSpecification","valueRequired":true,"valueName":"search_term_string"}}],"inLanguage":"eu"},{"@type":"Organization","@id":"https:\/\/www.silam.com\/eu\/#organization","name":"Silam | Fabricante de siliconas","url":"https:\/\/www.silam.com\/eu\/","logo":{"@type":"ImageObject","inLanguage":"eu","@id":"https:\/\/www.silam.com\/eu\/#\/schema\/logo\/image\/","url":"https:\/\/www.silam.com\/wp-content\/uploads\/2024\/08\/logo-silam.png","contentUrl":"https:\/\/www.silam.com\/wp-content\/uploads\/2024\/08\/logo-silam.png","width":221,"height":93,"caption":"Silam | Fabricante de siliconas"},"image":{"@id":"https:\/\/www.silam.com\/eu\/#\/schema\/logo\/image\/"},"sameAs":["https:\/\/es.linkedin.com\/company\/siliconas-silam-s-a-"]}]}},"_links":{"self":[{"href":"https:\/\/www.silam.com\/eu\/wp-json\/wp\/v2\/pages\/2778","targetHints":{"allow":["GET"]}}],"collection":[{"href":"https:\/\/www.silam.com\/eu\/wp-json\/wp\/v2\/pages"}],"about":[{"href":"https:\/\/www.silam.com\/eu\/wp-json\/wp\/v2\/types\/page"}],"author":[{"embeddable":true,"href":"https:\/\/www.silam.com\/eu\/wp-json\/wp\/v2\/users\/1"}],"replies":[{"embeddable":true,"href":"https:\/\/www.silam.com\/eu\/wp-json\/wp\/v2\/comments?post=2778"}],"version-history":[{"count":0,"href":"https:\/\/www.silam.com\/eu\/wp-json\/wp\/v2\/pages\/2778\/revisions"}],"wp:attachment":[{"href":"https:\/\/www.silam.com\/eu\/wp-json\/wp\/v2\/media?parent=2778"}],"curies":[{"name":"wp","href":"https:\/\/api.w.org\/{rel}","templated":true}]}}