{"id":2766,"date":"2024-08-14T12:52:54","date_gmt":"2024-08-14T10:52:54","guid":{"rendered":"https:\/\/wordpress-958700-4787158.cloudwaysapps.com\/silicona-oinarriak\/"},"modified":"2025-09-18T10:44:39","modified_gmt":"2025-09-18T08:44:39","slug":"silicona-oinarriak","status":"publish","type":"page","link":"https:\/\/www.silam.com\/eu\/silicona-oinarriak\/","title":{"rendered":"Silicona oinarriak"},"content":{"rendered":"<div class=\"gb-container gb-container-63cfc150\">\n<div class=\"gb-container gb-container-01c1494a\">\n\n<h1 class=\"gb-headline gb-headline-8f140a63 gb-headline-text\">Silicona oinarriak<\/h1>\n\n\n\n<p class=\"gb-headline gb-headline-d8149c51 gb-headline-text\">Gure enpresan, <strong>kalitate handieneko silikona-oinarriak<\/strong> hornitzera dedikatzen gara, lote bakoitzak pureza eta errendimenduaren estandar zorrotzenekin betetzen dituela ziurtatuz. Ulertzen dugu lehengaiaren kalitatea gure bezeroen azken produktuen arrakastaren funtsezkoa dela. <\/p>\n\n<\/div>\n<\/div><div class=\"gb-container gb-container-729853f9\">\n<div class=\"gb-container gb-container-11c6b2d3\">\n\n<h2 class=\"gb-headline gb-headline-3bfa2e66 gb-headline-text\">Gure silikona-oinarrien <mark class=\"gb-highlight\">propietate nagusiak<\/mark><\/h2>\n\n\n\n<p class=\"gb-headline gb-headline-4725fe8d gb-headline-text\">Silikona-oinarriak silikona polimero puruak dira, silikona produktu sorta zabal baten fabrikazioan oinarrizko lehengai gisa jarduten dutenak. Oinarri hauek silikona material hain aldakorra eta estimatua bihurtzen duten oinarrizko propietateak eskaintzen dituzte industria desberdinetan: <\/p>\n\n\n<div class=\"gb-grid-wrapper gb-grid-wrapper-96c65d5e\">\n<div class=\"gb-grid-column gb-grid-column-d550f522\"><div class=\"gb-container gb-container-d550f522\">\n\n<h3 class=\"gb-headline gb-headline-4a2e0d84 gb-headline-text\"><mark class=\"gb-highlight\">Elastikotasuna <br><\/mark>eta malgutasuna<\/h3>\n\n\n\n<p class=\"gb-headline gb-headline-c3183df5 gb-headline-text\">Hautsitu gabe luzatzeko eta deformatzeko gaitasun bikaina eskaintzen dute, beti beren jatorrizko formara itzuliz. Honek iraunkortasuna eta higadura mekanikoaren aurkako erresistentzia behar dituzten aplikazioetarako egokiak bihurtzen ditu. <\/p>\n\n<\/div><\/div>\n\n<div class=\"gb-grid-column gb-grid-column-d67b248a\"><div class=\"gb-container gb-container-d67b248a\">\n\n<h3 class=\"gb-headline gb-headline-219ba881 gb-headline-text\"><mark class=\"gb-highlight\">Tenperatura<\/mark> altu eta <br>baxuen aurkako erresistentzia<\/h3>\n\n\n\n<p class=\"gb-headline gb-headline-bda6f2a4 gb-headline-text\">Beren propietate fisiko eta mekanikoak tenperatura-tarte zabal batean mantentzen dituzte, -60\u00b0C-tik +250\u00b0C-ra, ingurune muturretarako egokiak bihurtuz.<\/p>\n\n<\/div><\/div>\n\n<div class=\"gb-grid-column gb-grid-column-6aee012f\"><div class=\"gb-container gb-container-6aee012f\">\n\n<h3 class=\"gb-headline gb-headline-9652a31f gb-headline-text\"><mark class=\"gb-highlight\">Egonkortasun<\/mark> <br>kimikoa<\/h3>\n\n\n\n<p class=\"gb-headline gb-headline-4f55bdcc gb-headline-text\">Inerteak dira eta produktu kimiko, olio eta disolbatzaile askoren aurkako erresistenteak, ingurune oldarkorretan errendimendu fidagarria bermatuz.<\/p>\n\n<\/div><\/div>\n\n<div class=\"gb-grid-column gb-grid-column-df7120b5\"><div class=\"gb-container gb-container-df7120b5\">\n\n<h3 class=\"gb-headline gb-headline-9bc895f7 gb-headline-text\"><mark class=\"gb-highlight\">Zahartzearen<\/mark> eta eguraldiaren aurkako erresistentzia<\/h3>\n\n\n\n<p class=\"gb-headline gb-headline-00a232bf gb-headline-text\">Ez dira erraz degradatzen UV izpien, ozonoaren eta beste ingurumen-faktore batzuen eraginez, azken produktuen bizitza erabilgarria luzatuz.<\/p>\n\n<\/div><\/div>\n\n<div class=\"gb-grid-column gb-grid-column-7d680ce8\"><div class=\"gb-container gb-container-7d680ce8\">\n\n<h3 class=\"gb-headline gb-headline-427b0570 gb-headline-text\">Propietate <br><mark class=\"gb-highlight\">dielektrikoak<\/mark><\/h3>\n\n\n\n<p class=\"gb-headline gb-headline-9313c31f gb-headline-text\">Isolatzaile elektriko bikainak dira, industria elektrikoan eta elektronikoan aplikazioetarako egokiak bihurtuz.<\/p>\n\n<\/div><\/div>\n\n<div class=\"gb-grid-column gb-grid-column-c2c7c81e\"><div class=\"gb-container gb-container-c2c7c81e\">\n\n<h3 class=\"gb-headline gb-headline-3f160dde gb-headline-text\"><mark class=\"gb-highlight\">Biokonpatibilitate<br><\/mark>medikoa\/elikagaikoa<\/h3>\n\n\n\n<p class=\"gb-headline gb-headline-bc17703d gb-headline-text\">Erabilera mediko eta elikagaietarako egokiak diren silikona-oinarriak, nazioarteko araudia eta estandar zorrotzekin betez.<\/p>\n\n<\/div><\/div>\n<\/div>\n<\/div>\n<\/div><div class=\"gb-container gb-container-54d1cfff\">\n<div class=\"gb-container gb-container-56baa4f7\">\n<div class=\"gb-grid-wrapper gb-grid-wrapper-8fd58eb4\">\n<div class=\"gb-grid-column gb-grid-column-4a50b10e\"><div class=\"gb-container gb-container-4a50b10e\">\n\n<h3 class=\"gb-headline gb-headline-c9c44c4f gb-headline-text\"><mark class=\"gb-highlight\">Berrikuntza<\/mark> eta Iraunkortasuna<\/h3>\n\n\n\n<p class=\"gb-headline gb-headline-0d3c9e68 gb-headline-text\">Gure silikona-oinarrien garapenean etengabe berrikuntzan egiten saiatzen gara, soluzio eraginkorragoak eta iraunkorrragoak bilatuz. Ingurumenaren gaineko eragina minimizatzen duten praktika arduratsuekin konprometituta gaude, lehengaien hautapenetik ekoizpen-prozesuetara. <\/p>\n\n<\/div><\/div>\n<\/div>\n<\/div>\n<\/div><div class=\"gb-container gb-container-8e9f863d\">\n<div class=\"gb-container gb-container-fe36e83d\">\n\n<h2 class=\"gb-headline gb-headline-366a4162 gb-headline-text\">Silikona-oinarrien <mark class=\"gb-highlight\">aplikazioak<\/mark><\/h2>\n\n\n\n<p class=\"gb-headline gb-headline-2552b560 gb-headline-text\">Silikona-oinarriak produktu eta soluzio desberdinen sorrerako abiapuntu gisa balio dute:<\/p>\n\n\n<div class=\"gb-container gb-container-64fb34b2\">\n\n<p class=\"gb-headline gb-headline-c159c7a4 gb-headline-text\">Nahaste eta Konposatuen Formulazioa<\/p>\n\n\n\n<p class=\"gb-headline gb-headline-1f57c99a gb-headline-text\"><strong>Gehigarriak<\/strong> eta beste osagai batzuk gehituz, oinarriak propietate espezifikoak dituzten nahasteak lortzeko alda daitezke, hala nola gogortasun handiagoa, suaren aurkako erresistentzia, eroankortasun termikoa edo elektrikoa, besteak beste.<\/p>\n\n<\/div>\n\n<div class=\"gb-container gb-container-cdf0cfaa\">\n\n<p class=\"gb-headline gb-headline-95217341 gb-headline-text\"><strong>Osagai Teknikoen Ekoizpena<\/strong><\/p>\n\n\n\n<p class=\"gb-headline gb-headline-4bb94a07 gb-headline-text\">Silikonaren propietate bereziak behar dituzten hodi, juntura, profil, kable eta pieza moldeatuen fabrikazioan erabiltzen dira.<\/p>\n\n<\/div>\n\n<div class=\"gb-container gb-container-aa36fc2e\">\n\n<p class=\"gb-headline gb-headline-59bb154b gb-headline-text\"><strong>Zigilatzaileak eta Itsasgarriak<\/strong><\/p>\n\n\n\n<p class=\"gb-headline gb-headline-cafb344f gb-headline-text\">Eraginkortasuna galdu gabe baldintza muturrak jasan behar dituzten zigilatzaile eta itsasgarrien ekoizpenean funtsezkoak dira.<\/p>\n\n<\/div>\n\n<div class=\"gb-container gb-container-2d2e54d4\">\n\n<p class=\"gb-headline gb-headline-c064125d gb-headline-text\"><strong>Aplikazio Mediko eta Farmazeutikoak<\/strong><\/p>\n\n\n\n<p class=\"gb-headline gb-headline-220c0c01 gb-headline-text\">Beren biokonpatibilitateari esker, gailu medikoetan, inplanteetan eta osasunarekin lotutako produktuetan erabiltzen dira.<\/p>\n\n<\/div>\n\n<div class=\"gb-container gb-container-286edf1c\">\n\n<p class=\"gb-headline gb-headline-7e036a7c gb-headline-text\"><strong>Elikagai Industria<\/strong><\/p>\n\n\n\n<p class=\"gb-headline gb-headline-405a06d0 gb-headline-text\">Moldeak, sukaldeko tresnak eta elikagaiekin kontaktu segurua behar duten beste produktu batzuen fabrikazioan erabiltzen dira.<\/p>\n\n<\/div>\n<\/div>\n<\/div>","protected":false},"excerpt":{"rendered":"<p>Silicona oinarriak Gure enpresan, kalitate handieneko silikona-oinarriak hornitzera dedikatzen gara, lote bakoitzak pureza eta errendimenduaren estandar zorrotzenekin betetzen dituela ziurtatuz. Ulertzen dugu lehengaiaren kalitatea gure bezeroen azken produktuen arrakastaren funtsezkoa dela. Gure silikona-oinarrien propietate nagusiak Silikona-oinarriak silikona polimero puruak dira, silikona produktu sorta zabal baten fabrikazioan oinarrizko lehengai gisa jarduten dutenak. Oinarri hauek silikona material &#8230; <a title=\"Silicona oinarriak\" class=\"read-more\" href=\"https:\/\/www.silam.com\/eu\/silicona-oinarriak\/\" aria-label=\"Read more about Silicona oinarriak\">Read more<\/a><\/p>\n","protected":false},"author":1,"featured_media":0,"parent":0,"menu_order":0,"comment_status":"closed","ping_status":"closed","template":"","meta":{"inline_featured_image":false,"footnotes":""},"class_list":{"0":"post-2766","1":"page","2":"type-page","3":"status-publish","5":"no-featured-image-padding"},"yoast_head":"<!-- This site is optimized with the Yoast SEO plugin v27.1.1 - https:\/\/yoast.com\/product\/yoast-seo-wordpress\/ -->\n<title>Silicona oinarriak - Silam | Fabricante de siliconas<\/title>\n<meta name=\"robots\" content=\"index, follow, max-snippet:-1, max-image-preview:large, max-video-preview:-1\" \/>\n<link rel=\"canonical\" href=\"https:\/\/www.silam.com\/eu\/silicona-oinarriak\/\" \/>\n<meta property=\"og:locale\" content=\"en_US\" \/>\n<meta property=\"og:type\" content=\"article\" \/>\n<meta property=\"og:title\" content=\"Silicona oinarriak - Silam | Fabricante de siliconas\" \/>\n<meta property=\"og:description\" content=\"Silicona oinarriak Gure enpresan, kalitate handieneko silikona-oinarriak hornitzera dedikatzen gara, lote bakoitzak pureza eta errendimenduaren estandar zorrotzenekin betetzen dituela ziurtatuz. Ulertzen dugu lehengaiaren kalitatea gure bezeroen azken produktuen arrakastaren funtsezkoa dela. Gure silikona-oinarrien propietate nagusiak Silikona-oinarriak silikona polimero puruak dira, silikona produktu sorta zabal baten fabrikazioan oinarrizko lehengai gisa jarduten dutenak. Oinarri hauek silikona material ... Read more\" \/>\n<meta property=\"og:url\" content=\"https:\/\/www.silam.com\/eu\/silicona-oinarriak\/\" \/>\n<meta property=\"og:site_name\" content=\"Silam | Fabricante de siliconas\" \/>\n<meta property=\"article:modified_time\" content=\"2025-09-18T08:44:39+00:00\" \/>\n<meta property=\"og:image\" content=\"https:\/\/www.silam.com\/wp-content\/uploads\/2024\/09\/mezcla-de-silicona_8.jpg\" \/>\n\t<meta property=\"og:image:width\" content=\"1900\" \/>\n\t<meta property=\"og:image:height\" content=\"1267\" \/>\n\t<meta property=\"og:image:type\" content=\"image\/jpeg\" \/>\n<meta name=\"twitter:card\" content=\"summary_large_image\" \/>\n<meta name=\"twitter:label1\" content=\"Est. reading time\" \/>\n\t<meta name=\"twitter:data1\" content=\"2 minutua\" \/>\n<script type=\"application\/ld+json\" class=\"yoast-schema-graph\">{\"@context\":\"https:\/\/schema.org\",\"@graph\":[{\"@type\":\"WebPage\",\"@id\":\"https:\/\/www.silam.com\/eu\/silicona-oinarriak\/\",\"url\":\"https:\/\/www.silam.com\/eu\/silicona-oinarriak\/\",\"name\":\"Silicona oinarriak - Silam | Fabricante de siliconas\",\"isPartOf\":{\"@id\":\"https:\/\/www.silam.com\/eu\/#website\"},\"datePublished\":\"2024-08-14T10:52:54+00:00\",\"dateModified\":\"2025-09-18T08:44:39+00:00\",\"breadcrumb\":{\"@id\":\"https:\/\/www.silam.com\/eu\/silicona-oinarriak\/#breadcrumb\"},\"inLanguage\":\"eu\",\"potentialAction\":[{\"@type\":\"ReadAction\",\"target\":[\"https:\/\/www.silam.com\/eu\/silicona-oinarriak\/\"]}]},{\"@type\":\"BreadcrumbList\",\"@id\":\"https:\/\/www.silam.com\/eu\/silicona-oinarriak\/#breadcrumb\",\"itemListElement\":[{\"@type\":\"ListItem\",\"position\":1,\"name\":\"Portada\",\"item\":\"https:\/\/www.silam.com\/eu\/\"},{\"@type\":\"ListItem\",\"position\":2,\"name\":\"Silicona oinarriak\"}]},{\"@type\":\"WebSite\",\"@id\":\"https:\/\/www.silam.com\/eu\/#website\",\"url\":\"https:\/\/www.silam.com\/eu\/\",\"name\":\"Silam | Fabricante de siliconas\",\"description\":\"Silam es una empresa dedicada a la transformaci\u00f3n de elast\u00f3meros de silicona:  mezclas de silicona y componentes t\u00e9cnicos\",\"publisher\":{\"@id\":\"https:\/\/www.silam.com\/eu\/#organization\"},\"potentialAction\":[{\"@type\":\"SearchAction\",\"target\":{\"@type\":\"EntryPoint\",\"urlTemplate\":\"https:\/\/www.silam.com\/eu\/?s={search_term_string}\"},\"query-input\":{\"@type\":\"PropertyValueSpecification\",\"valueRequired\":true,\"valueName\":\"search_term_string\"}}],\"inLanguage\":\"eu\"},{\"@type\":\"Organization\",\"@id\":\"https:\/\/www.silam.com\/eu\/#organization\",\"name\":\"Silam | Fabricante de siliconas\",\"url\":\"https:\/\/www.silam.com\/eu\/\",\"logo\":{\"@type\":\"ImageObject\",\"inLanguage\":\"eu\",\"@id\":\"https:\/\/www.silam.com\/eu\/#\/schema\/logo\/image\/\",\"url\":\"https:\/\/www.silam.com\/wp-content\/uploads\/2024\/08\/logo-silam.png\",\"contentUrl\":\"https:\/\/www.silam.com\/wp-content\/uploads\/2024\/08\/logo-silam.png\",\"width\":221,\"height\":93,\"caption\":\"Silam | Fabricante de siliconas\"},\"image\":{\"@id\":\"https:\/\/www.silam.com\/eu\/#\/schema\/logo\/image\/\"},\"sameAs\":[\"https:\/\/es.linkedin.com\/company\/siliconas-silam-s-a-\"]}]}<\/script>\n<!-- \/ Yoast SEO plugin. -->","yoast_head_json":{"title":"Silicona oinarriak - Silam | Fabricante de siliconas","robots":{"index":"index","follow":"follow","max-snippet":"max-snippet:-1","max-image-preview":"max-image-preview:large","max-video-preview":"max-video-preview:-1"},"canonical":"https:\/\/www.silam.com\/eu\/silicona-oinarriak\/","og_locale":"en_US","og_type":"article","og_title":"Silicona oinarriak - Silam | Fabricante de siliconas","og_description":"Silicona oinarriak Gure enpresan, kalitate handieneko silikona-oinarriak hornitzera dedikatzen gara, lote bakoitzak pureza eta errendimenduaren estandar zorrotzenekin betetzen dituela ziurtatuz. Ulertzen dugu lehengaiaren kalitatea gure bezeroen azken produktuen arrakastaren funtsezkoa dela. Gure silikona-oinarrien propietate nagusiak Silikona-oinarriak silikona polimero puruak dira, silikona produktu sorta zabal baten fabrikazioan oinarrizko lehengai gisa jarduten dutenak. Oinarri hauek silikona material ... Read more","og_url":"https:\/\/www.silam.com\/eu\/silicona-oinarriak\/","og_site_name":"Silam | Fabricante de siliconas","article_modified_time":"2025-09-18T08:44:39+00:00","og_image":[{"width":1900,"height":1267,"url":"https:\/\/www.silam.com\/wp-content\/uploads\/2024\/09\/mezcla-de-silicona_8.jpg","type":"image\/jpeg"}],"twitter_card":"summary_large_image","twitter_misc":{"Est. reading time":"2 minutua"},"schema":{"@context":"https:\/\/schema.org","@graph":[{"@type":"WebPage","@id":"https:\/\/www.silam.com\/eu\/silicona-oinarriak\/","url":"https:\/\/www.silam.com\/eu\/silicona-oinarriak\/","name":"Silicona oinarriak - Silam | Fabricante de siliconas","isPartOf":{"@id":"https:\/\/www.silam.com\/eu\/#website"},"datePublished":"2024-08-14T10:52:54+00:00","dateModified":"2025-09-18T08:44:39+00:00","breadcrumb":{"@id":"https:\/\/www.silam.com\/eu\/silicona-oinarriak\/#breadcrumb"},"inLanguage":"eu","potentialAction":[{"@type":"ReadAction","target":["https:\/\/www.silam.com\/eu\/silicona-oinarriak\/"]}]},{"@type":"BreadcrumbList","@id":"https:\/\/www.silam.com\/eu\/silicona-oinarriak\/#breadcrumb","itemListElement":[{"@type":"ListItem","position":1,"name":"Portada","item":"https:\/\/www.silam.com\/eu\/"},{"@type":"ListItem","position":2,"name":"Silicona oinarriak"}]},{"@type":"WebSite","@id":"https:\/\/www.silam.com\/eu\/#website","url":"https:\/\/www.silam.com\/eu\/","name":"Silam | Fabricante de siliconas","description":"Silam es una empresa dedicada a la transformaci\u00f3n de elast\u00f3meros de silicona:  mezclas de silicona y componentes t\u00e9cnicos","publisher":{"@id":"https:\/\/www.silam.com\/eu\/#organization"},"potentialAction":[{"@type":"SearchAction","target":{"@type":"EntryPoint","urlTemplate":"https:\/\/www.silam.com\/eu\/?s={search_term_string}"},"query-input":{"@type":"PropertyValueSpecification","valueRequired":true,"valueName":"search_term_string"}}],"inLanguage":"eu"},{"@type":"Organization","@id":"https:\/\/www.silam.com\/eu\/#organization","name":"Silam | Fabricante de siliconas","url":"https:\/\/www.silam.com\/eu\/","logo":{"@type":"ImageObject","inLanguage":"eu","@id":"https:\/\/www.silam.com\/eu\/#\/schema\/logo\/image\/","url":"https:\/\/www.silam.com\/wp-content\/uploads\/2024\/08\/logo-silam.png","contentUrl":"https:\/\/www.silam.com\/wp-content\/uploads\/2024\/08\/logo-silam.png","width":221,"height":93,"caption":"Silam | Fabricante de siliconas"},"image":{"@id":"https:\/\/www.silam.com\/eu\/#\/schema\/logo\/image\/"},"sameAs":["https:\/\/es.linkedin.com\/company\/siliconas-silam-s-a-"]}]}},"_links":{"self":[{"href":"https:\/\/www.silam.com\/eu\/wp-json\/wp\/v2\/pages\/2766","targetHints":{"allow":["GET"]}}],"collection":[{"href":"https:\/\/www.silam.com\/eu\/wp-json\/wp\/v2\/pages"}],"about":[{"href":"https:\/\/www.silam.com\/eu\/wp-json\/wp\/v2\/types\/page"}],"author":[{"embeddable":true,"href":"https:\/\/www.silam.com\/eu\/wp-json\/wp\/v2\/users\/1"}],"replies":[{"embeddable":true,"href":"https:\/\/www.silam.com\/eu\/wp-json\/wp\/v2\/comments?post=2766"}],"version-history":[{"count":0,"href":"https:\/\/www.silam.com\/eu\/wp-json\/wp\/v2\/pages\/2766\/revisions"}],"wp:attachment":[{"href":"https:\/\/www.silam.com\/eu\/wp-json\/wp\/v2\/media?parent=2766"}],"curies":[{"name":"wp","href":"https:\/\/api.w.org\/{rel}","templated":true}]}}