{"id":2981,"date":"2024-08-14T13:01:32","date_gmt":"2024-08-14T11:01:32","guid":{"rendered":"https:\/\/wordpress-958700-4787158.cloudwaysapps.com\/contact\/"},"modified":"2025-09-18T11:41:02","modified_gmt":"2025-09-18T09:41:02","slug":"contact","status":"publish","type":"page","link":"https:\/\/www.silam.com\/en\/contact\/","title":{"rendered":"Contact"},"content":{"rendered":"<div class=\"gb-container gb-container-138a9ff7\">\n<div class=\"gb-container gb-container-7e6e8f78\">\n\n<h1 class=\"gb-headline gb-headline-ead6a794 gb-headline-text\"><mark class=\"gb-highlight\">Two Locations<\/mark>, Great Responsiveness.<\/h1>\n\n\n\n<p class=\"gb-headline gb-headline-674801dc gb-headline-text\">We have two locations with 9,000 m<sup>2<\/sup> of surface area, in Gipuzkoa and Barcelona.<\/p>\n\n\n<div class=\"gb-grid-wrapper gb-grid-wrapper-7e25c82b\">\n<div class=\"gb-grid-column gb-grid-column-37fa1b2d\"><div class=\"gb-container gb-container-37fa1b2d\">\n<div class=\"gb-container gb-container-9a9aa857\">\n\n<figure class=\"gb-block-image gb-block-image-5f810aa7\"><img decoding=\"async\" width=\"74\" height=\"31\" class=\"gb-image gb-image-5f810aa7\" src=\"https:\/\/www.silam.com\/wp-content\/uploads\/2024\/09\/Silam-logo-t-white-1.png\" alt=\"Silam\" title=\"Silam\"><\/figure>\n\n\n\n<a class=\"gb-button gb-button-f9b5b638\" href=\"https:\/\/www.silam.com\/en\/silam-zumaia\/\"><span class=\"gb-icon\"><svg xmlns:xlink=\"https:\/\/www.w3.org\/1999\/xlink\" xmlns=\"https:\/\/www.w3.org\/2000\/svg\" xml:space=\"preserve\" style=\"enable-background:new 0 0 512 512;\" viewbox=\"0 0 512 512\" y=\"0px\" x=\"0px\" id=\"Capa_1\" version=\"1.1\"> <g> \t<path d=\"M436.2,239.6c-54-53.8-107.3-107-160.9-160.6c8.5-8.2,15.4-14.8,21.6-20.7c66.2,66.1,132.6,132.3,198.4,198 \t\tC430,321.6,363.8,387.7,297.8,453.7c-6-6.2-12.8-13.3-20.2-21C330.7,379.6,385,325.4,440.5,270c-141.8,0-282.4,0-423.8,0 \t\tc0-10.5,0-19.9,0-30.4C156.6,239.6,296.3,239.6,436.2,239.6z\"><\/path> <\/g> <\/svg><\/span><span class=\"gb-button-text\">See location<\/span><\/a>\n\n<\/div>\n\n\n<h3 class=\"gb-headline gb-headline-85dc53f6 gb-headline-text\">Silam Zumaia<\/h3>\n\n\n\n<p class=\"gb-headline gb-headline-1cd2a0dc gb-headline-text\">Plant located in Zumaia (Gipuzkoa)<\/p>\n\n\n\n<p class=\"gb-headline gb-headline-658ed8d6 gb-headline-text\">30 km from San Sebastian<\/p>\n\n\n\n<p class=\"gb-headline gb-headline-fc592e6a gb-headline-text\">6,000 m<sup>2<\/sup> surface area \/ 4,500 m<sup>2<\/sup> facilities<\/p>\n\n\n\n<p class=\"gb-headline gb-headline-228ad4ef gb-headline-text\">Tel: +34 943 865 117<\/p>\n\n\n\n<p class=\"gb-headline gb-headline-04fa35c8 gb-headline-text\">Email: inf@silam.com<\/p>\n\n<\/div><\/div>\n\n<div class=\"gb-grid-column gb-grid-column-343d4fec\"><div class=\"gb-container gb-container-343d4fec\">\n<div class=\"gb-container gb-container-4f091ae8\">\n\n<figure class=\"gb-block-image gb-block-image-d3891d60\"><img decoding=\"async\" width=\"249\" height=\"62\" class=\"gb-image gb-image-d3891d60\" src=\"https:\/\/www.silam.com\/wp-content\/uploads\/2024\/09\/Dicoinsa-logo-white@2x.png\" alt=\"Dicoinsa-logo\" title=\"Dicoinsa-logo\"><\/figure>\n\n\n\n<a class=\"gb-button gb-button-78c56c27\" href=\"https:\/\/www.silam.com\/en\/dicoinsa-barcelona\/\"><span class=\"gb-icon\"><svg xmlns:xlink=\"https:\/\/www.w3.org\/1999\/xlink\" xmlns=\"https:\/\/www.w3.org\/2000\/svg\" xml:space=\"preserve\" style=\"enable-background:new 0 0 512 512;\" viewbox=\"0 0 512 512\" y=\"0px\" x=\"0px\" id=\"Capa_1\" version=\"1.1\"> <g> \t<path d=\"M436.2,239.6c-54-53.8-107.3-107-160.9-160.6c8.5-8.2,15.4-14.8,21.6-20.7c66.2,66.1,132.6,132.3,198.4,198 \t\tC430,321.6,363.8,387.7,297.8,453.7c-6-6.2-12.8-13.3-20.2-21C330.7,379.6,385,325.4,440.5,270c-141.8,0-282.4,0-423.8,0 \t\tc0-10.5,0-19.9,0-30.4C156.6,239.6,296.3,239.6,436.2,239.6z\"><\/path> <\/g> <\/svg><\/span><span class=\"gb-button-text\">See location<\/span><\/a>\n\n<\/div>\n\n\n<h3 class=\"gb-headline gb-headline-7e5f6413 gb-headline-text\">Dicoinsa<\/h3>\n\n\n\n<p class=\"gb-headline gb-headline-c87b6800 gb-headline-text\">Plant located in St. Lloren\u00e7 d\u2019Hortons (Barcelona)<\/p>\n\n\n\n<p class=\"gb-headline gb-headline-489a1edb gb-headline-text\">35 km from Barcelona<\/p>\n\n\n\n<p class=\"gb-headline gb-headline-c76c3e93 gb-headline-text\">3,000 m<sup>2<\/sup> surface area \/ 2,300 m<sup>2<\/sup> facilities<\/p>\n\n\n\n<p class=\"gb-headline gb-headline-fb3e3afc gb-headline-text\">Tel: +34 934 482 141<\/p>\n\n\n\n<p class=\"gb-headline gb-headline-b2b7308e gb-headline-text\">Email: dicoinsa@dicoinsa.com<\/p>\n\n<\/div><\/div>\n<\/div>\n<\/div>\n<\/div>","protected":false},"excerpt":{"rendered":"<p>Two Locations, Great Responsiveness. We have two locations with 9,000 m2 of surface area, in Gipuzkoa and Barcelona.<\/p>\n","protected":false},"author":1,"featured_media":0,"parent":0,"menu_order":0,"comment_status":"closed","ping_status":"closed","template":"","meta":{"inline_featured_image":false,"footnotes":""},"class_list":{"0":"post-2981","1":"page","2":"type-page","3":"status-publish","5":"no-featured-image-padding"},"yoast_head":"<!-- This site is optimized with the Yoast SEO plugin v27.1.1 - https:\/\/yoast.com\/product\/yoast-seo-wordpress\/ -->\n<title>Contact - Silam | Fabricante de siliconas<\/title>\n<meta name=\"robots\" content=\"index, follow, max-snippet:-1, max-image-preview:large, max-video-preview:-1\" \/>\n<link rel=\"canonical\" href=\"https:\/\/www.silam.com\/en\/contact\/\" \/>\n<meta property=\"og:locale\" content=\"en_US\" \/>\n<meta property=\"og:type\" content=\"article\" \/>\n<meta property=\"og:title\" content=\"Contact - Silam | Fabricante de siliconas\" \/>\n<meta property=\"og:description\" content=\"Two Locations, Great Responsiveness. We have two locations with 9,000 m2 of surface area, in Gipuzkoa and Barcelona.\" \/>\n<meta property=\"og:url\" content=\"https:\/\/www.silam.com\/en\/contact\/\" \/>\n<meta property=\"og:site_name\" content=\"Silam | Fabricante de siliconas\" \/>\n<meta property=\"article:modified_time\" content=\"2025-09-18T09:41:02+00:00\" \/>\n<meta property=\"og:image\" content=\"https:\/\/www.silam.com\/wp-content\/uploads\/2024\/09\/Silam-logo-t-white-1.png\" \/>\n<meta name=\"twitter:card\" content=\"summary_large_image\" \/>\n<script type=\"application\/ld+json\" class=\"yoast-schema-graph\">{\"@context\":\"https:\/\/schema.org\",\"@graph\":[{\"@type\":\"WebPage\",\"@id\":\"https:\/\/www.silam.com\/en\/contact\/\",\"url\":\"https:\/\/www.silam.com\/en\/contact\/\",\"name\":\"Contact - Silam | Fabricante de siliconas\",\"isPartOf\":{\"@id\":\"https:\/\/www.silam.com\/en\/#website\"},\"primaryImageOfPage\":{\"@id\":\"https:\/\/www.silam.com\/en\/contact\/#primaryimage\"},\"image\":{\"@id\":\"https:\/\/www.silam.com\/en\/contact\/#primaryimage\"},\"thumbnailUrl\":\"https:\/\/www.silam.com\/wp-content\/uploads\/2024\/09\/Silam-logo-t-white-1.png\",\"datePublished\":\"2024-08-14T11:01:32+00:00\",\"dateModified\":\"2025-09-18T09:41:02+00:00\",\"breadcrumb\":{\"@id\":\"https:\/\/www.silam.com\/en\/contact\/#breadcrumb\"},\"inLanguage\":\"en-US\",\"potentialAction\":[{\"@type\":\"ReadAction\",\"target\":[\"https:\/\/www.silam.com\/en\/contact\/\"]}]},{\"@type\":\"ImageObject\",\"inLanguage\":\"en-US\",\"@id\":\"https:\/\/www.silam.com\/en\/contact\/#primaryimage\",\"url\":\"https:\/\/www.silam.com\/wp-content\/uploads\/2024\/09\/Silam-logo-t-white-1.png\",\"contentUrl\":\"https:\/\/www.silam.com\/wp-content\/uploads\/2024\/09\/Silam-logo-t-white-1.png\"},{\"@type\":\"BreadcrumbList\",\"@id\":\"https:\/\/www.silam.com\/en\/contact\/#breadcrumb\",\"itemListElement\":[{\"@type\":\"ListItem\",\"position\":1,\"name\":\"Portada\",\"item\":\"https:\/\/www.silam.com\/en\/\"},{\"@type\":\"ListItem\",\"position\":2,\"name\":\"Contact\"}]},{\"@type\":\"WebSite\",\"@id\":\"https:\/\/www.silam.com\/en\/#website\",\"url\":\"https:\/\/www.silam.com\/en\/\",\"name\":\"Silam | Fabricante de siliconas\",\"description\":\"Silam es una empresa dedicada a la transformaci\u00f3n de elast\u00f3meros de silicona:  mezclas de silicona y componentes t\u00e9cnicos\",\"publisher\":{\"@id\":\"https:\/\/www.silam.com\/en\/#organization\"},\"potentialAction\":[{\"@type\":\"SearchAction\",\"target\":{\"@type\":\"EntryPoint\",\"urlTemplate\":\"https:\/\/www.silam.com\/en\/?s={search_term_string}\"},\"query-input\":{\"@type\":\"PropertyValueSpecification\",\"valueRequired\":true,\"valueName\":\"search_term_string\"}}],\"inLanguage\":\"en-US\"},{\"@type\":\"Organization\",\"@id\":\"https:\/\/www.silam.com\/en\/#organization\",\"name\":\"Silam | Fabricante de siliconas\",\"url\":\"https:\/\/www.silam.com\/en\/\",\"logo\":{\"@type\":\"ImageObject\",\"inLanguage\":\"en-US\",\"@id\":\"https:\/\/www.silam.com\/en\/#\/schema\/logo\/image\/\",\"url\":\"https:\/\/www.silam.com\/wp-content\/uploads\/2024\/08\/logo-silam.png\",\"contentUrl\":\"https:\/\/www.silam.com\/wp-content\/uploads\/2024\/08\/logo-silam.png\",\"width\":221,\"height\":93,\"caption\":\"Silam | Fabricante de siliconas\"},\"image\":{\"@id\":\"https:\/\/www.silam.com\/en\/#\/schema\/logo\/image\/\"},\"sameAs\":[\"https:\/\/es.linkedin.com\/company\/siliconas-silam-s-a-\"]}]}<\/script>\n<!-- \/ Yoast SEO plugin. -->","yoast_head_json":{"title":"Contact - Silam | Fabricante de siliconas","robots":{"index":"index","follow":"follow","max-snippet":"max-snippet:-1","max-image-preview":"max-image-preview:large","max-video-preview":"max-video-preview:-1"},"canonical":"https:\/\/www.silam.com\/en\/contact\/","og_locale":"en_US","og_type":"article","og_title":"Contact - Silam | Fabricante de siliconas","og_description":"Two Locations, Great Responsiveness. We have two locations with 9,000 m2 of surface area, in Gipuzkoa and Barcelona.","og_url":"https:\/\/www.silam.com\/en\/contact\/","og_site_name":"Silam | Fabricante de siliconas","article_modified_time":"2025-09-18T09:41:02+00:00","og_image":[{"url":"https:\/\/www.silam.com\/wp-content\/uploads\/2024\/09\/Silam-logo-t-white-1.png","type":"","width":"","height":""}],"twitter_card":"summary_large_image","schema":{"@context":"https:\/\/schema.org","@graph":[{"@type":"WebPage","@id":"https:\/\/www.silam.com\/en\/contact\/","url":"https:\/\/www.silam.com\/en\/contact\/","name":"Contact - Silam | Fabricante de siliconas","isPartOf":{"@id":"https:\/\/www.silam.com\/en\/#website"},"primaryImageOfPage":{"@id":"https:\/\/www.silam.com\/en\/contact\/#primaryimage"},"image":{"@id":"https:\/\/www.silam.com\/en\/contact\/#primaryimage"},"thumbnailUrl":"https:\/\/www.silam.com\/wp-content\/uploads\/2024\/09\/Silam-logo-t-white-1.png","datePublished":"2024-08-14T11:01:32+00:00","dateModified":"2025-09-18T09:41:02+00:00","breadcrumb":{"@id":"https:\/\/www.silam.com\/en\/contact\/#breadcrumb"},"inLanguage":"en-US","potentialAction":[{"@type":"ReadAction","target":["https:\/\/www.silam.com\/en\/contact\/"]}]},{"@type":"ImageObject","inLanguage":"en-US","@id":"https:\/\/www.silam.com\/en\/contact\/#primaryimage","url":"https:\/\/www.silam.com\/wp-content\/uploads\/2024\/09\/Silam-logo-t-white-1.png","contentUrl":"https:\/\/www.silam.com\/wp-content\/uploads\/2024\/09\/Silam-logo-t-white-1.png"},{"@type":"BreadcrumbList","@id":"https:\/\/www.silam.com\/en\/contact\/#breadcrumb","itemListElement":[{"@type":"ListItem","position":1,"name":"Portada","item":"https:\/\/www.silam.com\/en\/"},{"@type":"ListItem","position":2,"name":"Contact"}]},{"@type":"WebSite","@id":"https:\/\/www.silam.com\/en\/#website","url":"https:\/\/www.silam.com\/en\/","name":"Silam | Fabricante de siliconas","description":"Silam es una empresa dedicada a la transformaci\u00f3n de elast\u00f3meros de silicona:  mezclas de silicona y componentes t\u00e9cnicos","publisher":{"@id":"https:\/\/www.silam.com\/en\/#organization"},"potentialAction":[{"@type":"SearchAction","target":{"@type":"EntryPoint","urlTemplate":"https:\/\/www.silam.com\/en\/?s={search_term_string}"},"query-input":{"@type":"PropertyValueSpecification","valueRequired":true,"valueName":"search_term_string"}}],"inLanguage":"en-US"},{"@type":"Organization","@id":"https:\/\/www.silam.com\/en\/#organization","name":"Silam | Fabricante de siliconas","url":"https:\/\/www.silam.com\/en\/","logo":{"@type":"ImageObject","inLanguage":"en-US","@id":"https:\/\/www.silam.com\/en\/#\/schema\/logo\/image\/","url":"https:\/\/www.silam.com\/wp-content\/uploads\/2024\/08\/logo-silam.png","contentUrl":"https:\/\/www.silam.com\/wp-content\/uploads\/2024\/08\/logo-silam.png","width":221,"height":93,"caption":"Silam | Fabricante de siliconas"},"image":{"@id":"https:\/\/www.silam.com\/en\/#\/schema\/logo\/image\/"},"sameAs":["https:\/\/es.linkedin.com\/company\/siliconas-silam-s-a-"]}]}},"_links":{"self":[{"href":"https:\/\/www.silam.com\/en\/wp-json\/wp\/v2\/pages\/2981","targetHints":{"allow":["GET"]}}],"collection":[{"href":"https:\/\/www.silam.com\/en\/wp-json\/wp\/v2\/pages"}],"about":[{"href":"https:\/\/www.silam.com\/en\/wp-json\/wp\/v2\/types\/page"}],"author":[{"embeddable":true,"href":"https:\/\/www.silam.com\/en\/wp-json\/wp\/v2\/users\/1"}],"replies":[{"embeddable":true,"href":"https:\/\/www.silam.com\/en\/wp-json\/wp\/v2\/comments?post=2981"}],"version-history":[{"count":0,"href":"https:\/\/www.silam.com\/en\/wp-json\/wp\/v2\/pages\/2981\/revisions"}],"wp:attachment":[{"href":"https:\/\/www.silam.com\/en\/wp-json\/wp\/v2\/media?parent=2981"}],"curies":[{"name":"wp","href":"https:\/\/api.w.org\/{rel}","templated":true}]}}