{"id":2757,"date":"2024-08-14T12:53:11","date_gmt":"2024-08-14T10:53:11","guid":{"rendered":"https:\/\/wordpress-958700-4787158.cloudwaysapps.com\/silicone-additives\/"},"modified":"2025-09-18T10:44:12","modified_gmt":"2025-09-18T08:44:12","slug":"silicone-additives","status":"publish","type":"page","link":"https:\/\/www.silam.com\/en\/silicone-additives\/","title":{"rendered":"Silicone Additives"},"content":{"rendered":"<div class=\"gb-container gb-container-63cfc150\">\n<div class=\"gb-container gb-container-01c1494a\">\n\n<h1 class=\"gb-headline gb-headline-8f140a63 gb-headline-text\">Silicone Additives<\/h1>\n\n\n\n<p class=\"gb-headline gb-headline-d8149c51 gb-headline-text\">We work with a <strong>selection of high-quality additives<\/strong>, with certified suppliers to ensure the purity and effectiveness of each substance. In addition, we develop <strong>customized formulations<\/strong> that meet the required technical and regulatory specifications.<\/p>\n\n<\/div>\n<\/div><div class=\"gb-container gb-container-729853f9\">\n<div class=\"gb-container gb-container-11c6b2d3\">\n\n<h2 class=\"gb-headline gb-headline-3bfa2e66 gb-headline-text\">Additives to <mark class=\"gb-highlight\">Modify<\/mark> and <mark class=\"gb-highlight\">Improve<\/mark><\/h2>\n\n\n\n<p class=\"gb-headline gb-headline-4725fe8d gb-headline-text\"><strong>Silicone additives<\/strong> are substances that are incorporated into silicone bases to <strong>modify or improve<\/strong> their intrinsic properties. At <strong>Silam<\/strong>, we understand the importance of additives to <strong>enhance and diversify<\/strong> the applications of silicone. Therefore, we offer:<\/p>\n\n\n<div class=\"gb-grid-wrapper gb-grid-wrapper-96c65d5e\">\n<div class=\"gb-grid-column gb-grid-column-d550f522\"><div class=\"gb-container gb-container-d550f522\">\n\n<h3 class=\"gb-headline gb-headline-4a2e0d84 gb-headline-text\"><strong><mark class=\"gb-highlight\">Quality<\/mark> and Consistenc<\/strong>Y<\/h3>\n\n\n\n<p class=\"gb-headline gb-headline-c3183df5 gb-headline-text\">We guarantee reliable products that maintain their properties in every batch produced.<\/p>\n\n<\/div><\/div>\n\n<div class=\"gb-grid-column gb-grid-column-d67b248a\"><div class=\"gb-container gb-container-d67b248a\">\n\n<h3 class=\"gb-headline gb-headline-219ba881 gb-headline-text\"><mark class=\"gb-highlight\">Flexibility<\/mark> and Adaptability<\/h3>\n\n\n\n<p class=\"gb-headline gb-headline-bda6f2a4 gb-headline-text\">Ability to quickly adjust formulations to new challenges or market requirements.<\/p>\n\n<\/div><\/div>\n\n<div class=\"gb-grid-column gb-grid-column-6aee012f\"><div class=\"gb-container gb-container-6aee012f\">\n\n<h3 class=\"gb-headline gb-headline-9652a31f gb-headline-text\">Comprehensive <mark class=\"gb-highlight\">Support<\/mark><\/h3>\n\n\n\n<p class=\"gb-headline gb-headline-4f55bdcc gb-headline-text\">Assistance from project conception to production and after-sales follow-up.<\/p>\n\n<\/div><\/div>\n\n<div class=\"gb-grid-column gb-grid-column-abb96423\"><div class=\"gb-container gb-container-abb96423\">\n\n<h3 class=\"gb-headline gb-headline-a65a7732 gb-headline-text\">Regulatory <mark class=\"gb-highlight\">Compliance<\/mark><\/h3>\n\n\n\n<p class=\"gb-headline gb-headline-e1de8667 gb-headline-text\">We ensure that our solutions comply with applicable international regulations and standards.<\/p>\n\n<\/div><\/div>\n<\/div>\n<\/div>\n<\/div><div class=\"gb-container gb-container-54d1cfff\">\n<div class=\"gb-container gb-container-56baa4f7\">\n<div class=\"gb-grid-wrapper gb-grid-wrapper-8fd58eb4\">\n<div class=\"gb-grid-column gb-grid-column-4a50b10e\"><div class=\"gb-container gb-container-4a50b10e\">\n\n<h3 class=\"gb-headline gb-headline-c9c44c4f gb-headline-text\"><mark class=\"gb-highlight\">Innovation<\/mark> and Sustainability<\/h3>\n\n\n\n<p class=\"gb-headline gb-headline-0d3c9e68 gb-headline-text\">We strive to stay at the forefront of using innovative additives that not only improve the properties of silicone, but also <strong>respect the environment<\/strong>. We promote the use of ecological and sustainable additives, reducing environmental impact and supporting responsible practices throughout the supply chain.<\/p>\n\n<\/div><\/div>\n<\/div>\n<\/div>\n<\/div><div class=\"gb-container gb-container-8e9f863d\">\n<div class=\"gb-container gb-container-fe36e83d\">\n\n<h2 class=\"gb-headline gb-headline-366a4162 gb-headline-text\"><mark class=\"gb-highlight\">Benefits<\/mark> of Using Additives in Silicone<\/h2>\n\n\n<div class=\"gb-container gb-container-64fb34b2\">\n\n<p class=\"gb-headline gb-headline-c159c7a4 gb-headline-text\">Customization<\/p>\n\n\n\n<p class=\"gb-headline gb-headline-1f57c99a gb-headline-text\">Precise adaptation of mechanical, thermal, electrical, and chemical properties according to customer requirements.<\/p>\n\n<\/div>\n\n<div class=\"gb-container gb-container-cdf0cfaa\">\n\n<p class=\"gb-headline gb-headline-95217341 gb-headline-text\"><strong>Improved Performance<\/strong><\/p>\n\n\n\n<p class=\"gb-headline gb-headline-4bb94a07 gb-headline-text\">Optimization of the durability, efficiency, and functionality of the final products.<\/p>\n\n<\/div>\n\n<div class=\"gb-container gb-container-aa36fc2e\">\n\n<p class=\"gb-headline gb-headline-59bb154b gb-headline-text\"><strong>Innovation<\/strong><\/p>\n\n\n\n<p class=\"gb-headline gb-headline-cafb344f gb-headline-text\">Development of advanced solutions that allow applications in new fields and emerging technologies.<\/p>\n\n<\/div>\n\n<div class=\"gb-container gb-container-2d2e54d4\">\n\n<p class=\"gb-headline gb-headline-c064125d gb-headline-text\"><strong>Regulatory Compliance<\/strong><\/p>\n\n\n\n<p class=\"gb-headline gb-headline-220c0c01 gb-headline-text\">Adaptation to specific standards and regulations of each industry, guaranteeing safety and quality.<\/p>\n\n<\/div>\n<\/div>\n<\/div>","protected":false},"excerpt":{"rendered":"<p>Silicone Additives We work with a selection of high-quality additives, with certified suppliers to ensure the purity and effectiveness of each substance. In addition, we develop customized formulations that meet the required technical and regulatory specifications. Additives to Modify and Improve Silicone additives are substances that are incorporated into silicone bases to modify or improve &#8230; <a title=\"Silicone Additives\" class=\"read-more\" href=\"https:\/\/www.silam.com\/en\/silicone-additives\/\" aria-label=\"Read more about Silicone Additives\">Read more<\/a><\/p>\n","protected":false},"author":1,"featured_media":0,"parent":0,"menu_order":0,"comment_status":"closed","ping_status":"closed","template":"","meta":{"inline_featured_image":false,"footnotes":""},"class_list":{"0":"post-2757","1":"page","2":"type-page","3":"status-publish","5":"no-featured-image-padding"},"yoast_head":"<!-- This site is optimized with the Yoast SEO plugin v27.1.1 - https:\/\/yoast.com\/product\/yoast-seo-wordpress\/ -->\n<title>Silicone Additives - Silam | Fabricante de siliconas<\/title>\n<meta name=\"robots\" content=\"index, follow, max-snippet:-1, max-image-preview:large, max-video-preview:-1\" \/>\n<link rel=\"canonical\" href=\"https:\/\/www.silam.com\/en\/silicone-additives\/\" \/>\n<meta property=\"og:locale\" content=\"en_US\" \/>\n<meta property=\"og:type\" content=\"article\" \/>\n<meta property=\"og:title\" content=\"Silicone Additives - Silam | Fabricante de siliconas\" \/>\n<meta property=\"og:description\" content=\"Silicone Additives We work with a selection of high-quality additives, with certified suppliers to ensure the purity and effectiveness of each substance. In addition, we develop customized formulations that meet the required technical and regulatory specifications. Additives to Modify and Improve Silicone additives are substances that are incorporated into silicone bases to modify or improve ... Read more\" \/>\n<meta property=\"og:url\" content=\"https:\/\/www.silam.com\/en\/silicone-additives\/\" \/>\n<meta property=\"og:site_name\" content=\"Silam | Fabricante de siliconas\" \/>\n<meta property=\"article:modified_time\" content=\"2025-09-18T08:44:12+00:00\" \/>\n<meta property=\"og:image\" content=\"https:\/\/www.silam.com\/wp-content\/uploads\/2024\/09\/mezcla-de-silicona_8.jpg\" \/>\n\t<meta property=\"og:image:width\" content=\"1900\" \/>\n\t<meta property=\"og:image:height\" content=\"1267\" \/>\n\t<meta property=\"og:image:type\" content=\"image\/jpeg\" \/>\n<meta name=\"twitter:card\" content=\"summary_large_image\" \/>\n<meta name=\"twitter:label1\" content=\"Est. reading time\" \/>\n\t<meta name=\"twitter:data1\" content=\"1 minute\" \/>\n<script type=\"application\/ld+json\" class=\"yoast-schema-graph\">{\"@context\":\"https:\/\/schema.org\",\"@graph\":[{\"@type\":\"WebPage\",\"@id\":\"https:\/\/www.silam.com\/en\/silicone-additives\/\",\"url\":\"https:\/\/www.silam.com\/en\/silicone-additives\/\",\"name\":\"Silicone Additives - Silam | Fabricante de siliconas\",\"isPartOf\":{\"@id\":\"https:\/\/www.silam.com\/en\/#website\"},\"datePublished\":\"2024-08-14T10:53:11+00:00\",\"dateModified\":\"2025-09-18T08:44:12+00:00\",\"breadcrumb\":{\"@id\":\"https:\/\/www.silam.com\/en\/silicone-additives\/#breadcrumb\"},\"inLanguage\":\"en-US\",\"potentialAction\":[{\"@type\":\"ReadAction\",\"target\":[\"https:\/\/www.silam.com\/en\/silicone-additives\/\"]}]},{\"@type\":\"BreadcrumbList\",\"@id\":\"https:\/\/www.silam.com\/en\/silicone-additives\/#breadcrumb\",\"itemListElement\":[{\"@type\":\"ListItem\",\"position\":1,\"name\":\"Portada\",\"item\":\"https:\/\/www.silam.com\/en\/\"},{\"@type\":\"ListItem\",\"position\":2,\"name\":\"Silicone Additives\"}]},{\"@type\":\"WebSite\",\"@id\":\"https:\/\/www.silam.com\/en\/#website\",\"url\":\"https:\/\/www.silam.com\/en\/\",\"name\":\"Silam | Fabricante de siliconas\",\"description\":\"Silam es una empresa dedicada a la transformaci\u00f3n de elast\u00f3meros de silicona:  mezclas de silicona y componentes t\u00e9cnicos\",\"publisher\":{\"@id\":\"https:\/\/www.silam.com\/en\/#organization\"},\"potentialAction\":[{\"@type\":\"SearchAction\",\"target\":{\"@type\":\"EntryPoint\",\"urlTemplate\":\"https:\/\/www.silam.com\/en\/?s={search_term_string}\"},\"query-input\":{\"@type\":\"PropertyValueSpecification\",\"valueRequired\":true,\"valueName\":\"search_term_string\"}}],\"inLanguage\":\"en-US\"},{\"@type\":\"Organization\",\"@id\":\"https:\/\/www.silam.com\/en\/#organization\",\"name\":\"Silam | Fabricante de siliconas\",\"url\":\"https:\/\/www.silam.com\/en\/\",\"logo\":{\"@type\":\"ImageObject\",\"inLanguage\":\"en-US\",\"@id\":\"https:\/\/www.silam.com\/en\/#\/schema\/logo\/image\/\",\"url\":\"https:\/\/www.silam.com\/wp-content\/uploads\/2024\/08\/logo-silam.png\",\"contentUrl\":\"https:\/\/www.silam.com\/wp-content\/uploads\/2024\/08\/logo-silam.png\",\"width\":221,\"height\":93,\"caption\":\"Silam | Fabricante de siliconas\"},\"image\":{\"@id\":\"https:\/\/www.silam.com\/en\/#\/schema\/logo\/image\/\"},\"sameAs\":[\"https:\/\/es.linkedin.com\/company\/siliconas-silam-s-a-\"]}]}<\/script>\n<!-- \/ Yoast SEO plugin. -->","yoast_head_json":{"title":"Silicone Additives - Silam | Fabricante de siliconas","robots":{"index":"index","follow":"follow","max-snippet":"max-snippet:-1","max-image-preview":"max-image-preview:large","max-video-preview":"max-video-preview:-1"},"canonical":"https:\/\/www.silam.com\/en\/silicone-additives\/","og_locale":"en_US","og_type":"article","og_title":"Silicone Additives - Silam | Fabricante de siliconas","og_description":"Silicone Additives We work with a selection of high-quality additives, with certified suppliers to ensure the purity and effectiveness of each substance. In addition, we develop customized formulations that meet the required technical and regulatory specifications. Additives to Modify and Improve Silicone additives are substances that are incorporated into silicone bases to modify or improve ... Read more","og_url":"https:\/\/www.silam.com\/en\/silicone-additives\/","og_site_name":"Silam | Fabricante de siliconas","article_modified_time":"2025-09-18T08:44:12+00:00","og_image":[{"width":1900,"height":1267,"url":"https:\/\/www.silam.com\/wp-content\/uploads\/2024\/09\/mezcla-de-silicona_8.jpg","type":"image\/jpeg"}],"twitter_card":"summary_large_image","twitter_misc":{"Est. reading time":"1 minute"},"schema":{"@context":"https:\/\/schema.org","@graph":[{"@type":"WebPage","@id":"https:\/\/www.silam.com\/en\/silicone-additives\/","url":"https:\/\/www.silam.com\/en\/silicone-additives\/","name":"Silicone Additives - Silam | Fabricante de siliconas","isPartOf":{"@id":"https:\/\/www.silam.com\/en\/#website"},"datePublished":"2024-08-14T10:53:11+00:00","dateModified":"2025-09-18T08:44:12+00:00","breadcrumb":{"@id":"https:\/\/www.silam.com\/en\/silicone-additives\/#breadcrumb"},"inLanguage":"en-US","potentialAction":[{"@type":"ReadAction","target":["https:\/\/www.silam.com\/en\/silicone-additives\/"]}]},{"@type":"BreadcrumbList","@id":"https:\/\/www.silam.com\/en\/silicone-additives\/#breadcrumb","itemListElement":[{"@type":"ListItem","position":1,"name":"Portada","item":"https:\/\/www.silam.com\/en\/"},{"@type":"ListItem","position":2,"name":"Silicone Additives"}]},{"@type":"WebSite","@id":"https:\/\/www.silam.com\/en\/#website","url":"https:\/\/www.silam.com\/en\/","name":"Silam | Fabricante de siliconas","description":"Silam es una empresa dedicada a la transformaci\u00f3n de elast\u00f3meros de silicona:  mezclas de silicona y componentes t\u00e9cnicos","publisher":{"@id":"https:\/\/www.silam.com\/en\/#organization"},"potentialAction":[{"@type":"SearchAction","target":{"@type":"EntryPoint","urlTemplate":"https:\/\/www.silam.com\/en\/?s={search_term_string}"},"query-input":{"@type":"PropertyValueSpecification","valueRequired":true,"valueName":"search_term_string"}}],"inLanguage":"en-US"},{"@type":"Organization","@id":"https:\/\/www.silam.com\/en\/#organization","name":"Silam | Fabricante de siliconas","url":"https:\/\/www.silam.com\/en\/","logo":{"@type":"ImageObject","inLanguage":"en-US","@id":"https:\/\/www.silam.com\/en\/#\/schema\/logo\/image\/","url":"https:\/\/www.silam.com\/wp-content\/uploads\/2024\/08\/logo-silam.png","contentUrl":"https:\/\/www.silam.com\/wp-content\/uploads\/2024\/08\/logo-silam.png","width":221,"height":93,"caption":"Silam | Fabricante de siliconas"},"image":{"@id":"https:\/\/www.silam.com\/en\/#\/schema\/logo\/image\/"},"sameAs":["https:\/\/es.linkedin.com\/company\/siliconas-silam-s-a-"]}]}},"_links":{"self":[{"href":"https:\/\/www.silam.com\/en\/wp-json\/wp\/v2\/pages\/2757","targetHints":{"allow":["GET"]}}],"collection":[{"href":"https:\/\/www.silam.com\/en\/wp-json\/wp\/v2\/pages"}],"about":[{"href":"https:\/\/www.silam.com\/en\/wp-json\/wp\/v2\/types\/page"}],"author":[{"embeddable":true,"href":"https:\/\/www.silam.com\/en\/wp-json\/wp\/v2\/users\/1"}],"replies":[{"embeddable":true,"href":"https:\/\/www.silam.com\/en\/wp-json\/wp\/v2\/comments?post=2757"}],"version-history":[{"count":0,"href":"https:\/\/www.silam.com\/en\/wp-json\/wp\/v2\/pages\/2757\/revisions"}],"wp:attachment":[{"href":"https:\/\/www.silam.com\/en\/wp-json\/wp\/v2\/media?parent=2757"}],"curies":[{"name":"wp","href":"https:\/\/api.w.org\/{rel}","templated":true}]}}