{"id":2589,"date":"2024-08-14T12:52:54","date_gmt":"2024-08-14T10:52:54","guid":{"rendered":"https:\/\/wordpress-958700-4787158.cloudwaysapps.com\/silikonbasen\/"},"modified":"2025-09-11T18:24:32","modified_gmt":"2025-09-11T16:24:32","slug":"silikonbasen","status":"publish","type":"page","link":"https:\/\/www.silam.com\/de\/silikonbasen\/","title":{"rendered":"Silikonbasen"},"content":{"rendered":"<div class=\"gb-container gb-container-63cfc150\">\n<div class=\"gb-container gb-container-01c1494a\">\n\n<h1 class=\"gb-headline gb-headline-8f140a63 gb-headline-text\">Silikonbasen<\/h1>\n\n\n\n<p class=\"gb-headline gb-headline-d8149c51 gb-headline-text\">In unserem Unternehmen widmen wir uns der Bereitstellung von <strong>Silikonbasen von h\u00f6chster Qualit\u00e4t<\/strong> und stellen sicher, dass jede Charge die strengsten Standards f\u00fcr Reinheit und Leistung erf\u00fcllt. Wir verstehen, dass die Qualit\u00e4t des Rohmaterials entscheidend f\u00fcr den Erfolg der Endprodukte unserer Kunden ist.<\/p>\n\n<\/div>\n<\/div><div class=\"gb-container gb-container-729853f9\">\n<div class=\"gb-container gb-container-11c6b2d3\">\n\n<h2 class=\"gb-headline gb-headline-3bfa2e66 gb-headline-text\"><mark class=\"gb-highlight\">Schl\u00fcsselmerkmale<\/mark> unserer Silikonbasen<\/h2>\n\n\n\n<p class=\"gb-headline gb-headline-4725fe8d gb-headline-text\">Silikonbasen sind reine Silikonpolymere, die als essenzielles Rohmaterial bei der Herstellung einer breiten Palette von Silikonprodukten dienen. Diese Basen bieten die grundlegenden Eigenschaften, die Silikon zu einem so vielseitigen und in verschiedenen Branchen gesch\u00e4tzten Material machen:<\/p>\n\n\n<div class=\"gb-grid-wrapper gb-grid-wrapper-96c65d5e\">\n<div class=\"gb-grid-column gb-grid-column-d550f522\"><div class=\"gb-container gb-container-d550f522\">\n\n<h3 class=\"gb-headline gb-headline-4a2e0d84 gb-headline-text\"><mark class=\"gb-highlight\">Elastizit\u00e4t <br><\/mark>und Flexibilit\u00e4t<\/h3>\n\n\n\n<p class=\"gb-headline gb-headline-c3183df5 gb-headline-text\">Sie bieten eine au\u00dfergew\u00f6hnliche F\u00e4higkeit, sich zu dehnen und zu verformen, ohne zu brechen, und kehren immer in ihre urspr\u00fcngliche Form zur\u00fcck. Dies macht sie ideal f\u00fcr Anwendungen, die Haltbarkeit und Best\u00e4ndigkeit gegen mechanischen Verschlei\u00df erfordern.<\/p>\n\n<\/div><\/div>\n\n<div class=\"gb-grid-column gb-grid-column-d67b248a\"><div class=\"gb-container gb-container-d67b248a\">\n\n<h3 class=\"gb-headline gb-headline-219ba881 gb-headline-text\"><mark class=\"gb-highlight\">Best\u00e4ndigkeit<\/mark> gegen hohe <br>und niedrige Temperaturen<\/h3>\n\n\n\n<p class=\"gb-headline gb-headline-bda6f2a4 gb-headline-text\">Sie behalten ihre physikalischen und mechanischen Eigenschaften in einem breiten Temperaturbereich von -60 \u00b0C bis +250 \u00b0C, wodurch sie f\u00fcr extreme Umgebungen geeignet sind.<\/p>\n\n<\/div><\/div>\n\n<div class=\"gb-grid-column gb-grid-column-6aee012f\"><div class=\"gb-container gb-container-6aee012f\">\n\n<h3 class=\"gb-headline gb-headline-9652a31f gb-headline-text\"><mark class=\"gb-highlight\">Stabilit\u00e4t<\/mark> <br>chemisch<\/h3>\n\n\n\n<p class=\"gb-headline gb-headline-4f55bdcc gb-headline-text\">Sie sind inert und best\u00e4ndig gegen viele Chemikalien, \u00d6le und L\u00f6sungsmittel, was eine zuverl\u00e4ssige Leistung in aggressiven Umgebungen gew\u00e4hrleistet.<\/p>\n\n<\/div><\/div>\n\n<div class=\"gb-grid-column gb-grid-column-df7120b5\"><div class=\"gb-container gb-container-df7120b5\">\n\n<h3 class=\"gb-headline gb-headline-9bc895f7 gb-headline-text\"><mark class=\"gb-highlight\">Best\u00e4ndigkeit<\/mark> gegen Alterung und Witterungseinfl\u00fcsse<\/h3>\n\n\n\n<p class=\"gb-headline gb-headline-00a232bf gb-headline-text\">Sie werden durch die Einwirkung von UV-Strahlen, Ozon und anderen Umweltfaktoren nicht leicht abgebaut, was die Lebensdauer der Endprodukte verl\u00e4ngert.<\/p>\n\n<\/div><\/div>\n\n<div class=\"gb-grid-column gb-grid-column-7d680ce8\"><div class=\"gb-container gb-container-7d680ce8\">\n\n<h3 class=\"gb-headline gb-headline-427b0570 gb-headline-text\">Eigenschaften <br><mark class=\"gb-highlight\">dielektrisch<\/mark><\/h3>\n\n\n\n<p class=\"gb-headline gb-headline-9313c31f gb-headline-text\">Sie sind ausgezeichnete elektrische Isolatoren, was sie ideal f\u00fcr Anwendungen in der Elektro- und Elektronikindustrie macht.<\/p>\n\n<\/div><\/div>\n\n<div class=\"gb-grid-column gb-grid-column-c2c7c81e\"><div class=\"gb-container gb-container-c2c7c81e\">\n\n<h3 class=\"gb-headline gb-headline-3f160dde gb-headline-text\"><mark class=\"gb-highlight\">Biokompatibilit\u00e4t<br><\/mark>medizinisch\/Lebensmittel<\/h3>\n\n\n\n<p class=\"gb-headline gb-headline-bc17703d gb-headline-text\">Silikonbasen, die f\u00fcr den medizinischen und Lebensmittelgebrauch geeignet sind und strenge internationale Vorschriften und Standards erf\u00fcllen.<\/p>\n\n<\/div><\/div>\n<\/div>\n<\/div>\n<\/div><div class=\"gb-container gb-container-54d1cfff\">\n<div class=\"gb-container gb-container-56baa4f7\">\n<div class=\"gb-grid-wrapper gb-grid-wrapper-8fd58eb4\">\n<div class=\"gb-grid-column gb-grid-column-4a50b10e\"><div class=\"gb-container gb-container-4a50b10e\">\n\n<h3 class=\"gb-headline gb-headline-c9c44c4f gb-headline-text\"><mark class=\"gb-highlight\">Innovation<\/mark> und Nachhaltigkeit<\/h3>\n\n\n\n<p class=\"gb-headline gb-headline-0d3c9e68 gb-headline-text\">Wir sind bestrebt, kontinuierlich Innovationen bei der Entwicklung unserer Silikonbasen voranzutreiben und nach effizienteren und nachhaltigeren L\u00f6sungen zu suchen. Wir engagieren uns f\u00fcr verantwortungsvolle Praktiken, die die Umweltbelastung minimieren, von der Auswahl der Rohstoffe bis hin zu den Produktionsprozessen.<\/p>\n\n<\/div><\/div>\n<\/div>\n<\/div>\n<\/div><div class=\"gb-container gb-container-8e9f863d\">\n<div class=\"gb-container gb-container-fe36e83d\">\n\n<h2 class=\"gb-headline gb-headline-366a4162 gb-headline-text\"><mark class=\"gb-highlight\">Anwendungen<\/mark> der Silikonbasen<\/h2>\n\n\n\n<p class=\"gb-headline gb-headline-2552b560 gb-headline-text\">Silikonbasen dienen als Ausgangspunkt f\u00fcr die Herstellung verschiedener Produkte und L\u00f6sungen:<\/p>\n\n\n<div class=\"gb-container gb-container-64fb34b2\">\n\n<p class=\"gb-headline gb-headline-c159c7a4 gb-headline-text\">Formulierung von Mischungen und Compounds<\/p>\n\n\n\n<p class=\"gb-headline gb-headline-1f57c99a gb-headline-text\">Durch Hinzuf\u00fcgen von <strong>Additiven<\/strong> und anderen Inhaltsstoffen k\u00f6nnen die Basen modifiziert werden, um Mischungen mit spezifischen Eigenschaften zu erhalten, wie z. B. h\u00f6here H\u00e4rte, Feuerbest\u00e4ndigkeit, thermische oder elektrische Leitf\u00e4higkeit, unter anderem.<\/p>\n\n<\/div>\n\n<div class=\"gb-container gb-container-cdf0cfaa\">\n\n<p class=\"gb-headline gb-headline-95217341 gb-headline-text\"><strong>Produktion von technischen Komponenten<\/strong><\/p>\n\n\n\n<p class=\"gb-headline gb-headline-4bb94a07 gb-headline-text\">Sie werden bei der Herstellung von Rohren, Dichtungen, Profilen, Kabeln und Formteilen verwendet, die die einzigartigen Eigenschaften von Silikon erfordern.<\/p>\n\n<\/div>\n\n<div class=\"gb-container gb-container-aa36fc2e\">\n\n<p class=\"gb-headline gb-headline-59bb154b gb-headline-text\"><strong>Dichtstoffe und Klebstoffe<\/strong><\/p>\n\n\n\n<p class=\"gb-headline gb-headline-cafb344f gb-headline-text\">Sie sind von grundlegender Bedeutung bei der Herstellung von Dichtstoffen und Klebstoffen, die extremen Bedingungen standhalten m\u00fcssen, ohne ihre Wirksamkeit zu verlieren.<\/p>\n\n<\/div>\n\n<div class=\"gb-container gb-container-2d2e54d4\">\n\n<p class=\"gb-headline gb-headline-c064125d gb-headline-text\"><strong>Medizinische und pharmazeutische Anwendungen<\/strong><\/p>\n\n\n\n<p class=\"gb-headline gb-headline-220c0c01 gb-headline-text\">Dank ihrer Biokompatibilit\u00e4t werden sie in medizinischen Ger\u00e4ten, Implantaten und Gesundheitsprodukten eingesetzt.<\/p>\n\n<\/div>\n\n<div class=\"gb-container gb-container-286edf1c\">\n\n<p class=\"gb-headline gb-headline-7e036a7c gb-headline-text\"><strong>Lebensmittelindustrie<\/strong><\/p>\n\n\n\n<p class=\"gb-headline gb-headline-405a06d0 gb-headline-text\">Verwendet bei der Herstellung von Formen, K\u00fcchenutensilien und anderen Produkten, die einen sicheren Kontakt mit Lebensmitteln erfordern.<\/p>\n\n<\/div>\n<\/div>\n<\/div>","protected":false},"excerpt":{"rendered":"<p>Silikonbasen In unserem Unternehmen widmen wir uns der Bereitstellung von Silikonbasen von h\u00f6chster Qualit\u00e4t und stellen sicher, dass jede Charge die strengsten Standards f\u00fcr Reinheit und Leistung erf\u00fcllt. Wir verstehen, dass die Qualit\u00e4t des Rohmaterials entscheidend f\u00fcr den Erfolg der Endprodukte unserer Kunden ist. Schl\u00fcsselmerkmale unserer Silikonbasen Silikonbasen sind reine Silikonpolymere, die als essenzielles Rohmaterial &#8230; <a title=\"Silikonbasen\" class=\"read-more\" href=\"https:\/\/www.silam.com\/de\/silikonbasen\/\" aria-label=\"Mehr Informationen \u00fcber Silikonbasen\">Weiterlesen &#8230;<\/a><\/p>\n","protected":false},"author":1,"featured_media":0,"parent":0,"menu_order":0,"comment_status":"closed","ping_status":"closed","template":"","meta":{"inline_featured_image":false,"footnotes":""},"class_list":{"0":"post-2589","1":"page","2":"type-page","3":"status-publish","5":"no-featured-image-padding"},"yoast_head":"<!-- This site is optimized with the Yoast SEO plugin v27.1.1 - https:\/\/yoast.com\/product\/yoast-seo-wordpress\/ -->\n<title>Silikonbasen - Silam | Fabricante de siliconas<\/title>\n<meta name=\"robots\" content=\"index, follow, max-snippet:-1, max-image-preview:large, max-video-preview:-1\" \/>\n<link rel=\"canonical\" href=\"https:\/\/www.silam.com\/de\/silikonbasen\/\" \/>\n<meta property=\"og:locale\" content=\"de_DE\" \/>\n<meta property=\"og:type\" content=\"article\" \/>\n<meta property=\"og:title\" content=\"Silikonbasen - Silam | Fabricante de siliconas\" \/>\n<meta property=\"og:description\" content=\"Silikonbasen In unserem Unternehmen widmen wir uns der Bereitstellung von Silikonbasen von h\u00f6chster Qualit\u00e4t und stellen sicher, dass jede Charge die strengsten Standards f\u00fcr Reinheit und Leistung erf\u00fcllt. Wir verstehen, dass die Qualit\u00e4t des Rohmaterials entscheidend f\u00fcr den Erfolg der Endprodukte unserer Kunden ist. Schl\u00fcsselmerkmale unserer Silikonbasen Silikonbasen sind reine Silikonpolymere, die als essenzielles Rohmaterial ... Weiterlesen ...\" \/>\n<meta property=\"og:url\" content=\"https:\/\/www.silam.com\/de\/silikonbasen\/\" \/>\n<meta property=\"og:site_name\" content=\"Silam | Fabricante de siliconas\" \/>\n<meta property=\"article:modified_time\" content=\"2025-09-11T16:24:32+00:00\" \/>\n<meta property=\"og:image\" content=\"https:\/\/www.silam.com\/wp-content\/uploads\/2024\/09\/mezcla-de-silicona_8.jpg\" \/>\n\t<meta property=\"og:image:width\" content=\"1900\" \/>\n\t<meta property=\"og:image:height\" content=\"1267\" \/>\n\t<meta property=\"og:image:type\" content=\"image\/jpeg\" \/>\n<meta name=\"twitter:card\" content=\"summary_large_image\" \/>\n<meta name=\"twitter:label1\" content=\"Gesch\u00e4tzte Lesezeit\" \/>\n\t<meta name=\"twitter:data1\" content=\"2\u00a0Minuten\" \/>\n<script type=\"application\/ld+json\" class=\"yoast-schema-graph\">{\"@context\":\"https:\/\/schema.org\",\"@graph\":[{\"@type\":\"WebPage\",\"@id\":\"https:\/\/www.silam.com\/de\/silikonbasen\/\",\"url\":\"https:\/\/www.silam.com\/de\/silikonbasen\/\",\"name\":\"Silikonbasen - Silam | Fabricante de siliconas\",\"isPartOf\":{\"@id\":\"https:\/\/www.silam.com\/de\/#website\"},\"datePublished\":\"2024-08-14T10:52:54+00:00\",\"dateModified\":\"2025-09-11T16:24:32+00:00\",\"breadcrumb\":{\"@id\":\"https:\/\/www.silam.com\/de\/silikonbasen\/#breadcrumb\"},\"inLanguage\":\"de\",\"potentialAction\":[{\"@type\":\"ReadAction\",\"target\":[\"https:\/\/www.silam.com\/de\/silikonbasen\/\"]}]},{\"@type\":\"BreadcrumbList\",\"@id\":\"https:\/\/www.silam.com\/de\/silikonbasen\/#breadcrumb\",\"itemListElement\":[{\"@type\":\"ListItem\",\"position\":1,\"name\":\"Portada\",\"item\":\"https:\/\/www.silam.com\/de\/\"},{\"@type\":\"ListItem\",\"position\":2,\"name\":\"Silikonbasen\"}]},{\"@type\":\"WebSite\",\"@id\":\"https:\/\/www.silam.com\/de\/#website\",\"url\":\"https:\/\/www.silam.com\/de\/\",\"name\":\"Silam | Fabricante de siliconas\",\"description\":\"Silam es una empresa dedicada a la transformaci\u00f3n de elast\u00f3meros de silicona:  mezclas de silicona y componentes t\u00e9cnicos\",\"publisher\":{\"@id\":\"https:\/\/www.silam.com\/de\/#organization\"},\"potentialAction\":[{\"@type\":\"SearchAction\",\"target\":{\"@type\":\"EntryPoint\",\"urlTemplate\":\"https:\/\/www.silam.com\/de\/?s={search_term_string}\"},\"query-input\":{\"@type\":\"PropertyValueSpecification\",\"valueRequired\":true,\"valueName\":\"search_term_string\"}}],\"inLanguage\":\"de\"},{\"@type\":\"Organization\",\"@id\":\"https:\/\/www.silam.com\/de\/#organization\",\"name\":\"Silam | Fabricante de siliconas\",\"url\":\"https:\/\/www.silam.com\/de\/\",\"logo\":{\"@type\":\"ImageObject\",\"inLanguage\":\"de\",\"@id\":\"https:\/\/www.silam.com\/de\/#\/schema\/logo\/image\/\",\"url\":\"https:\/\/www.silam.com\/wp-content\/uploads\/2024\/08\/logo-silam.png\",\"contentUrl\":\"https:\/\/www.silam.com\/wp-content\/uploads\/2024\/08\/logo-silam.png\",\"width\":221,\"height\":93,\"caption\":\"Silam | Fabricante de siliconas\"},\"image\":{\"@id\":\"https:\/\/www.silam.com\/de\/#\/schema\/logo\/image\/\"},\"sameAs\":[\"https:\/\/es.linkedin.com\/company\/siliconas-silam-s-a-\"]}]}<\/script>\n<!-- \/ Yoast SEO plugin. -->","yoast_head_json":{"title":"Silikonbasen - Silam | Fabricante de siliconas","robots":{"index":"index","follow":"follow","max-snippet":"max-snippet:-1","max-image-preview":"max-image-preview:large","max-video-preview":"max-video-preview:-1"},"canonical":"https:\/\/www.silam.com\/de\/silikonbasen\/","og_locale":"de_DE","og_type":"article","og_title":"Silikonbasen - Silam | Fabricante de siliconas","og_description":"Silikonbasen In unserem Unternehmen widmen wir uns der Bereitstellung von Silikonbasen von h\u00f6chster Qualit\u00e4t und stellen sicher, dass jede Charge die strengsten Standards f\u00fcr Reinheit und Leistung erf\u00fcllt. Wir verstehen, dass die Qualit\u00e4t des Rohmaterials entscheidend f\u00fcr den Erfolg der Endprodukte unserer Kunden ist. Schl\u00fcsselmerkmale unserer Silikonbasen Silikonbasen sind reine Silikonpolymere, die als essenzielles Rohmaterial ... Weiterlesen ...","og_url":"https:\/\/www.silam.com\/de\/silikonbasen\/","og_site_name":"Silam | Fabricante de siliconas","article_modified_time":"2025-09-11T16:24:32+00:00","og_image":[{"width":1900,"height":1267,"url":"https:\/\/www.silam.com\/wp-content\/uploads\/2024\/09\/mezcla-de-silicona_8.jpg","type":"image\/jpeg"}],"twitter_card":"summary_large_image","twitter_misc":{"Gesch\u00e4tzte Lesezeit":"2\u00a0Minuten"},"schema":{"@context":"https:\/\/schema.org","@graph":[{"@type":"WebPage","@id":"https:\/\/www.silam.com\/de\/silikonbasen\/","url":"https:\/\/www.silam.com\/de\/silikonbasen\/","name":"Silikonbasen - Silam | Fabricante de siliconas","isPartOf":{"@id":"https:\/\/www.silam.com\/de\/#website"},"datePublished":"2024-08-14T10:52:54+00:00","dateModified":"2025-09-11T16:24:32+00:00","breadcrumb":{"@id":"https:\/\/www.silam.com\/de\/silikonbasen\/#breadcrumb"},"inLanguage":"de","potentialAction":[{"@type":"ReadAction","target":["https:\/\/www.silam.com\/de\/silikonbasen\/"]}]},{"@type":"BreadcrumbList","@id":"https:\/\/www.silam.com\/de\/silikonbasen\/#breadcrumb","itemListElement":[{"@type":"ListItem","position":1,"name":"Portada","item":"https:\/\/www.silam.com\/de\/"},{"@type":"ListItem","position":2,"name":"Silikonbasen"}]},{"@type":"WebSite","@id":"https:\/\/www.silam.com\/de\/#website","url":"https:\/\/www.silam.com\/de\/","name":"Silam | Fabricante de siliconas","description":"Silam es una empresa dedicada a la transformaci\u00f3n de elast\u00f3meros de silicona:  mezclas de silicona y componentes t\u00e9cnicos","publisher":{"@id":"https:\/\/www.silam.com\/de\/#organization"},"potentialAction":[{"@type":"SearchAction","target":{"@type":"EntryPoint","urlTemplate":"https:\/\/www.silam.com\/de\/?s={search_term_string}"},"query-input":{"@type":"PropertyValueSpecification","valueRequired":true,"valueName":"search_term_string"}}],"inLanguage":"de"},{"@type":"Organization","@id":"https:\/\/www.silam.com\/de\/#organization","name":"Silam | Fabricante de siliconas","url":"https:\/\/www.silam.com\/de\/","logo":{"@type":"ImageObject","inLanguage":"de","@id":"https:\/\/www.silam.com\/de\/#\/schema\/logo\/image\/","url":"https:\/\/www.silam.com\/wp-content\/uploads\/2024\/08\/logo-silam.png","contentUrl":"https:\/\/www.silam.com\/wp-content\/uploads\/2024\/08\/logo-silam.png","width":221,"height":93,"caption":"Silam | Fabricante de siliconas"},"image":{"@id":"https:\/\/www.silam.com\/de\/#\/schema\/logo\/image\/"},"sameAs":["https:\/\/es.linkedin.com\/company\/siliconas-silam-s-a-"]}]}},"_links":{"self":[{"href":"https:\/\/www.silam.com\/de\/wp-json\/wp\/v2\/pages\/2589","targetHints":{"allow":["GET"]}}],"collection":[{"href":"https:\/\/www.silam.com\/de\/wp-json\/wp\/v2\/pages"}],"about":[{"href":"https:\/\/www.silam.com\/de\/wp-json\/wp\/v2\/types\/page"}],"author":[{"embeddable":true,"href":"https:\/\/www.silam.com\/de\/wp-json\/wp\/v2\/users\/1"}],"replies":[{"embeddable":true,"href":"https:\/\/www.silam.com\/de\/wp-json\/wp\/v2\/comments?post=2589"}],"version-history":[{"count":0,"href":"https:\/\/www.silam.com\/de\/wp-json\/wp\/v2\/pages\/2589\/revisions"}],"wp:attachment":[{"href":"https:\/\/www.silam.com\/de\/wp-json\/wp\/v2\/media?parent=2589"}],"curies":[{"name":"wp","href":"https:\/\/api.w.org\/{rel}","templated":true}]}}