{"id":2587,"date":"2024-08-14T12:53:11","date_gmt":"2024-08-14T10:53:11","guid":{"rendered":"https:\/\/wordpress-958700-4787158.cloudwaysapps.com\/silikonadditive\/"},"modified":"2025-09-11T18:24:28","modified_gmt":"2025-09-11T16:24:28","slug":"silikonadditive","status":"publish","type":"page","link":"https:\/\/www.silam.com\/de\/silikonadditive\/","title":{"rendered":"Silikonadditive"},"content":{"rendered":"<div class=\"gb-container gb-container-63cfc150\">\n<div class=\"gb-container gb-container-01c1494a\">\n\n<h1 class=\"gb-headline gb-headline-8f140a63 gb-headline-text\">Silikonadditive<\/h1>\n\n\n\n<p class=\"gb-headline gb-headline-d8149c51 gb-headline-text\">Wir arbeiten mit einer <strong>Auswahl an hochwertigen Additiven<\/strong>, mit zertifizierten Lieferanten, um die Reinheit und Wirksamkeit jeder Substanz zu gew\u00e4hrleisten. Dar\u00fcber hinaus entwickeln wir <strong>kundenspezifische Formulierungen<\/strong>, die den geforderten technischen und normativen Spezifikationen entsprechen.<\/p>\n\n<\/div>\n<\/div><div class=\"gb-container gb-container-729853f9\">\n<div class=\"gb-container gb-container-11c6b2d3\">\n\n<h2 class=\"gb-headline gb-headline-3bfa2e66 gb-headline-text\">Additive zum <mark class=\"gb-highlight\">Modifizieren<\/mark> und <mark class=\"gb-highlight\">Verbessern<\/mark><\/h2>\n\n\n\n<p class=\"gb-headline gb-headline-4725fe8d gb-headline-text\">Die <strong>Silikonadditive<\/strong> sind Substanzen, die den Silikonbasen zugesetzt werden, um ihre intrinsischen Eigenschaften zu <strong>modifizieren oder zu verbessern<\/strong>. Bei <strong>Silam<\/strong> verstehen wir die Bedeutung von Additiven zur <strong>Steigerung und Diversifizierung<\/strong> der Silikonanwendungen. Deshalb bieten wir:<\/p>\n\n\n<div class=\"gb-grid-wrapper gb-grid-wrapper-96c65d5e\">\n<div class=\"gb-grid-column gb-grid-column-d550f522\"><div class=\"gb-container gb-container-d550f522\">\n\n<h3 class=\"gb-headline gb-headline-4a2e0d84 gb-headline-text\"><strong><mark class=\"gb-highlight\">Qualit\u00e4t<\/mark> und Konsistenz<\/strong><\/h3>\n\n\n\n<p class=\"gb-headline gb-headline-c3183df5 gb-headline-text\">Wir garantieren zuverl\u00e4ssige Produkte, die ihre Eigenschaften in jeder produzierten Charge beibehalten.<\/p>\n\n<\/div><\/div>\n\n<div class=\"gb-grid-column gb-grid-column-d67b248a\"><div class=\"gb-container gb-container-d67b248a\">\n\n<h3 class=\"gb-headline gb-headline-219ba881 gb-headline-text\"><mark class=\"gb-highlight\">Flexibilit\u00e4t<\/mark> und Anpassungsf\u00e4higkeit<\/h3>\n\n\n\n<p class=\"gb-headline gb-headline-bda6f2a4 gb-headline-text\">F\u00e4higkeit, Formulierungen angesichts neuer Herausforderungen oder Marktanforderungen schnell anzupassen.<\/p>\n\n<\/div><\/div>\n\n<div class=\"gb-grid-column gb-grid-column-6aee012f\"><div class=\"gb-container gb-container-6aee012f\">\n\n<h3 class=\"gb-headline gb-headline-9652a31f gb-headline-text\"><mark class=\"gb-highlight\">Umfassende<\/mark> Unterst\u00fctzung<\/h3>\n\n\n\n<p class=\"gb-headline gb-headline-4f55bdcc gb-headline-text\">Begleitung von der Konzeption des Projekts bis zur Produktion und der After-Sales-Betreuung.<\/p>\n\n<\/div><\/div>\n\n<div class=\"gb-grid-column gb-grid-column-abb96423\"><div class=\"gb-container gb-container-abb96423\">\n\n<h3 class=\"gb-headline gb-headline-a65a7732 gb-headline-text\"><mark class=\"gb-highlight\">Einhaltung<\/mark> der Vorschriften<\/h3>\n\n\n\n<p class=\"gb-headline gb-headline-e1de8667 gb-headline-text\">Wir stellen sicher, dass unsere L\u00f6sungen den geltenden internationalen Vorschriften und Normen entsprechen.<\/p>\n\n<\/div><\/div>\n<\/div>\n<\/div>\n<\/div><div class=\"gb-container gb-container-54d1cfff\">\n<div class=\"gb-container gb-container-56baa4f7\">\n<div class=\"gb-grid-wrapper gb-grid-wrapper-8fd58eb4\">\n<div class=\"gb-grid-column gb-grid-column-4a50b10e\"><div class=\"gb-container gb-container-4a50b10e\">\n\n<h3 class=\"gb-headline gb-headline-c9c44c4f gb-headline-text\"><mark class=\"gb-highlight\">Innovation<\/mark> und Nachhaltigkeit<\/h3>\n\n\n\n<p class=\"gb-headline gb-headline-0d3c9e68 gb-headline-text\">Wir sind bestrebt, bei der Verwendung innovativer Additive, die nicht nur die Eigenschaften von Silikon verbessern, sondern auch die <strong>Umwelt schonen<\/strong>, an der Spitze zu bleiben. Wir f\u00f6rdern den Einsatz von umweltfreundlichen und nachhaltigen Additiven, reduzieren die Umweltbelastung und unterst\u00fctzen verantwortungsvolle Praktiken in der gesamten Lieferkette.<\/p>\n\n<\/div><\/div>\n<\/div>\n<\/div>\n<\/div><div class=\"gb-container gb-container-8e9f863d\">\n<div class=\"gb-container gb-container-fe36e83d\">\n\n<h2 class=\"gb-headline gb-headline-366a4162 gb-headline-text\"><mark class=\"gb-highlight\">Vorteile<\/mark> der Verwendung von Additiven in Silikon<\/h2>\n\n\n<div class=\"gb-container gb-container-64fb34b2\">\n\n<p class=\"gb-headline gb-headline-c159c7a4 gb-headline-text\">Personalisierung<\/p>\n\n\n\n<p class=\"gb-headline gb-headline-1f57c99a gb-headline-text\">Pr\u00e4zise Anpassung der mechanischen, thermischen, elektrischen und chemischen Eigenschaften an die Anforderungen des Kunden.<\/p>\n\n<\/div>\n\n<div class=\"gb-container gb-container-cdf0cfaa\">\n\n<p class=\"gb-headline gb-headline-95217341 gb-headline-text\"><strong>Verbesserte Leistung<\/strong><\/p>\n\n\n\n<p class=\"gb-headline gb-headline-4bb94a07 gb-headline-text\">Optimierung der Haltbarkeit, Effizienz und Funktionalit\u00e4t der Endprodukte.<\/p>\n\n<\/div>\n\n<div class=\"gb-container gb-container-aa36fc2e\">\n\n<p class=\"gb-headline gb-headline-59bb154b gb-headline-text\"><strong>Innovation<\/strong><\/p>\n\n\n\n<p class=\"gb-headline gb-headline-cafb344f gb-headline-text\">Entwicklung fortschrittlicher L\u00f6sungen, die Anwendungen in neuen Bereichen und aufstrebenden Technologien erm\u00f6glichen.<\/p>\n\n<\/div>\n\n<div class=\"gb-container gb-container-2d2e54d4\">\n\n<p class=\"gb-headline gb-headline-c064125d gb-headline-text\"><strong>Einhaltung der Vorschriften<\/strong><\/p>\n\n\n\n<p class=\"gb-headline gb-headline-220c0c01 gb-headline-text\">Anpassung an spezifische Standards und Vorschriften jeder Branche, wodurch Sicherheit und Qualit\u00e4t gew\u00e4hrleistet werden.<\/p>\n\n<\/div>\n<\/div>\n<\/div>","protected":false},"excerpt":{"rendered":"<p>Silikonadditive Wir arbeiten mit einer Auswahl an hochwertigen Additiven, mit zertifizierten Lieferanten, um die Reinheit und Wirksamkeit jeder Substanz zu gew\u00e4hrleisten. Dar\u00fcber hinaus entwickeln wir kundenspezifische Formulierungen, die den geforderten technischen und normativen Spezifikationen entsprechen. Additive zum Modifizieren und Verbessern Die Silikonadditive sind Substanzen, die den Silikonbasen zugesetzt werden, um ihre intrinsischen Eigenschaften zu modifizieren &#8230; <a title=\"Silikonadditive\" class=\"read-more\" href=\"https:\/\/www.silam.com\/de\/silikonadditive\/\" aria-label=\"Mehr Informationen \u00fcber Silikonadditive\">Weiterlesen &#8230;<\/a><\/p>\n","protected":false},"author":1,"featured_media":0,"parent":0,"menu_order":0,"comment_status":"closed","ping_status":"closed","template":"","meta":{"inline_featured_image":false,"footnotes":""},"class_list":{"0":"post-2587","1":"page","2":"type-page","3":"status-publish","5":"no-featured-image-padding"},"yoast_head":"<!-- This site is optimized with the Yoast SEO plugin v27.1.1 - https:\/\/yoast.com\/product\/yoast-seo-wordpress\/ -->\n<title>Silikonadditive - Silam | Fabricante de siliconas<\/title>\n<meta name=\"robots\" content=\"index, follow, max-snippet:-1, max-image-preview:large, max-video-preview:-1\" \/>\n<link rel=\"canonical\" href=\"https:\/\/www.silam.com\/de\/silikonadditive\/\" \/>\n<meta property=\"og:locale\" content=\"de_DE\" \/>\n<meta property=\"og:type\" content=\"article\" \/>\n<meta property=\"og:title\" content=\"Silikonadditive - Silam | Fabricante de siliconas\" \/>\n<meta property=\"og:description\" content=\"Silikonadditive Wir arbeiten mit einer Auswahl an hochwertigen Additiven, mit zertifizierten Lieferanten, um die Reinheit und Wirksamkeit jeder Substanz zu gew\u00e4hrleisten. Dar\u00fcber hinaus entwickeln wir kundenspezifische Formulierungen, die den geforderten technischen und normativen Spezifikationen entsprechen. Additive zum Modifizieren und Verbessern Die Silikonadditive sind Substanzen, die den Silikonbasen zugesetzt werden, um ihre intrinsischen Eigenschaften zu modifizieren ... Weiterlesen ...\" \/>\n<meta property=\"og:url\" content=\"https:\/\/www.silam.com\/de\/silikonadditive\/\" \/>\n<meta property=\"og:site_name\" content=\"Silam | Fabricante de siliconas\" \/>\n<meta property=\"article:modified_time\" content=\"2025-09-11T16:24:28+00:00\" \/>\n<meta property=\"og:image\" content=\"https:\/\/www.silam.com\/wp-content\/uploads\/2024\/09\/mezcla-de-silicona_8.jpg\" \/>\n\t<meta property=\"og:image:width\" content=\"1900\" \/>\n\t<meta property=\"og:image:height\" content=\"1267\" \/>\n\t<meta property=\"og:image:type\" content=\"image\/jpeg\" \/>\n<meta name=\"twitter:card\" content=\"summary_large_image\" \/>\n<meta name=\"twitter:label1\" content=\"Gesch\u00e4tzte Lesezeit\" \/>\n\t<meta name=\"twitter:data1\" content=\"1\u00a0Minute\" \/>\n<script type=\"application\/ld+json\" class=\"yoast-schema-graph\">{\"@context\":\"https:\/\/schema.org\",\"@graph\":[{\"@type\":\"WebPage\",\"@id\":\"https:\/\/www.silam.com\/de\/silikonadditive\/\",\"url\":\"https:\/\/www.silam.com\/de\/silikonadditive\/\",\"name\":\"Silikonadditive - Silam | Fabricante de siliconas\",\"isPartOf\":{\"@id\":\"https:\/\/www.silam.com\/de\/#website\"},\"datePublished\":\"2024-08-14T10:53:11+00:00\",\"dateModified\":\"2025-09-11T16:24:28+00:00\",\"breadcrumb\":{\"@id\":\"https:\/\/www.silam.com\/de\/silikonadditive\/#breadcrumb\"},\"inLanguage\":\"de\",\"potentialAction\":[{\"@type\":\"ReadAction\",\"target\":[\"https:\/\/www.silam.com\/de\/silikonadditive\/\"]}]},{\"@type\":\"BreadcrumbList\",\"@id\":\"https:\/\/www.silam.com\/de\/silikonadditive\/#breadcrumb\",\"itemListElement\":[{\"@type\":\"ListItem\",\"position\":1,\"name\":\"Portada\",\"item\":\"https:\/\/www.silam.com\/de\/\"},{\"@type\":\"ListItem\",\"position\":2,\"name\":\"Silikonadditive\"}]},{\"@type\":\"WebSite\",\"@id\":\"https:\/\/www.silam.com\/de\/#website\",\"url\":\"https:\/\/www.silam.com\/de\/\",\"name\":\"Silam | Fabricante de siliconas\",\"description\":\"Silam es una empresa dedicada a la transformaci\u00f3n de elast\u00f3meros de silicona:  mezclas de silicona y componentes t\u00e9cnicos\",\"publisher\":{\"@id\":\"https:\/\/www.silam.com\/de\/#organization\"},\"potentialAction\":[{\"@type\":\"SearchAction\",\"target\":{\"@type\":\"EntryPoint\",\"urlTemplate\":\"https:\/\/www.silam.com\/de\/?s={search_term_string}\"},\"query-input\":{\"@type\":\"PropertyValueSpecification\",\"valueRequired\":true,\"valueName\":\"search_term_string\"}}],\"inLanguage\":\"de\"},{\"@type\":\"Organization\",\"@id\":\"https:\/\/www.silam.com\/de\/#organization\",\"name\":\"Silam | Fabricante de siliconas\",\"url\":\"https:\/\/www.silam.com\/de\/\",\"logo\":{\"@type\":\"ImageObject\",\"inLanguage\":\"de\",\"@id\":\"https:\/\/www.silam.com\/de\/#\/schema\/logo\/image\/\",\"url\":\"https:\/\/www.silam.com\/wp-content\/uploads\/2024\/08\/logo-silam.png\",\"contentUrl\":\"https:\/\/www.silam.com\/wp-content\/uploads\/2024\/08\/logo-silam.png\",\"width\":221,\"height\":93,\"caption\":\"Silam | Fabricante de siliconas\"},\"image\":{\"@id\":\"https:\/\/www.silam.com\/de\/#\/schema\/logo\/image\/\"},\"sameAs\":[\"https:\/\/es.linkedin.com\/company\/siliconas-silam-s-a-\"]}]}<\/script>\n<!-- \/ Yoast SEO plugin. -->","yoast_head_json":{"title":"Silikonadditive - Silam | Fabricante de siliconas","robots":{"index":"index","follow":"follow","max-snippet":"max-snippet:-1","max-image-preview":"max-image-preview:large","max-video-preview":"max-video-preview:-1"},"canonical":"https:\/\/www.silam.com\/de\/silikonadditive\/","og_locale":"de_DE","og_type":"article","og_title":"Silikonadditive - Silam | Fabricante de siliconas","og_description":"Silikonadditive Wir arbeiten mit einer Auswahl an hochwertigen Additiven, mit zertifizierten Lieferanten, um die Reinheit und Wirksamkeit jeder Substanz zu gew\u00e4hrleisten. Dar\u00fcber hinaus entwickeln wir kundenspezifische Formulierungen, die den geforderten technischen und normativen Spezifikationen entsprechen. Additive zum Modifizieren und Verbessern Die Silikonadditive sind Substanzen, die den Silikonbasen zugesetzt werden, um ihre intrinsischen Eigenschaften zu modifizieren ... Weiterlesen ...","og_url":"https:\/\/www.silam.com\/de\/silikonadditive\/","og_site_name":"Silam | Fabricante de siliconas","article_modified_time":"2025-09-11T16:24:28+00:00","og_image":[{"width":1900,"height":1267,"url":"https:\/\/www.silam.com\/wp-content\/uploads\/2024\/09\/mezcla-de-silicona_8.jpg","type":"image\/jpeg"}],"twitter_card":"summary_large_image","twitter_misc":{"Gesch\u00e4tzte Lesezeit":"1\u00a0Minute"},"schema":{"@context":"https:\/\/schema.org","@graph":[{"@type":"WebPage","@id":"https:\/\/www.silam.com\/de\/silikonadditive\/","url":"https:\/\/www.silam.com\/de\/silikonadditive\/","name":"Silikonadditive - Silam | Fabricante de siliconas","isPartOf":{"@id":"https:\/\/www.silam.com\/de\/#website"},"datePublished":"2024-08-14T10:53:11+00:00","dateModified":"2025-09-11T16:24:28+00:00","breadcrumb":{"@id":"https:\/\/www.silam.com\/de\/silikonadditive\/#breadcrumb"},"inLanguage":"de","potentialAction":[{"@type":"ReadAction","target":["https:\/\/www.silam.com\/de\/silikonadditive\/"]}]},{"@type":"BreadcrumbList","@id":"https:\/\/www.silam.com\/de\/silikonadditive\/#breadcrumb","itemListElement":[{"@type":"ListItem","position":1,"name":"Portada","item":"https:\/\/www.silam.com\/de\/"},{"@type":"ListItem","position":2,"name":"Silikonadditive"}]},{"@type":"WebSite","@id":"https:\/\/www.silam.com\/de\/#website","url":"https:\/\/www.silam.com\/de\/","name":"Silam | Fabricante de siliconas","description":"Silam es una empresa dedicada a la transformaci\u00f3n de elast\u00f3meros de silicona:  mezclas de silicona y componentes t\u00e9cnicos","publisher":{"@id":"https:\/\/www.silam.com\/de\/#organization"},"potentialAction":[{"@type":"SearchAction","target":{"@type":"EntryPoint","urlTemplate":"https:\/\/www.silam.com\/de\/?s={search_term_string}"},"query-input":{"@type":"PropertyValueSpecification","valueRequired":true,"valueName":"search_term_string"}}],"inLanguage":"de"},{"@type":"Organization","@id":"https:\/\/www.silam.com\/de\/#organization","name":"Silam | Fabricante de siliconas","url":"https:\/\/www.silam.com\/de\/","logo":{"@type":"ImageObject","inLanguage":"de","@id":"https:\/\/www.silam.com\/de\/#\/schema\/logo\/image\/","url":"https:\/\/www.silam.com\/wp-content\/uploads\/2024\/08\/logo-silam.png","contentUrl":"https:\/\/www.silam.com\/wp-content\/uploads\/2024\/08\/logo-silam.png","width":221,"height":93,"caption":"Silam | Fabricante de siliconas"},"image":{"@id":"https:\/\/www.silam.com\/de\/#\/schema\/logo\/image\/"},"sameAs":["https:\/\/es.linkedin.com\/company\/siliconas-silam-s-a-"]}]}},"_links":{"self":[{"href":"https:\/\/www.silam.com\/de\/wp-json\/wp\/v2\/pages\/2587","targetHints":{"allow":["GET"]}}],"collection":[{"href":"https:\/\/www.silam.com\/de\/wp-json\/wp\/v2\/pages"}],"about":[{"href":"https:\/\/www.silam.com\/de\/wp-json\/wp\/v2\/types\/page"}],"author":[{"embeddable":true,"href":"https:\/\/www.silam.com\/de\/wp-json\/wp\/v2\/users\/1"}],"replies":[{"embeddable":true,"href":"https:\/\/www.silam.com\/de\/wp-json\/wp\/v2\/comments?post=2587"}],"version-history":[{"count":0,"href":"https:\/\/www.silam.com\/de\/wp-json\/wp\/v2\/pages\/2587\/revisions"}],"wp:attachment":[{"href":"https:\/\/www.silam.com\/de\/wp-json\/wp\/v2\/media?parent=2587"}],"curies":[{"name":"wp","href":"https:\/\/api.w.org\/{rel}","templated":true}]}}