{"id":2582,"date":"2024-08-14T12:54:15","date_gmt":"2024-08-14T10:54:15","guid":{"rendered":"https:\/\/wordpress-958700-4787158.cloudwaysapps.com\/silikondichtungen\/"},"modified":"2025-09-11T18:24:23","modified_gmt":"2025-09-11T16:24:23","slug":"silikondichtungen","status":"publish","type":"page","link":"https:\/\/www.silam.com\/de\/silikondichtungen\/","title":{"rendered":"Silikondichtungen"},"content":{"rendered":"<div class=\"gb-container gb-container-63cfc150\">\n<div class=\"gb-container gb-container-01c1494a\">\n\n<h1 class=\"gb-headline gb-headline-8f140a63 gb-headline-text\">Silikondichtungen<\/h1>\n\n\n\n<p class=\"gb-headline gb-headline-d8149c51 gb-headline-text\">Unsere <strong>Silikondichtungen<\/strong> bieten eine <strong>au\u00dfergew\u00f6hnliche Abdichtung<\/strong> in Anwendungen, die Best\u00e4ndigkeit gegen <strong>extreme Temperaturen<\/strong>, Exposition gegen\u00fcber <strong>Chemikalien<\/strong> oder widrigen Umgebungsbedingungen erfordern.<\/p>\n\n<\/div>\n<\/div><div class=\"gb-container gb-container-729853f9\">\n<div class=\"gb-container gb-container-11c6b2d3\">\n\n<h2 class=\"gb-headline gb-headline-3bfa2e66 gb-headline-text\">Eigenschaften und <mark class=\"gb-highlight\">Vorteile<\/mark><\/h2>\n\n\n\n<p class=\"gb-headline gb-headline-4725fe8d gb-headline-text\">Sie werden in Branchen wie <strong>Bauwesen, Elektronik, Energie und Transport<\/strong> eingesetzt. Unsere Dichtungen k\u00f6nnen in verschiedenen <strong>Formen und Gr\u00f6\u00dfen<\/strong> konstruiert werden, einschlie\u00dflich extrudierter Profile und Formteile, um sich perfekt an die Anforderungen jedes Projekts anzupassen.<\/p>\n\n\n<div class=\"gb-grid-wrapper gb-grid-wrapper-96c65d5e\">\n<div class=\"gb-grid-column gb-grid-column-d550f522\"><div class=\"gb-container gb-container-d550f522\">\n\n<h3 class=\"gb-headline gb-headline-4a2e0d84 gb-headline-text\"><mark class=\"gb-highlight\">Thermische<\/mark> Best\u00e4ndigkeit<\/h3>\n\n\n\n<p class=\"gb-headline gb-headline-c3183df5 gb-headline-text\">Sie behalten ihre Integrit\u00e4t und Funktionalit\u00e4t in einem breiten Temperaturbereich von -60 \u00b0C bis +250 \u00b0C, ideal f\u00fcr Anwendungen, die intensive Hitze oder extreme K\u00e4lte beinhalten.<\/p>\n\n<\/div><\/div>\n\n<div class=\"gb-grid-column gb-grid-column-d67b248a\"><div class=\"gb-container gb-container-d67b248a\">\n\n<h3 class=\"gb-headline gb-headline-219ba881 gb-headline-text\"><mark class=\"gb-highlight\">Chemische<\/mark> Best\u00e4ndigkeit<\/h3>\n\n\n\n<p class=\"gb-headline gb-headline-bda6f2a4 gb-headline-text\">Silikon ist inert gegen\u00fcber einer Vielzahl von Chemikalien, \u00d6len, S\u00e4uren und L\u00f6sungsmitteln und gew\u00e4hrleistet eine dauerhafte Abdichtung in aggressiven Umgebungen.<\/p>\n\n<\/div><\/div>\n\n<div class=\"gb-grid-column gb-grid-column-6aee012f\"><div class=\"gb-container gb-container-6aee012f\">\n\n<h3 class=\"gb-headline gb-headline-9652a31f gb-headline-text\"><mark class=\"gb-highlight\">Elastizit\u00e4t<\/mark> und Flexibilit\u00e4t<\/h3>\n\n\n\n<p class=\"gb-headline gb-headline-4f55bdcc gb-headline-text\">Sie behalten ihre Elastizit\u00e4t \u00fcber die Zeit, auch unter Bedingungen l\u00e4ngerer Kompression, und gew\u00e4hrleisten so eine effiziente Abdichtung und vermeiden Leckagen.<\/p>\n\n<\/div><\/div>\n\n<div class=\"gb-grid-column gb-grid-column-abb96423\"><div class=\"gb-container gb-container-abb96423\">\n\n<h3 class=\"gb-headline gb-headline-a65a7732 gb-headline-text\"><mark class=\"gb-highlight\">Elastizit\u00e4t<\/mark> und Flexibilit\u00e4t<\/h3>\n\n\n\n<p class=\"gb-headline gb-headline-e1de8667 gb-headline-text\">Sie sind hochbest\u00e4ndig gegen Alterung, UV-Strahlen, Ozon und Witterungseinfl\u00fcsse, was die Lebensdauer des Produkts verl\u00e4ngert und die Wartungskosten senkt.<\/p>\n\n<\/div><\/div>\n\n<div class=\"gb-grid-column gb-grid-column-3d91e746\"><div class=\"gb-container gb-container-3d91e746\">\n\n<h3 class=\"gb-headline gb-headline-159cf98e gb-headline-text\"><mark class=\"gb-highlight\">Lebensmittel-<\/mark> und medizinische Kompatibilit\u00e4t<\/h3>\n\n\n\n<p class=\"gb-headline gb-headline-738668e1 gb-headline-text\">Wir verf\u00fcgen \u00fcber Formulierungen, die den Vorschriften f\u00fcr den Kontakt mit Lebensmitteln und den medizinischen Gebrauch entsprechen und die Anwendungsm\u00f6glichkeiten erweitern.<\/p>\n\n<\/div><\/div>\n\n<div class=\"gb-grid-column gb-grid-column-c26b8283\"><div class=\"gb-container gb-container-c26b8283\">\n\n<h3 class=\"gb-headline gb-headline-be536021 gb-headline-text\"><mark class=\"gb-highlight\">Flammhemmende<\/mark> Eigenschaften<\/h3>\n\n\n\n<p class=\"gb-headline gb-headline-21aae7b8 gb-headline-text\">Wir bieten Dichtungen mit Flammschutzmitteln an, die internationalen Sicherheitsstandards f\u00fcr den Brandschutz entsprechen.<\/p>\n\n<\/div><\/div>\n<\/div>\n<\/div>\n<\/div><div class=\"gb-container gb-container-54d1cfff\">\n<div class=\"gb-container gb-container-56baa4f7\">\n<div class=\"gb-grid-wrapper gb-grid-wrapper-8fd58eb4\">\n<div class=\"gb-grid-column gb-grid-column-4a50b10e\"><div class=\"gb-container gb-container-4a50b10e\">\n\n<h3 class=\"gb-headline gb-headline-c9c44c4f gb-headline-text\"><mark class=\"gb-highlight\">Innovation<\/mark> und Nachhaltigkeit<\/h3>\n\n\n\n<p class=\"gb-headline gb-headline-0d3c9e68 gb-headline-text\">Wir sind bestrebt, bei der Entwicklung von Materialien und Prozessen, die die Leistung und Nachhaltigkeit unserer Silikondichtungen verbessern, an der Spitze zu bleiben.<\/p>\n\n<\/div><\/div>\n<\/div>\n<\/div>\n<\/div><div class=\"gb-container gb-container-8e9f863d\">\n<div class=\"gb-container gb-container-fe36e83d\">\n\n<h2 class=\"gb-headline gb-headline-366a4162 gb-headline-text\"><mark class=\"gb-highlight\">Vorteile<\/mark> unserer Silikondichtungen<\/h2>\n\n\n<div class=\"gb-container gb-container-64fb34b2\">\n\n<p class=\"gb-headline gb-headline-c159c7a4 gb-headline-text\">\u00dcberlegene Qualit\u00e4t<\/p>\n\n\n\n<p class=\"gb-headline gb-headline-1f57c99a gb-headline-text\">Produkte, die hohe Leistungs- und Haltbarkeitsstandards erf\u00fcllen.<\/p>\n\n<\/div>\n\n<div class=\"gb-container gb-container-cdf0cfaa\">\n\n<p class=\"gb-headline gb-headline-95217341 gb-headline-text\"><strong>Erfahrung und Wissen<\/strong><\/p>\n\n\n\n<p class=\"gb-headline gb-headline-4bb94a07 gb-headline-text\">Mehr als 50 Jahre in der Branche, die effektive und zuverl\u00e4ssige L\u00f6sungen anbieten.<\/p>\n\n<\/div>\n\n<div class=\"gb-container gb-container-aa36fc2e\">\n\n<p class=\"gb-headline gb-headline-59bb154b gb-headline-text\"><strong>Pers\u00f6nliche Betreuung<\/strong><\/p>\n\n\n\n<p class=\"gb-headline gb-headline-cafb344f gb-headline-text\">Fokus auf die spezifischen Bed\u00fcrfnisse jedes Kunden, Bereitstellung eines engagierten und effizienten Service.<\/p>\n\n<\/div>\n\n<div class=\"gb-container gb-container-2d2e54d4\">\n\n<p class=\"gb-headline gb-headline-c064125d gb-headline-text\"><strong>Kontinuierliche Innovation<\/strong><\/p>\n\n\n\n<p class=\"gb-headline gb-headline-220c0c01 gb-headline-text\">Konstante Investitionen in Forschung und Entwicklung, um fortschrittliche und wettbewerbsf\u00e4hige Produkte anzubieten.<\/p>\n\n<\/div>\n<\/div>\n<\/div>","protected":false},"excerpt":{"rendered":"<p>Silikondichtungen Unsere Silikondichtungen bieten eine au\u00dfergew\u00f6hnliche Abdichtung in Anwendungen, die Best\u00e4ndigkeit gegen extreme Temperaturen, Exposition gegen\u00fcber Chemikalien oder widrigen Umgebungsbedingungen erfordern. Eigenschaften und Vorteile Sie werden in Branchen wie Bauwesen, Elektronik, Energie und Transport eingesetzt. Unsere Dichtungen k\u00f6nnen in verschiedenen Formen und Gr\u00f6\u00dfen konstruiert werden, einschlie\u00dflich extrudierter Profile und Formteile, um sich perfekt an die &#8230; <a title=\"Silikondichtungen\" class=\"read-more\" href=\"https:\/\/www.silam.com\/de\/silikondichtungen\/\" aria-label=\"Mehr Informationen \u00fcber Silikondichtungen\">Weiterlesen &#8230;<\/a><\/p>\n","protected":false},"author":1,"featured_media":0,"parent":0,"menu_order":0,"comment_status":"closed","ping_status":"closed","template":"","meta":{"inline_featured_image":false,"footnotes":""},"class_list":{"0":"post-2582","1":"page","2":"type-page","3":"status-publish","5":"no-featured-image-padding"},"yoast_head":"<!-- This site is optimized with the Yoast SEO plugin v27.1.1 - https:\/\/yoast.com\/product\/yoast-seo-wordpress\/ -->\n<title>Silikondichtungen - Silam | Fabricante de siliconas<\/title>\n<meta name=\"robots\" content=\"index, follow, max-snippet:-1, max-image-preview:large, max-video-preview:-1\" \/>\n<link rel=\"canonical\" href=\"https:\/\/www.silam.com\/de\/silikondichtungen\/\" \/>\n<meta property=\"og:locale\" content=\"de_DE\" \/>\n<meta property=\"og:type\" content=\"article\" \/>\n<meta property=\"og:title\" content=\"Silikondichtungen - Silam | Fabricante de siliconas\" \/>\n<meta property=\"og:description\" content=\"Silikondichtungen Unsere Silikondichtungen bieten eine au\u00dfergew\u00f6hnliche Abdichtung in Anwendungen, die Best\u00e4ndigkeit gegen extreme Temperaturen, Exposition gegen\u00fcber Chemikalien oder widrigen Umgebungsbedingungen erfordern. Eigenschaften und Vorteile Sie werden in Branchen wie Bauwesen, Elektronik, Energie und Transport eingesetzt. Unsere Dichtungen k\u00f6nnen in verschiedenen Formen und Gr\u00f6\u00dfen konstruiert werden, einschlie\u00dflich extrudierter Profile und Formteile, um sich perfekt an die ... Weiterlesen ...\" \/>\n<meta property=\"og:url\" content=\"https:\/\/www.silam.com\/de\/silikondichtungen\/\" \/>\n<meta property=\"og:site_name\" content=\"Silam | Fabricante de siliconas\" \/>\n<meta property=\"article:modified_time\" content=\"2025-09-11T16:24:23+00:00\" \/>\n<meta property=\"og:image\" content=\"https:\/\/www.silam.com\/wp-content\/uploads\/2024\/09\/mezcla-de-silicona_8.jpg\" \/>\n\t<meta property=\"og:image:width\" content=\"1900\" \/>\n\t<meta property=\"og:image:height\" content=\"1267\" \/>\n\t<meta property=\"og:image:type\" content=\"image\/jpeg\" \/>\n<meta name=\"twitter:card\" content=\"summary_large_image\" \/>\n<meta name=\"twitter:label1\" content=\"Gesch\u00e4tzte Lesezeit\" \/>\n\t<meta name=\"twitter:data1\" content=\"2\u00a0Minuten\" \/>\n<script type=\"application\/ld+json\" class=\"yoast-schema-graph\">{\"@context\":\"https:\/\/schema.org\",\"@graph\":[{\"@type\":\"WebPage\",\"@id\":\"https:\/\/www.silam.com\/de\/silikondichtungen\/\",\"url\":\"https:\/\/www.silam.com\/de\/silikondichtungen\/\",\"name\":\"Silikondichtungen - Silam | Fabricante de siliconas\",\"isPartOf\":{\"@id\":\"https:\/\/www.silam.com\/de\/#website\"},\"datePublished\":\"2024-08-14T10:54:15+00:00\",\"dateModified\":\"2025-09-11T16:24:23+00:00\",\"breadcrumb\":{\"@id\":\"https:\/\/www.silam.com\/de\/silikondichtungen\/#breadcrumb\"},\"inLanguage\":\"de\",\"potentialAction\":[{\"@type\":\"ReadAction\",\"target\":[\"https:\/\/www.silam.com\/de\/silikondichtungen\/\"]}]},{\"@type\":\"BreadcrumbList\",\"@id\":\"https:\/\/www.silam.com\/de\/silikondichtungen\/#breadcrumb\",\"itemListElement\":[{\"@type\":\"ListItem\",\"position\":1,\"name\":\"Portada\",\"item\":\"https:\/\/www.silam.com\/de\/\"},{\"@type\":\"ListItem\",\"position\":2,\"name\":\"Silikondichtungen\"}]},{\"@type\":\"WebSite\",\"@id\":\"https:\/\/www.silam.com\/de\/#website\",\"url\":\"https:\/\/www.silam.com\/de\/\",\"name\":\"Silam | Fabricante de siliconas\",\"description\":\"Silam es una empresa dedicada a la transformaci\u00f3n de elast\u00f3meros de silicona:  mezclas de silicona y componentes t\u00e9cnicos\",\"publisher\":{\"@id\":\"https:\/\/www.silam.com\/de\/#organization\"},\"potentialAction\":[{\"@type\":\"SearchAction\",\"target\":{\"@type\":\"EntryPoint\",\"urlTemplate\":\"https:\/\/www.silam.com\/de\/?s={search_term_string}\"},\"query-input\":{\"@type\":\"PropertyValueSpecification\",\"valueRequired\":true,\"valueName\":\"search_term_string\"}}],\"inLanguage\":\"de\"},{\"@type\":\"Organization\",\"@id\":\"https:\/\/www.silam.com\/de\/#organization\",\"name\":\"Silam | Fabricante de siliconas\",\"url\":\"https:\/\/www.silam.com\/de\/\",\"logo\":{\"@type\":\"ImageObject\",\"inLanguage\":\"de\",\"@id\":\"https:\/\/www.silam.com\/de\/#\/schema\/logo\/image\/\",\"url\":\"https:\/\/www.silam.com\/wp-content\/uploads\/2024\/08\/logo-silam.png\",\"contentUrl\":\"https:\/\/www.silam.com\/wp-content\/uploads\/2024\/08\/logo-silam.png\",\"width\":221,\"height\":93,\"caption\":\"Silam | Fabricante de siliconas\"},\"image\":{\"@id\":\"https:\/\/www.silam.com\/de\/#\/schema\/logo\/image\/\"},\"sameAs\":[\"https:\/\/es.linkedin.com\/company\/siliconas-silam-s-a-\"]}]}<\/script>\n<!-- \/ Yoast SEO plugin. -->","yoast_head_json":{"title":"Silikondichtungen - Silam | Fabricante de siliconas","robots":{"index":"index","follow":"follow","max-snippet":"max-snippet:-1","max-image-preview":"max-image-preview:large","max-video-preview":"max-video-preview:-1"},"canonical":"https:\/\/www.silam.com\/de\/silikondichtungen\/","og_locale":"de_DE","og_type":"article","og_title":"Silikondichtungen - Silam | Fabricante de siliconas","og_description":"Silikondichtungen Unsere Silikondichtungen bieten eine au\u00dfergew\u00f6hnliche Abdichtung in Anwendungen, die Best\u00e4ndigkeit gegen extreme Temperaturen, Exposition gegen\u00fcber Chemikalien oder widrigen Umgebungsbedingungen erfordern. Eigenschaften und Vorteile Sie werden in Branchen wie Bauwesen, Elektronik, Energie und Transport eingesetzt. Unsere Dichtungen k\u00f6nnen in verschiedenen Formen und Gr\u00f6\u00dfen konstruiert werden, einschlie\u00dflich extrudierter Profile und Formteile, um sich perfekt an die ... Weiterlesen ...","og_url":"https:\/\/www.silam.com\/de\/silikondichtungen\/","og_site_name":"Silam | Fabricante de siliconas","article_modified_time":"2025-09-11T16:24:23+00:00","og_image":[{"width":1900,"height":1267,"url":"https:\/\/www.silam.com\/wp-content\/uploads\/2024\/09\/mezcla-de-silicona_8.jpg","type":"image\/jpeg"}],"twitter_card":"summary_large_image","twitter_misc":{"Gesch\u00e4tzte Lesezeit":"2\u00a0Minuten"},"schema":{"@context":"https:\/\/schema.org","@graph":[{"@type":"WebPage","@id":"https:\/\/www.silam.com\/de\/silikondichtungen\/","url":"https:\/\/www.silam.com\/de\/silikondichtungen\/","name":"Silikondichtungen - Silam | Fabricante de siliconas","isPartOf":{"@id":"https:\/\/www.silam.com\/de\/#website"},"datePublished":"2024-08-14T10:54:15+00:00","dateModified":"2025-09-11T16:24:23+00:00","breadcrumb":{"@id":"https:\/\/www.silam.com\/de\/silikondichtungen\/#breadcrumb"},"inLanguage":"de","potentialAction":[{"@type":"ReadAction","target":["https:\/\/www.silam.com\/de\/silikondichtungen\/"]}]},{"@type":"BreadcrumbList","@id":"https:\/\/www.silam.com\/de\/silikondichtungen\/#breadcrumb","itemListElement":[{"@type":"ListItem","position":1,"name":"Portada","item":"https:\/\/www.silam.com\/de\/"},{"@type":"ListItem","position":2,"name":"Silikondichtungen"}]},{"@type":"WebSite","@id":"https:\/\/www.silam.com\/de\/#website","url":"https:\/\/www.silam.com\/de\/","name":"Silam | Fabricante de siliconas","description":"Silam es una empresa dedicada a la transformaci\u00f3n de elast\u00f3meros de silicona:  mezclas de silicona y componentes t\u00e9cnicos","publisher":{"@id":"https:\/\/www.silam.com\/de\/#organization"},"potentialAction":[{"@type":"SearchAction","target":{"@type":"EntryPoint","urlTemplate":"https:\/\/www.silam.com\/de\/?s={search_term_string}"},"query-input":{"@type":"PropertyValueSpecification","valueRequired":true,"valueName":"search_term_string"}}],"inLanguage":"de"},{"@type":"Organization","@id":"https:\/\/www.silam.com\/de\/#organization","name":"Silam | Fabricante de siliconas","url":"https:\/\/www.silam.com\/de\/","logo":{"@type":"ImageObject","inLanguage":"de","@id":"https:\/\/www.silam.com\/de\/#\/schema\/logo\/image\/","url":"https:\/\/www.silam.com\/wp-content\/uploads\/2024\/08\/logo-silam.png","contentUrl":"https:\/\/www.silam.com\/wp-content\/uploads\/2024\/08\/logo-silam.png","width":221,"height":93,"caption":"Silam | Fabricante de siliconas"},"image":{"@id":"https:\/\/www.silam.com\/de\/#\/schema\/logo\/image\/"},"sameAs":["https:\/\/es.linkedin.com\/company\/siliconas-silam-s-a-"]}]}},"_links":{"self":[{"href":"https:\/\/www.silam.com\/de\/wp-json\/wp\/v2\/pages\/2582","targetHints":{"allow":["GET"]}}],"collection":[{"href":"https:\/\/www.silam.com\/de\/wp-json\/wp\/v2\/pages"}],"about":[{"href":"https:\/\/www.silam.com\/de\/wp-json\/wp\/v2\/types\/page"}],"author":[{"embeddable":true,"href":"https:\/\/www.silam.com\/de\/wp-json\/wp\/v2\/users\/1"}],"replies":[{"embeddable":true,"href":"https:\/\/www.silam.com\/de\/wp-json\/wp\/v2\/comments?post=2582"}],"version-history":[{"count":0,"href":"https:\/\/www.silam.com\/de\/wp-json\/wp\/v2\/pages\/2582\/revisions"}],"wp:attachment":[{"href":"https:\/\/www.silam.com\/de\/wp-json\/wp\/v2\/media?parent=2582"}],"curies":[{"name":"wp","href":"https:\/\/api.w.org\/{rel}","templated":true}]}}