{"id":2581,"date":"2024-08-14T12:53:58","date_gmt":"2024-08-14T10:53:58","guid":{"rendered":"https:\/\/wordpress-958700-4787158.cloudwaysapps.com\/silikonschlaeuche\/"},"modified":"2025-09-11T18:24:23","modified_gmt":"2025-09-11T16:24:23","slug":"silikonschlaeuche","status":"publish","type":"page","link":"https:\/\/www.silam.com\/de\/silikonschlaeuche\/","title":{"rendered":"Silikonschl\u00e4uche"},"content":{"rendered":"<div class=\"gb-container gb-container-63cfc150\">\n<div class=\"gb-container gb-container-01c1494a\">\n\n<h1 class=\"gb-headline gb-headline-8f140a63 gb-headline-text\">Silikonschl\u00e4uche<\/h1>\n\n\n\n<p class=\"gb-headline gb-headline-d8149c51 gb-headline-text\">Unsere <strong>Silikonschl\u00e4uche<\/strong> zeichnen sich durch ihre <strong>hohe Flexibilit\u00e4t<\/strong> und <strong>Best\u00e4ndigkeit gegen extreme Temperaturen<\/strong>, sowohl hohe als auch niedrige, aus. Sie sind ideal f\u00fcr den <strong>sicheren Transport von Fl\u00fcssigkeiten und Gasen<\/strong> in verschiedenen Industrien, einschlie\u00dflich der <strong>Lebensmittel-, Pharma-, Medizin-, Automobil- und Luft- und Raumfahrtindustrie<\/strong>. <\/p>\n\n<\/div>\n<\/div><div class=\"gb-container gb-container-729853f9\">\n<div class=\"gb-container gb-container-11c6b2d3\">\n\n<h2 class=\"gb-headline gb-headline-3bfa2e66 gb-headline-text\">Eigenschaften und <mark class=\"gb-highlight\">Vorteile<\/mark><\/h2>\n\n\n\n<p class=\"gb-headline gb-headline-4725fe8d gb-headline-text\">Die Schl\u00e4uche k\u00f6nnen in einer Vielzahl von <strong>Durchmessern, St\u00e4rken und Farben<\/strong> hergestellt werden und entsprechen den <strong>internationalen Sicherheits- und Hygienevorschriften<\/strong>. Dar\u00fcber hinaus bieten wir Optionen mit <strong>spezifischen Zertifizierungen<\/strong> f\u00fcr Anwendungen, die strengere Standards erfordern.<\/p>\n\n\n<div class=\"gb-grid-wrapper gb-grid-wrapper-96c65d5e\">\n<div class=\"gb-grid-column gb-grid-column-d550f522\"><div class=\"gb-container gb-container-d550f522\">\n\n<h3 class=\"gb-headline gb-headline-4a2e0d84 gb-headline-text\"><mark class=\"gb-highlight\">Thermische<\/mark> Best\u00e4ndigkeit<\/h3>\n\n\n\n<p class=\"gb-headline gb-headline-c3183df5 gb-headline-text\">Sie behalten ihre Leistung in einem breiten Temperaturbereich von -60 \u00b0C bis +200 \u00b0C, wodurch sie f\u00fcr Anwendungen unter extremen Bedingungen geeignet sind.<\/p>\n\n<\/div><\/div>\n\n<div class=\"gb-grid-column gb-grid-column-d67b248a\"><div class=\"gb-container gb-container-d67b248a\">\n\n<h3 class=\"gb-headline gb-headline-219ba881 gb-headline-text\"><mark class=\"gb-highlight\">Flexibilit\u00e4t<\/mark> und Elastizit\u00e4t<\/h3>\n\n\n\n<p class=\"gb-headline gb-headline-bda6f2a4 gb-headline-text\">Silikon bietet eine ausgezeichnete Flexibilit\u00e4t, die es den Schl\u00e4uchen erm\u00f6glicht, sich zu biegen und anzupassen, ohne sich zu verformen oder zu brechen, was die Installation in engen oder schwer zug\u00e4nglichen R\u00e4umen erleichtert.<\/p>\n\n<\/div><\/div>\n\n<div class=\"gb-grid-column gb-grid-column-6aee012f\"><div class=\"gb-container gb-container-6aee012f\">\n\n<h3 class=\"gb-headline gb-headline-9652a31f gb-headline-text\"><mark class=\"gb-highlight\">Chemische<\/mark> Kompatibilit\u00e4t<\/h3>\n\n\n\n<p class=\"gb-headline gb-headline-4f55bdcc gb-headline-text\">Sie sind inert und reagieren nicht mit den meisten Chemikalien, \u00d6len, L\u00f6sungsmitteln und biologischen Fl\u00fcssigkeiten, wodurch die Reinheit und Integrit\u00e4t der transportierten Produkte gew\u00e4hrleistet wird.<\/p>\n\n<\/div><\/div>\n\n<div class=\"gb-grid-column gb-grid-column-abb96423\"><div class=\"gb-container gb-container-abb96423\">\n\n<h3 class=\"gb-headline gb-headline-a65a7732 gb-headline-text\"><mark class=\"gb-highlight\">Hygiene<\/mark> und Sicherheit<\/h3>\n\n\n\n<p class=\"gb-headline gb-headline-e1de8667 gb-headline-text\">Die glatte und porenfreie Oberfl\u00e4che der Silikonschl\u00e4uche verhindert die Ansammlung von Bakterien und erleichtert die Reinigung und Sterilisation, wodurch die h\u00f6chsten Hygienestandards erf\u00fcllt werden.<\/p>\n\n<\/div><\/div>\n\n<div class=\"gb-grid-column gb-grid-column-3d91e746\"><div class=\"gb-container gb-container-3d91e746\">\n\n<h3 class=\"gb-headline gb-headline-159cf98e gb-headline-text\"><mark class=\"gb-highlight\">Haltbarkeit<\/mark> und Langlebigkeit<\/h3>\n\n\n\n<p class=\"gb-headline gb-headline-738668e1 gb-headline-text\">Sie sind best\u00e4ndig gegen Alterung, Witterungseinfl\u00fcsse, UV-Strahlen und Ozon, was die Lebensdauer des Produkts verl\u00e4ngert und Wartungs- und Austauschkosten reduziert.<\/p>\n\n<\/div><\/div>\n\n<div class=\"gb-grid-column gb-grid-column-c26b8283\"><div class=\"gb-container gb-container-c26b8283\">\n\n<h3 class=\"gb-headline gb-headline-be536021 gb-headline-text\"><mark class=\"gb-highlight\">Dielektrische<\/mark> Eigenschaften<\/h3>\n\n\n\n<p class=\"gb-headline gb-headline-21aae7b8 gb-headline-text\">Sie sind ausgezeichnete elektrische Isolatoren, wodurch sie f\u00fcr Anwendungen in der Elektronik- und Elektroindustrie geeignet sind.<\/p>\n\n<\/div><\/div>\n<\/div>\n<\/div>\n<\/div><div class=\"gb-container gb-container-54d1cfff\">\n<div class=\"gb-container gb-container-56baa4f7\">\n<div class=\"gb-grid-wrapper gb-grid-wrapper-8fd58eb4\">\n<div class=\"gb-grid-column gb-grid-column-4a50b10e\"><div class=\"gb-container gb-container-4a50b10e\">\n\n<h3 class=\"gb-headline gb-headline-c9c44c4f gb-headline-text\"><mark class=\"gb-highlight\">Innovation<\/mark> und Nachhaltigkeit<\/h3>\n\n\n\n<p class=\"gb-headline gb-headline-0d3c9e68 gb-headline-text\">Wir widmen uns der <strong>kontinuierlichen Innovation<\/strong>, indem wir neue Formulierungen und Prozesse erforschen und entwickeln, die die Leistung unserer Silikonschl\u00e4uche verbessern. Ebenso wenden wir nachhaltige Praktiken in unserer Lieferkette und Produktion an, minimieren die Umweltbelastung und f\u00f6rdern die soziale Verantwortung.<\/p>\n\n<\/div><\/div>\n<\/div>\n<\/div>\n<\/div><div class=\"gb-container gb-container-8e9f863d\">\n<div class=\"gb-container gb-container-fe36e83d\">\n\n<h2 class=\"gb-headline gb-headline-366a4162 gb-headline-text\"><mark class=\"gb-highlight\">Qualit\u00e4t<\/mark> und Herstellungsprozesse<\/h2>\n\n\n<div class=\"gb-container gb-container-64fb34b2\">\n\n<p class=\"gb-headline gb-headline-c159c7a4 gb-headline-text\">Fortschrittliche Technologie<\/p>\n\n\n\n<p class=\"gb-headline gb-headline-1f57c99a gb-headline-text\">Wir verwenden modernste Extrusionsanlagen, die Pr\u00e4zision und Konsistenz bei der Herstellung unserer Schl\u00e4uche gew\u00e4hrleisten.<\/p>\n\n<\/div>\n\n<div class=\"gb-container gb-container-cdf0cfaa\">\n\n<p class=\"gb-headline gb-headline-95217341 gb-headline-text\"><strong>Umfassende Qualit\u00e4tskontrolle<\/strong><\/p>\n\n\n\n<p class=\"gb-headline gb-headline-4bb94a07 gb-headline-text\">Wir implementieren Qualit\u00e4tsprotokolle in jeder Phase, von der Auswahl der Rohstoffe bis zum Endprodukt, einschlie\u00dflich physikalischer, chemischer und mikrobiologischer Tests.<\/p>\n\n<\/div>\n\n<div class=\"gb-container gb-container-aa36fc2e\">\n\n<p class=\"gb-headline gb-headline-59bb154b gb-headline-text\"><strong>Vollst\u00e4ndige R\u00fcckverfolgbarkeit<\/strong><\/p>\n\n\n\n<p class=\"gb-headline gb-headline-cafb344f gb-headline-text\">Jede Produktionscharge ist r\u00fcckverfolgbar, was Transparenz und Vertrauen in unsere Prozesse gew\u00e4hrleistet.<\/p>\n\n<\/div>\n\n<div class=\"gb-container gb-container-2d2e54d4\">\n\n<p class=\"gb-headline gb-headline-c064125d gb-headline-text\"><strong>Qualit\u00e4tszertifizierung<\/strong><\/p>\n\n\n\n<p class=\"gb-headline gb-headline-220c0c01 gb-headline-text\">Unsere Produktionsst\u00e4tte verf\u00fcgt \u00fcber Zertifizierungen wie <strong>ISO 9001<\/strong> und <strong>ISO 14001<\/strong>, die unser Engagement f\u00fcr Exzellenz widerspiegeln.<\/p>\n\n<\/div>\n<\/div>\n<\/div>","protected":false},"excerpt":{"rendered":"<p>Silikonschl\u00e4uche Unsere Silikonschl\u00e4uche zeichnen sich durch ihre hohe Flexibilit\u00e4t und Best\u00e4ndigkeit gegen extreme Temperaturen, sowohl hohe als auch niedrige, aus. Sie sind ideal f\u00fcr den sicheren Transport von Fl\u00fcssigkeiten und Gasen in verschiedenen Industrien, einschlie\u00dflich der Lebensmittel-, Pharma-, Medizin-, Automobil- und Luft- und Raumfahrtindustrie. Eigenschaften und Vorteile Die Schl\u00e4uche k\u00f6nnen in einer Vielzahl von Durchmessern, &#8230; <a title=\"Silikonschl\u00e4uche\" class=\"read-more\" href=\"https:\/\/www.silam.com\/de\/silikonschlaeuche\/\" aria-label=\"Mehr Informationen \u00fcber Silikonschl\u00e4uche\">Weiterlesen &#8230;<\/a><\/p>\n","protected":false},"author":1,"featured_media":0,"parent":0,"menu_order":0,"comment_status":"closed","ping_status":"closed","template":"","meta":{"inline_featured_image":false,"footnotes":""},"class_list":{"0":"post-2581","1":"page","2":"type-page","3":"status-publish","5":"no-featured-image-padding"},"yoast_head":"<!-- This site is optimized with the Yoast SEO plugin v27.1.1 - https:\/\/yoast.com\/product\/yoast-seo-wordpress\/ -->\n<title>Silikonschl\u00e4uche - Silam | Fabricante de siliconas<\/title>\n<meta name=\"robots\" content=\"index, follow, max-snippet:-1, max-image-preview:large, max-video-preview:-1\" \/>\n<link rel=\"canonical\" href=\"https:\/\/www.silam.com\/de\/silikonschlaeuche\/\" \/>\n<meta property=\"og:locale\" content=\"de_DE\" \/>\n<meta property=\"og:type\" content=\"article\" \/>\n<meta property=\"og:title\" content=\"Silikonschl\u00e4uche - Silam | Fabricante de siliconas\" \/>\n<meta property=\"og:description\" content=\"Silikonschl\u00e4uche Unsere Silikonschl\u00e4uche zeichnen sich durch ihre hohe Flexibilit\u00e4t und Best\u00e4ndigkeit gegen extreme Temperaturen, sowohl hohe als auch niedrige, aus. Sie sind ideal f\u00fcr den sicheren Transport von Fl\u00fcssigkeiten und Gasen in verschiedenen Industrien, einschlie\u00dflich der Lebensmittel-, Pharma-, Medizin-, Automobil- und Luft- und Raumfahrtindustrie. Eigenschaften und Vorteile Die Schl\u00e4uche k\u00f6nnen in einer Vielzahl von Durchmessern, ... Weiterlesen ...\" \/>\n<meta property=\"og:url\" content=\"https:\/\/www.silam.com\/de\/silikonschlaeuche\/\" \/>\n<meta property=\"og:site_name\" content=\"Silam | Fabricante de siliconas\" \/>\n<meta property=\"article:modified_time\" content=\"2025-09-11T16:24:23+00:00\" \/>\n<meta property=\"og:image\" content=\"https:\/\/www.silam.com\/wp-content\/uploads\/2024\/09\/mezcla-de-silicona_8.jpg\" \/>\n\t<meta property=\"og:image:width\" content=\"1900\" \/>\n\t<meta property=\"og:image:height\" content=\"1267\" \/>\n\t<meta property=\"og:image:type\" content=\"image\/jpeg\" \/>\n<meta name=\"twitter:card\" content=\"summary_large_image\" \/>\n<meta name=\"twitter:label1\" content=\"Gesch\u00e4tzte Lesezeit\" \/>\n\t<meta name=\"twitter:data1\" content=\"2\u00a0Minuten\" \/>\n<script type=\"application\/ld+json\" class=\"yoast-schema-graph\">{\"@context\":\"https:\/\/schema.org\",\"@graph\":[{\"@type\":\"WebPage\",\"@id\":\"https:\/\/www.silam.com\/de\/silikonschlaeuche\/\",\"url\":\"https:\/\/www.silam.com\/de\/silikonschlaeuche\/\",\"name\":\"Silikonschl\u00e4uche - Silam | Fabricante de siliconas\",\"isPartOf\":{\"@id\":\"https:\/\/www.silam.com\/de\/#website\"},\"datePublished\":\"2024-08-14T10:53:58+00:00\",\"dateModified\":\"2025-09-11T16:24:23+00:00\",\"breadcrumb\":{\"@id\":\"https:\/\/www.silam.com\/de\/silikonschlaeuche\/#breadcrumb\"},\"inLanguage\":\"de\",\"potentialAction\":[{\"@type\":\"ReadAction\",\"target\":[\"https:\/\/www.silam.com\/de\/silikonschlaeuche\/\"]}]},{\"@type\":\"BreadcrumbList\",\"@id\":\"https:\/\/www.silam.com\/de\/silikonschlaeuche\/#breadcrumb\",\"itemListElement\":[{\"@type\":\"ListItem\",\"position\":1,\"name\":\"Portada\",\"item\":\"https:\/\/www.silam.com\/de\/\"},{\"@type\":\"ListItem\",\"position\":2,\"name\":\"Silikonschl\u00e4uche\"}]},{\"@type\":\"WebSite\",\"@id\":\"https:\/\/www.silam.com\/de\/#website\",\"url\":\"https:\/\/www.silam.com\/de\/\",\"name\":\"Silam | Fabricante de siliconas\",\"description\":\"Silam es una empresa dedicada a la transformaci\u00f3n de elast\u00f3meros de silicona:  mezclas de silicona y componentes t\u00e9cnicos\",\"publisher\":{\"@id\":\"https:\/\/www.silam.com\/de\/#organization\"},\"potentialAction\":[{\"@type\":\"SearchAction\",\"target\":{\"@type\":\"EntryPoint\",\"urlTemplate\":\"https:\/\/www.silam.com\/de\/?s={search_term_string}\"},\"query-input\":{\"@type\":\"PropertyValueSpecification\",\"valueRequired\":true,\"valueName\":\"search_term_string\"}}],\"inLanguage\":\"de\"},{\"@type\":\"Organization\",\"@id\":\"https:\/\/www.silam.com\/de\/#organization\",\"name\":\"Silam | Fabricante de siliconas\",\"url\":\"https:\/\/www.silam.com\/de\/\",\"logo\":{\"@type\":\"ImageObject\",\"inLanguage\":\"de\",\"@id\":\"https:\/\/www.silam.com\/de\/#\/schema\/logo\/image\/\",\"url\":\"https:\/\/www.silam.com\/wp-content\/uploads\/2024\/08\/logo-silam.png\",\"contentUrl\":\"https:\/\/www.silam.com\/wp-content\/uploads\/2024\/08\/logo-silam.png\",\"width\":221,\"height\":93,\"caption\":\"Silam | Fabricante de siliconas\"},\"image\":{\"@id\":\"https:\/\/www.silam.com\/de\/#\/schema\/logo\/image\/\"},\"sameAs\":[\"https:\/\/es.linkedin.com\/company\/siliconas-silam-s-a-\"]}]}<\/script>\n<!-- \/ Yoast SEO plugin. -->","yoast_head_json":{"title":"Silikonschl\u00e4uche - Silam | Fabricante de siliconas","robots":{"index":"index","follow":"follow","max-snippet":"max-snippet:-1","max-image-preview":"max-image-preview:large","max-video-preview":"max-video-preview:-1"},"canonical":"https:\/\/www.silam.com\/de\/silikonschlaeuche\/","og_locale":"de_DE","og_type":"article","og_title":"Silikonschl\u00e4uche - Silam | Fabricante de siliconas","og_description":"Silikonschl\u00e4uche Unsere Silikonschl\u00e4uche zeichnen sich durch ihre hohe Flexibilit\u00e4t und Best\u00e4ndigkeit gegen extreme Temperaturen, sowohl hohe als auch niedrige, aus. Sie sind ideal f\u00fcr den sicheren Transport von Fl\u00fcssigkeiten und Gasen in verschiedenen Industrien, einschlie\u00dflich der Lebensmittel-, Pharma-, Medizin-, Automobil- und Luft- und Raumfahrtindustrie. Eigenschaften und Vorteile Die Schl\u00e4uche k\u00f6nnen in einer Vielzahl von Durchmessern, ... Weiterlesen ...","og_url":"https:\/\/www.silam.com\/de\/silikonschlaeuche\/","og_site_name":"Silam | Fabricante de siliconas","article_modified_time":"2025-09-11T16:24:23+00:00","og_image":[{"width":1900,"height":1267,"url":"https:\/\/www.silam.com\/wp-content\/uploads\/2024\/09\/mezcla-de-silicona_8.jpg","type":"image\/jpeg"}],"twitter_card":"summary_large_image","twitter_misc":{"Gesch\u00e4tzte Lesezeit":"2\u00a0Minuten"},"schema":{"@context":"https:\/\/schema.org","@graph":[{"@type":"WebPage","@id":"https:\/\/www.silam.com\/de\/silikonschlaeuche\/","url":"https:\/\/www.silam.com\/de\/silikonschlaeuche\/","name":"Silikonschl\u00e4uche - Silam | Fabricante de siliconas","isPartOf":{"@id":"https:\/\/www.silam.com\/de\/#website"},"datePublished":"2024-08-14T10:53:58+00:00","dateModified":"2025-09-11T16:24:23+00:00","breadcrumb":{"@id":"https:\/\/www.silam.com\/de\/silikonschlaeuche\/#breadcrumb"},"inLanguage":"de","potentialAction":[{"@type":"ReadAction","target":["https:\/\/www.silam.com\/de\/silikonschlaeuche\/"]}]},{"@type":"BreadcrumbList","@id":"https:\/\/www.silam.com\/de\/silikonschlaeuche\/#breadcrumb","itemListElement":[{"@type":"ListItem","position":1,"name":"Portada","item":"https:\/\/www.silam.com\/de\/"},{"@type":"ListItem","position":2,"name":"Silikonschl\u00e4uche"}]},{"@type":"WebSite","@id":"https:\/\/www.silam.com\/de\/#website","url":"https:\/\/www.silam.com\/de\/","name":"Silam | Fabricante de siliconas","description":"Silam es una empresa dedicada a la transformaci\u00f3n de elast\u00f3meros de silicona:  mezclas de silicona y componentes t\u00e9cnicos","publisher":{"@id":"https:\/\/www.silam.com\/de\/#organization"},"potentialAction":[{"@type":"SearchAction","target":{"@type":"EntryPoint","urlTemplate":"https:\/\/www.silam.com\/de\/?s={search_term_string}"},"query-input":{"@type":"PropertyValueSpecification","valueRequired":true,"valueName":"search_term_string"}}],"inLanguage":"de"},{"@type":"Organization","@id":"https:\/\/www.silam.com\/de\/#organization","name":"Silam | Fabricante de siliconas","url":"https:\/\/www.silam.com\/de\/","logo":{"@type":"ImageObject","inLanguage":"de","@id":"https:\/\/www.silam.com\/de\/#\/schema\/logo\/image\/","url":"https:\/\/www.silam.com\/wp-content\/uploads\/2024\/08\/logo-silam.png","contentUrl":"https:\/\/www.silam.com\/wp-content\/uploads\/2024\/08\/logo-silam.png","width":221,"height":93,"caption":"Silam | Fabricante de siliconas"},"image":{"@id":"https:\/\/www.silam.com\/de\/#\/schema\/logo\/image\/"},"sameAs":["https:\/\/es.linkedin.com\/company\/siliconas-silam-s-a-"]}]}},"_links":{"self":[{"href":"https:\/\/www.silam.com\/de\/wp-json\/wp\/v2\/pages\/2581","targetHints":{"allow":["GET"]}}],"collection":[{"href":"https:\/\/www.silam.com\/de\/wp-json\/wp\/v2\/pages"}],"about":[{"href":"https:\/\/www.silam.com\/de\/wp-json\/wp\/v2\/types\/page"}],"author":[{"embeddable":true,"href":"https:\/\/www.silam.com\/de\/wp-json\/wp\/v2\/users\/1"}],"replies":[{"embeddable":true,"href":"https:\/\/www.silam.com\/de\/wp-json\/wp\/v2\/comments?post=2581"}],"version-history":[{"count":0,"href":"https:\/\/www.silam.com\/de\/wp-json\/wp\/v2\/pages\/2581\/revisions"}],"wp:attachment":[{"href":"https:\/\/www.silam.com\/de\/wp-json\/wp\/v2\/media?parent=2581"}],"curies":[{"name":"wp","href":"https:\/\/api.w.org\/{rel}","templated":true}]}}