{"id":2579,"date":"2024-08-14T12:54:34","date_gmt":"2024-08-14T10:54:34","guid":{"rendered":"https:\/\/wordpress-958700-4787158.cloudwaysapps.com\/silikonprofile\/"},"modified":"2025-09-11T18:24:18","modified_gmt":"2025-09-11T16:24:18","slug":"silikonprofile","status":"publish","type":"page","link":"https:\/\/www.silam.com\/de\/silikonprofile\/","title":{"rendered":"Silikonprofile"},"content":{"rendered":"<div class=\"gb-container gb-container-63cfc150\">\n<div class=\"gb-container gb-container-01c1494a\">\n\n<h1 class=\"gb-headline gb-headline-8f140a63 gb-headline-text\">Silikonprofile<\/h1>\n\n\n\n<p class=\"gb-headline gb-headline-d8149c51 gb-headline-text\">Wir bieten Silikonprofile f\u00fcr Anwendungen an, die von LED-Beleuchtungssystemen bis hin zu W\u00e4rme- und Schalld\u00e4mmung reichen. Dank der einzigartigen Eigenschaften von Silikon sind unsere Profile langlebig und bieten eine \u00fcberlegene Leistung unter extremen Bedingungen. Wir k\u00f6nnen komplexe und kundenspezifische Formen extrudieren, einschlie\u00dflich Hohl- und Volldesign, um alle Anwendungsanforderungen zu erf\u00fcllen.<\/p>\n\n<\/div>\n<\/div><div class=\"gb-container gb-container-729853f9\">\n<div class=\"gb-container gb-container-11c6b2d3\">\n\n<h2 class=\"gb-headline gb-headline-3bfa2e66 gb-headline-text\">Eigenschaften und <mark class=\"gb-highlight\">Vorteile<\/mark><\/h2>\n\n\n<div class=\"gb-grid-wrapper gb-grid-wrapper-96c65d5e\">\n<div class=\"gb-grid-column gb-grid-column-d550f522\"><div class=\"gb-container gb-container-d550f522\">\n\n<h3 class=\"gb-headline gb-headline-4a2e0d84 gb-headline-text\"><mark class=\"gb-highlight\">Best\u00e4ndigkeit<\/mark> gegen extreme Temperaturen<\/h3>\n\n\n\n<p class=\"gb-headline gb-headline-c3183df5 gb-headline-text\">Unsere Silikonprofile behalten ihre mechanischen und physikalischen Eigenschaften in einem Temperaturbereich von -60 \u00b0C bis +250 \u00b0C, was sie ideal f\u00fcr Anwendungen macht, die intensive Hitze oder extreme K\u00e4lte beinhalten.<\/p>\n\n<\/div><\/div>\n\n<div class=\"gb-grid-column gb-grid-column-d67b248a\"><div class=\"gb-container gb-container-d67b248a\">\n\n<h3 class=\"gb-headline gb-headline-219ba881 gb-headline-text\"><mark class=\"gb-highlight\">Elastizit\u00e4t<\/mark> und Flexibilit\u00e4t<\/h3>\n\n\n\n<p class=\"gb-headline gb-headline-bda6f2a4 gb-headline-text\">Silikon bietet eine ausgezeichnete Elastizit\u00e4t, die es den Profilen erm\u00f6glicht, sich an unregelm\u00e4\u00dfige Oberfl\u00e4chen anzupassen und eine effektive Abdichtung aufrechtzuerhalten, selbst unter Bewegungs- oder Vibrationsbedingungen.<\/p>\n\n<\/div><\/div>\n\n<div class=\"gb-grid-column gb-grid-column-6aee012f\"><div class=\"gb-container gb-container-6aee012f\">\n\n<h3 class=\"gb-headline gb-headline-9652a31f gb-headline-text\"><mark class=\"gb-highlight\">Haltbarkeit<\/mark> und Langlebigkeit<\/h3>\n\n\n\n<p class=\"gb-headline gb-headline-4f55bdcc gb-headline-text\">Sie sind \u00e4u\u00dferst best\u00e4ndig gegen Alterung, UV-Strahlen, Ozon und Witterungseinfl\u00fcsse, was die Lebensdauer des Produkts verl\u00e4ngert und Wartungs- und Austauschkosten reduziert.<\/p>\n\n<\/div><\/div>\n\n<div class=\"gb-grid-column gb-grid-column-abb96423\"><div class=\"gb-container gb-container-abb96423\">\n\n<h3 class=\"gb-headline gb-headline-a65a7732 gb-headline-text\"><mark class=\"gb-highlight\">Chemische<\/mark> Best\u00e4ndigkeit<\/h3>\n\n\n\n<p class=\"gb-headline gb-headline-e1de8667 gb-headline-text\">Inert gegen\u00fcber einer breiten Palette von Chemikalien, \u00d6len, S\u00e4uren und L\u00f6sungsmitteln, wodurch eine zuverl\u00e4ssige Leistung in aggressiven Umgebungen gew\u00e4hrleistet wird.<\/p>\n\n<\/div><\/div>\n\n<div class=\"gb-grid-column gb-grid-column-3d91e746\"><div class=\"gb-container gb-container-3d91e746\">\n\n<h3 class=\"gb-headline gb-headline-159cf98e gb-headline-text\"><mark class=\"gb-highlight\">W\u00e4rme-<\/mark> und Schalld\u00e4mmung<\/h3>\n\n\n\n<p class=\"gb-headline gb-headline-738668e1 gb-headline-text\">Die isolierenden Eigenschaften von Silikon machen unsere Profile ideal f\u00fcr Anwendungen, die eine Reduzierung der W\u00e4rme- oder Schall\u00fcbertragung erfordern.<\/p>\n\n<\/div><\/div>\n\n<div class=\"gb-grid-column gb-grid-column-c26b8283\"><div class=\"gb-container gb-container-c26b8283\">\n\n<h3 class=\"gb-headline gb-headline-be536021 gb-headline-text\"><mark class=\"gb-highlight\">Flammhemmende<\/mark> Eigenschaften<\/h3>\n\n\n\n<p class=\"gb-headline gb-headline-21aae7b8 gb-headline-text\">Wir bieten Profile mit Flammschutzmitteln an, die internationalen Brandschutzstandards entsprechen, die in Anwendungen, in denen Sicherheit von gr\u00f6\u00dfter Bedeutung ist, unerl\u00e4sslich sind.<\/p>\n\n<\/div><\/div>\n<\/div>\n<\/div>\n<\/div><div class=\"gb-container gb-container-54d1cfff\">\n<div class=\"gb-container gb-container-56baa4f7\">\n<div class=\"gb-grid-wrapper gb-grid-wrapper-8fd58eb4\">\n<div class=\"gb-grid-column gb-grid-column-4a50b10e\"><div class=\"gb-container gb-container-4a50b10e\">\n\n<h3 class=\"gb-headline gb-headline-c9c44c4f gb-headline-text\"><mark class=\"gb-highlight\">Innovation<\/mark> und Nachhaltigkeit<\/h3>\n\n\n\n<p class=\"gb-headline gb-headline-0d3c9e68 gb-headline-text\">Wir sind bestrebt, die Leistung und Nachhaltigkeit unserer Silikonprofile durch st\u00e4ndige Innovation und Investitionen in Forschung und Entwicklung zu verbessern. Wir wenden nachhaltige Praktiken an, die die Verschwendung reduzieren und das Recycling f\u00f6rdern. Wir engagieren uns f\u00fcr soziale Verantwortung und gew\u00e4hrleisten die Sicherheit und das Wohlergehen unserer Mitarbeiter, Kunden und der Gemeinschaft, indem wir alle Arbeits- und Umweltvorschriften einhalten.<br><br><br><\/p>\n\n<\/div><\/div>\n<\/div>\n<\/div>\n<\/div><div class=\"gb-container gb-container-8e9f863d\">\n<div class=\"gb-container gb-container-fe36e83d\">\n\n<h2 class=\"gb-headline gb-headline-366a4162 gb-headline-text\"><mark class=\"gb-highlight\">Vorteile<\/mark> unserer Silikonprofile<\/h2>\n\n\n<div class=\"gb-container gb-container-64fb34b2\">\n\n<p class=\"gb-headline gb-headline-c159c7a4 gb-headline-text\">Garantierte Qualit\u00e4t<\/p>\n\n\n\n<p class=\"gb-headline gb-headline-1f57c99a gb-headline-text\">Produkte, die unter strengen Qualit\u00e4tsstandards hergestellt werden und eine zuverl\u00e4ssige und konsistente Leistung gew\u00e4hrleisten.<\/p>\n\n<\/div>\n\n<div class=\"gb-container gb-container-cdf0cfaa\">\n\n<p class=\"gb-headline gb-headline-95217341 gb-headline-text\"><strong>Kundenspezifische L\u00f6sungen<\/strong><\/p>\n\n\n\n<p class=\"gb-headline gb-headline-4bb94a07 gb-headline-text\">F\u00e4higkeit, ma\u00dfgeschneiderte L\u00f6sungen anzubieten, die spezifische Anforderungen erf\u00fcllen und uns im Markt differenzieren.<\/p>\n\n<\/div>\n\n<div class=\"gb-container gb-container-aa36fc2e\">\n\n<p class=\"gb-headline gb-headline-59bb154b gb-headline-text\"><strong>Erfahrung und Wissen<\/strong><\/p>\n\n\n\n<p class=\"gb-headline gb-headline-cafb344f gb-headline-text\">Wir verf\u00fcgen \u00fcber ein Team von Fachleuten mit umfassender Erfahrung im Silikonsektor, das fachkundige Beratung und Unterst\u00fctzung bietet.<\/p>\n\n<\/div>\n\n<div class=\"gb-container gb-container-2d2e54d4\">\n\n<p class=\"gb-headline gb-headline-c064125d gb-headline-text\"><strong>Wettbewerbsf\u00e4higes Preis-Leistungs-Verh\u00e4ltnis<\/strong><\/p>\n\n\n\n<p class=\"gb-headline gb-headline-220c0c01 gb-headline-text\">Wir bieten qualitativ hochwertige Produkte zu wettbewerbsf\u00e4higen Preisen und optimieren so den Wert f\u00fcr unsere Kunden.<\/p>\n\n<\/div>\n\n<div class=\"gb-container gb-container-7c7ce558\">\n\n<p class=\"gb-headline gb-headline-4dd7b0a7 gb-headline-text\"><strong>Wettbewerbsf\u00e4higes Preis-Leistungs-Verh\u00e4ltnis<\/strong><\/p>\n\n\n\n<p class=\"gb-headline gb-headline-f981daaf gb-headline-text\">Wir konzentrieren uns auf den Aufbau starker Beziehungen zu unseren Kunden und bieten einen aufmerksamen und reaktionsschnellen Service.<\/p>\n\n<\/div>\n<\/div>\n<\/div>","protected":false},"excerpt":{"rendered":"<p>Silikonprofile Wir bieten Silikonprofile f\u00fcr Anwendungen an, die von LED-Beleuchtungssystemen bis hin zu W\u00e4rme- und Schalld\u00e4mmung reichen. Dank der einzigartigen Eigenschaften von Silikon sind unsere Profile langlebig und bieten eine \u00fcberlegene Leistung unter extremen Bedingungen. Wir k\u00f6nnen komplexe und kundenspezifische Formen extrudieren, einschlie\u00dflich Hohl- und Volldesign, um alle Anwendungsanforderungen zu erf\u00fcllen. Eigenschaften und Vorteile Vorteile &#8230; <a title=\"Silikonprofile\" class=\"read-more\" href=\"https:\/\/www.silam.com\/de\/silikonprofile\/\" aria-label=\"Mehr Informationen \u00fcber Silikonprofile\">Weiterlesen &#8230;<\/a><\/p>\n","protected":false},"author":1,"featured_media":0,"parent":0,"menu_order":0,"comment_status":"closed","ping_status":"closed","template":"","meta":{"inline_featured_image":false,"footnotes":""},"class_list":{"0":"post-2579","1":"page","2":"type-page","3":"status-publish","5":"no-featured-image-padding"},"yoast_head":"<!-- This site is optimized with the Yoast SEO plugin v27.1.1 - https:\/\/yoast.com\/product\/yoast-seo-wordpress\/ -->\n<title>Silikonprofile - Silam | Fabricante de siliconas<\/title>\n<meta name=\"robots\" content=\"index, follow, max-snippet:-1, max-image-preview:large, max-video-preview:-1\" \/>\n<link rel=\"canonical\" href=\"https:\/\/www.silam.com\/de\/silikonprofile\/\" \/>\n<meta property=\"og:locale\" content=\"de_DE\" \/>\n<meta property=\"og:type\" content=\"article\" \/>\n<meta property=\"og:title\" content=\"Silikonprofile - Silam | Fabricante de siliconas\" \/>\n<meta property=\"og:description\" content=\"Silikonprofile Wir bieten Silikonprofile f\u00fcr Anwendungen an, die von LED-Beleuchtungssystemen bis hin zu W\u00e4rme- und Schalld\u00e4mmung reichen. Dank der einzigartigen Eigenschaften von Silikon sind unsere Profile langlebig und bieten eine \u00fcberlegene Leistung unter extremen Bedingungen. Wir k\u00f6nnen komplexe und kundenspezifische Formen extrudieren, einschlie\u00dflich Hohl- und Volldesign, um alle Anwendungsanforderungen zu erf\u00fcllen. Eigenschaften und Vorteile Vorteile ... Weiterlesen ...\" \/>\n<meta property=\"og:url\" content=\"https:\/\/www.silam.com\/de\/silikonprofile\/\" \/>\n<meta property=\"og:site_name\" content=\"Silam | Fabricante de siliconas\" \/>\n<meta property=\"article:modified_time\" content=\"2025-09-11T16:24:18+00:00\" \/>\n<meta property=\"og:image\" content=\"https:\/\/www.silam.com\/wp-content\/uploads\/2024\/09\/mezcla-de-silicona_8.jpg\" \/>\n\t<meta property=\"og:image:width\" content=\"1900\" \/>\n\t<meta property=\"og:image:height\" content=\"1267\" \/>\n\t<meta property=\"og:image:type\" content=\"image\/jpeg\" \/>\n<meta name=\"twitter:card\" content=\"summary_large_image\" \/>\n<meta name=\"twitter:label1\" content=\"Gesch\u00e4tzte Lesezeit\" \/>\n\t<meta name=\"twitter:data1\" content=\"2\u00a0Minuten\" \/>\n<script type=\"application\/ld+json\" class=\"yoast-schema-graph\">{\"@context\":\"https:\/\/schema.org\",\"@graph\":[{\"@type\":\"WebPage\",\"@id\":\"https:\/\/www.silam.com\/de\/silikonprofile\/\",\"url\":\"https:\/\/www.silam.com\/de\/silikonprofile\/\",\"name\":\"Silikonprofile - Silam | Fabricante de siliconas\",\"isPartOf\":{\"@id\":\"https:\/\/www.silam.com\/de\/#website\"},\"datePublished\":\"2024-08-14T10:54:34+00:00\",\"dateModified\":\"2025-09-11T16:24:18+00:00\",\"breadcrumb\":{\"@id\":\"https:\/\/www.silam.com\/de\/silikonprofile\/#breadcrumb\"},\"inLanguage\":\"de\",\"potentialAction\":[{\"@type\":\"ReadAction\",\"target\":[\"https:\/\/www.silam.com\/de\/silikonprofile\/\"]}]},{\"@type\":\"BreadcrumbList\",\"@id\":\"https:\/\/www.silam.com\/de\/silikonprofile\/#breadcrumb\",\"itemListElement\":[{\"@type\":\"ListItem\",\"position\":1,\"name\":\"Portada\",\"item\":\"https:\/\/www.silam.com\/de\/\"},{\"@type\":\"ListItem\",\"position\":2,\"name\":\"Silikonprofile\"}]},{\"@type\":\"WebSite\",\"@id\":\"https:\/\/www.silam.com\/de\/#website\",\"url\":\"https:\/\/www.silam.com\/de\/\",\"name\":\"Silam | Fabricante de siliconas\",\"description\":\"Silam es una empresa dedicada a la transformaci\u00f3n de elast\u00f3meros de silicona:  mezclas de silicona y componentes t\u00e9cnicos\",\"publisher\":{\"@id\":\"https:\/\/www.silam.com\/de\/#organization\"},\"potentialAction\":[{\"@type\":\"SearchAction\",\"target\":{\"@type\":\"EntryPoint\",\"urlTemplate\":\"https:\/\/www.silam.com\/de\/?s={search_term_string}\"},\"query-input\":{\"@type\":\"PropertyValueSpecification\",\"valueRequired\":true,\"valueName\":\"search_term_string\"}}],\"inLanguage\":\"de\"},{\"@type\":\"Organization\",\"@id\":\"https:\/\/www.silam.com\/de\/#organization\",\"name\":\"Silam | Fabricante de siliconas\",\"url\":\"https:\/\/www.silam.com\/de\/\",\"logo\":{\"@type\":\"ImageObject\",\"inLanguage\":\"de\",\"@id\":\"https:\/\/www.silam.com\/de\/#\/schema\/logo\/image\/\",\"url\":\"https:\/\/www.silam.com\/wp-content\/uploads\/2024\/08\/logo-silam.png\",\"contentUrl\":\"https:\/\/www.silam.com\/wp-content\/uploads\/2024\/08\/logo-silam.png\",\"width\":221,\"height\":93,\"caption\":\"Silam | Fabricante de siliconas\"},\"image\":{\"@id\":\"https:\/\/www.silam.com\/de\/#\/schema\/logo\/image\/\"},\"sameAs\":[\"https:\/\/es.linkedin.com\/company\/siliconas-silam-s-a-\"]}]}<\/script>\n<!-- \/ Yoast SEO plugin. -->","yoast_head_json":{"title":"Silikonprofile - Silam | Fabricante de siliconas","robots":{"index":"index","follow":"follow","max-snippet":"max-snippet:-1","max-image-preview":"max-image-preview:large","max-video-preview":"max-video-preview:-1"},"canonical":"https:\/\/www.silam.com\/de\/silikonprofile\/","og_locale":"de_DE","og_type":"article","og_title":"Silikonprofile - Silam | Fabricante de siliconas","og_description":"Silikonprofile Wir bieten Silikonprofile f\u00fcr Anwendungen an, die von LED-Beleuchtungssystemen bis hin zu W\u00e4rme- und Schalld\u00e4mmung reichen. Dank der einzigartigen Eigenschaften von Silikon sind unsere Profile langlebig und bieten eine \u00fcberlegene Leistung unter extremen Bedingungen. Wir k\u00f6nnen komplexe und kundenspezifische Formen extrudieren, einschlie\u00dflich Hohl- und Volldesign, um alle Anwendungsanforderungen zu erf\u00fcllen. Eigenschaften und Vorteile Vorteile ... Weiterlesen ...","og_url":"https:\/\/www.silam.com\/de\/silikonprofile\/","og_site_name":"Silam | Fabricante de siliconas","article_modified_time":"2025-09-11T16:24:18+00:00","og_image":[{"width":1900,"height":1267,"url":"https:\/\/www.silam.com\/wp-content\/uploads\/2024\/09\/mezcla-de-silicona_8.jpg","type":"image\/jpeg"}],"twitter_card":"summary_large_image","twitter_misc":{"Gesch\u00e4tzte Lesezeit":"2\u00a0Minuten"},"schema":{"@context":"https:\/\/schema.org","@graph":[{"@type":"WebPage","@id":"https:\/\/www.silam.com\/de\/silikonprofile\/","url":"https:\/\/www.silam.com\/de\/silikonprofile\/","name":"Silikonprofile - Silam | Fabricante de siliconas","isPartOf":{"@id":"https:\/\/www.silam.com\/de\/#website"},"datePublished":"2024-08-14T10:54:34+00:00","dateModified":"2025-09-11T16:24:18+00:00","breadcrumb":{"@id":"https:\/\/www.silam.com\/de\/silikonprofile\/#breadcrumb"},"inLanguage":"de","potentialAction":[{"@type":"ReadAction","target":["https:\/\/www.silam.com\/de\/silikonprofile\/"]}]},{"@type":"BreadcrumbList","@id":"https:\/\/www.silam.com\/de\/silikonprofile\/#breadcrumb","itemListElement":[{"@type":"ListItem","position":1,"name":"Portada","item":"https:\/\/www.silam.com\/de\/"},{"@type":"ListItem","position":2,"name":"Silikonprofile"}]},{"@type":"WebSite","@id":"https:\/\/www.silam.com\/de\/#website","url":"https:\/\/www.silam.com\/de\/","name":"Silam | Fabricante de siliconas","description":"Silam es una empresa dedicada a la transformaci\u00f3n de elast\u00f3meros de silicona:  mezclas de silicona y componentes t\u00e9cnicos","publisher":{"@id":"https:\/\/www.silam.com\/de\/#organization"},"potentialAction":[{"@type":"SearchAction","target":{"@type":"EntryPoint","urlTemplate":"https:\/\/www.silam.com\/de\/?s={search_term_string}"},"query-input":{"@type":"PropertyValueSpecification","valueRequired":true,"valueName":"search_term_string"}}],"inLanguage":"de"},{"@type":"Organization","@id":"https:\/\/www.silam.com\/de\/#organization","name":"Silam | Fabricante de siliconas","url":"https:\/\/www.silam.com\/de\/","logo":{"@type":"ImageObject","inLanguage":"de","@id":"https:\/\/www.silam.com\/de\/#\/schema\/logo\/image\/","url":"https:\/\/www.silam.com\/wp-content\/uploads\/2024\/08\/logo-silam.png","contentUrl":"https:\/\/www.silam.com\/wp-content\/uploads\/2024\/08\/logo-silam.png","width":221,"height":93,"caption":"Silam | Fabricante de siliconas"},"image":{"@id":"https:\/\/www.silam.com\/de\/#\/schema\/logo\/image\/"},"sameAs":["https:\/\/es.linkedin.com\/company\/siliconas-silam-s-a-"]}]}},"_links":{"self":[{"href":"https:\/\/www.silam.com\/de\/wp-json\/wp\/v2\/pages\/2579","targetHints":{"allow":["GET"]}}],"collection":[{"href":"https:\/\/www.silam.com\/de\/wp-json\/wp\/v2\/pages"}],"about":[{"href":"https:\/\/www.silam.com\/de\/wp-json\/wp\/v2\/types\/page"}],"author":[{"embeddable":true,"href":"https:\/\/www.silam.com\/de\/wp-json\/wp\/v2\/users\/1"}],"replies":[{"embeddable":true,"href":"https:\/\/www.silam.com\/de\/wp-json\/wp\/v2\/comments?post=2579"}],"version-history":[{"count":0,"href":"https:\/\/www.silam.com\/de\/wp-json\/wp\/v2\/pages\/2579\/revisions"}],"wp:attachment":[{"href":"https:\/\/www.silam.com\/de\/wp-json\/wp\/v2\/media?parent=2579"}],"curies":[{"name":"wp","href":"https:\/\/api.w.org\/{rel}","templated":true}]}}