{"id":2577,"date":"2024-08-14T12:54:57","date_gmt":"2024-08-14T10:54:57","guid":{"rendered":"https:\/\/wordpress-958700-4787158.cloudwaysapps.com\/silikonkabel\/"},"modified":"2025-09-11T18:24:17","modified_gmt":"2025-09-11T16:24:17","slug":"silikonkabel","status":"publish","type":"page","link":"https:\/\/www.silam.com\/de\/silikonkabel\/","title":{"rendered":"Silikonkabel"},"content":{"rendered":"<div class=\"gb-container gb-container-63cfc150\">\n<div class=\"gb-container gb-container-01c1494a\">\n\n<h1 class=\"gb-headline gb-headline-8f140a63 gb-headline-text\">Silikonkabel<\/h1>\n\n\n\n<p class=\"gb-headline gb-headline-d8149c51 gb-headline-text\">Unsere <strong>Silikonkabel<\/strong> kombinieren <strong>Flexibilit\u00e4t<\/strong> und <strong>thermische Best\u00e4ndigkeit<\/strong> und sind ideal f\u00fcr elektrische Anlagen, die in <strong>anspruchsvollen Umgebungen<\/strong> betrieben werden. Sie werden h\u00e4ufig in der <strong>Elektro-, Elektronik-, Automobil- und Haushaltsger\u00e4teindustrie<\/strong> eingesetzt, wo eine Verkabelung erforderlich ist, die <strong>hohen Temperaturen<\/strong> und widrigen Bedingungen standh\u00e4lt, ohne ihre Leistung zu beeintr\u00e4chtigen.<\/p>\n\n<\/div>\n<\/div><div class=\"gb-container gb-container-729853f9\">\n<div class=\"gb-container gb-container-11c6b2d3\">\n\n<h2 class=\"gb-headline gb-headline-3bfa2e66 gb-headline-text\">Eigenschaften und <mark class=\"gb-highlight\">Vorteile<\/mark><\/h2>\n\n\n<div class=\"gb-grid-wrapper gb-grid-wrapper-96c65d5e\">\n<div class=\"gb-grid-column gb-grid-column-d550f522\"><div class=\"gb-container gb-container-d550f522\">\n\n<h3 class=\"gb-headline gb-headline-4a2e0d84 gb-headline-text\"><mark class=\"gb-highlight\">Thermische<\/mark> Best\u00e4ndigkeit<\/h3>\n\n\n\n<p class=\"gb-headline gb-headline-c3183df5 gb-headline-text\">Silikonkabel k\u00f6nnen effizient in einem Temperaturbereich von <strong>-60 \u00b0C bis +200 \u00b0C<\/strong> betrieben werden und behalten ihre elektrischen und mechanischen Eigenschaften ohne Beeintr\u00e4chtigung.<\/p>\n\n<\/div><\/div>\n\n<div class=\"gb-grid-column gb-grid-column-d67b248a\"><div class=\"gb-container gb-container-d67b248a\">\n\n<h3 class=\"gb-headline gb-headline-219ba881 gb-headline-text\"><mark class=\"gb-highlight\">Elastizit\u00e4t<\/mark> und Flexibilit\u00e4t<\/h3>\n\n\n\n<p class=\"gb-headline gb-headline-bda6f2a4 gb-headline-text\">Silikon bietet eine <strong>ausgezeichnete Flexibilit\u00e4t<\/strong>, selbst bei niedrigen Temperaturen, was die Installation in engen R\u00e4umen oder mit komplexen Geometrien erleichtert.<\/p>\n\n<\/div><\/div>\n\n<div class=\"gb-grid-column gb-grid-column-6aee012f\"><div class=\"gb-container gb-container-6aee012f\">\n\n<h3 class=\"gb-headline gb-headline-9652a31f gb-headline-text\"><mark class=\"gb-highlight\">\u00dcberlegene elektrische<\/mark> Isolierung<\/h3>\n\n\n\n<p class=\"gb-headline gb-headline-4f55bdcc gb-headline-text\">Sie bieten eine <strong>hohe Durchschlagsfestigkeit<\/strong>, minimieren elektrische Verluste und gew\u00e4hrleisten Betriebssicherheit.<\/p>\n\n<\/div><\/div>\n\n<div class=\"gb-grid-column gb-grid-column-abb96423\"><div class=\"gb-container gb-container-abb96423\">\n\n<h3 class=\"gb-headline gb-headline-a65a7732 gb-headline-text\"><mark class=\"gb-highlight\">Feuerbest\u00e4ndigkeit<\/mark><\/h3>\n\n\n\n<p class=\"gb-headline gb-headline-e1de8667 gb-headline-text\">Wir verf\u00fcgen \u00fcber Kabel mit <strong>flammhemmenden Eigenschaften<\/strong>, die internationalen Sicherheitsstandards f\u00fcr den Brandschutz entsprechen, die in kritischen Anwendungen unerl\u00e4sslich sind.<\/p>\n\n<\/div><\/div>\n\n<div class=\"gb-grid-column gb-grid-column-3d91e746\"><div class=\"gb-container gb-container-3d91e746\">\n\n<h3 class=\"gb-headline gb-headline-159cf98e gb-headline-text\"><mark class=\"gb-highlight\">Haltbarkeit<\/mark> und Langlebigkeit<\/h3>\n\n\n\n<p class=\"gb-headline gb-headline-738668e1 gb-headline-text\">Sie sind best\u00e4ndig gegen <strong>Witterungseinfl\u00fcsse<\/strong>, <strong>UV-Strahlen<\/strong>, <strong>Ozon<\/strong> und verschiedene Chemikalien, was eine lange Lebensdauer unter widrigen Bedingungen gew\u00e4hrleistet.<\/p>\n\n<\/div><\/div>\n\n<div class=\"gb-grid-column gb-grid-column-c26b8283\"><div class=\"gb-container gb-container-c26b8283\">\n\n<h3 class=\"gb-headline gb-headline-be536021 gb-headline-text\"><mark class=\"gb-highlight\">Geringe Emission<\/mark> von Rauch und giftigen Gasen<\/h3>\n\n\n\n<p class=\"gb-headline gb-headline-21aae7b8 gb-headline-text\">Im Brandfall produzieren unsere Kabel weniger Rauch und giftige Gase, was die Sicherheit in geschlossenen R\u00e4umen erh\u00f6ht.<\/p>\n\n<\/div><\/div>\n<\/div>\n<\/div>\n<\/div><div class=\"gb-container gb-container-54d1cfff\">\n<div class=\"gb-container gb-container-56baa4f7\">\n<div class=\"gb-grid-wrapper gb-grid-wrapper-8fd58eb4\">\n<div class=\"gb-grid-column gb-grid-column-4a50b10e\"><div class=\"gb-container gb-container-4a50b10e\">\n\n<h3 class=\"gb-headline gb-headline-c9c44c4f gb-headline-text\"><mark class=\"gb-highlight\">Innovation<\/mark> und Nachhaltigkeit<\/h3>\n\n\n\n<p class=\"gb-headline gb-headline-0d3c9e68 gb-headline-text\">Wir sind bestrebt, die Leistung und Nachhaltigkeit unserer Silikonkabel durch <strong>kontinuierliche Innovation<\/strong> und Investitionen in <strong>Forschung und Entwicklung<\/strong> zu verbessern. Wir wenden <strong>nachhaltige Praktiken<\/strong> an, die die Verschwendung reduzieren und das Recycling f\u00f6rdern. Wir engagieren uns f\u00fcr <strong>soziale Verantwortung<\/strong> und gew\u00e4hrleisten die Sicherheit und das Wohlergehen unserer Mitarbeiter, Kunden und der Gemeinschaft, indem wir alle Arbeits- und Umweltvorschriften einhalten.<br><br><\/p>\n\n<\/div><\/div>\n<\/div>\n<\/div>\n<\/div><div class=\"gb-container gb-container-8e9f863d\">\n<div class=\"gb-container gb-container-fe36e83d\">\n\n<h2 class=\"gb-headline gb-headline-366a4162 gb-headline-text\"><mark class=\"gb-highlight\">Herstellungsprozesse<\/mark> und Qualit\u00e4t<\/h2>\n\n\n<div class=\"gb-container gb-container-64fb34b2\">\n\n<p class=\"gb-headline gb-headline-c159c7a4 gb-headline-text\">Fortschrittliche Technologie f\u00fcr Extrusion und Vulkanisation<\/p>\n\n\n\n<p class=\"gb-headline gb-headline-1f57c99a gb-headline-text\">Wir verwenden modernste Maschinen f\u00fcr die Extrusion und Vulkanisation von Silikon, um die Qualit\u00e4t der Isolierung zu gew\u00e4hrleisten.<\/p>\n\n<\/div>\n\n<div class=\"gb-container gb-container-cdf0cfaa\">\n\n<p class=\"gb-headline gb-headline-95217341 gb-headline-text\"><strong>Strenge Qualit\u00e4tskontrolle<\/strong><\/p>\n\n\n\n<p class=\"gb-headline gb-headline-4bb94a07 gb-headline-text\">Wir f\u00fchren elektrische, mechanische und Feuerbest\u00e4ndigkeitstests durch, um sicherzustellen, dass die Kabel die h\u00f6chsten Anforderungen erf\u00fcllen.<\/p>\n\n<\/div>\n\n<div class=\"gb-container gb-container-aa36fc2e\">\n\n<p class=\"gb-headline gb-headline-59bb154b gb-headline-text\"><strong>Vollst\u00e4ndige R\u00fcckverfolgbarkeit<\/strong><\/p>\n\n\n\n<p class=\"gb-headline gb-headline-cafb344f gb-headline-text\">Jede Produktionscharge ist r\u00fcckverfolgbar, was Transparenz und Verantwortlichkeit in der gesamten Lieferkette gew\u00e4hrleistet.<\/p>\n\n<\/div>\n\n<div class=\"gb-container gb-container-2d2e54d4\">\n\n<p class=\"gb-headline gb-headline-c064125d gb-headline-text\"><strong>Qualit\u00e4tszertifizierungen<\/strong><\/p>\n\n\n\n<p class=\"gb-headline gb-headline-220c0c01 gb-headline-text\">Unsere Produktionsst\u00e4tte ist nach Standards wie <strong>ISO 9001<\/strong> und <strong>ISO 14001<\/strong> zertifiziert, was unser Engagement f\u00fcr Qualit\u00e4t und Umwelt widerspiegelt.<\/p>\n\n<\/div>\n<\/div>\n<\/div>","protected":false},"excerpt":{"rendered":"<p>Silikonkabel Unsere Silikonkabel kombinieren Flexibilit\u00e4t und thermische Best\u00e4ndigkeit und sind ideal f\u00fcr elektrische Anlagen, die in anspruchsvollen Umgebungen betrieben werden. Sie werden h\u00e4ufig in der Elektro-, Elektronik-, Automobil- und Haushaltsger\u00e4teindustrie eingesetzt, wo eine Verkabelung erforderlich ist, die hohen Temperaturen und widrigen Bedingungen standh\u00e4lt, ohne ihre Leistung zu beeintr\u00e4chtigen. Eigenschaften und Vorteile Herstellungsprozesse und Qualit\u00e4t Fortschrittliche &#8230; <a title=\"Silikonkabel\" class=\"read-more\" href=\"https:\/\/www.silam.com\/de\/silikonkabel\/\" aria-label=\"Mehr Informationen \u00fcber Silikonkabel\">Weiterlesen &#8230;<\/a><\/p>\n","protected":false},"author":1,"featured_media":0,"parent":0,"menu_order":0,"comment_status":"closed","ping_status":"closed","template":"","meta":{"inline_featured_image":false,"footnotes":""},"class_list":{"0":"post-2577","1":"page","2":"type-page","3":"status-publish","5":"no-featured-image-padding"},"yoast_head":"<!-- This site is optimized with the Yoast SEO plugin v27.1.1 - https:\/\/yoast.com\/product\/yoast-seo-wordpress\/ -->\n<title>Silikonkabel - Silam | Fabricante de siliconas<\/title>\n<meta name=\"robots\" content=\"index, follow, max-snippet:-1, max-image-preview:large, max-video-preview:-1\" \/>\n<link rel=\"canonical\" href=\"https:\/\/www.silam.com\/de\/silikonkabel\/\" \/>\n<meta property=\"og:locale\" content=\"de_DE\" \/>\n<meta property=\"og:type\" content=\"article\" \/>\n<meta property=\"og:title\" content=\"Silikonkabel - Silam | Fabricante de siliconas\" \/>\n<meta property=\"og:description\" content=\"Silikonkabel Unsere Silikonkabel kombinieren Flexibilit\u00e4t und thermische Best\u00e4ndigkeit und sind ideal f\u00fcr elektrische Anlagen, die in anspruchsvollen Umgebungen betrieben werden. Sie werden h\u00e4ufig in der Elektro-, Elektronik-, Automobil- und Haushaltsger\u00e4teindustrie eingesetzt, wo eine Verkabelung erforderlich ist, die hohen Temperaturen und widrigen Bedingungen standh\u00e4lt, ohne ihre Leistung zu beeintr\u00e4chtigen. Eigenschaften und Vorteile Herstellungsprozesse und Qualit\u00e4t Fortschrittliche ... Weiterlesen ...\" \/>\n<meta property=\"og:url\" content=\"https:\/\/www.silam.com\/de\/silikonkabel\/\" \/>\n<meta property=\"og:site_name\" content=\"Silam | Fabricante de siliconas\" \/>\n<meta property=\"article:modified_time\" content=\"2025-09-11T16:24:17+00:00\" \/>\n<meta property=\"og:image\" content=\"https:\/\/www.silam.com\/wp-content\/uploads\/2024\/09\/mezcla-de-silicona_8.jpg\" \/>\n\t<meta property=\"og:image:width\" content=\"1900\" \/>\n\t<meta property=\"og:image:height\" content=\"1267\" \/>\n\t<meta property=\"og:image:type\" content=\"image\/jpeg\" \/>\n<meta name=\"twitter:card\" content=\"summary_large_image\" \/>\n<meta name=\"twitter:label1\" content=\"Gesch\u00e4tzte Lesezeit\" \/>\n\t<meta name=\"twitter:data1\" content=\"2\u00a0Minuten\" \/>\n<script type=\"application\/ld+json\" class=\"yoast-schema-graph\">{\"@context\":\"https:\/\/schema.org\",\"@graph\":[{\"@type\":\"WebPage\",\"@id\":\"https:\/\/www.silam.com\/de\/silikonkabel\/\",\"url\":\"https:\/\/www.silam.com\/de\/silikonkabel\/\",\"name\":\"Silikonkabel - Silam | Fabricante de siliconas\",\"isPartOf\":{\"@id\":\"https:\/\/www.silam.com\/de\/#website\"},\"datePublished\":\"2024-08-14T10:54:57+00:00\",\"dateModified\":\"2025-09-11T16:24:17+00:00\",\"breadcrumb\":{\"@id\":\"https:\/\/www.silam.com\/de\/silikonkabel\/#breadcrumb\"},\"inLanguage\":\"de\",\"potentialAction\":[{\"@type\":\"ReadAction\",\"target\":[\"https:\/\/www.silam.com\/de\/silikonkabel\/\"]}]},{\"@type\":\"BreadcrumbList\",\"@id\":\"https:\/\/www.silam.com\/de\/silikonkabel\/#breadcrumb\",\"itemListElement\":[{\"@type\":\"ListItem\",\"position\":1,\"name\":\"Portada\",\"item\":\"https:\/\/www.silam.com\/de\/\"},{\"@type\":\"ListItem\",\"position\":2,\"name\":\"Silikonkabel\"}]},{\"@type\":\"WebSite\",\"@id\":\"https:\/\/www.silam.com\/de\/#website\",\"url\":\"https:\/\/www.silam.com\/de\/\",\"name\":\"Silam | Fabricante de siliconas\",\"description\":\"Silam es una empresa dedicada a la transformaci\u00f3n de elast\u00f3meros de silicona:  mezclas de silicona y componentes t\u00e9cnicos\",\"publisher\":{\"@id\":\"https:\/\/www.silam.com\/de\/#organization\"},\"potentialAction\":[{\"@type\":\"SearchAction\",\"target\":{\"@type\":\"EntryPoint\",\"urlTemplate\":\"https:\/\/www.silam.com\/de\/?s={search_term_string}\"},\"query-input\":{\"@type\":\"PropertyValueSpecification\",\"valueRequired\":true,\"valueName\":\"search_term_string\"}}],\"inLanguage\":\"de\"},{\"@type\":\"Organization\",\"@id\":\"https:\/\/www.silam.com\/de\/#organization\",\"name\":\"Silam | Fabricante de siliconas\",\"url\":\"https:\/\/www.silam.com\/de\/\",\"logo\":{\"@type\":\"ImageObject\",\"inLanguage\":\"de\",\"@id\":\"https:\/\/www.silam.com\/de\/#\/schema\/logo\/image\/\",\"url\":\"https:\/\/www.silam.com\/wp-content\/uploads\/2024\/08\/logo-silam.png\",\"contentUrl\":\"https:\/\/www.silam.com\/wp-content\/uploads\/2024\/08\/logo-silam.png\",\"width\":221,\"height\":93,\"caption\":\"Silam | Fabricante de siliconas\"},\"image\":{\"@id\":\"https:\/\/www.silam.com\/de\/#\/schema\/logo\/image\/\"},\"sameAs\":[\"https:\/\/es.linkedin.com\/company\/siliconas-silam-s-a-\"]}]}<\/script>\n<!-- \/ Yoast SEO plugin. -->","yoast_head_json":{"title":"Silikonkabel - Silam | Fabricante de siliconas","robots":{"index":"index","follow":"follow","max-snippet":"max-snippet:-1","max-image-preview":"max-image-preview:large","max-video-preview":"max-video-preview:-1"},"canonical":"https:\/\/www.silam.com\/de\/silikonkabel\/","og_locale":"de_DE","og_type":"article","og_title":"Silikonkabel - Silam | Fabricante de siliconas","og_description":"Silikonkabel Unsere Silikonkabel kombinieren Flexibilit\u00e4t und thermische Best\u00e4ndigkeit und sind ideal f\u00fcr elektrische Anlagen, die in anspruchsvollen Umgebungen betrieben werden. Sie werden h\u00e4ufig in der Elektro-, Elektronik-, Automobil- und Haushaltsger\u00e4teindustrie eingesetzt, wo eine Verkabelung erforderlich ist, die hohen Temperaturen und widrigen Bedingungen standh\u00e4lt, ohne ihre Leistung zu beeintr\u00e4chtigen. Eigenschaften und Vorteile Herstellungsprozesse und Qualit\u00e4t Fortschrittliche ... Weiterlesen ...","og_url":"https:\/\/www.silam.com\/de\/silikonkabel\/","og_site_name":"Silam | Fabricante de siliconas","article_modified_time":"2025-09-11T16:24:17+00:00","og_image":[{"width":1900,"height":1267,"url":"https:\/\/www.silam.com\/wp-content\/uploads\/2024\/09\/mezcla-de-silicona_8.jpg","type":"image\/jpeg"}],"twitter_card":"summary_large_image","twitter_misc":{"Gesch\u00e4tzte Lesezeit":"2\u00a0Minuten"},"schema":{"@context":"https:\/\/schema.org","@graph":[{"@type":"WebPage","@id":"https:\/\/www.silam.com\/de\/silikonkabel\/","url":"https:\/\/www.silam.com\/de\/silikonkabel\/","name":"Silikonkabel - Silam | Fabricante de siliconas","isPartOf":{"@id":"https:\/\/www.silam.com\/de\/#website"},"datePublished":"2024-08-14T10:54:57+00:00","dateModified":"2025-09-11T16:24:17+00:00","breadcrumb":{"@id":"https:\/\/www.silam.com\/de\/silikonkabel\/#breadcrumb"},"inLanguage":"de","potentialAction":[{"@type":"ReadAction","target":["https:\/\/www.silam.com\/de\/silikonkabel\/"]}]},{"@type":"BreadcrumbList","@id":"https:\/\/www.silam.com\/de\/silikonkabel\/#breadcrumb","itemListElement":[{"@type":"ListItem","position":1,"name":"Portada","item":"https:\/\/www.silam.com\/de\/"},{"@type":"ListItem","position":2,"name":"Silikonkabel"}]},{"@type":"WebSite","@id":"https:\/\/www.silam.com\/de\/#website","url":"https:\/\/www.silam.com\/de\/","name":"Silam | Fabricante de siliconas","description":"Silam es una empresa dedicada a la transformaci\u00f3n de elast\u00f3meros de silicona:  mezclas de silicona y componentes t\u00e9cnicos","publisher":{"@id":"https:\/\/www.silam.com\/de\/#organization"},"potentialAction":[{"@type":"SearchAction","target":{"@type":"EntryPoint","urlTemplate":"https:\/\/www.silam.com\/de\/?s={search_term_string}"},"query-input":{"@type":"PropertyValueSpecification","valueRequired":true,"valueName":"search_term_string"}}],"inLanguage":"de"},{"@type":"Organization","@id":"https:\/\/www.silam.com\/de\/#organization","name":"Silam | Fabricante de siliconas","url":"https:\/\/www.silam.com\/de\/","logo":{"@type":"ImageObject","inLanguage":"de","@id":"https:\/\/www.silam.com\/de\/#\/schema\/logo\/image\/","url":"https:\/\/www.silam.com\/wp-content\/uploads\/2024\/08\/logo-silam.png","contentUrl":"https:\/\/www.silam.com\/wp-content\/uploads\/2024\/08\/logo-silam.png","width":221,"height":93,"caption":"Silam | Fabricante de siliconas"},"image":{"@id":"https:\/\/www.silam.com\/de\/#\/schema\/logo\/image\/"},"sameAs":["https:\/\/es.linkedin.com\/company\/siliconas-silam-s-a-"]}]}},"_links":{"self":[{"href":"https:\/\/www.silam.com\/de\/wp-json\/wp\/v2\/pages\/2577","targetHints":{"allow":["GET"]}}],"collection":[{"href":"https:\/\/www.silam.com\/de\/wp-json\/wp\/v2\/pages"}],"about":[{"href":"https:\/\/www.silam.com\/de\/wp-json\/wp\/v2\/types\/page"}],"author":[{"embeddable":true,"href":"https:\/\/www.silam.com\/de\/wp-json\/wp\/v2\/users\/1"}],"replies":[{"embeddable":true,"href":"https:\/\/www.silam.com\/de\/wp-json\/wp\/v2\/comments?post=2577"}],"version-history":[{"count":0,"href":"https:\/\/www.silam.com\/de\/wp-json\/wp\/v2\/pages\/2577\/revisions"}],"wp:attachment":[{"href":"https:\/\/www.silam.com\/de\/wp-json\/wp\/v2\/media?parent=2577"}],"curies":[{"name":"wp","href":"https:\/\/api.w.org\/{rel}","templated":true}]}}