{"id":2501,"date":"2024-08-14T12:56:10","date_gmt":"2024-08-14T10:56:10","guid":{"rendered":"https:\/\/wordpress-958700-4787158.cloudwaysapps.com\/branchen\/"},"modified":"2025-09-11T17:55:51","modified_gmt":"2025-09-11T15:55:51","slug":"branchen","status":"publish","type":"page","link":"https:\/\/www.silam.com\/de\/branchen\/","title":{"rendered":"Branchen"},"content":{"rendered":"<div class=\"gb-container gb-container-144012da\">\n<div class=\"gb-container gb-container-4233b184\">\n\n<h1 class=\"gb-headline gb-headline-191a29f9 gb-headline-text\">Industriebranchen<\/h1>\n\n<\/div>\n<\/div><div class=\"gb-container gb-container-721117cc sectores\">\n<div class=\"gb-container gb-container-8a4e4dc2\">\n\n<h2 class=\"gb-headline gb-headline-7f0ecba8 gb-headline-text\">Wir liefern Silikon weltweit an alle Arten von Industriezweigen.<\/h2>\n\n\n\n<p class=\"gb-headline gb-headline-61dfe6d2 gb-headline-text\">Wir exportieren unsere Produkte weltweit mit einem hohen Ma\u00df an Flexibilit\u00e4t, um schnelle Antworten und effektive L\u00f6sungen zu bieten.<\/p>\n\n\n<div class=\"gb-grid-wrapper gb-grid-wrapper-2cce6a2b\">\n<div class=\"gb-grid-column gb-grid-column-8dff7f42\"><div class=\"gb-container gb-container-8dff7f42\"><a class=\"gb-container-link\" href=\"https:\/\/www.silam.com\/automocion\/\"><\/a>\n\n<h2 class=\"gb-headline gb-headline-cd126e26 gb-headline-text\">Automobil<\/h2>\n\n<\/div><\/div>\n\n<div class=\"gb-grid-column gb-grid-column-752d16cb\"><div class=\"gb-container gb-container-752d16cb\"><a class=\"gb-container-link\" href=\"https:\/\/www.silam.com\/aeronautica\/\"><\/a>\n\n<h2 class=\"gb-headline gb-headline-ac4c0378 gb-headline-text\">Luftfahrt<\/h2>\n\n<\/div><\/div>\n\n<div class=\"gb-grid-column gb-grid-column-a9fb82dc\"><div class=\"gb-container gb-container-a9fb82dc\"><a class=\"gb-container-link\" href=\"https:\/\/www.silam.com\/sector-ferroviario\/\"><\/a>\n\n<h2 class=\"gb-headline gb-headline-8e6468b1 gb-headline-text\">Bahnsektor<\/h2>\n\n<\/div><\/div>\n\n<div class=\"gb-grid-column gb-grid-column-b2723c94\"><div class=\"gb-container gb-container-b2723c94\"><a class=\"gb-container-link\" href=\"https:\/\/www.silam.com\/transmision-electrica\/\"><\/a>\n\n<h2 class=\"gb-headline gb-headline-6387aa7f gb-headline-text\">Elektrische Energie\u00fcbertragung<\/h2>\n\n<\/div><\/div>\n\n<div class=\"gb-grid-column gb-grid-column-f86d134c\"><div class=\"gb-container gb-container-f86d134c\"><a class=\"gb-container-link\" href=\"https:\/\/www.silam.com\/electrodomesticos\/\"><\/a>\n\n<h2 class=\"gb-headline gb-headline-383d2b6f gb-headline-text\">Haushaltsger\u00e4te<\/h2>\n\n<\/div><\/div>\n\n<div class=\"gb-grid-column gb-grid-column-68d53d57\"><div class=\"gb-container gb-container-68d53d57\"><a class=\"gb-container-link\" href=\"https:\/\/www.silam.com\/iluminacion\/\"><\/a>\n\n<h2 class=\"gb-headline gb-headline-bdcb0c54 gb-headline-text\">Beleuchtung<\/h2>\n\n<\/div><\/div>\n\n<div class=\"gb-grid-column gb-grid-column-0e2e7277\"><div class=\"gb-container gb-container-0e2e7277\"><a class=\"gb-container-link\" href=\"https:\/\/www.silam.com\/laboratorios-y-farmaceutica\/\"><\/a>\n\n<h2 class=\"gb-headline gb-headline-94def572 gb-headline-text\">Labore und Pharmazeutik<\/h2>\n\n<\/div><\/div>\n\n<div class=\"gb-grid-column gb-grid-column-788e3b3c\"><div class=\"gb-container gb-container-788e3b3c\"><a class=\"gb-container-link\" href=\"https:\/\/www.silam.com\/contacto-alimentario\/\"><\/a>\n\n<h2 class=\"gb-headline gb-headline-3f240dab gb-headline-text\">Kontakt mit Lebensmitteln<\/h2>\n\n<\/div><\/div>\n\n<div class=\"gb-grid-column gb-grid-column-139d4f97\"><div class=\"gb-container gb-container-139d4f97\"><a class=\"gb-container-link\" href=\"https:\/\/www.silam.com\/construccion\/\"><\/a>\n\n<h2 class=\"gb-headline gb-headline-26931712 gb-headline-text\">Konstruktion<\/h2>\n\n<\/div><\/div>\n\n<div class=\"gb-grid-column gb-grid-column-a1d4efd1\"><div class=\"gb-container gb-container-a1d4efd1\"><a class=\"gb-container-link\" href=\"https:\/\/www.silam.com\/agricultura\/\"><\/a>\n\n<h2 class=\"gb-headline gb-headline-ed6433d8 gb-headline-text\">LANDWIRTSCHAFT<\/h2>\n\n<\/div><\/div>\n<\/div>\n<\/div>\n<\/div>","protected":false},"excerpt":{"rendered":"<p>Industriebranchen<\/p>\n","protected":false},"author":1,"featured_media":0,"parent":0,"menu_order":0,"comment_status":"closed","ping_status":"closed","template":"","meta":{"inline_featured_image":false,"footnotes":""},"class_list":{"0":"post-2501","1":"page","2":"type-page","3":"status-publish","5":"no-featured-image-padding"},"yoast_head":"<!-- This site is optimized with the Yoast SEO plugin v27.1.1 - https:\/\/yoast.com\/product\/yoast-seo-wordpress\/ -->\n<title>Branchen - Silam | Fabricante de siliconas<\/title>\n<meta name=\"robots\" content=\"index, follow, max-snippet:-1, max-image-preview:large, max-video-preview:-1\" \/>\n<link rel=\"canonical\" href=\"https:\/\/www.silam.com\/de\/branchen\/\" \/>\n<meta property=\"og:locale\" content=\"de_DE\" \/>\n<meta property=\"og:type\" content=\"article\" \/>\n<meta property=\"og:title\" content=\"Branchen - Silam | Fabricante de siliconas\" \/>\n<meta property=\"og:description\" content=\"Industriebranchen\" \/>\n<meta property=\"og:url\" content=\"https:\/\/www.silam.com\/de\/branchen\/\" \/>\n<meta property=\"og:site_name\" content=\"Silam | Fabricante de siliconas\" \/>\n<meta property=\"article:modified_time\" content=\"2025-09-11T15:55:51+00:00\" \/>\n<meta property=\"og:image\" content=\"https:\/\/www.silam.com\/wp-content\/uploads\/2024\/09\/mezcla-de-silicona_8.jpg\" \/>\n\t<meta property=\"og:image:width\" content=\"1900\" \/>\n\t<meta property=\"og:image:height\" content=\"1267\" \/>\n\t<meta property=\"og:image:type\" content=\"image\/jpeg\" \/>\n<meta name=\"twitter:card\" content=\"summary_large_image\" \/>\n<script type=\"application\/ld+json\" class=\"yoast-schema-graph\">{\"@context\":\"https:\/\/schema.org\",\"@graph\":[{\"@type\":\"WebPage\",\"@id\":\"https:\/\/www.silam.com\/de\/branchen\/\",\"url\":\"https:\/\/www.silam.com\/de\/branchen\/\",\"name\":\"Branchen - Silam | Fabricante de siliconas\",\"isPartOf\":{\"@id\":\"https:\/\/www.silam.com\/de\/#website\"},\"datePublished\":\"2024-08-14T10:56:10+00:00\",\"dateModified\":\"2025-09-11T15:55:51+00:00\",\"breadcrumb\":{\"@id\":\"https:\/\/www.silam.com\/de\/branchen\/#breadcrumb\"},\"inLanguage\":\"de\",\"potentialAction\":[{\"@type\":\"ReadAction\",\"target\":[\"https:\/\/www.silam.com\/de\/branchen\/\"]}]},{\"@type\":\"BreadcrumbList\",\"@id\":\"https:\/\/www.silam.com\/de\/branchen\/#breadcrumb\",\"itemListElement\":[{\"@type\":\"ListItem\",\"position\":1,\"name\":\"Portada\",\"item\":\"https:\/\/www.silam.com\/de\/\"},{\"@type\":\"ListItem\",\"position\":2,\"name\":\"Branchen\"}]},{\"@type\":\"WebSite\",\"@id\":\"https:\/\/www.silam.com\/de\/#website\",\"url\":\"https:\/\/www.silam.com\/de\/\",\"name\":\"Silam | Fabricante de siliconas\",\"description\":\"Silam es una empresa dedicada a la transformaci\u00f3n de elast\u00f3meros de silicona:  mezclas de silicona y componentes t\u00e9cnicos\",\"publisher\":{\"@id\":\"https:\/\/www.silam.com\/de\/#organization\"},\"potentialAction\":[{\"@type\":\"SearchAction\",\"target\":{\"@type\":\"EntryPoint\",\"urlTemplate\":\"https:\/\/www.silam.com\/de\/?s={search_term_string}\"},\"query-input\":{\"@type\":\"PropertyValueSpecification\",\"valueRequired\":true,\"valueName\":\"search_term_string\"}}],\"inLanguage\":\"de\"},{\"@type\":\"Organization\",\"@id\":\"https:\/\/www.silam.com\/de\/#organization\",\"name\":\"Silam | Fabricante de siliconas\",\"url\":\"https:\/\/www.silam.com\/de\/\",\"logo\":{\"@type\":\"ImageObject\",\"inLanguage\":\"de\",\"@id\":\"https:\/\/www.silam.com\/de\/#\/schema\/logo\/image\/\",\"url\":\"https:\/\/www.silam.com\/wp-content\/uploads\/2024\/08\/logo-silam.png\",\"contentUrl\":\"https:\/\/www.silam.com\/wp-content\/uploads\/2024\/08\/logo-silam.png\",\"width\":221,\"height\":93,\"caption\":\"Silam | Fabricante de siliconas\"},\"image\":{\"@id\":\"https:\/\/www.silam.com\/de\/#\/schema\/logo\/image\/\"},\"sameAs\":[\"https:\/\/es.linkedin.com\/company\/siliconas-silam-s-a-\"]}]}<\/script>\n<!-- \/ Yoast SEO plugin. -->","yoast_head_json":{"title":"Branchen - Silam | Fabricante de siliconas","robots":{"index":"index","follow":"follow","max-snippet":"max-snippet:-1","max-image-preview":"max-image-preview:large","max-video-preview":"max-video-preview:-1"},"canonical":"https:\/\/www.silam.com\/de\/branchen\/","og_locale":"de_DE","og_type":"article","og_title":"Branchen - Silam | Fabricante de siliconas","og_description":"Industriebranchen","og_url":"https:\/\/www.silam.com\/de\/branchen\/","og_site_name":"Silam | Fabricante de siliconas","article_modified_time":"2025-09-11T15:55:51+00:00","og_image":[{"width":1900,"height":1267,"url":"https:\/\/www.silam.com\/wp-content\/uploads\/2024\/09\/mezcla-de-silicona_8.jpg","type":"image\/jpeg"}],"twitter_card":"summary_large_image","schema":{"@context":"https:\/\/schema.org","@graph":[{"@type":"WebPage","@id":"https:\/\/www.silam.com\/de\/branchen\/","url":"https:\/\/www.silam.com\/de\/branchen\/","name":"Branchen - Silam | Fabricante de siliconas","isPartOf":{"@id":"https:\/\/www.silam.com\/de\/#website"},"datePublished":"2024-08-14T10:56:10+00:00","dateModified":"2025-09-11T15:55:51+00:00","breadcrumb":{"@id":"https:\/\/www.silam.com\/de\/branchen\/#breadcrumb"},"inLanguage":"de","potentialAction":[{"@type":"ReadAction","target":["https:\/\/www.silam.com\/de\/branchen\/"]}]},{"@type":"BreadcrumbList","@id":"https:\/\/www.silam.com\/de\/branchen\/#breadcrumb","itemListElement":[{"@type":"ListItem","position":1,"name":"Portada","item":"https:\/\/www.silam.com\/de\/"},{"@type":"ListItem","position":2,"name":"Branchen"}]},{"@type":"WebSite","@id":"https:\/\/www.silam.com\/de\/#website","url":"https:\/\/www.silam.com\/de\/","name":"Silam | Fabricante de siliconas","description":"Silam es una empresa dedicada a la transformaci\u00f3n de elast\u00f3meros de silicona:  mezclas de silicona y componentes t\u00e9cnicos","publisher":{"@id":"https:\/\/www.silam.com\/de\/#organization"},"potentialAction":[{"@type":"SearchAction","target":{"@type":"EntryPoint","urlTemplate":"https:\/\/www.silam.com\/de\/?s={search_term_string}"},"query-input":{"@type":"PropertyValueSpecification","valueRequired":true,"valueName":"search_term_string"}}],"inLanguage":"de"},{"@type":"Organization","@id":"https:\/\/www.silam.com\/de\/#organization","name":"Silam | Fabricante de siliconas","url":"https:\/\/www.silam.com\/de\/","logo":{"@type":"ImageObject","inLanguage":"de","@id":"https:\/\/www.silam.com\/de\/#\/schema\/logo\/image\/","url":"https:\/\/www.silam.com\/wp-content\/uploads\/2024\/08\/logo-silam.png","contentUrl":"https:\/\/www.silam.com\/wp-content\/uploads\/2024\/08\/logo-silam.png","width":221,"height":93,"caption":"Silam | Fabricante de siliconas"},"image":{"@id":"https:\/\/www.silam.com\/de\/#\/schema\/logo\/image\/"},"sameAs":["https:\/\/es.linkedin.com\/company\/siliconas-silam-s-a-"]}]}},"_links":{"self":[{"href":"https:\/\/www.silam.com\/de\/wp-json\/wp\/v2\/pages\/2501","targetHints":{"allow":["GET"]}}],"collection":[{"href":"https:\/\/www.silam.com\/de\/wp-json\/wp\/v2\/pages"}],"about":[{"href":"https:\/\/www.silam.com\/de\/wp-json\/wp\/v2\/types\/page"}],"author":[{"embeddable":true,"href":"https:\/\/www.silam.com\/de\/wp-json\/wp\/v2\/users\/1"}],"replies":[{"embeddable":true,"href":"https:\/\/www.silam.com\/de\/wp-json\/wp\/v2\/comments?post=2501"}],"version-history":[{"count":0,"href":"https:\/\/www.silam.com\/de\/wp-json\/wp\/v2\/pages\/2501\/revisions"}],"wp:attachment":[{"href":"https:\/\/www.silam.com\/de\/wp-json\/wp\/v2\/media?parent=2501"}],"curies":[{"name":"wp","href":"https:\/\/api.w.org\/{rel}","templated":true}]}}