{"id":2496,"date":"2024-08-14T13:04:23","date_gmt":"2024-08-14T11:04:23","guid":{"rendered":"https:\/\/wordpress-958700-4787158.cloudwaysapps.com\/produkt\/"},"modified":"2025-09-11T17:55:42","modified_gmt":"2025-09-11T15:55:42","slug":"produkt","status":"publish","type":"page","link":"https:\/\/www.silam.com\/de\/produkt\/","title":{"rendered":"Produkt"},"content":{"rendered":"<div class=\"gb-container gb-container-729853f9\">\n<div class=\"gb-container gb-container-11c6b2d3\">\n\n<h2 class=\"gb-headline gb-headline-3bfa2e66 gb-headline-text\"><strong>Wir bieten <mark class=\"gb-highlight\">ma\u00dfgeschneiderte L\u00f6sungen<\/mark>, die auf die Bed\u00fcrfnisse unserer Kunden zugeschnitten sind.<\/strong><\/h2>\n\n\n\n<p class=\"gb-headline gb-headline-4725fe8d gb-headline-text\">Basen, Additive und Silikonmischungen, die gebrauchsfertig sind, sowie technische Produkte aus massivem Silikon und Moosgummi:<\/p>\n\n\n<div class=\"gb-grid-wrapper gb-grid-wrapper-f33d1057\">\n<div class=\"gb-grid-column gb-grid-column-bb610429\"><div class=\"gb-container gb-container-bb610429\">\n<div class=\"gb-container gb-container-e88af42e\">\n\n<figure class=\"gb-block-image gb-block-image-8c4cf92a\"><img decoding=\"async\" width=\"150\" height=\"150\" class=\"gb-image gb-image-8c4cf92a\" src=\"https:\/\/www.silam.com\/wp-content\/uploads\/2024\/08\/silam-mezclas-de-silicona-150x150.jpg\" alt=\"silam-mezclas-de-silicona\" title=\"silam-mezclas-de-silicona\" srcset=\"https:\/\/www.silam.com\/wp-content\/uploads\/2024\/08\/silam-mezclas-de-silicona-150x150.jpg 150w, https:\/\/www.silam.com\/wp-content\/uploads\/2024\/08\/silam-mezclas-de-silicona-300x300.jpg 300w, https:\/\/www.silam.com\/wp-content\/uploads\/2024\/08\/silam-mezclas-de-silicona.jpg 333w\" sizes=\"(max-width: 150px) 100vw, 150px\" \/><\/figure>\n\n<\/div>\n\n\n<h3 class=\"gb-headline gb-headline-778857ab gb-headline-text\">Grundstoffe, Mischungen und Zusatzstoffe<\/h3>\n\n\n\n<p class=\"gb-headline gb-headline-0080c5be gb-headline-text\">Wir entwickeln und fertigen gebrauchsfertige Silikonmischungen gem\u00e4\u00df den technischen Anforderungen der Anwendung und des Kunden, wie z. B.: H\u00e4rte, Dichte, Bruchlast, Dehnung, Rei\u00dffestigkeit, Feuerbest\u00e4ndigkeit, \u00d6lbest\u00e4ndigkeit usw.<\/p>\n\n\n<div class=\"gb-container gb-container-f54be31b\">\n\n<a class=\"gb-button gb-button-549d38bc\" href=\"https:\/\/www.silam.com\/mezclas-de-silicona\/\"><span class=\"gb-button-text\">Mezclas de silicona<\/span><span class=\"gb-icon\"><svg xml:space=\"preserve\" style=\"enable-background:new 0 0 512 512;\" viewBox=\"0 0 512 512\" y=\"0px\" x=\"0px\" xmlns:xlink=\"https:\/\/www.w3.org\/1999\/xlink\" xmlns=\"https:\/\/www.w3.org\/2000\/svg\" id=\"Capa_1\" version=\"1.1\"> <g> \t<path d=\"M436.2,239.6c-54-53.8-107.3-107-160.9-160.6c8.5-8.2,15.4-14.8,21.6-20.7c66.2,66.1,132.6,132.3,198.4,198 \t\tC430,321.6,363.8,387.7,297.8,453.7c-6-6.2-12.8-13.3-20.2-21C330.7,379.6,385,325.4,440.5,270c-141.8,0-282.4,0-423.8,0 \t\tc0-10.5,0-19.9,0-30.4C156.6,239.6,296.3,239.6,436.2,239.6z\"><\/path> <\/g> <\/svg><\/span><\/a>\n\n\n\n<a class=\"gb-button gb-button-eb3bad38\" href=\"https:\/\/www.silam.com\/bases-de-silicona\/\"><span class=\"gb-button-text\">Bases de silicona<\/span><span class=\"gb-icon\"><svg xml:space=\"preserve\" style=\"enable-background:new 0 0 512 512;\" viewBox=\"0 0 512 512\" y=\"0px\" x=\"0px\" xmlns:xlink=\"https:\/\/www.w3.org\/1999\/xlink\" xmlns=\"https:\/\/www.w3.org\/2000\/svg\" id=\"Capa_1\" version=\"1.1\"> <g> \t<path d=\"M436.2,239.6c-54-53.8-107.3-107-160.9-160.6c8.5-8.2,15.4-14.8,21.6-20.7c66.2,66.1,132.6,132.3,198.4,198 \t\tC430,321.6,363.8,387.7,297.8,453.7c-6-6.2-12.8-13.3-20.2-21C330.7,379.6,385,325.4,440.5,270c-141.8,0-282.4,0-423.8,0 \t\tc0-10.5,0-19.9,0-30.4C156.6,239.6,296.3,239.6,436.2,239.6z\"><\/path> <\/g> <\/svg><\/span><\/a>\n\n\n\n<a class=\"gb-button gb-button-8974264a\" href=\"https:\/\/www.silam.com\/aditivos-de-silicona\/\"><span class=\"gb-button-text\">Aditivos de silicona<\/span><span class=\"gb-icon\"><svg xml:space=\"preserve\" style=\"enable-background:new 0 0 512 512;\" viewBox=\"0 0 512 512\" y=\"0px\" x=\"0px\" xmlns:xlink=\"https:\/\/www.w3.org\/1999\/xlink\" xmlns=\"https:\/\/www.w3.org\/2000\/svg\" id=\"Capa_1\" version=\"1.1\"> <g> \t<path d=\"M436.2,239.6c-54-53.8-107.3-107-160.9-160.6c8.5-8.2,15.4-14.8,21.6-20.7c66.2,66.1,132.6,132.3,198.4,198 \t\tC430,321.6,363.8,387.7,297.8,453.7c-6-6.2-12.8-13.3-20.2-21C330.7,379.6,385,325.4,440.5,270c-141.8,0-282.4,0-423.8,0 \t\tc0-10.5,0-19.9,0-30.4C156.6,239.6,296.3,239.6,436.2,239.6z\"><\/path> <\/g> <\/svg><\/span><\/a>\n\n<\/div>\n<\/div><\/div>\n\n<div class=\"gb-grid-column gb-grid-column-005d7ae5\"><div class=\"gb-container gb-container-005d7ae5\">\n<div class=\"gb-container gb-container-b601fbbc\">\n\n<figure class=\"gb-block-image gb-block-image-f45e7678\"><img decoding=\"async\" width=\"150\" height=\"150\" class=\"gb-image gb-image-f45e7678\" src=\"https:\/\/www.silam.com\/wp-content\/uploads\/2024\/08\/silam-componentes-tecnicos-150x150.jpg\" alt=\"silam-componentes-tecnicos\" title=\"silam-componentes-tecnicos\" srcset=\"https:\/\/www.silam.com\/wp-content\/uploads\/2024\/08\/silam-componentes-tecnicos-150x150.jpg 150w, https:\/\/www.silam.com\/wp-content\/uploads\/2024\/08\/silam-componentes-tecnicos-300x300.jpg 300w, https:\/\/www.silam.com\/wp-content\/uploads\/2024\/08\/silam-componentes-tecnicos.jpg 500w\" sizes=\"(max-width: 150px) 100vw, 150px\" \/><\/figure>\n\n<\/div>\n\n\n<h3 class=\"gb-headline gb-headline-b56602a6 gb-headline-text\">Technische Komponenten<\/h3>\n\n\n\n<p class=\"gb-headline gb-headline-cc08e1f5 gb-headline-text\">Wir entwickeln, produzieren und vermarkten technische Komponenten aus massivem Silikon und Silikonschaumstoff durch Extrusion und Formen: Schl\u00e4uche, Dichtungen, Profile und technische Teile. Wir entwickeln, implementieren und f\u00fchren mit eigenem Personal und eigenen Mitteln verschiedene Produktionsprozesse durch, die einen Mehrwert schaffen (Schneiden, Markieren, Stanzen, Kleben, Verbinden (z. B. auf Sto\u00df) zu Ring-Dichtungen, eckenvulkanisierte Rahmendichtungen\u2026 ).<\/p>\n\n\n<div class=\"gb-container gb-container-4185ecc3\">\n\n<a class=\"gb-button gb-button-3631d037\" href=\"https:\/\/www.silam.com\/tubos-de-silicona\/\"><span class=\"gb-button-text\">Tubos de silicona<\/span><span class=\"gb-icon\"><svg xml:space=\"preserve\" style=\"enable-background:new 0 0 512 512;\" viewBox=\"0 0 512 512\" y=\"0px\" x=\"0px\" xmlns:xlink=\"https:\/\/www.w3.org\/1999\/xlink\" xmlns=\"https:\/\/www.w3.org\/2000\/svg\" id=\"Capa_1\" version=\"1.1\"> <g> \t<path d=\"M436.2,239.6c-54-53.8-107.3-107-160.9-160.6c8.5-8.2,15.4-14.8,21.6-20.7c66.2,66.1,132.6,132.3,198.4,198 \t\tC430,321.6,363.8,387.7,297.8,453.7c-6-6.2-12.8-13.3-20.2-21C330.7,379.6,385,325.4,440.5,270c-141.8,0-282.4,0-423.8,0 \t\tc0-10.5,0-19.9,0-30.4C156.6,239.6,296.3,239.6,436.2,239.6z\"><\/path> <\/g> <\/svg><\/span><\/a>\n\n\n\n<a class=\"gb-button gb-button-aaf8cf41\" href=\"https:\/\/www.silam.com\/juntas-de-silicona\/\"><span class=\"gb-button-text\">Juntas de silicona<\/span><span class=\"gb-icon\"><svg xml:space=\"preserve\" style=\"enable-background:new 0 0 512 512;\" viewBox=\"0 0 512 512\" y=\"0px\" x=\"0px\" xmlns:xlink=\"https:\/\/www.w3.org\/1999\/xlink\" xmlns=\"https:\/\/www.w3.org\/2000\/svg\" id=\"Capa_1\" version=\"1.1\"> <g> \t<path d=\"M436.2,239.6c-54-53.8-107.3-107-160.9-160.6c8.5-8.2,15.4-14.8,21.6-20.7c66.2,66.1,132.6,132.3,198.4,198 \t\tC430,321.6,363.8,387.7,297.8,453.7c-6-6.2-12.8-13.3-20.2-21C330.7,379.6,385,325.4,440.5,270c-141.8,0-282.4,0-423.8,0 \t\tc0-10.5,0-19.9,0-30.4C156.6,239.6,296.3,239.6,436.2,239.6z\"><\/path> <\/g> <\/svg><\/span><\/a>\n\n\n\n<a class=\"gb-button gb-button-091ee910\" href=\"https:\/\/www.silam.com\/perfiles-de-silicona\/\"><span class=\"gb-button-text\">Perfiles de silicona<\/span><span class=\"gb-icon\"><svg xml:space=\"preserve\" style=\"enable-background:new 0 0 512 512;\" viewBox=\"0 0 512 512\" y=\"0px\" x=\"0px\" xmlns:xlink=\"https:\/\/www.w3.org\/1999\/xlink\" xmlns=\"https:\/\/www.w3.org\/2000\/svg\" id=\"Capa_1\" version=\"1.1\"> <g> \t<path d=\"M436.2,239.6c-54-53.8-107.3-107-160.9-160.6c8.5-8.2,15.4-14.8,21.6-20.7c66.2,66.1,132.6,132.3,198.4,198 \t\tC430,321.6,363.8,387.7,297.8,453.7c-6-6.2-12.8-13.3-20.2-21C330.7,379.6,385,325.4,440.5,270c-141.8,0-282.4,0-423.8,0 \t\tc0-10.5,0-19.9,0-30.4C156.6,239.6,296.3,239.6,436.2,239.6z\"><\/path> <\/g> <\/svg><\/span><\/a>\n\n\n\n<a class=\"gb-button gb-button-9c5ab988\" href=\"https:\/\/www.silam.com\/cables-de-silicona\/\"><span class=\"gb-button-text\">Cables de silicona<\/span><span class=\"gb-icon\"><svg xml:space=\"preserve\" style=\"enable-background:new 0 0 512 512;\" viewBox=\"0 0 512 512\" y=\"0px\" x=\"0px\" xmlns:xlink=\"https:\/\/www.w3.org\/1999\/xlink\" xmlns=\"https:\/\/www.w3.org\/2000\/svg\" id=\"Capa_1\" version=\"1.1\"> <g> \t<path d=\"M436.2,239.6c-54-53.8-107.3-107-160.9-160.6c8.5-8.2,15.4-14.8,21.6-20.7c66.2,66.1,132.6,132.3,198.4,198 \t\tC430,321.6,363.8,387.7,297.8,453.7c-6-6.2-12.8-13.3-20.2-21C330.7,379.6,385,325.4,440.5,270c-141.8,0-282.4,0-423.8,0 \t\tc0-10.5,0-19.9,0-30.4C156.6,239.6,296.3,239.6,436.2,239.6z\"><\/path> <\/g> <\/svg><\/span><\/a>\n\n<\/div>\n<\/div><\/div>\n<\/div>\n<\/div>\n<\/div>","protected":false},"excerpt":{"rendered":"<p>Wir bieten ma\u00dfgeschneiderte L\u00f6sungen, die auf die Bed\u00fcrfnisse unserer Kunden zugeschnitten sind. Basen, Additive und Silikonmischungen, die gebrauchsfertig sind, sowie technische Produkte aus massivem Silikon und Moosgummi:<\/p>\n","protected":false},"author":1,"featured_media":0,"parent":0,"menu_order":0,"comment_status":"closed","ping_status":"closed","template":"","meta":{"inline_featured_image":false,"footnotes":""},"class_list":{"0":"post-2496","1":"page","2":"type-page","3":"status-publish","5":"no-featured-image-padding"},"yoast_head":"<!-- This site is optimized with the Yoast SEO plugin v27.1.1 - https:\/\/yoast.com\/product\/yoast-seo-wordpress\/ -->\n<title>Produkt - Silam | Fabricante de siliconas<\/title>\n<meta name=\"robots\" content=\"index, follow, max-snippet:-1, max-image-preview:large, max-video-preview:-1\" \/>\n<link rel=\"canonical\" href=\"https:\/\/www.silam.com\/de\/produkt\/\" \/>\n<meta property=\"og:locale\" content=\"de_DE\" \/>\n<meta property=\"og:type\" content=\"article\" \/>\n<meta property=\"og:title\" content=\"Produkt - Silam | Fabricante de siliconas\" \/>\n<meta property=\"og:description\" content=\"Wir bieten ma\u00dfgeschneiderte L\u00f6sungen, die auf die Bed\u00fcrfnisse unserer Kunden zugeschnitten sind. Basen, Additive und Silikonmischungen, die gebrauchsfertig sind, sowie technische Produkte aus massivem Silikon und Moosgummi:\" \/>\n<meta property=\"og:url\" content=\"https:\/\/www.silam.com\/de\/produkt\/\" \/>\n<meta property=\"og:site_name\" content=\"Silam | Fabricante de siliconas\" \/>\n<meta property=\"article:modified_time\" content=\"2025-09-11T15:55:42+00:00\" \/>\n<meta property=\"og:image\" content=\"https:\/\/www.silam.com\/wp-content\/uploads\/2024\/09\/mezcla-de-silicona_8.jpg\" \/>\n\t<meta property=\"og:image:width\" content=\"1900\" \/>\n\t<meta property=\"og:image:height\" content=\"1267\" \/>\n\t<meta property=\"og:image:type\" content=\"image\/jpeg\" \/>\n<meta name=\"twitter:card\" content=\"summary_large_image\" \/>\n<script type=\"application\/ld+json\" class=\"yoast-schema-graph\">{\"@context\":\"https:\/\/schema.org\",\"@graph\":[{\"@type\":\"WebPage\",\"@id\":\"https:\/\/www.silam.com\/de\/produkt\/\",\"url\":\"https:\/\/www.silam.com\/de\/produkt\/\",\"name\":\"Produkt - Silam | Fabricante de siliconas\",\"isPartOf\":{\"@id\":\"https:\/\/www.silam.com\/de\/#website\"},\"datePublished\":\"2024-08-14T11:04:23+00:00\",\"dateModified\":\"2025-09-11T15:55:42+00:00\",\"breadcrumb\":{\"@id\":\"https:\/\/www.silam.com\/de\/produkt\/#breadcrumb\"},\"inLanguage\":\"de\",\"potentialAction\":[{\"@type\":\"ReadAction\",\"target\":[\"https:\/\/www.silam.com\/de\/produkt\/\"]}]},{\"@type\":\"BreadcrumbList\",\"@id\":\"https:\/\/www.silam.com\/de\/produkt\/#breadcrumb\",\"itemListElement\":[{\"@type\":\"ListItem\",\"position\":1,\"name\":\"Portada\",\"item\":\"https:\/\/www.silam.com\/de\/\"},{\"@type\":\"ListItem\",\"position\":2,\"name\":\"Produkt\"}]},{\"@type\":\"WebSite\",\"@id\":\"https:\/\/www.silam.com\/de\/#website\",\"url\":\"https:\/\/www.silam.com\/de\/\",\"name\":\"Silam | Fabricante de siliconas\",\"description\":\"Silam es una empresa dedicada a la transformaci\u00f3n de elast\u00f3meros de silicona:  mezclas de silicona y componentes t\u00e9cnicos\",\"publisher\":{\"@id\":\"https:\/\/www.silam.com\/de\/#organization\"},\"potentialAction\":[{\"@type\":\"SearchAction\",\"target\":{\"@type\":\"EntryPoint\",\"urlTemplate\":\"https:\/\/www.silam.com\/de\/?s={search_term_string}\"},\"query-input\":{\"@type\":\"PropertyValueSpecification\",\"valueRequired\":true,\"valueName\":\"search_term_string\"}}],\"inLanguage\":\"de\"},{\"@type\":\"Organization\",\"@id\":\"https:\/\/www.silam.com\/de\/#organization\",\"name\":\"Silam | Fabricante de siliconas\",\"url\":\"https:\/\/www.silam.com\/de\/\",\"logo\":{\"@type\":\"ImageObject\",\"inLanguage\":\"de\",\"@id\":\"https:\/\/www.silam.com\/de\/#\/schema\/logo\/image\/\",\"url\":\"https:\/\/www.silam.com\/wp-content\/uploads\/2024\/08\/logo-silam.png\",\"contentUrl\":\"https:\/\/www.silam.com\/wp-content\/uploads\/2024\/08\/logo-silam.png\",\"width\":221,\"height\":93,\"caption\":\"Silam | Fabricante de siliconas\"},\"image\":{\"@id\":\"https:\/\/www.silam.com\/de\/#\/schema\/logo\/image\/\"},\"sameAs\":[\"https:\/\/es.linkedin.com\/company\/siliconas-silam-s-a-\"]}]}<\/script>\n<!-- \/ Yoast SEO plugin. -->","yoast_head_json":{"title":"Produkt - Silam | Fabricante de siliconas","robots":{"index":"index","follow":"follow","max-snippet":"max-snippet:-1","max-image-preview":"max-image-preview:large","max-video-preview":"max-video-preview:-1"},"canonical":"https:\/\/www.silam.com\/de\/produkt\/","og_locale":"de_DE","og_type":"article","og_title":"Produkt - Silam | Fabricante de siliconas","og_description":"Wir bieten ma\u00dfgeschneiderte L\u00f6sungen, die auf die Bed\u00fcrfnisse unserer Kunden zugeschnitten sind. Basen, Additive und Silikonmischungen, die gebrauchsfertig sind, sowie technische Produkte aus massivem Silikon und Moosgummi:","og_url":"https:\/\/www.silam.com\/de\/produkt\/","og_site_name":"Silam | Fabricante de siliconas","article_modified_time":"2025-09-11T15:55:42+00:00","og_image":[{"width":1900,"height":1267,"url":"https:\/\/www.silam.com\/wp-content\/uploads\/2024\/09\/mezcla-de-silicona_8.jpg","type":"image\/jpeg"}],"twitter_card":"summary_large_image","schema":{"@context":"https:\/\/schema.org","@graph":[{"@type":"WebPage","@id":"https:\/\/www.silam.com\/de\/produkt\/","url":"https:\/\/www.silam.com\/de\/produkt\/","name":"Produkt - Silam | Fabricante de siliconas","isPartOf":{"@id":"https:\/\/www.silam.com\/de\/#website"},"datePublished":"2024-08-14T11:04:23+00:00","dateModified":"2025-09-11T15:55:42+00:00","breadcrumb":{"@id":"https:\/\/www.silam.com\/de\/produkt\/#breadcrumb"},"inLanguage":"de","potentialAction":[{"@type":"ReadAction","target":["https:\/\/www.silam.com\/de\/produkt\/"]}]},{"@type":"BreadcrumbList","@id":"https:\/\/www.silam.com\/de\/produkt\/#breadcrumb","itemListElement":[{"@type":"ListItem","position":1,"name":"Portada","item":"https:\/\/www.silam.com\/de\/"},{"@type":"ListItem","position":2,"name":"Produkt"}]},{"@type":"WebSite","@id":"https:\/\/www.silam.com\/de\/#website","url":"https:\/\/www.silam.com\/de\/","name":"Silam | Fabricante de siliconas","description":"Silam es una empresa dedicada a la transformaci\u00f3n de elast\u00f3meros de silicona:  mezclas de silicona y componentes t\u00e9cnicos","publisher":{"@id":"https:\/\/www.silam.com\/de\/#organization"},"potentialAction":[{"@type":"SearchAction","target":{"@type":"EntryPoint","urlTemplate":"https:\/\/www.silam.com\/de\/?s={search_term_string}"},"query-input":{"@type":"PropertyValueSpecification","valueRequired":true,"valueName":"search_term_string"}}],"inLanguage":"de"},{"@type":"Organization","@id":"https:\/\/www.silam.com\/de\/#organization","name":"Silam | Fabricante de siliconas","url":"https:\/\/www.silam.com\/de\/","logo":{"@type":"ImageObject","inLanguage":"de","@id":"https:\/\/www.silam.com\/de\/#\/schema\/logo\/image\/","url":"https:\/\/www.silam.com\/wp-content\/uploads\/2024\/08\/logo-silam.png","contentUrl":"https:\/\/www.silam.com\/wp-content\/uploads\/2024\/08\/logo-silam.png","width":221,"height":93,"caption":"Silam | Fabricante de siliconas"},"image":{"@id":"https:\/\/www.silam.com\/de\/#\/schema\/logo\/image\/"},"sameAs":["https:\/\/es.linkedin.com\/company\/siliconas-silam-s-a-"]}]}},"_links":{"self":[{"href":"https:\/\/www.silam.com\/de\/wp-json\/wp\/v2\/pages\/2496","targetHints":{"allow":["GET"]}}],"collection":[{"href":"https:\/\/www.silam.com\/de\/wp-json\/wp\/v2\/pages"}],"about":[{"href":"https:\/\/www.silam.com\/de\/wp-json\/wp\/v2\/types\/page"}],"author":[{"embeddable":true,"href":"https:\/\/www.silam.com\/de\/wp-json\/wp\/v2\/users\/1"}],"replies":[{"embeddable":true,"href":"https:\/\/www.silam.com\/de\/wp-json\/wp\/v2\/comments?post=2496"}],"version-history":[{"count":0,"href":"https:\/\/www.silam.com\/de\/wp-json\/wp\/v2\/pages\/2496\/revisions"}],"wp:attachment":[{"href":"https:\/\/www.silam.com\/de\/wp-json\/wp\/v2\/media?parent=2496"}],"curies":[{"name":"wp","href":"https:\/\/api.w.org\/{rel}","templated":true}]}}